{"id":43169,"date":"2024-02-25T12:56:18","date_gmt":"2024-02-25T10:56:18","guid":{"rendered":"https:\/\/www.biopapa.de\/?post_type=product&#038;p=43169"},"modified":"2026-03-13T17:12:56","modified_gmt":"2026-03-13T15:12:56","slug":"ekologiski-veganiski-baltojo-sokolado-laseliai-200-g-bettr","status":"publish","type":"product","link":"https:\/\/www.biopapa.de\/lt\/producte\/ekologiski-veganiski-baltojo-sokolado-laseliai-200-g-bettr\/","title":{"rendered":"Ekologi\u0161ki vegani\u0161ki baltojo \u0161okolado la\u0161eliai, 200 g, BETT`R"},"content":{"rendered":"<p><strong>Ekologi\u0161ki vegani\u0161ki baltojo \u0161okolado la\u0161eliai, 200 g, BETT`R<\/strong><br \/>\n\u0160ie kvapn\u016bs ir viliojantys \u0161okoladiniai la\u0161eliai puikiai tinka m\u0117gstamam deserto receptui ir gra\u017eiam bei gard\u017eiam papuo\u0161imui!<\/p>\n<p>Ekologi\u0161ki vegani\u0161ki baltojo \u0161okolado la\u0161eliai:<br \/>\n\u2013 ekologi\u0161ki<br \/>\n\u2013 vegani\u0161ki<br \/>\n\u2013 be glitimo.<\/p>\n","protected":false},"excerpt":{"rendered":"<p>Ekologi\u0161ki vegani\u0161ki baltojo \u0161okolado la\u0161eliai, 200 g, BETT`R \u0160ie kvapn\u016bs ir viliojantys \u0161okoladiniai la\u0161eliai puikiai tinka m\u0117gstamam deserto receptui ir<\/p>\n","protected":false},"featured_media":43172,"template":"","meta":{"_acf_changed":false},"product_brand":[],"product_cat":[1324,1321],"product_tag":[1494,1378],"class_list":{"0":"post-43169","1":"product","2":"type-product","3":"status-publish","4":"has-post-thumbnail","6":"product_cat-ekologiski-sveiki-saldumynai","7":"product_cat-ekologiski-sveiki-uzkandziai","8":"product_tag-be-glitimo","9":"product_tag-veganams","11":"first","12":"instock","13":"shipping-taxable","14":"purchasable","15":"product-type-simple"},"acf":[],"yoast_head":"<!-- This site is optimized with the Yoast SEO plugin v27.5 - https:\/\/yoast.com\/product\/yoast-seo-wordpress\/ -->\n<title>Ekologi\u0161ki vegani\u0161ki baltojo \u0161okolado la\u0161eliai, 200 g, BETT`R - Biopapa<\/title>\n<meta name=\"description\" content=\"Gard\u017ei\u0173 vegani\u0161k\u0173 ir begliuteni\u0173 mini sausaini\u0173 pakuot\u0117, kuri leis laik\u0105 su artimaisiais praleisti skaniau.\" \/>\n<meta name=\"robots\" content=\"index, follow, max-snippet:-1, max-image-preview:large, max-video-preview:-1\" \/>\n<link rel=\"canonical\" href=\"https:\/\/www.biopapa.de\/lt\/producte\/ekologiski-veganiski-baltojo-sokolado-laseliai-200-g-bettr\/\" \/>\n<meta property=\"og:locale\" content=\"lt_LT\" \/>\n<meta property=\"og:type\" content=\"article\" \/>\n<meta property=\"og:title\" content=\"Ekologi\u0161ki vegani\u0161ki baltojo \u0161okolado la\u0161eliai, 200 g, BETT`R - Biopapa\" \/>\n<meta property=\"og:description\" content=\"Gard\u017ei\u0173 vegani\u0161k\u0173 ir begliuteni\u0173 mini sausaini\u0173 pakuot\u0117, kuri leis laik\u0105 su artimaisiais praleisti skaniau.\" \/>\n<meta property=\"og:url\" content=\"https:\/\/www.biopapa.de\/lt\/producte\/ekologiski-veganiski-baltojo-sokolado-laseliai-200-g-bettr\/\" \/>\n<meta property=\"og:site_name\" content=\"Biopapa\" \/>\n<meta property=\"article:publisher\" content=\"https:\/\/www.facebook.com\/biopapa.lt\" \/>\n<meta property=\"article:modified_time\" content=\"2026-03-13T15:12:56+00:00\" \/>\n<meta property=\"og:image\" content=\"https:\/\/www.biopapa.de\/wp-content\/uploads\/2024\/02\/Ekologiski-veganiski-baltojo-sokolado-laseliai-200-g-BETTR-1-1.png\" \/>\n\t<meta property=\"og:image:width\" content=\"1600\" \/>\n\t<meta property=\"og:image:height\" content=\"1280\" \/>\n\t<meta property=\"og:image:type\" content=\"image\/png\" \/>\n<meta name=\"twitter:card\" content=\"summary_large_image\" \/>\n<meta name=\"twitter:label1\" content=\"Est. reading time\" \/>\n\t<meta name=\"twitter:data1\" content=\"1 minut\u0117\" \/>\n<script type=\"application\/ld+json\" class=\"yoast-schema-graph\">{\"@context\":\"https:\\\/\\\/schema.org\",\"@graph\":[{\"@type\":\"WebPage\",\"@id\":\"https:\\\/\\\/www.biopapa.de\\\/lt\\\/producte\\\/ekologiski-veganiski-baltojo-sokolado-laseliai-200-g-bettr\\\/\",\"url\":\"https:\\\/\\\/www.biopapa.de\\\/lt\\\/producte\\\/ekologiski-veganiski-baltojo-sokolado-laseliai-200-g-bettr\\\/\",\"name\":\"Ekologi\u0161ki vegani\u0161ki baltojo \u0161okolado la\u0161eliai, 200 g, BETT`R - Biopapa\",\"isPartOf\":{\"@id\":\"https:\\\/\\\/www.biopapa.de\\\/lt\\\/#website\"},\"primaryImageOfPage\":{\"@id\":\"https:\\\/\\\/www.biopapa.de\\\/lt\\\/producte\\\/ekologiski-veganiski-baltojo-sokolado-laseliai-200-g-bettr\\\/#primaryimage\"},\"image\":{\"@id\":\"https:\\\/\\\/www.biopapa.de\\\/lt\\\/producte\\\/ekologiski-veganiski-baltojo-sokolado-laseliai-200-g-bettr\\\/#primaryimage\"},\"thumbnailUrl\":\"https:\\\/\\\/www.biopapa.de\\\/wp-content\\\/uploads\\\/2024\\\/02\\\/Ekologiski-veganiski-baltojo-sokolado-laseliai-200-g-BETTR-1-1.png\",\"datePublished\":\"2024-02-25T10:56:18+00:00\",\"dateModified\":\"2026-03-13T15:12:56+00:00\",\"description\":\"Gard\u017ei\u0173 vegani\u0161k\u0173 ir begliuteni\u0173 mini sausaini\u0173 pakuot\u0117, kuri leis laik\u0105 su artimaisiais praleisti skaniau.\",\"breadcrumb\":{\"@id\":\"https:\\\/\\\/www.biopapa.de\\\/lt\\\/producte\\\/ekologiski-veganiski-baltojo-sokolado-laseliai-200-g-bettr\\\/#breadcrumb\"},\"inLanguage\":\"lt-LT\",\"potentialAction\":[{\"@type\":\"ReadAction\",\"target\":[\"https:\\\/\\\/www.biopapa.de\\\/lt\\\/producte\\\/ekologiski-veganiski-baltojo-sokolado-laseliai-200-g-bettr\\\/\"]}]},{\"@type\":\"ImageObject\",\"inLanguage\":\"lt-LT\",\"@id\":\"https:\\\/\\\/www.biopapa.de\\\/lt\\\/producte\\\/ekologiski-veganiski-baltojo-sokolado-laseliai-200-g-bettr\\\/#primaryimage\",\"url\":\"https:\\\/\\\/www.biopapa.de\\\/wp-content\\\/uploads\\\/2024\\\/02\\\/Ekologiski-veganiski-baltojo-sokolado-laseliai-200-g-BETTR-1-1.png\",\"contentUrl\":\"https:\\\/\\\/www.biopapa.de\\\/wp-content\\\/uploads\\\/2024\\\/02\\\/Ekologiski-veganiski-baltojo-sokolado-laseliai-200-g-BETTR-1-1.png\",\"width\":1600,\"height\":1280},{\"@type\":\"BreadcrumbList\",\"@id\":\"https:\\\/\\\/www.biopapa.de\\\/lt\\\/producte\\\/ekologiski-veganiski-baltojo-sokolado-laseliai-200-g-bettr\\\/#breadcrumb\",\"itemListElement\":[{\"@type\":\"ListItem\",\"position\":1,\"name\":\"Home\",\"item\":\"https:\\\/\\\/www.biopapa.de\\\/lt\\\/\"},{\"@type\":\"ListItem\",\"position\":2,\"name\":\"Parduotuv\u0117\",\"item\":\"https:\\\/\\\/www.biopapa.de\\\/parduotuve\\\/\"},{\"@type\":\"ListItem\",\"position\":3,\"name\":\"Ekologi\u0161ki vegani\u0161ki baltojo \u0161okolado la\u0161eliai, 200 g, BETT`R\"}]},{\"@type\":\"WebSite\",\"@id\":\"https:\\\/\\\/www.biopapa.de\\\/lt\\\/#website\",\"url\":\"https:\\\/\\\/www.biopapa.de\\\/lt\\\/\",\"name\":\"Biopapa\",\"description\":\"\u0160var\u016bs ekologi\u0161ki produktai\",\"publisher\":{\"@id\":\"https:\\\/\\\/www.biopapa.de\\\/lt\\\/#organization\"},\"potentialAction\":[{\"@type\":\"SearchAction\",\"target\":{\"@type\":\"EntryPoint\",\"urlTemplate\":\"https:\\\/\\\/www.biopapa.de\\\/lt\\\/?s={search_term_string}\"},\"query-input\":{\"@type\":\"PropertyValueSpecification\",\"valueRequired\":true,\"valueName\":\"search_term_string\"}}],\"inLanguage\":\"lt-LT\"},{\"@type\":\"Organization\",\"@id\":\"https:\\\/\\\/www.biopapa.de\\\/lt\\\/#organization\",\"name\":\"Biopapa\",\"url\":\"https:\\\/\\\/www.biopapa.de\\\/lt\\\/\",\"logo\":{\"@type\":\"ImageObject\",\"inLanguage\":\"lt-LT\",\"@id\":\"https:\\\/\\\/www.biopapa.de\\\/lt\\\/#\\\/schema\\\/logo\\\/image\\\/\",\"url\":\"https:\\\/\\\/www.biopapa.lt\\\/wp-content\\\/uploads\\\/2022\\\/04\\\/facebook_biopapa.jpg\",\"contentUrl\":\"https:\\\/\\\/www.biopapa.lt\\\/wp-content\\\/uploads\\\/2022\\\/04\\\/facebook_biopapa.jpg\",\"width\":1733,\"height\":907,\"caption\":\"Biopapa\"},\"image\":{\"@id\":\"https:\\\/\\\/www.biopapa.de\\\/lt\\\/#\\\/schema\\\/logo\\\/image\\\/\"},\"sameAs\":[\"https:\\\/\\\/www.facebook.com\\\/biopapa.lt\"]}]}<\/script>\n<!-- \/ Yoast SEO plugin. -->","yoast_head_json":{"title":"Ekologi\u0161ki vegani\u0161ki baltojo \u0161okolado la\u0161eliai, 200 g, BETT`R - Biopapa","description":"Gard\u017ei\u0173 vegani\u0161k\u0173 ir begliuteni\u0173 mini sausaini\u0173 pakuot\u0117, kuri leis laik\u0105 su artimaisiais praleisti skaniau.","robots":{"index":"index","follow":"follow","max-snippet":"max-snippet:-1","max-image-preview":"max-image-preview:large","max-video-preview":"max-video-preview:-1"},"canonical":"https:\/\/www.biopapa.de\/lt\/producte\/ekologiski-veganiski-baltojo-sokolado-laseliai-200-g-bettr\/","og_locale":"lt_LT","og_type":"article","og_title":"Ekologi\u0161ki vegani\u0161ki baltojo \u0161okolado la\u0161eliai, 200 g, BETT`R - Biopapa","og_description":"Gard\u017ei\u0173 vegani\u0161k\u0173 ir begliuteni\u0173 mini sausaini\u0173 pakuot\u0117, kuri leis laik\u0105 su artimaisiais praleisti skaniau.","og_url":"https:\/\/www.biopapa.de\/lt\/producte\/ekologiski-veganiski-baltojo-sokolado-laseliai-200-g-bettr\/","og_site_name":"Biopapa","article_publisher":"https:\/\/www.facebook.com\/biopapa.lt","article_modified_time":"2026-03-13T15:12:56+00:00","og_image":[{"width":1600,"height":1280,"url":"https:\/\/www.biopapa.de\/wp-content\/uploads\/2024\/02\/Ekologiski-veganiski-baltojo-sokolado-laseliai-200-g-BETTR-1-1.png","type":"image\/png"}],"twitter_card":"summary_large_image","twitter_misc":{"Est. reading time":"1 minut\u0117"},"schema":{"@context":"https:\/\/schema.org","@graph":[{"@type":"WebPage","@id":"https:\/\/www.biopapa.de\/lt\/producte\/ekologiski-veganiski-baltojo-sokolado-laseliai-200-g-bettr\/","url":"https:\/\/www.biopapa.de\/lt\/producte\/ekologiski-veganiski-baltojo-sokolado-laseliai-200-g-bettr\/","name":"Ekologi\u0161ki vegani\u0161ki baltojo \u0161okolado la\u0161eliai, 200 g, BETT`R - Biopapa","isPartOf":{"@id":"https:\/\/www.biopapa.de\/lt\/#website"},"primaryImageOfPage":{"@id":"https:\/\/www.biopapa.de\/lt\/producte\/ekologiski-veganiski-baltojo-sokolado-laseliai-200-g-bettr\/#primaryimage"},"image":{"@id":"https:\/\/www.biopapa.de\/lt\/producte\/ekologiski-veganiski-baltojo-sokolado-laseliai-200-g-bettr\/#primaryimage"},"thumbnailUrl":"https:\/\/www.biopapa.de\/wp-content\/uploads\/2024\/02\/Ekologiski-veganiski-baltojo-sokolado-laseliai-200-g-BETTR-1-1.png","datePublished":"2024-02-25T10:56:18+00:00","dateModified":"2026-03-13T15:12:56+00:00","description":"Gard\u017ei\u0173 vegani\u0161k\u0173 ir begliuteni\u0173 mini sausaini\u0173 pakuot\u0117, kuri leis laik\u0105 su artimaisiais praleisti skaniau.","breadcrumb":{"@id":"https:\/\/www.biopapa.de\/lt\/producte\/ekologiski-veganiski-baltojo-sokolado-laseliai-200-g-bettr\/#breadcrumb"},"inLanguage":"lt-LT","potentialAction":[{"@type":"ReadAction","target":["https:\/\/www.biopapa.de\/lt\/producte\/ekologiski-veganiski-baltojo-sokolado-laseliai-200-g-bettr\/"]}]},{"@type":"ImageObject","inLanguage":"lt-LT","@id":"https:\/\/www.biopapa.de\/lt\/producte\/ekologiski-veganiski-baltojo-sokolado-laseliai-200-g-bettr\/#primaryimage","url":"https:\/\/www.biopapa.de\/wp-content\/uploads\/2024\/02\/Ekologiski-veganiski-baltojo-sokolado-laseliai-200-g-BETTR-1-1.png","contentUrl":"https:\/\/www.biopapa.de\/wp-content\/uploads\/2024\/02\/Ekologiski-veganiski-baltojo-sokolado-laseliai-200-g-BETTR-1-1.png","width":1600,"height":1280},{"@type":"BreadcrumbList","@id":"https:\/\/www.biopapa.de\/lt\/producte\/ekologiski-veganiski-baltojo-sokolado-laseliai-200-g-bettr\/#breadcrumb","itemListElement":[{"@type":"ListItem","position":1,"name":"Home","item":"https:\/\/www.biopapa.de\/lt\/"},{"@type":"ListItem","position":2,"name":"Parduotuv\u0117","item":"https:\/\/www.biopapa.de\/parduotuve\/"},{"@type":"ListItem","position":3,"name":"Ekologi\u0161ki vegani\u0161ki baltojo \u0161okolado la\u0161eliai, 200 g, BETT`R"}]},{"@type":"WebSite","@id":"https:\/\/www.biopapa.de\/lt\/#website","url":"https:\/\/www.biopapa.de\/lt\/","name":"Biopapa","description":"\u0160var\u016bs ekologi\u0161ki produktai","publisher":{"@id":"https:\/\/www.biopapa.de\/lt\/#organization"},"potentialAction":[{"@type":"SearchAction","target":{"@type":"EntryPoint","urlTemplate":"https:\/\/www.biopapa.de\/lt\/?s={search_term_string}"},"query-input":{"@type":"PropertyValueSpecification","valueRequired":true,"valueName":"search_term_string"}}],"inLanguage":"lt-LT"},{"@type":"Organization","@id":"https:\/\/www.biopapa.de\/lt\/#organization","name":"Biopapa","url":"https:\/\/www.biopapa.de\/lt\/","logo":{"@type":"ImageObject","inLanguage":"lt-LT","@id":"https:\/\/www.biopapa.de\/lt\/#\/schema\/logo\/image\/","url":"https:\/\/www.biopapa.lt\/wp-content\/uploads\/2022\/04\/facebook_biopapa.jpg","contentUrl":"https:\/\/www.biopapa.lt\/wp-content\/uploads\/2022\/04\/facebook_biopapa.jpg","width":1733,"height":907,"caption":"Biopapa"},"image":{"@id":"https:\/\/www.biopapa.de\/lt\/#\/schema\/logo\/image\/"},"sameAs":["https:\/\/www.facebook.com\/biopapa.lt"]}]}},"_links":{"self":[{"href":"https:\/\/www.biopapa.de\/lt\/wp-json\/wp\/v2\/product\/43169","targetHints":{"allow":["GET"]}}],"collection":[{"href":"https:\/\/www.biopapa.de\/lt\/wp-json\/wp\/v2\/product"}],"about":[{"href":"https:\/\/www.biopapa.de\/lt\/wp-json\/wp\/v2\/types\/product"}],"wp:featuredmedia":[{"embeddable":true,"href":"https:\/\/www.biopapa.de\/lt\/wp-json\/wp\/v2\/media\/43172"}],"wp:attachment":[{"href":"https:\/\/www.biopapa.de\/lt\/wp-json\/wp\/v2\/media?parent=43169"}],"wp:term":[{"taxonomy":"product_brand","embeddable":true,"href":"https:\/\/www.biopapa.de\/lt\/wp-json\/wp\/v2\/product_brand?post=43169"},{"taxonomy":"product_cat","embeddable":true,"href":"https:\/\/www.biopapa.de\/lt\/wp-json\/wp\/v2\/product_cat?post=43169"},{"taxonomy":"product_tag","embeddable":true,"href":"https:\/\/www.biopapa.de\/lt\/wp-json\/wp\/v2\/product_tag?post=43169"}],"curies":[{"name":"wp","href":"https:\/\/api.w.org\/{rel}","templated":true}]}}