{"id":43227,"date":"2024-03-05T11:38:36","date_gmt":"2024-03-05T09:38:36","guid":{"rendered":"https:\/\/www.biopapa.de\/?post_type=product&#038;p=43227"},"modified":"2025-12-01T14:51:29","modified_gmt":"2025-12-01T12:51:29","slug":"daigintu-grikiu-batonelis-su-kakava-tundra-40-g","status":"publish","type":"product","link":"https:\/\/www.biopapa.de\/lt\/producte\/daigintu-grikiu-batonelis-su-kakava-tundra-40-g\/","title":{"rendered":"Daigint\u0173 griki\u0173 baton\u0117lis su kakava TUNDRA, 40 g."},"content":{"rendered":"<p><strong>Daigint\u0173 griki\u0173 baton\u0117lis su kakava TUNDRA, 40 g.<\/strong><\/p>\n<p>Datul\u0117s, daiginti grikiai, rie\u0161utai ir kakava \u2013 tai jau klasika tap\u0119s skonio derinys.<br \/>\nTUNDRA su kakava \u2013 geriausias smali\u017ei\u0173 draugas.<\/p>\n<p>Geriausia iki: 12 m\u0117nesi\u0173 nuo pagaminimo datos.<\/p>\n","protected":false},"excerpt":{"rendered":"<p>Daigint\u0173 griki\u0173 baton\u0117lis su kakava TUNDRA, 40 g. Datul\u0117s, daiginti grikiai, rie\u0161utai ir kakava \u2013 tai jau klasika tap\u0119s skonio<\/p>\n","protected":false},"featured_media":43231,"template":"","meta":{"_acf_changed":false},"product_brand":[],"product_cat":[1324,1321],"product_tag":[1494,1381,1378],"class_list":{"0":"post-43227","1":"product","2":"type-product","3":"status-publish","4":"has-post-thumbnail","6":"product_cat-ekologiski-sveiki-saldumynai","7":"product_cat-ekologiski-sveiki-uzkandziai","8":"product_tag-be-glitimo","9":"product_tag-be-pridetinio-cukraus","10":"product_tag-veganams","12":"first","13":"instock","14":"shipping-taxable","15":"purchasable","16":"product-type-simple"},"acf":[],"yoast_head":"<!-- This site is optimized with the Yoast SEO plugin v27.3 - https:\/\/yoast.com\/product\/yoast-seo-wordpress\/ -->\n<title>Daigint\u0173 griki\u0173 baton\u0117lis su kakava TUNDRA, 40 g. - Biopapa<\/title>\n<meta name=\"description\" content=\"Datul\u0117s, daiginti grikiai, rie\u0161utai ir kakava \u2013 tai jau klasika tap\u0119s skonio derinys.\" \/>\n<meta name=\"robots\" content=\"index, follow, max-snippet:-1, max-image-preview:large, max-video-preview:-1\" \/>\n<link rel=\"canonical\" href=\"https:\/\/www.biopapa.de\/lt\/producte\/daigintu-grikiu-batonelis-su-kakava-tundra-40-g\/\" \/>\n<meta property=\"og:locale\" content=\"lt_LT\" \/>\n<meta property=\"og:type\" content=\"article\" \/>\n<meta property=\"og:title\" content=\"Daigint\u0173 griki\u0173 baton\u0117lis su kakava TUNDRA, 40 g. - Biopapa\" \/>\n<meta property=\"og:description\" content=\"Datul\u0117s, daiginti grikiai, rie\u0161utai ir kakava \u2013 tai jau klasika tap\u0119s skonio derinys.\" \/>\n<meta property=\"og:url\" content=\"https:\/\/www.biopapa.de\/lt\/producte\/daigintu-grikiu-batonelis-su-kakava-tundra-40-g\/\" \/>\n<meta property=\"og:site_name\" content=\"Biopapa\" \/>\n<meta property=\"article:publisher\" content=\"https:\/\/www.facebook.com\/biopapa.lt\" \/>\n<meta property=\"article:modified_time\" content=\"2025-12-01T12:51:29+00:00\" \/>\n<meta property=\"og:image\" content=\"https:\/\/www.biopapa.de\/wp-content\/uploads\/2024\/03\/Daigintu-grikiu-batonelis-su-kakava-TUNDRA.png\" \/>\n\t<meta property=\"og:image:width\" content=\"800\" \/>\n\t<meta property=\"og:image:height\" content=\"640\" \/>\n\t<meta property=\"og:image:type\" content=\"image\/png\" \/>\n<meta name=\"twitter:card\" content=\"summary_large_image\" \/>\n<meta name=\"twitter:label1\" content=\"Est. reading time\" \/>\n\t<meta name=\"twitter:data1\" content=\"1 minut\u0117\" \/>\n<script type=\"application\/ld+json\" class=\"yoast-schema-graph\">{\"@context\":\"https:\\\/\\\/schema.org\",\"@graph\":[{\"@type\":\"WebPage\",\"@id\":\"https:\\\/\\\/www.biopapa.de\\\/lt\\\/producte\\\/daigintu-grikiu-batonelis-su-kakava-tundra-40-g\\\/\",\"url\":\"https:\\\/\\\/www.biopapa.de\\\/lt\\\/producte\\\/daigintu-grikiu-batonelis-su-kakava-tundra-40-g\\\/\",\"name\":\"Daigint\u0173 griki\u0173 baton\u0117lis su kakava TUNDRA, 40 g. - Biopapa\",\"isPartOf\":{\"@id\":\"https:\\\/\\\/www.biopapa.de\\\/lt\\\/#website\"},\"primaryImageOfPage\":{\"@id\":\"https:\\\/\\\/www.biopapa.de\\\/lt\\\/producte\\\/daigintu-grikiu-batonelis-su-kakava-tundra-40-g\\\/#primaryimage\"},\"image\":{\"@id\":\"https:\\\/\\\/www.biopapa.de\\\/lt\\\/producte\\\/daigintu-grikiu-batonelis-su-kakava-tundra-40-g\\\/#primaryimage\"},\"thumbnailUrl\":\"https:\\\/\\\/www.biopapa.de\\\/wp-content\\\/uploads\\\/2024\\\/03\\\/Daigintu-grikiu-batonelis-su-kakava-TUNDRA.png\",\"datePublished\":\"2024-03-05T09:38:36+00:00\",\"dateModified\":\"2025-12-01T12:51:29+00:00\",\"description\":\"Datul\u0117s, daiginti grikiai, rie\u0161utai ir kakava \u2013 tai jau klasika tap\u0119s skonio derinys.\",\"breadcrumb\":{\"@id\":\"https:\\\/\\\/www.biopapa.de\\\/lt\\\/producte\\\/daigintu-grikiu-batonelis-su-kakava-tundra-40-g\\\/#breadcrumb\"},\"inLanguage\":\"lt-LT\",\"potentialAction\":[{\"@type\":\"ReadAction\",\"target\":[\"https:\\\/\\\/www.biopapa.de\\\/lt\\\/producte\\\/daigintu-grikiu-batonelis-su-kakava-tundra-40-g\\\/\"]}]},{\"@type\":\"ImageObject\",\"inLanguage\":\"lt-LT\",\"@id\":\"https:\\\/\\\/www.biopapa.de\\\/lt\\\/producte\\\/daigintu-grikiu-batonelis-su-kakava-tundra-40-g\\\/#primaryimage\",\"url\":\"https:\\\/\\\/www.biopapa.de\\\/wp-content\\\/uploads\\\/2024\\\/03\\\/Daigintu-grikiu-batonelis-su-kakava-TUNDRA.png\",\"contentUrl\":\"https:\\\/\\\/www.biopapa.de\\\/wp-content\\\/uploads\\\/2024\\\/03\\\/Daigintu-grikiu-batonelis-su-kakava-TUNDRA.png\",\"width\":800,\"height\":640},{\"@type\":\"BreadcrumbList\",\"@id\":\"https:\\\/\\\/www.biopapa.de\\\/lt\\\/producte\\\/daigintu-grikiu-batonelis-su-kakava-tundra-40-g\\\/#breadcrumb\",\"itemListElement\":[{\"@type\":\"ListItem\",\"position\":1,\"name\":\"Home\",\"item\":\"https:\\\/\\\/www.biopapa.de\\\/lt\\\/\"},{\"@type\":\"ListItem\",\"position\":2,\"name\":\"Parduotuv\u0117\",\"item\":\"https:\\\/\\\/www.biopapa.de\\\/parduotuve\\\/\"},{\"@type\":\"ListItem\",\"position\":3,\"name\":\"Daigint\u0173 griki\u0173 baton\u0117lis su kakava TUNDRA, 40 g.\"}]},{\"@type\":\"WebSite\",\"@id\":\"https:\\\/\\\/www.biopapa.de\\\/lt\\\/#website\",\"url\":\"https:\\\/\\\/www.biopapa.de\\\/lt\\\/\",\"name\":\"Biopapa\",\"description\":\"\u0160var\u016bs ekologi\u0161ki produktai\",\"publisher\":{\"@id\":\"https:\\\/\\\/www.biopapa.de\\\/lt\\\/#organization\"},\"potentialAction\":[{\"@type\":\"SearchAction\",\"target\":{\"@type\":\"EntryPoint\",\"urlTemplate\":\"https:\\\/\\\/www.biopapa.de\\\/lt\\\/?s={search_term_string}\"},\"query-input\":{\"@type\":\"PropertyValueSpecification\",\"valueRequired\":true,\"valueName\":\"search_term_string\"}}],\"inLanguage\":\"lt-LT\"},{\"@type\":\"Organization\",\"@id\":\"https:\\\/\\\/www.biopapa.de\\\/lt\\\/#organization\",\"name\":\"Biopapa\",\"url\":\"https:\\\/\\\/www.biopapa.de\\\/lt\\\/\",\"logo\":{\"@type\":\"ImageObject\",\"inLanguage\":\"lt-LT\",\"@id\":\"https:\\\/\\\/www.biopapa.de\\\/lt\\\/#\\\/schema\\\/logo\\\/image\\\/\",\"url\":\"https:\\\/\\\/www.biopapa.lt\\\/wp-content\\\/uploads\\\/2022\\\/04\\\/facebook_biopapa.jpg\",\"contentUrl\":\"https:\\\/\\\/www.biopapa.lt\\\/wp-content\\\/uploads\\\/2022\\\/04\\\/facebook_biopapa.jpg\",\"width\":1733,\"height\":907,\"caption\":\"Biopapa\"},\"image\":{\"@id\":\"https:\\\/\\\/www.biopapa.de\\\/lt\\\/#\\\/schema\\\/logo\\\/image\\\/\"},\"sameAs\":[\"https:\\\/\\\/www.facebook.com\\\/biopapa.lt\"]}]}<\/script>\n<!-- \/ Yoast SEO plugin. -->","yoast_head_json":{"title":"Daigint\u0173 griki\u0173 baton\u0117lis su kakava TUNDRA, 40 g. - Biopapa","description":"Datul\u0117s, daiginti grikiai, rie\u0161utai ir kakava \u2013 tai jau klasika tap\u0119s skonio derinys.","robots":{"index":"index","follow":"follow","max-snippet":"max-snippet:-1","max-image-preview":"max-image-preview:large","max-video-preview":"max-video-preview:-1"},"canonical":"https:\/\/www.biopapa.de\/lt\/producte\/daigintu-grikiu-batonelis-su-kakava-tundra-40-g\/","og_locale":"lt_LT","og_type":"article","og_title":"Daigint\u0173 griki\u0173 baton\u0117lis su kakava TUNDRA, 40 g. - Biopapa","og_description":"Datul\u0117s, daiginti grikiai, rie\u0161utai ir kakava \u2013 tai jau klasika tap\u0119s skonio derinys.","og_url":"https:\/\/www.biopapa.de\/lt\/producte\/daigintu-grikiu-batonelis-su-kakava-tundra-40-g\/","og_site_name":"Biopapa","article_publisher":"https:\/\/www.facebook.com\/biopapa.lt","article_modified_time":"2025-12-01T12:51:29+00:00","og_image":[{"width":800,"height":640,"url":"https:\/\/www.biopapa.de\/wp-content\/uploads\/2024\/03\/Daigintu-grikiu-batonelis-su-kakava-TUNDRA.png","type":"image\/png"}],"twitter_card":"summary_large_image","twitter_misc":{"Est. reading time":"1 minut\u0117"},"schema":{"@context":"https:\/\/schema.org","@graph":[{"@type":"WebPage","@id":"https:\/\/www.biopapa.de\/lt\/producte\/daigintu-grikiu-batonelis-su-kakava-tundra-40-g\/","url":"https:\/\/www.biopapa.de\/lt\/producte\/daigintu-grikiu-batonelis-su-kakava-tundra-40-g\/","name":"Daigint\u0173 griki\u0173 baton\u0117lis su kakava TUNDRA, 40 g. - Biopapa","isPartOf":{"@id":"https:\/\/www.biopapa.de\/lt\/#website"},"primaryImageOfPage":{"@id":"https:\/\/www.biopapa.de\/lt\/producte\/daigintu-grikiu-batonelis-su-kakava-tundra-40-g\/#primaryimage"},"image":{"@id":"https:\/\/www.biopapa.de\/lt\/producte\/daigintu-grikiu-batonelis-su-kakava-tundra-40-g\/#primaryimage"},"thumbnailUrl":"https:\/\/www.biopapa.de\/wp-content\/uploads\/2024\/03\/Daigintu-grikiu-batonelis-su-kakava-TUNDRA.png","datePublished":"2024-03-05T09:38:36+00:00","dateModified":"2025-12-01T12:51:29+00:00","description":"Datul\u0117s, daiginti grikiai, rie\u0161utai ir kakava \u2013 tai jau klasika tap\u0119s skonio derinys.","breadcrumb":{"@id":"https:\/\/www.biopapa.de\/lt\/producte\/daigintu-grikiu-batonelis-su-kakava-tundra-40-g\/#breadcrumb"},"inLanguage":"lt-LT","potentialAction":[{"@type":"ReadAction","target":["https:\/\/www.biopapa.de\/lt\/producte\/daigintu-grikiu-batonelis-su-kakava-tundra-40-g\/"]}]},{"@type":"ImageObject","inLanguage":"lt-LT","@id":"https:\/\/www.biopapa.de\/lt\/producte\/daigintu-grikiu-batonelis-su-kakava-tundra-40-g\/#primaryimage","url":"https:\/\/www.biopapa.de\/wp-content\/uploads\/2024\/03\/Daigintu-grikiu-batonelis-su-kakava-TUNDRA.png","contentUrl":"https:\/\/www.biopapa.de\/wp-content\/uploads\/2024\/03\/Daigintu-grikiu-batonelis-su-kakava-TUNDRA.png","width":800,"height":640},{"@type":"BreadcrumbList","@id":"https:\/\/www.biopapa.de\/lt\/producte\/daigintu-grikiu-batonelis-su-kakava-tundra-40-g\/#breadcrumb","itemListElement":[{"@type":"ListItem","position":1,"name":"Home","item":"https:\/\/www.biopapa.de\/lt\/"},{"@type":"ListItem","position":2,"name":"Parduotuv\u0117","item":"https:\/\/www.biopapa.de\/parduotuve\/"},{"@type":"ListItem","position":3,"name":"Daigint\u0173 griki\u0173 baton\u0117lis su kakava TUNDRA, 40 g."}]},{"@type":"WebSite","@id":"https:\/\/www.biopapa.de\/lt\/#website","url":"https:\/\/www.biopapa.de\/lt\/","name":"Biopapa","description":"\u0160var\u016bs ekologi\u0161ki produktai","publisher":{"@id":"https:\/\/www.biopapa.de\/lt\/#organization"},"potentialAction":[{"@type":"SearchAction","target":{"@type":"EntryPoint","urlTemplate":"https:\/\/www.biopapa.de\/lt\/?s={search_term_string}"},"query-input":{"@type":"PropertyValueSpecification","valueRequired":true,"valueName":"search_term_string"}}],"inLanguage":"lt-LT"},{"@type":"Organization","@id":"https:\/\/www.biopapa.de\/lt\/#organization","name":"Biopapa","url":"https:\/\/www.biopapa.de\/lt\/","logo":{"@type":"ImageObject","inLanguage":"lt-LT","@id":"https:\/\/www.biopapa.de\/lt\/#\/schema\/logo\/image\/","url":"https:\/\/www.biopapa.lt\/wp-content\/uploads\/2022\/04\/facebook_biopapa.jpg","contentUrl":"https:\/\/www.biopapa.lt\/wp-content\/uploads\/2022\/04\/facebook_biopapa.jpg","width":1733,"height":907,"caption":"Biopapa"},"image":{"@id":"https:\/\/www.biopapa.de\/lt\/#\/schema\/logo\/image\/"},"sameAs":["https:\/\/www.facebook.com\/biopapa.lt"]}]}},"_links":{"self":[{"href":"https:\/\/www.biopapa.de\/lt\/wp-json\/wp\/v2\/product\/43227","targetHints":{"allow":["GET"]}}],"collection":[{"href":"https:\/\/www.biopapa.de\/lt\/wp-json\/wp\/v2\/product"}],"about":[{"href":"https:\/\/www.biopapa.de\/lt\/wp-json\/wp\/v2\/types\/product"}],"wp:featuredmedia":[{"embeddable":true,"href":"https:\/\/www.biopapa.de\/lt\/wp-json\/wp\/v2\/media\/43231"}],"wp:attachment":[{"href":"https:\/\/www.biopapa.de\/lt\/wp-json\/wp\/v2\/media?parent=43227"}],"wp:term":[{"taxonomy":"product_brand","embeddable":true,"href":"https:\/\/www.biopapa.de\/lt\/wp-json\/wp\/v2\/product_brand?post=43227"},{"taxonomy":"product_cat","embeddable":true,"href":"https:\/\/www.biopapa.de\/lt\/wp-json\/wp\/v2\/product_cat?post=43227"},{"taxonomy":"product_tag","embeddable":true,"href":"https:\/\/www.biopapa.de\/lt\/wp-json\/wp\/v2\/product_tag?post=43227"}],"curies":[{"name":"wp","href":"https:\/\/api.w.org\/{rel}","templated":true}]}}