{"id":43273,"date":"2024-03-18T09:21:48","date_gmt":"2024-03-18T07:21:48","guid":{"rendered":"https:\/\/www.biopapa.de\/?post_type=product&#038;p=43273"},"modified":"2026-02-04T12:52:34","modified_gmt":"2026-02-04T10:52:34","slug":"ekologiskas-riesutu-ir-vaisiu-misinys","status":"publish","type":"product","link":"https:\/\/www.biopapa.de\/lt\/producte\/ekologiskas-riesutu-ir-vaisiu-misinys\/","title":{"rendered":"Ekologi\u0161kas rie\u0161ut\u0173 ir vaisi\u0173 mi\u0161inys"},"content":{"rendered":"<p><strong>Ekologi\u0161kas rie\u0161ut\u0173 ir vaisi\u0173 mi\u0161inys<\/strong><br \/>\n\u0160is mi\u0161inys ne tik skanus bet ir sveikas.<br \/>\nVynuog\u0117s gausus antioksidantais. Migdol\u0173 rie\u0161utai suteikia baltym\u0173 ir sveik\u0173 riebal\u0173. Spanguol\u0117s, bananai ir peruvin\u0117s dumpl\u016bn\u0117s uogos praturtina mi\u0161in\u012f nat\u016bralaus cukraus \u0161altiniais, taip suteikdamos ilgalaik\u012f energijos \u0161altin\u012f. Goji uogos ir peruvin\u0117s dumpl\u016bn\u0117s yra gausios vitamino C. Brazili\u0161ki (bertoletij\u0173) rie\u0161utai ir migdolai suteikia svarbi\u0173 maistini\u0173 med\u017eiag\u0173.<br \/>\n\u0160is mi\u0161inys yra puikus pasirinkimas norint \u012ftraukti \u012f savo mityb\u0105 \u012fvairi\u0173 maistini\u0173 med\u017eiag\u0173 ir pasid\u017eiaugti nuostabiu skoniu tuo pa\u010diu metu.<\/p>\n<p><em>PASTABA. \u010cia pateikta informacija negali b\u016bti interpretuojama kaip gydymo ar kitokio pob\u016bd\u017eio sveikatos klausim\u0173 sprendimo rekomendacija.<\/em><\/p>\n","protected":false},"excerpt":{"rendered":"<p>Ekologi\u0161kas rie\u0161ut\u0173 ir vaisi\u0173 mi\u0161inys \u0160is mi\u0161inys ne tik skanus bet ir sveikas. Vynuog\u0117s gausus antioksidantais. Migdol\u0173 rie\u0161utai suteikia baltym\u0173<\/p>\n","protected":false},"featured_media":43330,"template":"","meta":{"_acf_changed":false},"product_brand":[],"product_cat":[1934,1228,1904,730,1321],"product_tag":[1378],"class_list":{"0":"post-43273","1":"product","2":"type-product","3":"status-publish","4":"has-post-thumbnail","6":"product_cat-dziovinti-vaisiai","7":"product_cat-ekologiski-dziovinti-vaisiai-uogos-darzoves","8":"product_cat-riesutai","9":"product_cat-ekologiski-riesutai-seklos","10":"product_cat-ekologiski-sveiki-uzkandziai","11":"product_tag-veganams","12":"pa_svoris-1-kg","13":"pa_svoris-100-g","14":"pa_svoris-12-5-kg","15":"pa_svoris-200-g","16":"pa_svoris-300-g","17":"pa_svoris-400-g","18":"pa_svoris-500-g","20":"first","21":"instock","22":"shipping-taxable","23":"purchasable","24":"product-type-variable"},"acf":[],"yoast_head":"<!-- This site is optimized with the Yoast SEO plugin v27.4 - https:\/\/yoast.com\/product\/yoast-seo-wordpress\/ -->\n<title>Ekologi\u0161kas rie\u0161ut\u0173 ir vaisi\u0173 mi\u0161inys - Biopapa<\/title>\n<meta name=\"description\" content=\"Ekologi\u0161kas rie\u0161ut\u0173 ir vaisi\u0173 mi\u0161inys yra puikus pasirinkimas norint \u012ftraukti \u012f savo mityb\u0105 \u012fvairi\u0173 maistini\u0173 med\u017eiag\u0173 ir pasid\u017eiaugti nuostabiu skoniu tuo pa\u010diu metu.\" \/>\n<meta name=\"robots\" content=\"index, follow, max-snippet:-1, max-image-preview:large, max-video-preview:-1\" \/>\n<link rel=\"canonical\" href=\"https:\/\/www.biopapa.de\/lt\/producte\/ekologiskas-riesutu-ir-vaisiu-misinys\/\" \/>\n<meta property=\"og:locale\" content=\"lt_LT\" \/>\n<meta property=\"og:type\" content=\"article\" \/>\n<meta property=\"og:title\" content=\"Ekologi\u0161kas rie\u0161ut\u0173 ir vaisi\u0173 mi\u0161inys - Biopapa\" \/>\n<meta property=\"og:description\" content=\"Ekologi\u0161kas rie\u0161ut\u0173 ir vaisi\u0173 mi\u0161inys yra puikus pasirinkimas norint \u012ftraukti \u012f savo mityb\u0105 \u012fvairi\u0173 maistini\u0173 med\u017eiag\u0173 ir pasid\u017eiaugti nuostabiu skoniu tuo pa\u010diu metu.\" \/>\n<meta property=\"og:url\" content=\"https:\/\/www.biopapa.de\/lt\/producte\/ekologiskas-riesutu-ir-vaisiu-misinys\/\" \/>\n<meta property=\"og:site_name\" content=\"Biopapa\" \/>\n<meta property=\"article:publisher\" content=\"https:\/\/www.facebook.com\/biopapa.lt\" \/>\n<meta property=\"article:modified_time\" content=\"2026-02-04T10:52:34+00:00\" \/>\n<meta property=\"og:image\" content=\"https:\/\/www.biopapa.de\/wp-content\/uploads\/2024\/03\/Ekologiskas-riesutu-ir-vaisiu-misinys-1.jpg\" \/>\n\t<meta property=\"og:image:width\" content=\"800\" \/>\n\t<meta property=\"og:image:height\" content=\"640\" \/>\n\t<meta property=\"og:image:type\" content=\"image\/jpeg\" \/>\n<meta name=\"twitter:card\" content=\"summary_large_image\" \/>\n<meta name=\"twitter:label1\" content=\"Est. reading time\" \/>\n\t<meta name=\"twitter:data1\" content=\"1 minut\u0117\" \/>\n<script type=\"application\/ld+json\" class=\"yoast-schema-graph\">{\"@context\":\"https:\\\/\\\/schema.org\",\"@graph\":[{\"@type\":\"WebPage\",\"@id\":\"https:\\\/\\\/www.biopapa.de\\\/lt\\\/producte\\\/ekologiskas-riesutu-ir-vaisiu-misinys\\\/\",\"url\":\"https:\\\/\\\/www.biopapa.de\\\/lt\\\/producte\\\/ekologiskas-riesutu-ir-vaisiu-misinys\\\/\",\"name\":\"Ekologi\u0161kas rie\u0161ut\u0173 ir vaisi\u0173 mi\u0161inys - Biopapa\",\"isPartOf\":{\"@id\":\"https:\\\/\\\/www.biopapa.de\\\/lt\\\/#website\"},\"primaryImageOfPage\":{\"@id\":\"https:\\\/\\\/www.biopapa.de\\\/lt\\\/producte\\\/ekologiskas-riesutu-ir-vaisiu-misinys\\\/#primaryimage\"},\"image\":{\"@id\":\"https:\\\/\\\/www.biopapa.de\\\/lt\\\/producte\\\/ekologiskas-riesutu-ir-vaisiu-misinys\\\/#primaryimage\"},\"thumbnailUrl\":\"https:\\\/\\\/www.biopapa.de\\\/wp-content\\\/uploads\\\/2024\\\/03\\\/Ekologiskas-riesutu-ir-vaisiu-misinys-1.jpg\",\"datePublished\":\"2024-03-18T07:21:48+00:00\",\"dateModified\":\"2026-02-04T10:52:34+00:00\",\"description\":\"Ekologi\u0161kas rie\u0161ut\u0173 ir vaisi\u0173 mi\u0161inys yra puikus pasirinkimas norint \u012ftraukti \u012f savo mityb\u0105 \u012fvairi\u0173 maistini\u0173 med\u017eiag\u0173 ir pasid\u017eiaugti nuostabiu skoniu tuo pa\u010diu metu.\",\"breadcrumb\":{\"@id\":\"https:\\\/\\\/www.biopapa.de\\\/lt\\\/producte\\\/ekologiskas-riesutu-ir-vaisiu-misinys\\\/#breadcrumb\"},\"inLanguage\":\"lt-LT\",\"potentialAction\":[{\"@type\":\"ReadAction\",\"target\":[\"https:\\\/\\\/www.biopapa.de\\\/lt\\\/producte\\\/ekologiskas-riesutu-ir-vaisiu-misinys\\\/\"]}]},{\"@type\":\"ImageObject\",\"inLanguage\":\"lt-LT\",\"@id\":\"https:\\\/\\\/www.biopapa.de\\\/lt\\\/producte\\\/ekologiskas-riesutu-ir-vaisiu-misinys\\\/#primaryimage\",\"url\":\"https:\\\/\\\/www.biopapa.de\\\/wp-content\\\/uploads\\\/2024\\\/03\\\/Ekologiskas-riesutu-ir-vaisiu-misinys-1.jpg\",\"contentUrl\":\"https:\\\/\\\/www.biopapa.de\\\/wp-content\\\/uploads\\\/2024\\\/03\\\/Ekologiskas-riesutu-ir-vaisiu-misinys-1.jpg\",\"width\":800,\"height\":640},{\"@type\":\"BreadcrumbList\",\"@id\":\"https:\\\/\\\/www.biopapa.de\\\/lt\\\/producte\\\/ekologiskas-riesutu-ir-vaisiu-misinys\\\/#breadcrumb\",\"itemListElement\":[{\"@type\":\"ListItem\",\"position\":1,\"name\":\"Home\",\"item\":\"https:\\\/\\\/www.biopapa.de\\\/lt\\\/\"},{\"@type\":\"ListItem\",\"position\":2,\"name\":\"Parduotuv\u0117\",\"item\":\"https:\\\/\\\/www.biopapa.de\\\/parduotuve\\\/\"},{\"@type\":\"ListItem\",\"position\":3,\"name\":\"Ekologi\u0161kas rie\u0161ut\u0173 ir vaisi\u0173 mi\u0161inys\"}]},{\"@type\":\"WebSite\",\"@id\":\"https:\\\/\\\/www.biopapa.de\\\/lt\\\/#website\",\"url\":\"https:\\\/\\\/www.biopapa.de\\\/lt\\\/\",\"name\":\"Biopapa\",\"description\":\"\u0160var\u016bs ekologi\u0161ki produktai\",\"publisher\":{\"@id\":\"https:\\\/\\\/www.biopapa.de\\\/lt\\\/#organization\"},\"potentialAction\":[{\"@type\":\"SearchAction\",\"target\":{\"@type\":\"EntryPoint\",\"urlTemplate\":\"https:\\\/\\\/www.biopapa.de\\\/lt\\\/?s={search_term_string}\"},\"query-input\":{\"@type\":\"PropertyValueSpecification\",\"valueRequired\":true,\"valueName\":\"search_term_string\"}}],\"inLanguage\":\"lt-LT\"},{\"@type\":\"Organization\",\"@id\":\"https:\\\/\\\/www.biopapa.de\\\/lt\\\/#organization\",\"name\":\"Biopapa\",\"url\":\"https:\\\/\\\/www.biopapa.de\\\/lt\\\/\",\"logo\":{\"@type\":\"ImageObject\",\"inLanguage\":\"lt-LT\",\"@id\":\"https:\\\/\\\/www.biopapa.de\\\/lt\\\/#\\\/schema\\\/logo\\\/image\\\/\",\"url\":\"https:\\\/\\\/www.biopapa.lt\\\/wp-content\\\/uploads\\\/2022\\\/04\\\/facebook_biopapa.jpg\",\"contentUrl\":\"https:\\\/\\\/www.biopapa.lt\\\/wp-content\\\/uploads\\\/2022\\\/04\\\/facebook_biopapa.jpg\",\"width\":1733,\"height\":907,\"caption\":\"Biopapa\"},\"image\":{\"@id\":\"https:\\\/\\\/www.biopapa.de\\\/lt\\\/#\\\/schema\\\/logo\\\/image\\\/\"},\"sameAs\":[\"https:\\\/\\\/www.facebook.com\\\/biopapa.lt\"]}]}<\/script>\n<!-- \/ Yoast SEO plugin. -->","yoast_head_json":{"title":"Ekologi\u0161kas rie\u0161ut\u0173 ir vaisi\u0173 mi\u0161inys - Biopapa","description":"Ekologi\u0161kas rie\u0161ut\u0173 ir vaisi\u0173 mi\u0161inys yra puikus pasirinkimas norint \u012ftraukti \u012f savo mityb\u0105 \u012fvairi\u0173 maistini\u0173 med\u017eiag\u0173 ir pasid\u017eiaugti nuostabiu skoniu tuo pa\u010diu metu.","robots":{"index":"index","follow":"follow","max-snippet":"max-snippet:-1","max-image-preview":"max-image-preview:large","max-video-preview":"max-video-preview:-1"},"canonical":"https:\/\/www.biopapa.de\/lt\/producte\/ekologiskas-riesutu-ir-vaisiu-misinys\/","og_locale":"lt_LT","og_type":"article","og_title":"Ekologi\u0161kas rie\u0161ut\u0173 ir vaisi\u0173 mi\u0161inys - Biopapa","og_description":"Ekologi\u0161kas rie\u0161ut\u0173 ir vaisi\u0173 mi\u0161inys yra puikus pasirinkimas norint \u012ftraukti \u012f savo mityb\u0105 \u012fvairi\u0173 maistini\u0173 med\u017eiag\u0173 ir pasid\u017eiaugti nuostabiu skoniu tuo pa\u010diu metu.","og_url":"https:\/\/www.biopapa.de\/lt\/producte\/ekologiskas-riesutu-ir-vaisiu-misinys\/","og_site_name":"Biopapa","article_publisher":"https:\/\/www.facebook.com\/biopapa.lt","article_modified_time":"2026-02-04T10:52:34+00:00","og_image":[{"width":800,"height":640,"url":"https:\/\/www.biopapa.de\/wp-content\/uploads\/2024\/03\/Ekologiskas-riesutu-ir-vaisiu-misinys-1.jpg","type":"image\/jpeg"}],"twitter_card":"summary_large_image","twitter_misc":{"Est. reading time":"1 minut\u0117"},"schema":{"@context":"https:\/\/schema.org","@graph":[{"@type":"WebPage","@id":"https:\/\/www.biopapa.de\/lt\/producte\/ekologiskas-riesutu-ir-vaisiu-misinys\/","url":"https:\/\/www.biopapa.de\/lt\/producte\/ekologiskas-riesutu-ir-vaisiu-misinys\/","name":"Ekologi\u0161kas rie\u0161ut\u0173 ir vaisi\u0173 mi\u0161inys - Biopapa","isPartOf":{"@id":"https:\/\/www.biopapa.de\/lt\/#website"},"primaryImageOfPage":{"@id":"https:\/\/www.biopapa.de\/lt\/producte\/ekologiskas-riesutu-ir-vaisiu-misinys\/#primaryimage"},"image":{"@id":"https:\/\/www.biopapa.de\/lt\/producte\/ekologiskas-riesutu-ir-vaisiu-misinys\/#primaryimage"},"thumbnailUrl":"https:\/\/www.biopapa.de\/wp-content\/uploads\/2024\/03\/Ekologiskas-riesutu-ir-vaisiu-misinys-1.jpg","datePublished":"2024-03-18T07:21:48+00:00","dateModified":"2026-02-04T10:52:34+00:00","description":"Ekologi\u0161kas rie\u0161ut\u0173 ir vaisi\u0173 mi\u0161inys yra puikus pasirinkimas norint \u012ftraukti \u012f savo mityb\u0105 \u012fvairi\u0173 maistini\u0173 med\u017eiag\u0173 ir pasid\u017eiaugti nuostabiu skoniu tuo pa\u010diu metu.","breadcrumb":{"@id":"https:\/\/www.biopapa.de\/lt\/producte\/ekologiskas-riesutu-ir-vaisiu-misinys\/#breadcrumb"},"inLanguage":"lt-LT","potentialAction":[{"@type":"ReadAction","target":["https:\/\/www.biopapa.de\/lt\/producte\/ekologiskas-riesutu-ir-vaisiu-misinys\/"]}]},{"@type":"ImageObject","inLanguage":"lt-LT","@id":"https:\/\/www.biopapa.de\/lt\/producte\/ekologiskas-riesutu-ir-vaisiu-misinys\/#primaryimage","url":"https:\/\/www.biopapa.de\/wp-content\/uploads\/2024\/03\/Ekologiskas-riesutu-ir-vaisiu-misinys-1.jpg","contentUrl":"https:\/\/www.biopapa.de\/wp-content\/uploads\/2024\/03\/Ekologiskas-riesutu-ir-vaisiu-misinys-1.jpg","width":800,"height":640},{"@type":"BreadcrumbList","@id":"https:\/\/www.biopapa.de\/lt\/producte\/ekologiskas-riesutu-ir-vaisiu-misinys\/#breadcrumb","itemListElement":[{"@type":"ListItem","position":1,"name":"Home","item":"https:\/\/www.biopapa.de\/lt\/"},{"@type":"ListItem","position":2,"name":"Parduotuv\u0117","item":"https:\/\/www.biopapa.de\/parduotuve\/"},{"@type":"ListItem","position":3,"name":"Ekologi\u0161kas rie\u0161ut\u0173 ir vaisi\u0173 mi\u0161inys"}]},{"@type":"WebSite","@id":"https:\/\/www.biopapa.de\/lt\/#website","url":"https:\/\/www.biopapa.de\/lt\/","name":"Biopapa","description":"\u0160var\u016bs ekologi\u0161ki produktai","publisher":{"@id":"https:\/\/www.biopapa.de\/lt\/#organization"},"potentialAction":[{"@type":"SearchAction","target":{"@type":"EntryPoint","urlTemplate":"https:\/\/www.biopapa.de\/lt\/?s={search_term_string}"},"query-input":{"@type":"PropertyValueSpecification","valueRequired":true,"valueName":"search_term_string"}}],"inLanguage":"lt-LT"},{"@type":"Organization","@id":"https:\/\/www.biopapa.de\/lt\/#organization","name":"Biopapa","url":"https:\/\/www.biopapa.de\/lt\/","logo":{"@type":"ImageObject","inLanguage":"lt-LT","@id":"https:\/\/www.biopapa.de\/lt\/#\/schema\/logo\/image\/","url":"https:\/\/www.biopapa.lt\/wp-content\/uploads\/2022\/04\/facebook_biopapa.jpg","contentUrl":"https:\/\/www.biopapa.lt\/wp-content\/uploads\/2022\/04\/facebook_biopapa.jpg","width":1733,"height":907,"caption":"Biopapa"},"image":{"@id":"https:\/\/www.biopapa.de\/lt\/#\/schema\/logo\/image\/"},"sameAs":["https:\/\/www.facebook.com\/biopapa.lt"]}]}},"_links":{"self":[{"href":"https:\/\/www.biopapa.de\/lt\/wp-json\/wp\/v2\/product\/43273","targetHints":{"allow":["GET"]}}],"collection":[{"href":"https:\/\/www.biopapa.de\/lt\/wp-json\/wp\/v2\/product"}],"about":[{"href":"https:\/\/www.biopapa.de\/lt\/wp-json\/wp\/v2\/types\/product"}],"wp:featuredmedia":[{"embeddable":true,"href":"https:\/\/www.biopapa.de\/lt\/wp-json\/wp\/v2\/media\/43330"}],"wp:attachment":[{"href":"https:\/\/www.biopapa.de\/lt\/wp-json\/wp\/v2\/media?parent=43273"}],"wp:term":[{"taxonomy":"product_brand","embeddable":true,"href":"https:\/\/www.biopapa.de\/lt\/wp-json\/wp\/v2\/product_brand?post=43273"},{"taxonomy":"product_cat","embeddable":true,"href":"https:\/\/www.biopapa.de\/lt\/wp-json\/wp\/v2\/product_cat?post=43273"},{"taxonomy":"product_tag","embeddable":true,"href":"https:\/\/www.biopapa.de\/lt\/wp-json\/wp\/v2\/product_tag?post=43273"}],"curies":[{"name":"wp","href":"https:\/\/api.w.org\/{rel}","templated":true}]}}