{"id":44793,"date":"2024-10-08T16:37:46","date_gmt":"2024-10-08T13:37:46","guid":{"rendered":"https:\/\/www.biopapa.de\/?post_type=product&#038;p=44793"},"modified":"2026-01-13T13:39:34","modified_gmt":"2026-01-13T11:39:34","slug":"ekologiska-arbata-rudens-jausmai","status":"publish","type":"product","link":"https:\/\/www.biopapa.de\/lt\/producte\/ekologiska-arbata-rudens-jausmai\/","title":{"rendered":"Ekologi\u0161ka arbata Rudens jausmai"},"content":{"rendered":"<p><strong>Ekologi\u0161ka arbata Rudens jausmai<\/strong><br \/>\nKai ruduo beld\u017eiasi \u012f j\u016bs\u0173 duris, laikas pasveikinti sezono at\u0117jim\u0105 su puodeliu \u201cRudens jausmai\u201d arbatos! Pasinerkite \u012f jaukius rudens arbatos skonius su m\u016bs\u0173 rudens arbatos mi\u0161iniu. \u0160is gardus derinys sukurtas i\u0161 ekologi\u0161k\u0173 obuoli\u0173, imbiero, cinamono, er\u0161k\u0117tuogi\u0173, kinro\u017e\u0117s ir kit\u0173 sald\u017ei\u0173 bei r\u016bg\u0161\u010di\u0173 ingredient\u0173.<br \/>\nGerdami \u0161i\u0105 arbat\u0105, jausite jauki\u0105 imbiero ir cinamono \u0161ilum\u0105, primenan\u010di\u0105 rudens \u0161ildan\u010dius prieskonius. \u0160is skoni\u0173 derinys padaro \u0161i\u0105 arbat\u0105 viena i\u0161 geriausi\u0173 rudens arbat\u0173. Er\u0161k\u0117tuog\u0117s ir kinro\u017e\u0117 suteikia \u0161velnios r\u016bg\u0161tel\u0117s, kuri\u0105 subalansuoja saldymed\u017eio \u0161aknies raminan\u010dios savyb\u0117s. \u0160is mi\u0161inys taip pat turi citrusin\u0119 gaidel\u0119, kuri\u0105 papildo gaivinantis m\u0117tos skonis.<br \/>\nM\u0117gaukit\u0117s rudens skoniu su kiekvienu \u0161io ekologi\u0161ko vaisi\u0173 mi\u0161inio gurk\u0161niu.<\/p>\n","protected":false},"excerpt":{"rendered":"<p>Ekologi\u0161ka arbata Rudens jausmai Kai ruduo beld\u017eiasi \u012f j\u016bs\u0173 duris, laikas pasveikinti sezono at\u0117jim\u0105 su puodeliu \u201cRudens jausmai\u201d arbatos! Pasinerkite<\/p>\n","protected":false},"featured_media":44829,"template":"","meta":{"_acf_changed":false},"product_brand":[],"product_cat":[1746],"product_tag":[2642],"class_list":{"0":"post-44793","1":"product","2":"type-product","3":"status-publish","4":"has-post-thumbnail","6":"product_cat-ekologiski-eteriniai-aliejai","7":"product_tag-fuer-veganer-lt","8":"pa_svoris-1-kg","9":"pa_svoris-100-g","10":"pa_svoris-200-g","11":"pa_svoris-25-g","12":"pa_svoris-300-g","13":"pa_svoris-400-g","14":"pa_svoris-50-g","15":"pa_svoris-500-g","17":"first","18":"outofstock","19":"shipping-taxable","20":"purchasable","21":"product-type-variable"},"acf":[],"yoast_head":"<!-- This site is optimized with the Yoast SEO plugin v27.5 - https:\/\/yoast.com\/product\/yoast-seo-wordpress\/ -->\n<title>Ekologi\u0161ka arbata Rudens jausmai - Biopapa<\/title>\n<meta name=\"description\" content=\"Kai ruduo beld\u017eiasi \u012f j\u016bs\u0173 duris, laikas pasveikinti sezono at\u0117jim\u0105 su puodeliu \u201cRudens jausmai\u201d arbatos!\" \/>\n<meta name=\"robots\" content=\"index, follow, max-snippet:-1, max-image-preview:large, max-video-preview:-1\" \/>\n<link rel=\"canonical\" href=\"https:\/\/www.biopapa.de\/lt\/producte\/ekologiska-arbata-rudens-jausmai\/\" \/>\n<meta property=\"og:locale\" content=\"lt_LT\" \/>\n<meta property=\"og:type\" content=\"article\" \/>\n<meta property=\"og:title\" content=\"Ekologi\u0161ka arbata Rudens jausmai - Biopapa\" \/>\n<meta property=\"og:description\" content=\"Kai ruduo beld\u017eiasi \u012f j\u016bs\u0173 duris, laikas pasveikinti sezono at\u0117jim\u0105 su puodeliu \u201cRudens jausmai\u201d arbatos!\" \/>\n<meta property=\"og:url\" content=\"https:\/\/www.biopapa.de\/lt\/producte\/ekologiska-arbata-rudens-jausmai\/\" \/>\n<meta property=\"og:site_name\" content=\"Biopapa\" \/>\n<meta property=\"article:publisher\" content=\"https:\/\/www.facebook.com\/biopapa.lt\" \/>\n<meta property=\"article:modified_time\" content=\"2026-01-13T11:39:34+00:00\" \/>\n<meta property=\"og:image\" content=\"https:\/\/www.biopapa.de\/wp-content\/uploads\/2024\/10\/Ekologiska-arbata-Rudens-jausmai-1.webp\" \/>\n\t<meta property=\"og:image:width\" content=\"800\" \/>\n\t<meta property=\"og:image:height\" content=\"640\" \/>\n\t<meta property=\"og:image:type\" content=\"image\/webp\" \/>\n<meta name=\"twitter:card\" content=\"summary_large_image\" \/>\n<script type=\"application\/ld+json\" class=\"yoast-schema-graph\">{\"@context\":\"https:\\\/\\\/schema.org\",\"@graph\":[{\"@type\":\"WebPage\",\"@id\":\"https:\\\/\\\/www.biopapa.de\\\/lt\\\/producte\\\/ekologiska-arbata-rudens-jausmai\\\/\",\"url\":\"https:\\\/\\\/www.biopapa.de\\\/lt\\\/producte\\\/ekologiska-arbata-rudens-jausmai\\\/\",\"name\":\"Ekologi\u0161ka arbata Rudens jausmai - Biopapa\",\"isPartOf\":{\"@id\":\"https:\\\/\\\/www.biopapa.de\\\/lt\\\/#website\"},\"primaryImageOfPage\":{\"@id\":\"https:\\\/\\\/www.biopapa.de\\\/lt\\\/producte\\\/ekologiska-arbata-rudens-jausmai\\\/#primaryimage\"},\"image\":{\"@id\":\"https:\\\/\\\/www.biopapa.de\\\/lt\\\/producte\\\/ekologiska-arbata-rudens-jausmai\\\/#primaryimage\"},\"thumbnailUrl\":\"https:\\\/\\\/www.biopapa.de\\\/wp-content\\\/uploads\\\/2024\\\/10\\\/Ekologiska-arbata-Rudens-jausmai-1.webp\",\"datePublished\":\"2024-10-08T13:37:46+00:00\",\"dateModified\":\"2026-01-13T11:39:34+00:00\",\"description\":\"Kai ruduo beld\u017eiasi \u012f j\u016bs\u0173 duris, laikas pasveikinti sezono at\u0117jim\u0105 su puodeliu \u201cRudens jausmai\u201d arbatos!\",\"breadcrumb\":{\"@id\":\"https:\\\/\\\/www.biopapa.de\\\/lt\\\/producte\\\/ekologiska-arbata-rudens-jausmai\\\/#breadcrumb\"},\"inLanguage\":\"lt-LT\",\"potentialAction\":[{\"@type\":\"ReadAction\",\"target\":[\"https:\\\/\\\/www.biopapa.de\\\/lt\\\/producte\\\/ekologiska-arbata-rudens-jausmai\\\/\"]}]},{\"@type\":\"ImageObject\",\"inLanguage\":\"lt-LT\",\"@id\":\"https:\\\/\\\/www.biopapa.de\\\/lt\\\/producte\\\/ekologiska-arbata-rudens-jausmai\\\/#primaryimage\",\"url\":\"https:\\\/\\\/www.biopapa.de\\\/wp-content\\\/uploads\\\/2024\\\/10\\\/Ekologiska-arbata-Rudens-jausmai-1.webp\",\"contentUrl\":\"https:\\\/\\\/www.biopapa.de\\\/wp-content\\\/uploads\\\/2024\\\/10\\\/Ekologiska-arbata-Rudens-jausmai-1.webp\",\"width\":800,\"height\":640},{\"@type\":\"BreadcrumbList\",\"@id\":\"https:\\\/\\\/www.biopapa.de\\\/lt\\\/producte\\\/ekologiska-arbata-rudens-jausmai\\\/#breadcrumb\",\"itemListElement\":[{\"@type\":\"ListItem\",\"position\":1,\"name\":\"Home\",\"item\":\"https:\\\/\\\/www.biopapa.de\\\/lt\\\/\"},{\"@type\":\"ListItem\",\"position\":2,\"name\":\"Parduotuv\u0117\",\"item\":\"https:\\\/\\\/www.biopapa.de\\\/parduotuve\\\/\"},{\"@type\":\"ListItem\",\"position\":3,\"name\":\"Ekologi\u0161ka arbata Rudens jausmai\"}]},{\"@type\":\"WebSite\",\"@id\":\"https:\\\/\\\/www.biopapa.de\\\/lt\\\/#website\",\"url\":\"https:\\\/\\\/www.biopapa.de\\\/lt\\\/\",\"name\":\"Biopapa\",\"description\":\"\u0160var\u016bs ekologi\u0161ki produktai\",\"publisher\":{\"@id\":\"https:\\\/\\\/www.biopapa.de\\\/lt\\\/#organization\"},\"potentialAction\":[{\"@type\":\"SearchAction\",\"target\":{\"@type\":\"EntryPoint\",\"urlTemplate\":\"https:\\\/\\\/www.biopapa.de\\\/lt\\\/?s={search_term_string}\"},\"query-input\":{\"@type\":\"PropertyValueSpecification\",\"valueRequired\":true,\"valueName\":\"search_term_string\"}}],\"inLanguage\":\"lt-LT\"},{\"@type\":\"Organization\",\"@id\":\"https:\\\/\\\/www.biopapa.de\\\/lt\\\/#organization\",\"name\":\"Biopapa\",\"url\":\"https:\\\/\\\/www.biopapa.de\\\/lt\\\/\",\"logo\":{\"@type\":\"ImageObject\",\"inLanguage\":\"lt-LT\",\"@id\":\"https:\\\/\\\/www.biopapa.de\\\/lt\\\/#\\\/schema\\\/logo\\\/image\\\/\",\"url\":\"https:\\\/\\\/www.biopapa.lt\\\/wp-content\\\/uploads\\\/2022\\\/04\\\/facebook_biopapa.jpg\",\"contentUrl\":\"https:\\\/\\\/www.biopapa.lt\\\/wp-content\\\/uploads\\\/2022\\\/04\\\/facebook_biopapa.jpg\",\"width\":1733,\"height\":907,\"caption\":\"Biopapa\"},\"image\":{\"@id\":\"https:\\\/\\\/www.biopapa.de\\\/lt\\\/#\\\/schema\\\/logo\\\/image\\\/\"},\"sameAs\":[\"https:\\\/\\\/www.facebook.com\\\/biopapa.lt\"]}]}<\/script>\n<!-- \/ Yoast SEO plugin. -->","yoast_head_json":{"title":"Ekologi\u0161ka arbata Rudens jausmai - Biopapa","description":"Kai ruduo beld\u017eiasi \u012f j\u016bs\u0173 duris, laikas pasveikinti sezono at\u0117jim\u0105 su puodeliu \u201cRudens jausmai\u201d arbatos!","robots":{"index":"index","follow":"follow","max-snippet":"max-snippet:-1","max-image-preview":"max-image-preview:large","max-video-preview":"max-video-preview:-1"},"canonical":"https:\/\/www.biopapa.de\/lt\/producte\/ekologiska-arbata-rudens-jausmai\/","og_locale":"lt_LT","og_type":"article","og_title":"Ekologi\u0161ka arbata Rudens jausmai - Biopapa","og_description":"Kai ruduo beld\u017eiasi \u012f j\u016bs\u0173 duris, laikas pasveikinti sezono at\u0117jim\u0105 su puodeliu \u201cRudens jausmai\u201d arbatos!","og_url":"https:\/\/www.biopapa.de\/lt\/producte\/ekologiska-arbata-rudens-jausmai\/","og_site_name":"Biopapa","article_publisher":"https:\/\/www.facebook.com\/biopapa.lt","article_modified_time":"2026-01-13T11:39:34+00:00","og_image":[{"width":800,"height":640,"url":"https:\/\/www.biopapa.de\/wp-content\/uploads\/2024\/10\/Ekologiska-arbata-Rudens-jausmai-1.webp","type":"image\/webp"}],"twitter_card":"summary_large_image","schema":{"@context":"https:\/\/schema.org","@graph":[{"@type":"WebPage","@id":"https:\/\/www.biopapa.de\/lt\/producte\/ekologiska-arbata-rudens-jausmai\/","url":"https:\/\/www.biopapa.de\/lt\/producte\/ekologiska-arbata-rudens-jausmai\/","name":"Ekologi\u0161ka arbata Rudens jausmai - Biopapa","isPartOf":{"@id":"https:\/\/www.biopapa.de\/lt\/#website"},"primaryImageOfPage":{"@id":"https:\/\/www.biopapa.de\/lt\/producte\/ekologiska-arbata-rudens-jausmai\/#primaryimage"},"image":{"@id":"https:\/\/www.biopapa.de\/lt\/producte\/ekologiska-arbata-rudens-jausmai\/#primaryimage"},"thumbnailUrl":"https:\/\/www.biopapa.de\/wp-content\/uploads\/2024\/10\/Ekologiska-arbata-Rudens-jausmai-1.webp","datePublished":"2024-10-08T13:37:46+00:00","dateModified":"2026-01-13T11:39:34+00:00","description":"Kai ruduo beld\u017eiasi \u012f j\u016bs\u0173 duris, laikas pasveikinti sezono at\u0117jim\u0105 su puodeliu \u201cRudens jausmai\u201d arbatos!","breadcrumb":{"@id":"https:\/\/www.biopapa.de\/lt\/producte\/ekologiska-arbata-rudens-jausmai\/#breadcrumb"},"inLanguage":"lt-LT","potentialAction":[{"@type":"ReadAction","target":["https:\/\/www.biopapa.de\/lt\/producte\/ekologiska-arbata-rudens-jausmai\/"]}]},{"@type":"ImageObject","inLanguage":"lt-LT","@id":"https:\/\/www.biopapa.de\/lt\/producte\/ekologiska-arbata-rudens-jausmai\/#primaryimage","url":"https:\/\/www.biopapa.de\/wp-content\/uploads\/2024\/10\/Ekologiska-arbata-Rudens-jausmai-1.webp","contentUrl":"https:\/\/www.biopapa.de\/wp-content\/uploads\/2024\/10\/Ekologiska-arbata-Rudens-jausmai-1.webp","width":800,"height":640},{"@type":"BreadcrumbList","@id":"https:\/\/www.biopapa.de\/lt\/producte\/ekologiska-arbata-rudens-jausmai\/#breadcrumb","itemListElement":[{"@type":"ListItem","position":1,"name":"Home","item":"https:\/\/www.biopapa.de\/lt\/"},{"@type":"ListItem","position":2,"name":"Parduotuv\u0117","item":"https:\/\/www.biopapa.de\/parduotuve\/"},{"@type":"ListItem","position":3,"name":"Ekologi\u0161ka arbata Rudens jausmai"}]},{"@type":"WebSite","@id":"https:\/\/www.biopapa.de\/lt\/#website","url":"https:\/\/www.biopapa.de\/lt\/","name":"Biopapa","description":"\u0160var\u016bs ekologi\u0161ki produktai","publisher":{"@id":"https:\/\/www.biopapa.de\/lt\/#organization"},"potentialAction":[{"@type":"SearchAction","target":{"@type":"EntryPoint","urlTemplate":"https:\/\/www.biopapa.de\/lt\/?s={search_term_string}"},"query-input":{"@type":"PropertyValueSpecification","valueRequired":true,"valueName":"search_term_string"}}],"inLanguage":"lt-LT"},{"@type":"Organization","@id":"https:\/\/www.biopapa.de\/lt\/#organization","name":"Biopapa","url":"https:\/\/www.biopapa.de\/lt\/","logo":{"@type":"ImageObject","inLanguage":"lt-LT","@id":"https:\/\/www.biopapa.de\/lt\/#\/schema\/logo\/image\/","url":"https:\/\/www.biopapa.lt\/wp-content\/uploads\/2022\/04\/facebook_biopapa.jpg","contentUrl":"https:\/\/www.biopapa.lt\/wp-content\/uploads\/2022\/04\/facebook_biopapa.jpg","width":1733,"height":907,"caption":"Biopapa"},"image":{"@id":"https:\/\/www.biopapa.de\/lt\/#\/schema\/logo\/image\/"},"sameAs":["https:\/\/www.facebook.com\/biopapa.lt"]}]}},"_links":{"self":[{"href":"https:\/\/www.biopapa.de\/lt\/wp-json\/wp\/v2\/product\/44793","targetHints":{"allow":["GET"]}}],"collection":[{"href":"https:\/\/www.biopapa.de\/lt\/wp-json\/wp\/v2\/product"}],"about":[{"href":"https:\/\/www.biopapa.de\/lt\/wp-json\/wp\/v2\/types\/product"}],"wp:featuredmedia":[{"embeddable":true,"href":"https:\/\/www.biopapa.de\/lt\/wp-json\/wp\/v2\/media\/44829"}],"wp:attachment":[{"href":"https:\/\/www.biopapa.de\/lt\/wp-json\/wp\/v2\/media?parent=44793"}],"wp:term":[{"taxonomy":"product_brand","embeddable":true,"href":"https:\/\/www.biopapa.de\/lt\/wp-json\/wp\/v2\/product_brand?post=44793"},{"taxonomy":"product_cat","embeddable":true,"href":"https:\/\/www.biopapa.de\/lt\/wp-json\/wp\/v2\/product_cat?post=44793"},{"taxonomy":"product_tag","embeddable":true,"href":"https:\/\/www.biopapa.de\/lt\/wp-json\/wp\/v2\/product_tag?post=44793"}],"curies":[{"name":"wp","href":"https:\/\/api.w.org\/{rel}","templated":true}]}}