{"id":45015,"date":"2024-12-06T12:05:50","date_gmt":"2024-12-06T10:05:50","guid":{"rendered":"https:\/\/www.biopapa.de\/?post_type=product&#038;p=45015"},"modified":"2026-04-15T10:24:20","modified_gmt":"2026-04-15T07:24:20","slug":"ekologiski-einkorn-vienagrudziai-kvieciai","status":"publish","type":"product","link":"https:\/\/www.biopapa.de\/lt\/producte\/ekologiski-einkorn-vienagrudziai-kvieciai\/","title":{"rendered":"Ekologi\u0161ki Einkorn vienagr\u016bd\u017eiai kvie\u010diai"},"content":{"rendered":"<p>Vienagr\u016bd\u017eiai Eikorn kvie\u010diai (Triticum monococcum), yra viena seniausi\u0173 auginam\u0173 kvie\u010di\u0173 r\u016b\u0161i\u0173, vertinama d\u0117l auk\u0161tos maistin\u0117s vert\u0117s \u2013 gausu baltym\u0173, b\u016btin\u0173 aminor\u016bg\u0161\u010di\u0173 ir antioksidant\u0173, toki\u0173 kaip liuteinas, kuris palaiko aki\u0173 sveikat\u0105.<br \/>\nJame yra ma\u017eiau glitimo nei \u0161iuolaikiniuose kvie\u010diuose, tod\u0117l kai kuriems \u017emon\u0117ms jis lengviau vir\u0161kinamas, ta\u010diau netinka sergantiems celiakija.<br \/>\nD\u0117l didelio skaidul\u0173 kiekio jis padeda vir\u0161kinimui ir palaiko \u017earnyno sveikat\u0105, o esantys mineralai, tokie kaip magnis, cinkas ir gele\u017eis, skatina bendr\u0105 organizmo gerov\u0119.<br \/>\nEinkorn miltai da\u017enai naudojami kepiniams, tokiems kaip duona, blynai, makaronai ir pyragai, suteikiant rie\u0161utin\u012f skon\u012f ir \u0161velni\u0105 tekst\u016br\u0105.<br \/>\nTa\u010diau einkorn gali netikti \u017emon\u0117ms, jautriems glitimui ar turintiems alergij\u0173, o, kaip ir visus gr\u016bdus, reik\u0117t\u0173 vartoti saikingai, kad b\u016bt\u0173 i\u0161vengta per didelio angliavandeni\u0173 suvartojimo.<\/p>\n<p><em>PASTABA. \u010cia pateikta informacija negali b\u016bti interpretuojama kaip gydymo ar kitokio pob\u016bd\u017eio sveikatos klausim\u0173 sprendimo rekomendacija.<\/em><br \/>\n<em>Raginame sprendimus, susijusius su asmenine sveikata, priimti asmeni\u0161kai, \u012fvertinus \u012fvairius informacijos \u0161altinius.<\/em><\/p>\n","protected":false},"excerpt":{"rendered":"<p>Vienagr\u016bd\u017eiai Eikorn kvie\u010diai (Triticum monococcum), yra viena seniausi\u0173 auginam\u0173 kvie\u010di\u0173 r\u016b\u0161i\u0173, vertinama d\u0117l auk\u0161tos maistin\u0117s vert\u0117s \u2013 gausu baltym\u0173, b\u016btin\u0173<\/p>\n","protected":false},"featured_media":45061,"template":"","meta":{"_acf_changed":false},"product_brand":[],"product_cat":[1295,1932],"product_tag":[1378],"class_list":{"0":"post-45015","1":"product","2":"type-product","3":"status-publish","4":"has-post-thumbnail","6":"product_cat-ekologiskos-kruopos-ankstiniai","7":"product_cat-kruopos-grudai","8":"product_tag-veganams","9":"pa_svoris-1-kg","10":"pa_svoris-100-g","11":"pa_svoris-200-g","12":"pa_svoris-300-g","13":"pa_svoris-400-g","14":"pa_svoris-500-g","16":"first","17":"instock","18":"shipping-taxable","19":"purchasable","20":"product-type-variable"},"acf":[],"yoast_head":"<!-- This site is optimized with the Yoast SEO plugin v27.5 - https:\/\/yoast.com\/product\/yoast-seo-wordpress\/ -->\n<title>Ekologi\u0161ki Einkorn vienagr\u016bd\u017eiai kvie\u010diai - Biopapa<\/title>\n<meta name=\"description\" content=\"Vienagr\u016bd\u017eiai Eikorn kvie\u010diai yra viena seniausi\u0173 auginam\u0173 kvie\u010di\u0173 r\u016b\u0161i\u0173, vertinama d\u0117l auk\u0161tos maistin\u0117s vert\u0117s\" \/>\n<meta name=\"robots\" content=\"index, follow, max-snippet:-1, max-image-preview:large, max-video-preview:-1\" \/>\n<link rel=\"canonical\" href=\"https:\/\/www.biopapa.de\/lt\/producte\/ekologiski-einkorn-vienagrudziai-kvieciai\/\" \/>\n<meta property=\"og:locale\" content=\"lt_LT\" \/>\n<meta property=\"og:type\" content=\"article\" \/>\n<meta property=\"og:title\" content=\"Ekologi\u0161ki Einkorn vienagr\u016bd\u017eiai kvie\u010diai - Biopapa\" \/>\n<meta property=\"og:description\" content=\"Vienagr\u016bd\u017eiai Eikorn kvie\u010diai yra viena seniausi\u0173 auginam\u0173 kvie\u010di\u0173 r\u016b\u0161i\u0173, vertinama d\u0117l auk\u0161tos maistin\u0117s vert\u0117s\" \/>\n<meta property=\"og:url\" content=\"https:\/\/www.biopapa.de\/lt\/producte\/ekologiski-einkorn-vienagrudziai-kvieciai\/\" \/>\n<meta property=\"og:site_name\" content=\"Biopapa\" \/>\n<meta property=\"article:publisher\" content=\"https:\/\/www.facebook.com\/biopapa.lt\" \/>\n<meta property=\"article:modified_time\" content=\"2026-04-15T07:24:20+00:00\" \/>\n<meta property=\"og:image\" content=\"https:\/\/www.biopapa.de\/wp-content\/uploads\/2024\/12\/Ekologiski-Einkorn-vienagrudziai-kvieciai.png.webp\" \/>\n\t<meta property=\"og:image:width\" content=\"800\" \/>\n\t<meta property=\"og:image:height\" content=\"640\" \/>\n\t<meta property=\"og:image:type\" content=\"image\/webp\" \/>\n<meta name=\"twitter:card\" content=\"summary_large_image\" \/>\n<script type=\"application\/ld+json\" class=\"yoast-schema-graph\">{\"@context\":\"https:\\\/\\\/schema.org\",\"@graph\":[{\"@type\":\"WebPage\",\"@id\":\"https:\\\/\\\/www.biopapa.de\\\/lt\\\/producte\\\/ekologiski-einkorn-vienagrudziai-kvieciai\\\/\",\"url\":\"https:\\\/\\\/www.biopapa.de\\\/lt\\\/producte\\\/ekologiski-einkorn-vienagrudziai-kvieciai\\\/\",\"name\":\"Ekologi\u0161ki Einkorn vienagr\u016bd\u017eiai kvie\u010diai - Biopapa\",\"isPartOf\":{\"@id\":\"https:\\\/\\\/www.biopapa.de\\\/lt\\\/#website\"},\"primaryImageOfPage\":{\"@id\":\"https:\\\/\\\/www.biopapa.de\\\/lt\\\/producte\\\/ekologiski-einkorn-vienagrudziai-kvieciai\\\/#primaryimage\"},\"image\":{\"@id\":\"https:\\\/\\\/www.biopapa.de\\\/lt\\\/producte\\\/ekologiski-einkorn-vienagrudziai-kvieciai\\\/#primaryimage\"},\"thumbnailUrl\":\"https:\\\/\\\/www.biopapa.de\\\/wp-content\\\/uploads\\\/2024\\\/12\\\/Ekologiski-Einkorn-vienagrudziai-kvieciai.png.webp\",\"datePublished\":\"2024-12-06T10:05:50+00:00\",\"dateModified\":\"2026-04-15T07:24:20+00:00\",\"description\":\"Vienagr\u016bd\u017eiai Eikorn kvie\u010diai yra viena seniausi\u0173 auginam\u0173 kvie\u010di\u0173 r\u016b\u0161i\u0173, vertinama d\u0117l auk\u0161tos maistin\u0117s vert\u0117s\",\"breadcrumb\":{\"@id\":\"https:\\\/\\\/www.biopapa.de\\\/lt\\\/producte\\\/ekologiski-einkorn-vienagrudziai-kvieciai\\\/#breadcrumb\"},\"inLanguage\":\"lt-LT\",\"potentialAction\":[{\"@type\":\"ReadAction\",\"target\":[\"https:\\\/\\\/www.biopapa.de\\\/lt\\\/producte\\\/ekologiski-einkorn-vienagrudziai-kvieciai\\\/\"]}]},{\"@type\":\"ImageObject\",\"inLanguage\":\"lt-LT\",\"@id\":\"https:\\\/\\\/www.biopapa.de\\\/lt\\\/producte\\\/ekologiski-einkorn-vienagrudziai-kvieciai\\\/#primaryimage\",\"url\":\"https:\\\/\\\/www.biopapa.de\\\/wp-content\\\/uploads\\\/2024\\\/12\\\/Ekologiski-Einkorn-vienagrudziai-kvieciai.png.webp\",\"contentUrl\":\"https:\\\/\\\/www.biopapa.de\\\/wp-content\\\/uploads\\\/2024\\\/12\\\/Ekologiski-Einkorn-vienagrudziai-kvieciai.png.webp\",\"width\":800,\"height\":640},{\"@type\":\"BreadcrumbList\",\"@id\":\"https:\\\/\\\/www.biopapa.de\\\/lt\\\/producte\\\/ekologiski-einkorn-vienagrudziai-kvieciai\\\/#breadcrumb\",\"itemListElement\":[{\"@type\":\"ListItem\",\"position\":1,\"name\":\"Home\",\"item\":\"https:\\\/\\\/www.biopapa.de\\\/lt\\\/\"},{\"@type\":\"ListItem\",\"position\":2,\"name\":\"Parduotuv\u0117\",\"item\":\"https:\\\/\\\/www.biopapa.de\\\/parduotuve\\\/\"},{\"@type\":\"ListItem\",\"position\":3,\"name\":\"Ekologi\u0161ki Einkorn vienagr\u016bd\u017eiai kvie\u010diai\"}]},{\"@type\":\"WebSite\",\"@id\":\"https:\\\/\\\/www.biopapa.de\\\/lt\\\/#website\",\"url\":\"https:\\\/\\\/www.biopapa.de\\\/lt\\\/\",\"name\":\"Biopapa\",\"description\":\"\u0160var\u016bs ekologi\u0161ki produktai\",\"publisher\":{\"@id\":\"https:\\\/\\\/www.biopapa.de\\\/lt\\\/#organization\"},\"potentialAction\":[{\"@type\":\"SearchAction\",\"target\":{\"@type\":\"EntryPoint\",\"urlTemplate\":\"https:\\\/\\\/www.biopapa.de\\\/lt\\\/?s={search_term_string}\"},\"query-input\":{\"@type\":\"PropertyValueSpecification\",\"valueRequired\":true,\"valueName\":\"search_term_string\"}}],\"inLanguage\":\"lt-LT\"},{\"@type\":\"Organization\",\"@id\":\"https:\\\/\\\/www.biopapa.de\\\/lt\\\/#organization\",\"name\":\"Biopapa\",\"url\":\"https:\\\/\\\/www.biopapa.de\\\/lt\\\/\",\"logo\":{\"@type\":\"ImageObject\",\"inLanguage\":\"lt-LT\",\"@id\":\"https:\\\/\\\/www.biopapa.de\\\/lt\\\/#\\\/schema\\\/logo\\\/image\\\/\",\"url\":\"https:\\\/\\\/www.biopapa.lt\\\/wp-content\\\/uploads\\\/2022\\\/04\\\/facebook_biopapa.jpg\",\"contentUrl\":\"https:\\\/\\\/www.biopapa.lt\\\/wp-content\\\/uploads\\\/2022\\\/04\\\/facebook_biopapa.jpg\",\"width\":1733,\"height\":907,\"caption\":\"Biopapa\"},\"image\":{\"@id\":\"https:\\\/\\\/www.biopapa.de\\\/lt\\\/#\\\/schema\\\/logo\\\/image\\\/\"},\"sameAs\":[\"https:\\\/\\\/www.facebook.com\\\/biopapa.lt\"]}]}<\/script>\n<!-- \/ Yoast SEO plugin. -->","yoast_head_json":{"title":"Ekologi\u0161ki Einkorn vienagr\u016bd\u017eiai kvie\u010diai - Biopapa","description":"Vienagr\u016bd\u017eiai Eikorn kvie\u010diai yra viena seniausi\u0173 auginam\u0173 kvie\u010di\u0173 r\u016b\u0161i\u0173, vertinama d\u0117l auk\u0161tos maistin\u0117s vert\u0117s","robots":{"index":"index","follow":"follow","max-snippet":"max-snippet:-1","max-image-preview":"max-image-preview:large","max-video-preview":"max-video-preview:-1"},"canonical":"https:\/\/www.biopapa.de\/lt\/producte\/ekologiski-einkorn-vienagrudziai-kvieciai\/","og_locale":"lt_LT","og_type":"article","og_title":"Ekologi\u0161ki Einkorn vienagr\u016bd\u017eiai kvie\u010diai - Biopapa","og_description":"Vienagr\u016bd\u017eiai Eikorn kvie\u010diai yra viena seniausi\u0173 auginam\u0173 kvie\u010di\u0173 r\u016b\u0161i\u0173, vertinama d\u0117l auk\u0161tos maistin\u0117s vert\u0117s","og_url":"https:\/\/www.biopapa.de\/lt\/producte\/ekologiski-einkorn-vienagrudziai-kvieciai\/","og_site_name":"Biopapa","article_publisher":"https:\/\/www.facebook.com\/biopapa.lt","article_modified_time":"2026-04-15T07:24:20+00:00","og_image":[{"width":800,"height":640,"url":"https:\/\/www.biopapa.de\/wp-content\/uploads\/2024\/12\/Ekologiski-Einkorn-vienagrudziai-kvieciai.png.webp","type":"image\/webp"}],"twitter_card":"summary_large_image","schema":{"@context":"https:\/\/schema.org","@graph":[{"@type":"WebPage","@id":"https:\/\/www.biopapa.de\/lt\/producte\/ekologiski-einkorn-vienagrudziai-kvieciai\/","url":"https:\/\/www.biopapa.de\/lt\/producte\/ekologiski-einkorn-vienagrudziai-kvieciai\/","name":"Ekologi\u0161ki Einkorn vienagr\u016bd\u017eiai kvie\u010diai - Biopapa","isPartOf":{"@id":"https:\/\/www.biopapa.de\/lt\/#website"},"primaryImageOfPage":{"@id":"https:\/\/www.biopapa.de\/lt\/producte\/ekologiski-einkorn-vienagrudziai-kvieciai\/#primaryimage"},"image":{"@id":"https:\/\/www.biopapa.de\/lt\/producte\/ekologiski-einkorn-vienagrudziai-kvieciai\/#primaryimage"},"thumbnailUrl":"https:\/\/www.biopapa.de\/wp-content\/uploads\/2024\/12\/Ekologiski-Einkorn-vienagrudziai-kvieciai.png.webp","datePublished":"2024-12-06T10:05:50+00:00","dateModified":"2026-04-15T07:24:20+00:00","description":"Vienagr\u016bd\u017eiai Eikorn kvie\u010diai yra viena seniausi\u0173 auginam\u0173 kvie\u010di\u0173 r\u016b\u0161i\u0173, vertinama d\u0117l auk\u0161tos maistin\u0117s vert\u0117s","breadcrumb":{"@id":"https:\/\/www.biopapa.de\/lt\/producte\/ekologiski-einkorn-vienagrudziai-kvieciai\/#breadcrumb"},"inLanguage":"lt-LT","potentialAction":[{"@type":"ReadAction","target":["https:\/\/www.biopapa.de\/lt\/producte\/ekologiski-einkorn-vienagrudziai-kvieciai\/"]}]},{"@type":"ImageObject","inLanguage":"lt-LT","@id":"https:\/\/www.biopapa.de\/lt\/producte\/ekologiski-einkorn-vienagrudziai-kvieciai\/#primaryimage","url":"https:\/\/www.biopapa.de\/wp-content\/uploads\/2024\/12\/Ekologiski-Einkorn-vienagrudziai-kvieciai.png.webp","contentUrl":"https:\/\/www.biopapa.de\/wp-content\/uploads\/2024\/12\/Ekologiski-Einkorn-vienagrudziai-kvieciai.png.webp","width":800,"height":640},{"@type":"BreadcrumbList","@id":"https:\/\/www.biopapa.de\/lt\/producte\/ekologiski-einkorn-vienagrudziai-kvieciai\/#breadcrumb","itemListElement":[{"@type":"ListItem","position":1,"name":"Home","item":"https:\/\/www.biopapa.de\/lt\/"},{"@type":"ListItem","position":2,"name":"Parduotuv\u0117","item":"https:\/\/www.biopapa.de\/parduotuve\/"},{"@type":"ListItem","position":3,"name":"Ekologi\u0161ki Einkorn vienagr\u016bd\u017eiai kvie\u010diai"}]},{"@type":"WebSite","@id":"https:\/\/www.biopapa.de\/lt\/#website","url":"https:\/\/www.biopapa.de\/lt\/","name":"Biopapa","description":"\u0160var\u016bs ekologi\u0161ki produktai","publisher":{"@id":"https:\/\/www.biopapa.de\/lt\/#organization"},"potentialAction":[{"@type":"SearchAction","target":{"@type":"EntryPoint","urlTemplate":"https:\/\/www.biopapa.de\/lt\/?s={search_term_string}"},"query-input":{"@type":"PropertyValueSpecification","valueRequired":true,"valueName":"search_term_string"}}],"inLanguage":"lt-LT"},{"@type":"Organization","@id":"https:\/\/www.biopapa.de\/lt\/#organization","name":"Biopapa","url":"https:\/\/www.biopapa.de\/lt\/","logo":{"@type":"ImageObject","inLanguage":"lt-LT","@id":"https:\/\/www.biopapa.de\/lt\/#\/schema\/logo\/image\/","url":"https:\/\/www.biopapa.lt\/wp-content\/uploads\/2022\/04\/facebook_biopapa.jpg","contentUrl":"https:\/\/www.biopapa.lt\/wp-content\/uploads\/2022\/04\/facebook_biopapa.jpg","width":1733,"height":907,"caption":"Biopapa"},"image":{"@id":"https:\/\/www.biopapa.de\/lt\/#\/schema\/logo\/image\/"},"sameAs":["https:\/\/www.facebook.com\/biopapa.lt"]}]}},"_links":{"self":[{"href":"https:\/\/www.biopapa.de\/lt\/wp-json\/wp\/v2\/product\/45015","targetHints":{"allow":["GET"]}}],"collection":[{"href":"https:\/\/www.biopapa.de\/lt\/wp-json\/wp\/v2\/product"}],"about":[{"href":"https:\/\/www.biopapa.de\/lt\/wp-json\/wp\/v2\/types\/product"}],"wp:featuredmedia":[{"embeddable":true,"href":"https:\/\/www.biopapa.de\/lt\/wp-json\/wp\/v2\/media\/45061"}],"wp:attachment":[{"href":"https:\/\/www.biopapa.de\/lt\/wp-json\/wp\/v2\/media?parent=45015"}],"wp:term":[{"taxonomy":"product_brand","embeddable":true,"href":"https:\/\/www.biopapa.de\/lt\/wp-json\/wp\/v2\/product_brand?post=45015"},{"taxonomy":"product_cat","embeddable":true,"href":"https:\/\/www.biopapa.de\/lt\/wp-json\/wp\/v2\/product_cat?post=45015"},{"taxonomy":"product_tag","embeddable":true,"href":"https:\/\/www.biopapa.de\/lt\/wp-json\/wp\/v2\/product_tag?post=45015"}],"curies":[{"name":"wp","href":"https:\/\/api.w.org\/{rel}","templated":true}]}}