{"id":45073,"date":"2024-12-06T13:54:41","date_gmt":"2024-12-06T11:54:41","guid":{"rendered":"https:\/\/www.biopapa.de\/?post_type=product&#038;p=45073"},"modified":"2026-01-15T15:34:46","modified_gmt":"2026-01-15T13:34:46","slug":"ekologiski-avieciu-uogu-milteliai","status":"publish","type":"product","link":"https:\/\/www.biopapa.de\/lt\/producte\/ekologiski-avieciu-uogu-milteliai\/","title":{"rendered":"Ekologi\u0161ki avie\u010di\u0173 uog\u0173 milteliai"},"content":{"rendered":"<p>Ekologi\u0161ki avie\u010di\u0173 uog\u0173 milteliai\u00a0yra nat\u016bralus ir maistingas produktas, turintis daug naudos sveikatai. Jie yra gaus\u016bs antioksidant\u0173, toki\u0173 kaip vitaminai C ir E, bei flavonoid\u0173, kurie stiprina imunitet\u0105, l\u0117tina sen\u0117jimo procesus ir saugo organizm\u0105 nuo laisv\u0173j\u0173 radikal\u0173 daromos \u017ealos. Avie\u010di\u0173 milteliai taip pat yra puikus skaidul\u0173 \u0161altinis, padedantis gerinti vir\u0161kinim\u0105 ir reguliuoti cholesterolio lyg\u012f. Be to, jie suteikia nat\u016bralaus saldumo ir vaisinio skonio, tod\u0117l puikiai tinka kokteiliams, desertams, jogurtams, ko\u0161\u0117ms, kepiniams ar pada\u017eams praturtinti. Tai patogus ir universalus b\u016bdas \u012ftraukti avie\u010di\u0173 maistin\u0119 vert\u0119 \u012f kasdien\u0119 mityb\u0105.<\/p>\n","protected":false},"excerpt":{"rendered":"<p>Ekologi\u0161ki avie\u010di\u0173 uog\u0173 milteliai\u00a0yra nat\u016bralus ir maistingas produktas, turintis daug naudos sveikatai. Jie yra gaus\u016bs antioksidant\u0173, toki\u0173 kaip vitaminai C<\/p>\n","protected":false},"featured_media":45126,"template":"","meta":{"_acf_changed":false},"product_brand":[],"product_cat":[1216,2349],"product_tag":[1380,1378,1382],"class_list":{"0":"post-45073","1":"product","2":"type-product","3":"status-publish","4":"has-post-thumbnail","6":"product_cat-augalinis-supermaistas","7":"product_cat-milteliai","8":"product_tag-keto-mityba","9":"product_tag-veganams","10":"product_tag-zaliavalgiams","11":"pa_svoris-1-kg","12":"pa_svoris-100-g","13":"pa_svoris-200-g","14":"pa_svoris-300-g","15":"pa_svoris-400-g","16":"pa_svoris-5-kg","17":"pa_svoris-500-g","19":"first","20":"instock","21":"shipping-taxable","22":"purchasable","23":"product-type-variable"},"acf":[],"yoast_head":"<!-- This site is optimized with the Yoast SEO plugin v27.5 - https:\/\/yoast.com\/product\/yoast-seo-wordpress\/ -->\n<title>Ekologi\u0161ki avie\u010di\u0173 uog\u0173 milteliai - Biopapa<\/title>\n<meta name=\"description\" content=\"M\u0117lyn\u0117s yra ne\u012ftik\u0117tinai skanios uogos, nuo seno \u017einomos d\u0117l savo naudos sveikatai. Pripildytos b\u016btin\u0173 maistini\u0173 med\u017eiag\u0173 ir antioksidant\u0173, m\u0117lyn\u0117s tinka \u012f \u012fvairius kulinarinius receptus \u2013 nuo bandeli\u0173 iki kokteili\u0173.\" \/>\n<meta name=\"robots\" content=\"index, follow, max-snippet:-1, max-image-preview:large, max-video-preview:-1\" \/>\n<link rel=\"canonical\" href=\"https:\/\/www.biopapa.de\/lt\/producte\/ekologiski-avieciu-uogu-milteliai\/\" \/>\n<meta property=\"og:locale\" content=\"lt_LT\" \/>\n<meta property=\"og:type\" content=\"article\" \/>\n<meta property=\"og:title\" content=\"Ekologi\u0161ki avie\u010di\u0173 uog\u0173 milteliai - Biopapa\" \/>\n<meta property=\"og:description\" content=\"M\u0117lyn\u0117s yra ne\u012ftik\u0117tinai skanios uogos, nuo seno \u017einomos d\u0117l savo naudos sveikatai. Pripildytos b\u016btin\u0173 maistini\u0173 med\u017eiag\u0173 ir antioksidant\u0173, m\u0117lyn\u0117s tinka \u012f \u012fvairius kulinarinius receptus \u2013 nuo bandeli\u0173 iki kokteili\u0173.\" \/>\n<meta property=\"og:url\" content=\"https:\/\/www.biopapa.de\/lt\/producte\/ekologiski-avieciu-uogu-milteliai\/\" \/>\n<meta property=\"og:site_name\" content=\"Biopapa\" \/>\n<meta property=\"article:publisher\" content=\"https:\/\/www.facebook.com\/biopapa.lt\" \/>\n<meta property=\"article:modified_time\" content=\"2026-01-15T13:34:46+00:00\" \/>\n<meta property=\"og:image\" content=\"https:\/\/www.biopapa.de\/wp-content\/uploads\/2024\/12\/avieciu-milteliai.jpg.webp\" \/>\n\t<meta property=\"og:image:width\" content=\"800\" \/>\n\t<meta property=\"og:image:height\" content=\"640\" \/>\n\t<meta property=\"og:image:type\" content=\"image\/webp\" \/>\n<meta name=\"twitter:card\" content=\"summary_large_image\" \/>\n<script type=\"application\/ld+json\" class=\"yoast-schema-graph\">{\"@context\":\"https:\\\/\\\/schema.org\",\"@graph\":[{\"@type\":\"WebPage\",\"@id\":\"https:\\\/\\\/www.biopapa.de\\\/lt\\\/producte\\\/ekologiski-avieciu-uogu-milteliai\\\/\",\"url\":\"https:\\\/\\\/www.biopapa.de\\\/lt\\\/producte\\\/ekologiski-avieciu-uogu-milteliai\\\/\",\"name\":\"Ekologi\u0161ki avie\u010di\u0173 uog\u0173 milteliai - Biopapa\",\"isPartOf\":{\"@id\":\"https:\\\/\\\/www.biopapa.de\\\/lt\\\/#website\"},\"primaryImageOfPage\":{\"@id\":\"https:\\\/\\\/www.biopapa.de\\\/lt\\\/producte\\\/ekologiski-avieciu-uogu-milteliai\\\/#primaryimage\"},\"image\":{\"@id\":\"https:\\\/\\\/www.biopapa.de\\\/lt\\\/producte\\\/ekologiski-avieciu-uogu-milteliai\\\/#primaryimage\"},\"thumbnailUrl\":\"https:\\\/\\\/www.biopapa.de\\\/wp-content\\\/uploads\\\/2024\\\/12\\\/avieciu-milteliai.jpg.webp\",\"datePublished\":\"2024-12-06T11:54:41+00:00\",\"dateModified\":\"2026-01-15T13:34:46+00:00\",\"description\":\"M\u0117lyn\u0117s yra ne\u012ftik\u0117tinai skanios uogos, nuo seno \u017einomos d\u0117l savo naudos sveikatai. Pripildytos b\u016btin\u0173 maistini\u0173 med\u017eiag\u0173 ir antioksidant\u0173, m\u0117lyn\u0117s tinka \u012f \u012fvairius kulinarinius receptus \u2013 nuo bandeli\u0173 iki kokteili\u0173.\",\"breadcrumb\":{\"@id\":\"https:\\\/\\\/www.biopapa.de\\\/lt\\\/producte\\\/ekologiski-avieciu-uogu-milteliai\\\/#breadcrumb\"},\"inLanguage\":\"lt-LT\",\"potentialAction\":[{\"@type\":\"ReadAction\",\"target\":[\"https:\\\/\\\/www.biopapa.de\\\/lt\\\/producte\\\/ekologiski-avieciu-uogu-milteliai\\\/\"]}]},{\"@type\":\"ImageObject\",\"inLanguage\":\"lt-LT\",\"@id\":\"https:\\\/\\\/www.biopapa.de\\\/lt\\\/producte\\\/ekologiski-avieciu-uogu-milteliai\\\/#primaryimage\",\"url\":\"https:\\\/\\\/www.biopapa.de\\\/wp-content\\\/uploads\\\/2024\\\/12\\\/avieciu-milteliai.jpg.webp\",\"contentUrl\":\"https:\\\/\\\/www.biopapa.de\\\/wp-content\\\/uploads\\\/2024\\\/12\\\/avieciu-milteliai.jpg.webp\",\"width\":800,\"height\":640},{\"@type\":\"BreadcrumbList\",\"@id\":\"https:\\\/\\\/www.biopapa.de\\\/lt\\\/producte\\\/ekologiski-avieciu-uogu-milteliai\\\/#breadcrumb\",\"itemListElement\":[{\"@type\":\"ListItem\",\"position\":1,\"name\":\"Home\",\"item\":\"https:\\\/\\\/www.biopapa.de\\\/lt\\\/\"},{\"@type\":\"ListItem\",\"position\":2,\"name\":\"Parduotuv\u0117\",\"item\":\"https:\\\/\\\/www.biopapa.de\\\/parduotuve\\\/\"},{\"@type\":\"ListItem\",\"position\":3,\"name\":\"Ekologi\u0161ki avie\u010di\u0173 uog\u0173 milteliai\"}]},{\"@type\":\"WebSite\",\"@id\":\"https:\\\/\\\/www.biopapa.de\\\/lt\\\/#website\",\"url\":\"https:\\\/\\\/www.biopapa.de\\\/lt\\\/\",\"name\":\"Biopapa\",\"description\":\"\u0160var\u016bs ekologi\u0161ki produktai\",\"publisher\":{\"@id\":\"https:\\\/\\\/www.biopapa.de\\\/lt\\\/#organization\"},\"potentialAction\":[{\"@type\":\"SearchAction\",\"target\":{\"@type\":\"EntryPoint\",\"urlTemplate\":\"https:\\\/\\\/www.biopapa.de\\\/lt\\\/?s={search_term_string}\"},\"query-input\":{\"@type\":\"PropertyValueSpecification\",\"valueRequired\":true,\"valueName\":\"search_term_string\"}}],\"inLanguage\":\"lt-LT\"},{\"@type\":\"Organization\",\"@id\":\"https:\\\/\\\/www.biopapa.de\\\/lt\\\/#organization\",\"name\":\"Biopapa\",\"url\":\"https:\\\/\\\/www.biopapa.de\\\/lt\\\/\",\"logo\":{\"@type\":\"ImageObject\",\"inLanguage\":\"lt-LT\",\"@id\":\"https:\\\/\\\/www.biopapa.de\\\/lt\\\/#\\\/schema\\\/logo\\\/image\\\/\",\"url\":\"https:\\\/\\\/www.biopapa.lt\\\/wp-content\\\/uploads\\\/2022\\\/04\\\/facebook_biopapa.jpg\",\"contentUrl\":\"https:\\\/\\\/www.biopapa.lt\\\/wp-content\\\/uploads\\\/2022\\\/04\\\/facebook_biopapa.jpg\",\"width\":1733,\"height\":907,\"caption\":\"Biopapa\"},\"image\":{\"@id\":\"https:\\\/\\\/www.biopapa.de\\\/lt\\\/#\\\/schema\\\/logo\\\/image\\\/\"},\"sameAs\":[\"https:\\\/\\\/www.facebook.com\\\/biopapa.lt\"]}]}<\/script>\n<!-- \/ Yoast SEO plugin. -->","yoast_head_json":{"title":"Ekologi\u0161ki avie\u010di\u0173 uog\u0173 milteliai - Biopapa","description":"M\u0117lyn\u0117s yra ne\u012ftik\u0117tinai skanios uogos, nuo seno \u017einomos d\u0117l savo naudos sveikatai. Pripildytos b\u016btin\u0173 maistini\u0173 med\u017eiag\u0173 ir antioksidant\u0173, m\u0117lyn\u0117s tinka \u012f \u012fvairius kulinarinius receptus \u2013 nuo bandeli\u0173 iki kokteili\u0173.","robots":{"index":"index","follow":"follow","max-snippet":"max-snippet:-1","max-image-preview":"max-image-preview:large","max-video-preview":"max-video-preview:-1"},"canonical":"https:\/\/www.biopapa.de\/lt\/producte\/ekologiski-avieciu-uogu-milteliai\/","og_locale":"lt_LT","og_type":"article","og_title":"Ekologi\u0161ki avie\u010di\u0173 uog\u0173 milteliai - Biopapa","og_description":"M\u0117lyn\u0117s yra ne\u012ftik\u0117tinai skanios uogos, nuo seno \u017einomos d\u0117l savo naudos sveikatai. Pripildytos b\u016btin\u0173 maistini\u0173 med\u017eiag\u0173 ir antioksidant\u0173, m\u0117lyn\u0117s tinka \u012f \u012fvairius kulinarinius receptus \u2013 nuo bandeli\u0173 iki kokteili\u0173.","og_url":"https:\/\/www.biopapa.de\/lt\/producte\/ekologiski-avieciu-uogu-milteliai\/","og_site_name":"Biopapa","article_publisher":"https:\/\/www.facebook.com\/biopapa.lt","article_modified_time":"2026-01-15T13:34:46+00:00","og_image":[{"width":800,"height":640,"url":"https:\/\/www.biopapa.de\/wp-content\/uploads\/2024\/12\/avieciu-milteliai.jpg.webp","type":"image\/webp"}],"twitter_card":"summary_large_image","schema":{"@context":"https:\/\/schema.org","@graph":[{"@type":"WebPage","@id":"https:\/\/www.biopapa.de\/lt\/producte\/ekologiski-avieciu-uogu-milteliai\/","url":"https:\/\/www.biopapa.de\/lt\/producte\/ekologiski-avieciu-uogu-milteliai\/","name":"Ekologi\u0161ki avie\u010di\u0173 uog\u0173 milteliai - Biopapa","isPartOf":{"@id":"https:\/\/www.biopapa.de\/lt\/#website"},"primaryImageOfPage":{"@id":"https:\/\/www.biopapa.de\/lt\/producte\/ekologiski-avieciu-uogu-milteliai\/#primaryimage"},"image":{"@id":"https:\/\/www.biopapa.de\/lt\/producte\/ekologiski-avieciu-uogu-milteliai\/#primaryimage"},"thumbnailUrl":"https:\/\/www.biopapa.de\/wp-content\/uploads\/2024\/12\/avieciu-milteliai.jpg.webp","datePublished":"2024-12-06T11:54:41+00:00","dateModified":"2026-01-15T13:34:46+00:00","description":"M\u0117lyn\u0117s yra ne\u012ftik\u0117tinai skanios uogos, nuo seno \u017einomos d\u0117l savo naudos sveikatai. Pripildytos b\u016btin\u0173 maistini\u0173 med\u017eiag\u0173 ir antioksidant\u0173, m\u0117lyn\u0117s tinka \u012f \u012fvairius kulinarinius receptus \u2013 nuo bandeli\u0173 iki kokteili\u0173.","breadcrumb":{"@id":"https:\/\/www.biopapa.de\/lt\/producte\/ekologiski-avieciu-uogu-milteliai\/#breadcrumb"},"inLanguage":"lt-LT","potentialAction":[{"@type":"ReadAction","target":["https:\/\/www.biopapa.de\/lt\/producte\/ekologiski-avieciu-uogu-milteliai\/"]}]},{"@type":"ImageObject","inLanguage":"lt-LT","@id":"https:\/\/www.biopapa.de\/lt\/producte\/ekologiski-avieciu-uogu-milteliai\/#primaryimage","url":"https:\/\/www.biopapa.de\/wp-content\/uploads\/2024\/12\/avieciu-milteliai.jpg.webp","contentUrl":"https:\/\/www.biopapa.de\/wp-content\/uploads\/2024\/12\/avieciu-milteliai.jpg.webp","width":800,"height":640},{"@type":"BreadcrumbList","@id":"https:\/\/www.biopapa.de\/lt\/producte\/ekologiski-avieciu-uogu-milteliai\/#breadcrumb","itemListElement":[{"@type":"ListItem","position":1,"name":"Home","item":"https:\/\/www.biopapa.de\/lt\/"},{"@type":"ListItem","position":2,"name":"Parduotuv\u0117","item":"https:\/\/www.biopapa.de\/parduotuve\/"},{"@type":"ListItem","position":3,"name":"Ekologi\u0161ki avie\u010di\u0173 uog\u0173 milteliai"}]},{"@type":"WebSite","@id":"https:\/\/www.biopapa.de\/lt\/#website","url":"https:\/\/www.biopapa.de\/lt\/","name":"Biopapa","description":"\u0160var\u016bs ekologi\u0161ki produktai","publisher":{"@id":"https:\/\/www.biopapa.de\/lt\/#organization"},"potentialAction":[{"@type":"SearchAction","target":{"@type":"EntryPoint","urlTemplate":"https:\/\/www.biopapa.de\/lt\/?s={search_term_string}"},"query-input":{"@type":"PropertyValueSpecification","valueRequired":true,"valueName":"search_term_string"}}],"inLanguage":"lt-LT"},{"@type":"Organization","@id":"https:\/\/www.biopapa.de\/lt\/#organization","name":"Biopapa","url":"https:\/\/www.biopapa.de\/lt\/","logo":{"@type":"ImageObject","inLanguage":"lt-LT","@id":"https:\/\/www.biopapa.de\/lt\/#\/schema\/logo\/image\/","url":"https:\/\/www.biopapa.lt\/wp-content\/uploads\/2022\/04\/facebook_biopapa.jpg","contentUrl":"https:\/\/www.biopapa.lt\/wp-content\/uploads\/2022\/04\/facebook_biopapa.jpg","width":1733,"height":907,"caption":"Biopapa"},"image":{"@id":"https:\/\/www.biopapa.de\/lt\/#\/schema\/logo\/image\/"},"sameAs":["https:\/\/www.facebook.com\/biopapa.lt"]}]}},"_links":{"self":[{"href":"https:\/\/www.biopapa.de\/lt\/wp-json\/wp\/v2\/product\/45073","targetHints":{"allow":["GET"]}}],"collection":[{"href":"https:\/\/www.biopapa.de\/lt\/wp-json\/wp\/v2\/product"}],"about":[{"href":"https:\/\/www.biopapa.de\/lt\/wp-json\/wp\/v2\/types\/product"}],"wp:featuredmedia":[{"embeddable":true,"href":"https:\/\/www.biopapa.de\/lt\/wp-json\/wp\/v2\/media\/45126"}],"wp:attachment":[{"href":"https:\/\/www.biopapa.de\/lt\/wp-json\/wp\/v2\/media?parent=45073"}],"wp:term":[{"taxonomy":"product_brand","embeddable":true,"href":"https:\/\/www.biopapa.de\/lt\/wp-json\/wp\/v2\/product_brand?post=45073"},{"taxonomy":"product_cat","embeddable":true,"href":"https:\/\/www.biopapa.de\/lt\/wp-json\/wp\/v2\/product_cat?post=45073"},{"taxonomy":"product_tag","embeddable":true,"href":"https:\/\/www.biopapa.de\/lt\/wp-json\/wp\/v2\/product_tag?post=45073"}],"curies":[{"name":"wp","href":"https:\/\/api.w.org\/{rel}","templated":true}]}}