{"id":45158,"date":"2024-12-11T15:33:34","date_gmt":"2024-12-11T13:33:34","guid":{"rendered":"https:\/\/www.biopapa.de\/?post_type=product&#038;p=45158"},"modified":"2026-03-31T14:04:28","modified_gmt":"2026-03-31T11:04:28","slug":"ekologiskas-juodasis-sokoladas-99-raw-40-g-cocoa","status":"publish","type":"product","link":"https:\/\/www.biopapa.de\/lt\/producte\/ekologiskas-juodasis-sokoladas-99-raw-40-g-cocoa\/","title":{"rendered":"Ekologi\u0161kas juodasis \u0161okoladas 99 % RAW, 40 g, COCOA"},"content":{"rendered":"<p>Ekologi\u0161kas juodasis \u0161okoladas 99 % RAW, 40 g, COCOA<br \/>\nTai klasikinio juodojo \u0161okolado plytel\u0117, kurioje yra 99 % kakavos.<br \/>\n\u0160io i\u0161skirtinio \u0161okolado skonis ilgai i\u0161lieka gomuryje, kur i\u0161 tikr\u0173j\u0173 atsiskleid\u017eia kakavos pupeli\u0173 skonio natos \u2013 sald\u016bs, s\u016br\u016bs, r\u016bg\u0161t\u016bs ir kart\u016bs tonai, kurie vienu metu jau\u010diami ant lie\u017euvio.<br \/>\nTai \u0161okoladas, kur\u012f galite pasilikti sau ir kuriuo geriausia m\u0117gautis l\u0117tai, po gabal\u0117l\u012f, su puodeliu geros kavos ar taure raudonojo vyno.<br \/>\nDidelis maistini\u0173 skaidul\u0173 kiekis.<\/p>\n","protected":false},"excerpt":{"rendered":"<p>Ekologi\u0161kas juodasis \u0161okoladas 99 % RAW, 40 g, COCOA Tai klasikinio juodojo \u0161okolado plytel\u0117, kurioje yra 99 % kakavos. \u0160io<\/p>\n","protected":false},"featured_media":45161,"template":"","meta":{"_acf_changed":false},"product_brand":[],"product_cat":[1324,1321],"product_tag":[1494,1485,1378,1382],"class_list":{"0":"post-45158","1":"product","2":"type-product","3":"status-publish","4":"has-post-thumbnail","6":"product_cat-ekologiski-sveiki-saldumynai","7":"product_cat-ekologiski-sveiki-uzkandziai","8":"product_tag-be-glitimo","9":"product_tag-raw","10":"product_tag-veganams","11":"product_tag-zaliavalgiams","13":"first","14":"instock","15":"shipping-taxable","16":"purchasable","17":"product-type-simple"},"acf":[],"yoast_head":"<!-- This site is optimized with the Yoast SEO plugin v27.3 - https:\/\/yoast.com\/product\/yoast-seo-wordpress\/ -->\n<title>Ekologi\u0161kas juodasis \u0161okoladas 99 % RAW, 40 g, COCOA - Biopapa<\/title>\n<meta name=\"description\" content=\"Ekologi\u0161kas juodasis \u0161okoladas 99 % RAW, 40 g, COCOA\" \/>\n<meta name=\"robots\" content=\"index, follow, max-snippet:-1, max-image-preview:large, max-video-preview:-1\" \/>\n<link rel=\"canonical\" href=\"https:\/\/www.biopapa.de\/lt\/producte\/ekologiskas-juodasis-sokoladas-99-raw-40-g-cocoa\/\" \/>\n<meta property=\"og:locale\" content=\"lt_LT\" \/>\n<meta property=\"og:type\" content=\"article\" \/>\n<meta property=\"og:title\" content=\"Ekologi\u0161kas juodasis \u0161okoladas 99 % RAW, 40 g, COCOA - Biopapa\" \/>\n<meta property=\"og:description\" content=\"Ekologi\u0161kas juodasis \u0161okoladas 99 % RAW, 40 g, COCOA\" \/>\n<meta property=\"og:url\" content=\"https:\/\/www.biopapa.de\/lt\/producte\/ekologiskas-juodasis-sokoladas-99-raw-40-g-cocoa\/\" \/>\n<meta property=\"og:site_name\" content=\"Biopapa\" \/>\n<meta property=\"article:publisher\" content=\"https:\/\/www.facebook.com\/biopapa.lt\" \/>\n<meta property=\"article:modified_time\" content=\"2026-03-31T11:04:28+00:00\" \/>\n<meta property=\"og:image\" content=\"https:\/\/www.biopapa.de\/wp-content\/uploads\/2024\/12\/Ekologiskas-juodasis-sokoladas-RAW-99-.jpg.webp\" \/>\n\t<meta property=\"og:image:width\" content=\"800\" \/>\n\t<meta property=\"og:image:height\" content=\"640\" \/>\n\t<meta property=\"og:image:type\" content=\"image\/webp\" \/>\n<meta name=\"twitter:card\" content=\"summary_large_image\" \/>\n<meta name=\"twitter:label1\" content=\"Est. reading time\" \/>\n\t<meta name=\"twitter:data1\" content=\"1 minut\u0117\" \/>\n<script type=\"application\/ld+json\" class=\"yoast-schema-graph\">{\"@context\":\"https:\\\/\\\/schema.org\",\"@graph\":[{\"@type\":\"WebPage\",\"@id\":\"https:\\\/\\\/www.biopapa.de\\\/lt\\\/producte\\\/ekologiskas-juodasis-sokoladas-99-raw-40-g-cocoa\\\/\",\"url\":\"https:\\\/\\\/www.biopapa.de\\\/lt\\\/producte\\\/ekologiskas-juodasis-sokoladas-99-raw-40-g-cocoa\\\/\",\"name\":\"Ekologi\u0161kas juodasis \u0161okoladas 99 % RAW, 40 g, COCOA - Biopapa\",\"isPartOf\":{\"@id\":\"https:\\\/\\\/www.biopapa.de\\\/lt\\\/#website\"},\"primaryImageOfPage\":{\"@id\":\"https:\\\/\\\/www.biopapa.de\\\/lt\\\/producte\\\/ekologiskas-juodasis-sokoladas-99-raw-40-g-cocoa\\\/#primaryimage\"},\"image\":{\"@id\":\"https:\\\/\\\/www.biopapa.de\\\/lt\\\/producte\\\/ekologiskas-juodasis-sokoladas-99-raw-40-g-cocoa\\\/#primaryimage\"},\"thumbnailUrl\":\"https:\\\/\\\/www.biopapa.de\\\/wp-content\\\/uploads\\\/2024\\\/12\\\/Ekologiskas-juodasis-sokoladas-RAW-99-.jpg.webp\",\"datePublished\":\"2024-12-11T13:33:34+00:00\",\"dateModified\":\"2026-03-31T11:04:28+00:00\",\"description\":\"Ekologi\u0161kas juodasis \u0161okoladas 99 % RAW, 40 g, COCOA\",\"breadcrumb\":{\"@id\":\"https:\\\/\\\/www.biopapa.de\\\/lt\\\/producte\\\/ekologiskas-juodasis-sokoladas-99-raw-40-g-cocoa\\\/#breadcrumb\"},\"inLanguage\":\"lt-LT\",\"potentialAction\":[{\"@type\":\"ReadAction\",\"target\":[\"https:\\\/\\\/www.biopapa.de\\\/lt\\\/producte\\\/ekologiskas-juodasis-sokoladas-99-raw-40-g-cocoa\\\/\"]}]},{\"@type\":\"ImageObject\",\"inLanguage\":\"lt-LT\",\"@id\":\"https:\\\/\\\/www.biopapa.de\\\/lt\\\/producte\\\/ekologiskas-juodasis-sokoladas-99-raw-40-g-cocoa\\\/#primaryimage\",\"url\":\"https:\\\/\\\/www.biopapa.de\\\/wp-content\\\/uploads\\\/2024\\\/12\\\/Ekologiskas-juodasis-sokoladas-RAW-99-.jpg.webp\",\"contentUrl\":\"https:\\\/\\\/www.biopapa.de\\\/wp-content\\\/uploads\\\/2024\\\/12\\\/Ekologiskas-juodasis-sokoladas-RAW-99-.jpg.webp\",\"width\":800,\"height\":640},{\"@type\":\"BreadcrumbList\",\"@id\":\"https:\\\/\\\/www.biopapa.de\\\/lt\\\/producte\\\/ekologiskas-juodasis-sokoladas-99-raw-40-g-cocoa\\\/#breadcrumb\",\"itemListElement\":[{\"@type\":\"ListItem\",\"position\":1,\"name\":\"Home\",\"item\":\"https:\\\/\\\/www.biopapa.de\\\/lt\\\/\"},{\"@type\":\"ListItem\",\"position\":2,\"name\":\"Parduotuv\u0117\",\"item\":\"https:\\\/\\\/www.biopapa.de\\\/parduotuve\\\/\"},{\"@type\":\"ListItem\",\"position\":3,\"name\":\"Ekologi\u0161kas juodasis \u0161okoladas 99 % RAW, 40 g, COCOA\"}]},{\"@type\":\"WebSite\",\"@id\":\"https:\\\/\\\/www.biopapa.de\\\/lt\\\/#website\",\"url\":\"https:\\\/\\\/www.biopapa.de\\\/lt\\\/\",\"name\":\"Biopapa\",\"description\":\"\u0160var\u016bs ekologi\u0161ki produktai\",\"publisher\":{\"@id\":\"https:\\\/\\\/www.biopapa.de\\\/lt\\\/#organization\"},\"potentialAction\":[{\"@type\":\"SearchAction\",\"target\":{\"@type\":\"EntryPoint\",\"urlTemplate\":\"https:\\\/\\\/www.biopapa.de\\\/lt\\\/?s={search_term_string}\"},\"query-input\":{\"@type\":\"PropertyValueSpecification\",\"valueRequired\":true,\"valueName\":\"search_term_string\"}}],\"inLanguage\":\"lt-LT\"},{\"@type\":\"Organization\",\"@id\":\"https:\\\/\\\/www.biopapa.de\\\/lt\\\/#organization\",\"name\":\"Biopapa\",\"url\":\"https:\\\/\\\/www.biopapa.de\\\/lt\\\/\",\"logo\":{\"@type\":\"ImageObject\",\"inLanguage\":\"lt-LT\",\"@id\":\"https:\\\/\\\/www.biopapa.de\\\/lt\\\/#\\\/schema\\\/logo\\\/image\\\/\",\"url\":\"https:\\\/\\\/www.biopapa.lt\\\/wp-content\\\/uploads\\\/2022\\\/04\\\/facebook_biopapa.jpg\",\"contentUrl\":\"https:\\\/\\\/www.biopapa.lt\\\/wp-content\\\/uploads\\\/2022\\\/04\\\/facebook_biopapa.jpg\",\"width\":1733,\"height\":907,\"caption\":\"Biopapa\"},\"image\":{\"@id\":\"https:\\\/\\\/www.biopapa.de\\\/lt\\\/#\\\/schema\\\/logo\\\/image\\\/\"},\"sameAs\":[\"https:\\\/\\\/www.facebook.com\\\/biopapa.lt\"]}]}<\/script>\n<!-- \/ Yoast SEO plugin. -->","yoast_head_json":{"title":"Ekologi\u0161kas juodasis \u0161okoladas 99 % RAW, 40 g, COCOA - Biopapa","description":"Ekologi\u0161kas juodasis \u0161okoladas 99 % RAW, 40 g, COCOA","robots":{"index":"index","follow":"follow","max-snippet":"max-snippet:-1","max-image-preview":"max-image-preview:large","max-video-preview":"max-video-preview:-1"},"canonical":"https:\/\/www.biopapa.de\/lt\/producte\/ekologiskas-juodasis-sokoladas-99-raw-40-g-cocoa\/","og_locale":"lt_LT","og_type":"article","og_title":"Ekologi\u0161kas juodasis \u0161okoladas 99 % RAW, 40 g, COCOA - Biopapa","og_description":"Ekologi\u0161kas juodasis \u0161okoladas 99 % RAW, 40 g, COCOA","og_url":"https:\/\/www.biopapa.de\/lt\/producte\/ekologiskas-juodasis-sokoladas-99-raw-40-g-cocoa\/","og_site_name":"Biopapa","article_publisher":"https:\/\/www.facebook.com\/biopapa.lt","article_modified_time":"2026-03-31T11:04:28+00:00","og_image":[{"width":800,"height":640,"url":"https:\/\/www.biopapa.de\/wp-content\/uploads\/2024\/12\/Ekologiskas-juodasis-sokoladas-RAW-99-.jpg.webp","type":"image\/webp"}],"twitter_card":"summary_large_image","twitter_misc":{"Est. reading time":"1 minut\u0117"},"schema":{"@context":"https:\/\/schema.org","@graph":[{"@type":"WebPage","@id":"https:\/\/www.biopapa.de\/lt\/producte\/ekologiskas-juodasis-sokoladas-99-raw-40-g-cocoa\/","url":"https:\/\/www.biopapa.de\/lt\/producte\/ekologiskas-juodasis-sokoladas-99-raw-40-g-cocoa\/","name":"Ekologi\u0161kas juodasis \u0161okoladas 99 % RAW, 40 g, COCOA - Biopapa","isPartOf":{"@id":"https:\/\/www.biopapa.de\/lt\/#website"},"primaryImageOfPage":{"@id":"https:\/\/www.biopapa.de\/lt\/producte\/ekologiskas-juodasis-sokoladas-99-raw-40-g-cocoa\/#primaryimage"},"image":{"@id":"https:\/\/www.biopapa.de\/lt\/producte\/ekologiskas-juodasis-sokoladas-99-raw-40-g-cocoa\/#primaryimage"},"thumbnailUrl":"https:\/\/www.biopapa.de\/wp-content\/uploads\/2024\/12\/Ekologiskas-juodasis-sokoladas-RAW-99-.jpg.webp","datePublished":"2024-12-11T13:33:34+00:00","dateModified":"2026-03-31T11:04:28+00:00","description":"Ekologi\u0161kas juodasis \u0161okoladas 99 % RAW, 40 g, COCOA","breadcrumb":{"@id":"https:\/\/www.biopapa.de\/lt\/producte\/ekologiskas-juodasis-sokoladas-99-raw-40-g-cocoa\/#breadcrumb"},"inLanguage":"lt-LT","potentialAction":[{"@type":"ReadAction","target":["https:\/\/www.biopapa.de\/lt\/producte\/ekologiskas-juodasis-sokoladas-99-raw-40-g-cocoa\/"]}]},{"@type":"ImageObject","inLanguage":"lt-LT","@id":"https:\/\/www.biopapa.de\/lt\/producte\/ekologiskas-juodasis-sokoladas-99-raw-40-g-cocoa\/#primaryimage","url":"https:\/\/www.biopapa.de\/wp-content\/uploads\/2024\/12\/Ekologiskas-juodasis-sokoladas-RAW-99-.jpg.webp","contentUrl":"https:\/\/www.biopapa.de\/wp-content\/uploads\/2024\/12\/Ekologiskas-juodasis-sokoladas-RAW-99-.jpg.webp","width":800,"height":640},{"@type":"BreadcrumbList","@id":"https:\/\/www.biopapa.de\/lt\/producte\/ekologiskas-juodasis-sokoladas-99-raw-40-g-cocoa\/#breadcrumb","itemListElement":[{"@type":"ListItem","position":1,"name":"Home","item":"https:\/\/www.biopapa.de\/lt\/"},{"@type":"ListItem","position":2,"name":"Parduotuv\u0117","item":"https:\/\/www.biopapa.de\/parduotuve\/"},{"@type":"ListItem","position":3,"name":"Ekologi\u0161kas juodasis \u0161okoladas 99 % RAW, 40 g, COCOA"}]},{"@type":"WebSite","@id":"https:\/\/www.biopapa.de\/lt\/#website","url":"https:\/\/www.biopapa.de\/lt\/","name":"Biopapa","description":"\u0160var\u016bs ekologi\u0161ki produktai","publisher":{"@id":"https:\/\/www.biopapa.de\/lt\/#organization"},"potentialAction":[{"@type":"SearchAction","target":{"@type":"EntryPoint","urlTemplate":"https:\/\/www.biopapa.de\/lt\/?s={search_term_string}"},"query-input":{"@type":"PropertyValueSpecification","valueRequired":true,"valueName":"search_term_string"}}],"inLanguage":"lt-LT"},{"@type":"Organization","@id":"https:\/\/www.biopapa.de\/lt\/#organization","name":"Biopapa","url":"https:\/\/www.biopapa.de\/lt\/","logo":{"@type":"ImageObject","inLanguage":"lt-LT","@id":"https:\/\/www.biopapa.de\/lt\/#\/schema\/logo\/image\/","url":"https:\/\/www.biopapa.lt\/wp-content\/uploads\/2022\/04\/facebook_biopapa.jpg","contentUrl":"https:\/\/www.biopapa.lt\/wp-content\/uploads\/2022\/04\/facebook_biopapa.jpg","width":1733,"height":907,"caption":"Biopapa"},"image":{"@id":"https:\/\/www.biopapa.de\/lt\/#\/schema\/logo\/image\/"},"sameAs":["https:\/\/www.facebook.com\/biopapa.lt"]}]}},"_links":{"self":[{"href":"https:\/\/www.biopapa.de\/lt\/wp-json\/wp\/v2\/product\/45158","targetHints":{"allow":["GET"]}}],"collection":[{"href":"https:\/\/www.biopapa.de\/lt\/wp-json\/wp\/v2\/product"}],"about":[{"href":"https:\/\/www.biopapa.de\/lt\/wp-json\/wp\/v2\/types\/product"}],"wp:featuredmedia":[{"embeddable":true,"href":"https:\/\/www.biopapa.de\/lt\/wp-json\/wp\/v2\/media\/45161"}],"wp:attachment":[{"href":"https:\/\/www.biopapa.de\/lt\/wp-json\/wp\/v2\/media?parent=45158"}],"wp:term":[{"taxonomy":"product_brand","embeddable":true,"href":"https:\/\/www.biopapa.de\/lt\/wp-json\/wp\/v2\/product_brand?post=45158"},{"taxonomy":"product_cat","embeddable":true,"href":"https:\/\/www.biopapa.de\/lt\/wp-json\/wp\/v2\/product_cat?post=45158"},{"taxonomy":"product_tag","embeddable":true,"href":"https:\/\/www.biopapa.de\/lt\/wp-json\/wp\/v2\/product_tag?post=45158"}],"curies":[{"name":"wp","href":"https:\/\/api.w.org\/{rel}","templated":true}]}}