{"id":45169,"date":"2024-12-13T09:55:12","date_gmt":"2024-12-13T07:55:12","guid":{"rendered":"https:\/\/www.biopapa.de\/?post_type=product&#038;p=45169"},"modified":"2024-12-13T10:04:31","modified_gmt":"2024-12-13T08:04:31","slug":"piestukinis-dezodorantas-urban-black-40-g-ben-anna","status":"publish","type":"product","link":"https:\/\/www.biopapa.de\/lt\/producte\/piestukinis-dezodorantas-urban-black-40-g-ben-anna\/","title":{"rendered":"Pie\u0161tukinis dezodorantas URBAN BLACK, 40 g, BEN &#038; ANNA"},"content":{"rendered":"<p>Modernus kedro medienos, spygliuo\u010di\u0173 ir \u0161vie\u017ei\u0173 laukini\u0173 \u017eoleli\u0173 aromatas \u2013 tuo pa\u010diu metu \u012f\u017eeminantis ir gyvybingas! Soda apsaugo nuo kvapo, taukmed\u017eio sviestas ir augaliniai aliejai r\u016bpinasi oda. Nauja kremin\u0117 konsistencija be trupini\u0173, neriebaluojanti ir nelimpanti. Patikima apsauga nuo dr\u0117gm\u0117s ir kvapo.<\/p>\n<p>Patikimai apsaugo nuo dr\u0117gm\u0117s ir kvapo<br \/>\nBe palmi\u0173 aliejaus, mikroplastiko ir aliuminio.<br \/>\nVegani\u0161kas ir nebandytas su gyv\u016bnais<br \/>\nNeriebaluojantis ir nelimpantis<br \/>\nSertifikuota nat\u016brali kosmetika<br \/>\nNaudojimas:\u00a0pir\u0161tu \u0161velniai paspauskite t\u016bbel\u0117s dugn\u0105 ir tepkite pa\u017east\u0173 od\u0105.<br \/>\nPrimename, kad produkt\u0173 sud\u0117tis gali b\u016bti kei\u010diama. Naujausias ingredient\u0173 s\u0105ra\u0161as yra ant j\u016bs\u0173 \u012fsigyto gaminio pakuot\u0117s. Jei internete nurodyta produkto sud\u0117tis skiriasi nuo pateiktos ant pakuot\u0117s, vadovaukit\u0117s s\u0105ra\u0161u, esan\u010diu ant \u012fsigyto gaminio.<\/p>\n","protected":false},"excerpt":{"rendered":"<p>Modernus kedro medienos, spygliuo\u010di\u0173 ir \u0161vie\u017ei\u0173 laukini\u0173 \u017eoleli\u0173 aromatas \u2013 tuo pa\u010diu metu \u012f\u017eeminantis ir gyvybingas! Soda apsaugo nuo kvapo,<\/p>\n","protected":false},"featured_media":45171,"template":"","meta":{"_acf_changed":false},"product_brand":[],"product_cat":[1912,1914],"product_tag":[1378],"class_list":{"0":"post-45169","1":"product","2":"type-product","3":"status-publish","4":"has-post-thumbnail","6":"product_cat-grozis-ir-higiena","7":"product_cat-kuno-prieziura","8":"product_tag-veganams","10":"first","11":"instock","12":"shipping-taxable","13":"purchasable","14":"product-type-simple"},"acf":[],"yoast_head":"<!-- This site is optimized with the Yoast SEO plugin v27.3 - https:\/\/yoast.com\/product\/yoast-seo-wordpress\/ -->\n<title>Pie\u0161tukinis dezodorantas URBAN BLACK, 40 g, BEN &amp; ANNA - Biopapa<\/title>\n<meta name=\"description\" content=\"I\u0161skirtinis a\u0161tri\u0173 Vidur\u017eemio j\u016bros citrus\u0173 ir \u017ealiosios arbatos derinys - dovanoja ger\u0105 nuotaik\u0105 ir papras\u010diausiai nuostabiai kvepia!\" \/>\n<meta name=\"robots\" content=\"index, follow, max-snippet:-1, max-image-preview:large, max-video-preview:-1\" \/>\n<link rel=\"canonical\" href=\"https:\/\/www.biopapa.de\/lt\/producte\/piestukinis-dezodorantas-urban-black-40-g-ben-anna\/\" \/>\n<meta property=\"og:locale\" content=\"lt_LT\" \/>\n<meta property=\"og:type\" content=\"article\" \/>\n<meta property=\"og:title\" content=\"Pie\u0161tukinis dezodorantas URBAN BLACK, 40 g, BEN &amp; ANNA - Biopapa\" \/>\n<meta property=\"og:description\" content=\"I\u0161skirtinis a\u0161tri\u0173 Vidur\u017eemio j\u016bros citrus\u0173 ir \u017ealiosios arbatos derinys - dovanoja ger\u0105 nuotaik\u0105 ir papras\u010diausiai nuostabiai kvepia!\" \/>\n<meta property=\"og:url\" content=\"https:\/\/www.biopapa.de\/lt\/producte\/piestukinis-dezodorantas-urban-black-40-g-ben-anna\/\" \/>\n<meta property=\"og:site_name\" content=\"Biopapa\" \/>\n<meta property=\"article:publisher\" content=\"https:\/\/www.facebook.com\/biopapa.lt\" \/>\n<meta property=\"article:modified_time\" content=\"2024-12-13T08:04:31+00:00\" \/>\n<meta property=\"og:image\" content=\"https:\/\/www.biopapa.de\/wp-content\/uploads\/2024\/12\/Piestukinis-dezodorantas-URBAN-BLACK-40-g-BEN-ANNA-.png.webp\" \/>\n\t<meta property=\"og:image:width\" content=\"800\" \/>\n\t<meta property=\"og:image:height\" content=\"640\" \/>\n\t<meta property=\"og:image:type\" content=\"image\/webp\" \/>\n<meta name=\"twitter:card\" content=\"summary_large_image\" \/>\n<meta name=\"twitter:label1\" content=\"Est. reading time\" \/>\n\t<meta name=\"twitter:data1\" content=\"1 minut\u0117\" \/>\n<script type=\"application\/ld+json\" class=\"yoast-schema-graph\">{\"@context\":\"https:\\\/\\\/schema.org\",\"@graph\":[{\"@type\":\"WebPage\",\"@id\":\"https:\\\/\\\/www.biopapa.de\\\/lt\\\/producte\\\/piestukinis-dezodorantas-urban-black-40-g-ben-anna\\\/\",\"url\":\"https:\\\/\\\/www.biopapa.de\\\/lt\\\/producte\\\/piestukinis-dezodorantas-urban-black-40-g-ben-anna\\\/\",\"name\":\"Pie\u0161tukinis dezodorantas URBAN BLACK, 40 g, BEN & ANNA - Biopapa\",\"isPartOf\":{\"@id\":\"https:\\\/\\\/www.biopapa.de\\\/lt\\\/#website\"},\"primaryImageOfPage\":{\"@id\":\"https:\\\/\\\/www.biopapa.de\\\/lt\\\/producte\\\/piestukinis-dezodorantas-urban-black-40-g-ben-anna\\\/#primaryimage\"},\"image\":{\"@id\":\"https:\\\/\\\/www.biopapa.de\\\/lt\\\/producte\\\/piestukinis-dezodorantas-urban-black-40-g-ben-anna\\\/#primaryimage\"},\"thumbnailUrl\":\"https:\\\/\\\/www.biopapa.de\\\/wp-content\\\/uploads\\\/2024\\\/12\\\/Piestukinis-dezodorantas-URBAN-BLACK-40-g-BEN-ANNA-.png.webp\",\"datePublished\":\"2024-12-13T07:55:12+00:00\",\"dateModified\":\"2024-12-13T08:04:31+00:00\",\"description\":\"I\u0161skirtinis a\u0161tri\u0173 Vidur\u017eemio j\u016bros citrus\u0173 ir \u017ealiosios arbatos derinys - dovanoja ger\u0105 nuotaik\u0105 ir papras\u010diausiai nuostabiai kvepia!\",\"breadcrumb\":{\"@id\":\"https:\\\/\\\/www.biopapa.de\\\/lt\\\/producte\\\/piestukinis-dezodorantas-urban-black-40-g-ben-anna\\\/#breadcrumb\"},\"inLanguage\":\"lt-LT\",\"potentialAction\":[{\"@type\":\"ReadAction\",\"target\":[\"https:\\\/\\\/www.biopapa.de\\\/lt\\\/producte\\\/piestukinis-dezodorantas-urban-black-40-g-ben-anna\\\/\"]}]},{\"@type\":\"ImageObject\",\"inLanguage\":\"lt-LT\",\"@id\":\"https:\\\/\\\/www.biopapa.de\\\/lt\\\/producte\\\/piestukinis-dezodorantas-urban-black-40-g-ben-anna\\\/#primaryimage\",\"url\":\"https:\\\/\\\/www.biopapa.de\\\/wp-content\\\/uploads\\\/2024\\\/12\\\/Piestukinis-dezodorantas-URBAN-BLACK-40-g-BEN-ANNA-.png.webp\",\"contentUrl\":\"https:\\\/\\\/www.biopapa.de\\\/wp-content\\\/uploads\\\/2024\\\/12\\\/Piestukinis-dezodorantas-URBAN-BLACK-40-g-BEN-ANNA-.png.webp\",\"width\":800,\"height\":640},{\"@type\":\"BreadcrumbList\",\"@id\":\"https:\\\/\\\/www.biopapa.de\\\/lt\\\/producte\\\/piestukinis-dezodorantas-urban-black-40-g-ben-anna\\\/#breadcrumb\",\"itemListElement\":[{\"@type\":\"ListItem\",\"position\":1,\"name\":\"Home\",\"item\":\"https:\\\/\\\/www.biopapa.de\\\/lt\\\/\"},{\"@type\":\"ListItem\",\"position\":2,\"name\":\"Parduotuv\u0117\",\"item\":\"https:\\\/\\\/www.biopapa.de\\\/parduotuve\\\/\"},{\"@type\":\"ListItem\",\"position\":3,\"name\":\"Pie\u0161tukinis dezodorantas URBAN BLACK, 40 g, BEN &#038; ANNA\"}]},{\"@type\":\"WebSite\",\"@id\":\"https:\\\/\\\/www.biopapa.de\\\/lt\\\/#website\",\"url\":\"https:\\\/\\\/www.biopapa.de\\\/lt\\\/\",\"name\":\"Biopapa\",\"description\":\"\u0160var\u016bs ekologi\u0161ki produktai\",\"publisher\":{\"@id\":\"https:\\\/\\\/www.biopapa.de\\\/lt\\\/#organization\"},\"potentialAction\":[{\"@type\":\"SearchAction\",\"target\":{\"@type\":\"EntryPoint\",\"urlTemplate\":\"https:\\\/\\\/www.biopapa.de\\\/lt\\\/?s={search_term_string}\"},\"query-input\":{\"@type\":\"PropertyValueSpecification\",\"valueRequired\":true,\"valueName\":\"search_term_string\"}}],\"inLanguage\":\"lt-LT\"},{\"@type\":\"Organization\",\"@id\":\"https:\\\/\\\/www.biopapa.de\\\/lt\\\/#organization\",\"name\":\"Biopapa\",\"url\":\"https:\\\/\\\/www.biopapa.de\\\/lt\\\/\",\"logo\":{\"@type\":\"ImageObject\",\"inLanguage\":\"lt-LT\",\"@id\":\"https:\\\/\\\/www.biopapa.de\\\/lt\\\/#\\\/schema\\\/logo\\\/image\\\/\",\"url\":\"https:\\\/\\\/www.biopapa.lt\\\/wp-content\\\/uploads\\\/2022\\\/04\\\/facebook_biopapa.jpg\",\"contentUrl\":\"https:\\\/\\\/www.biopapa.lt\\\/wp-content\\\/uploads\\\/2022\\\/04\\\/facebook_biopapa.jpg\",\"width\":1733,\"height\":907,\"caption\":\"Biopapa\"},\"image\":{\"@id\":\"https:\\\/\\\/www.biopapa.de\\\/lt\\\/#\\\/schema\\\/logo\\\/image\\\/\"},\"sameAs\":[\"https:\\\/\\\/www.facebook.com\\\/biopapa.lt\"]}]}<\/script>\n<!-- \/ Yoast SEO plugin. -->","yoast_head_json":{"title":"Pie\u0161tukinis dezodorantas URBAN BLACK, 40 g, BEN & ANNA - Biopapa","description":"I\u0161skirtinis a\u0161tri\u0173 Vidur\u017eemio j\u016bros citrus\u0173 ir \u017ealiosios arbatos derinys - dovanoja ger\u0105 nuotaik\u0105 ir papras\u010diausiai nuostabiai kvepia!","robots":{"index":"index","follow":"follow","max-snippet":"max-snippet:-1","max-image-preview":"max-image-preview:large","max-video-preview":"max-video-preview:-1"},"canonical":"https:\/\/www.biopapa.de\/lt\/producte\/piestukinis-dezodorantas-urban-black-40-g-ben-anna\/","og_locale":"lt_LT","og_type":"article","og_title":"Pie\u0161tukinis dezodorantas URBAN BLACK, 40 g, BEN & ANNA - Biopapa","og_description":"I\u0161skirtinis a\u0161tri\u0173 Vidur\u017eemio j\u016bros citrus\u0173 ir \u017ealiosios arbatos derinys - dovanoja ger\u0105 nuotaik\u0105 ir papras\u010diausiai nuostabiai kvepia!","og_url":"https:\/\/www.biopapa.de\/lt\/producte\/piestukinis-dezodorantas-urban-black-40-g-ben-anna\/","og_site_name":"Biopapa","article_publisher":"https:\/\/www.facebook.com\/biopapa.lt","article_modified_time":"2024-12-13T08:04:31+00:00","og_image":[{"width":800,"height":640,"url":"https:\/\/www.biopapa.de\/wp-content\/uploads\/2024\/12\/Piestukinis-dezodorantas-URBAN-BLACK-40-g-BEN-ANNA-.png.webp","type":"image\/webp"}],"twitter_card":"summary_large_image","twitter_misc":{"Est. reading time":"1 minut\u0117"},"schema":{"@context":"https:\/\/schema.org","@graph":[{"@type":"WebPage","@id":"https:\/\/www.biopapa.de\/lt\/producte\/piestukinis-dezodorantas-urban-black-40-g-ben-anna\/","url":"https:\/\/www.biopapa.de\/lt\/producte\/piestukinis-dezodorantas-urban-black-40-g-ben-anna\/","name":"Pie\u0161tukinis dezodorantas URBAN BLACK, 40 g, BEN & ANNA - Biopapa","isPartOf":{"@id":"https:\/\/www.biopapa.de\/lt\/#website"},"primaryImageOfPage":{"@id":"https:\/\/www.biopapa.de\/lt\/producte\/piestukinis-dezodorantas-urban-black-40-g-ben-anna\/#primaryimage"},"image":{"@id":"https:\/\/www.biopapa.de\/lt\/producte\/piestukinis-dezodorantas-urban-black-40-g-ben-anna\/#primaryimage"},"thumbnailUrl":"https:\/\/www.biopapa.de\/wp-content\/uploads\/2024\/12\/Piestukinis-dezodorantas-URBAN-BLACK-40-g-BEN-ANNA-.png.webp","datePublished":"2024-12-13T07:55:12+00:00","dateModified":"2024-12-13T08:04:31+00:00","description":"I\u0161skirtinis a\u0161tri\u0173 Vidur\u017eemio j\u016bros citrus\u0173 ir \u017ealiosios arbatos derinys - dovanoja ger\u0105 nuotaik\u0105 ir papras\u010diausiai nuostabiai kvepia!","breadcrumb":{"@id":"https:\/\/www.biopapa.de\/lt\/producte\/piestukinis-dezodorantas-urban-black-40-g-ben-anna\/#breadcrumb"},"inLanguage":"lt-LT","potentialAction":[{"@type":"ReadAction","target":["https:\/\/www.biopapa.de\/lt\/producte\/piestukinis-dezodorantas-urban-black-40-g-ben-anna\/"]}]},{"@type":"ImageObject","inLanguage":"lt-LT","@id":"https:\/\/www.biopapa.de\/lt\/producte\/piestukinis-dezodorantas-urban-black-40-g-ben-anna\/#primaryimage","url":"https:\/\/www.biopapa.de\/wp-content\/uploads\/2024\/12\/Piestukinis-dezodorantas-URBAN-BLACK-40-g-BEN-ANNA-.png.webp","contentUrl":"https:\/\/www.biopapa.de\/wp-content\/uploads\/2024\/12\/Piestukinis-dezodorantas-URBAN-BLACK-40-g-BEN-ANNA-.png.webp","width":800,"height":640},{"@type":"BreadcrumbList","@id":"https:\/\/www.biopapa.de\/lt\/producte\/piestukinis-dezodorantas-urban-black-40-g-ben-anna\/#breadcrumb","itemListElement":[{"@type":"ListItem","position":1,"name":"Home","item":"https:\/\/www.biopapa.de\/lt\/"},{"@type":"ListItem","position":2,"name":"Parduotuv\u0117","item":"https:\/\/www.biopapa.de\/parduotuve\/"},{"@type":"ListItem","position":3,"name":"Pie\u0161tukinis dezodorantas URBAN BLACK, 40 g, BEN &#038; ANNA"}]},{"@type":"WebSite","@id":"https:\/\/www.biopapa.de\/lt\/#website","url":"https:\/\/www.biopapa.de\/lt\/","name":"Biopapa","description":"\u0160var\u016bs ekologi\u0161ki produktai","publisher":{"@id":"https:\/\/www.biopapa.de\/lt\/#organization"},"potentialAction":[{"@type":"SearchAction","target":{"@type":"EntryPoint","urlTemplate":"https:\/\/www.biopapa.de\/lt\/?s={search_term_string}"},"query-input":{"@type":"PropertyValueSpecification","valueRequired":true,"valueName":"search_term_string"}}],"inLanguage":"lt-LT"},{"@type":"Organization","@id":"https:\/\/www.biopapa.de\/lt\/#organization","name":"Biopapa","url":"https:\/\/www.biopapa.de\/lt\/","logo":{"@type":"ImageObject","inLanguage":"lt-LT","@id":"https:\/\/www.biopapa.de\/lt\/#\/schema\/logo\/image\/","url":"https:\/\/www.biopapa.lt\/wp-content\/uploads\/2022\/04\/facebook_biopapa.jpg","contentUrl":"https:\/\/www.biopapa.lt\/wp-content\/uploads\/2022\/04\/facebook_biopapa.jpg","width":1733,"height":907,"caption":"Biopapa"},"image":{"@id":"https:\/\/www.biopapa.de\/lt\/#\/schema\/logo\/image\/"},"sameAs":["https:\/\/www.facebook.com\/biopapa.lt"]}]}},"_links":{"self":[{"href":"https:\/\/www.biopapa.de\/lt\/wp-json\/wp\/v2\/product\/45169","targetHints":{"allow":["GET"]}}],"collection":[{"href":"https:\/\/www.biopapa.de\/lt\/wp-json\/wp\/v2\/product"}],"about":[{"href":"https:\/\/www.biopapa.de\/lt\/wp-json\/wp\/v2\/types\/product"}],"wp:featuredmedia":[{"embeddable":true,"href":"https:\/\/www.biopapa.de\/lt\/wp-json\/wp\/v2\/media\/45171"}],"wp:attachment":[{"href":"https:\/\/www.biopapa.de\/lt\/wp-json\/wp\/v2\/media?parent=45169"}],"wp:term":[{"taxonomy":"product_brand","embeddable":true,"href":"https:\/\/www.biopapa.de\/lt\/wp-json\/wp\/v2\/product_brand?post=45169"},{"taxonomy":"product_cat","embeddable":true,"href":"https:\/\/www.biopapa.de\/lt\/wp-json\/wp\/v2\/product_cat?post=45169"},{"taxonomy":"product_tag","embeddable":true,"href":"https:\/\/www.biopapa.de\/lt\/wp-json\/wp\/v2\/product_tag?post=45169"}],"curies":[{"name":"wp","href":"https:\/\/api.w.org\/{rel}","templated":true}]}}