{"id":45177,"date":"2024-12-13T10:07:56","date_gmt":"2024-12-13T08:07:56","guid":{"rendered":"https:\/\/www.biopapa.de\/?post_type=product&#038;p=45177"},"modified":"2024-12-13T10:09:45","modified_gmt":"2024-12-13T08:09:45","slug":"piestukinis-dezodorantas-pink-grapefruit-40-g-ben-anna","status":"publish","type":"product","link":"https:\/\/www.biopapa.de\/lt\/producte\/piestukinis-dezodorantas-pink-grapefruit-40-g-ben-anna\/","title":{"rendered":"Pie\u0161tukinis dezodorantas PINK GRAPEFRUIT, 40 g, BEN &#038; ANNA"},"content":{"rendered":"<p>Populiarusis aromatas \u201ePink Grapefruit\u201c \u2013 tai gaivi patirtis naujoje dezodoranto popierini\u0173 t\u016bbeli\u0173 versijoje. Unikali kvap\u0173 kompozicija su 100 % nat\u016braliais eteriniais aliejais u\u017etikrina gaivinan\u010di\u0105 \u0161vie\u017eum\u0105 vis\u0105 dien\u0105. Soda patikimai apsaugo nuo kvapo, o maitinamasis taukmed\u017eio sviestas ir augaliniai aliejai suteikia nauj\u0105 kremin\u0119 konsistencij\u0105 \u2013 be trupini\u0173, neriebaluojanti ir nelimpanti.<\/p>\n<p>Patikimai apsaugo nuo dr\u0117gm\u0117s ir kvapo<br \/>\nBe palmi\u0173 aliejaus, mikroplastiko ir aliuminio<br \/>\nVegani\u0161kas ir nebandytas su gyv\u016bnais<br \/>\nNeriebaluojantis ir nelimpantis<br \/>\nSertifikuota nat\u016brali kosmetika<br \/>\nD\u0117ka visi\u0161kai nat\u016bralaus ingrediento natrono, kuris nat\u016braliai suma\u017eina mikrobus ir bakterijas, taip sustabdydamas prakaito kvapo i\u0161siskyrim\u0105, b\u016bsite apsaugoti nuo nemalonaus kvapo.<br \/>\nD\u0117ka tvarios ir pilnai perdirbamos pakuot\u0117s, radote ne vien vegani\u0161k\u0105 ir nat\u016brali\u0105, bet kartu ir plastiko neturin\u010di\u0105 alternatyv\u0105 \u012fprastam dezodorantui.<br \/>\nPasirinkdami \u0161io gamintojo produkt\u0105 palaikote\u00a0 socialinius projektus, kurie padeda suma\u017einti plastiko atliekas vandenynuose m\u016bs\u0173 vis\u0173 \u017dem\u0117je.<br \/>\nNaudingas aplinkai, naudingas jums!<br \/>\nNaudojimas:\u00a0pir\u0161tu \u0161velniai paspauskite t\u016bbel\u0117s dugn\u0105 ir tepkite pa\u017east\u0173 od\u0105.<\/p>\n<p>Primename, kad produkt\u0173 sud\u0117tis gali b\u016bti kei\u010diama. Naujausias ingredient\u0173 s\u0105ra\u0161as yra ant j\u016bs\u0173 \u012fsigyto gaminio pakuot\u0117s. Jei internete nurodyta produkto sud\u0117tis skiriasi nuo pateiktos ant pakuot\u0117s, vadovaukit\u0117s s\u0105ra\u0161u, esan\u010diu ant \u012fsigyto gaminio.<\/p>\n","protected":false},"excerpt":{"rendered":"<p>Populiarusis aromatas \u201ePink Grapefruit\u201c \u2013 tai gaivi patirtis naujoje dezodoranto popierini\u0173 t\u016bbeli\u0173 versijoje. Unikali kvap\u0173 kompozicija su 100 % nat\u016braliais<\/p>\n","protected":false},"featured_media":45179,"template":"","meta":{"_acf_changed":false},"product_brand":[],"product_cat":[1912,1914],"product_tag":[1378],"class_list":{"0":"post-45177","1":"product","2":"type-product","3":"status-publish","4":"has-post-thumbnail","6":"product_cat-grozis-ir-higiena","7":"product_cat-kuno-prieziura","8":"product_tag-veganams","10":"first","11":"instock","12":"shipping-taxable","13":"purchasable","14":"product-type-simple"},"acf":[],"yoast_head":"<!-- This site is optimized with the Yoast SEO plugin v27.5 - https:\/\/yoast.com\/product\/yoast-seo-wordpress\/ -->\n<title>Pie\u0161tukinis dezodorantas PINK GRAPEFRUIT, 40 g, BEN &amp; ANNA - Biopapa<\/title>\n<meta name=\"description\" content=\"Preki\u0173 \u017eenklo atstov\u0173 kuriamos vegani\u0161kos priemon\u0117s susideda tik i\u0161 nat\u016brali\u0173 ingredient\u0173, kurie turi atitinkamus sertifikatus.\" \/>\n<meta name=\"robots\" content=\"index, follow, max-snippet:-1, max-image-preview:large, max-video-preview:-1\" \/>\n<link rel=\"canonical\" href=\"https:\/\/www.biopapa.de\/lt\/producte\/piestukinis-dezodorantas-pink-grapefruit-40-g-ben-anna\/\" \/>\n<meta property=\"og:locale\" content=\"lt_LT\" \/>\n<meta property=\"og:type\" content=\"article\" \/>\n<meta property=\"og:title\" content=\"Pie\u0161tukinis dezodorantas PINK GRAPEFRUIT, 40 g, BEN &amp; ANNA - Biopapa\" \/>\n<meta property=\"og:description\" content=\"Preki\u0173 \u017eenklo atstov\u0173 kuriamos vegani\u0161kos priemon\u0117s susideda tik i\u0161 nat\u016brali\u0173 ingredient\u0173, kurie turi atitinkamus sertifikatus.\" \/>\n<meta property=\"og:url\" content=\"https:\/\/www.biopapa.de\/lt\/producte\/piestukinis-dezodorantas-pink-grapefruit-40-g-ben-anna\/\" \/>\n<meta property=\"og:site_name\" content=\"Biopapa\" \/>\n<meta property=\"article:publisher\" content=\"https:\/\/www.facebook.com\/biopapa.lt\" \/>\n<meta property=\"article:modified_time\" content=\"2024-12-13T08:09:45+00:00\" \/>\n<meta property=\"og:image\" content=\"https:\/\/www.biopapa.de\/wp-content\/uploads\/2024\/12\/Piestukinis-dezodorantas-PINK-GRAPEFRUIT-40-g-BEN-ANNA-.png.webp\" \/>\n\t<meta property=\"og:image:width\" content=\"800\" \/>\n\t<meta property=\"og:image:height\" content=\"640\" \/>\n\t<meta property=\"og:image:type\" content=\"image\/webp\" \/>\n<meta name=\"twitter:card\" content=\"summary_large_image\" \/>\n<meta name=\"twitter:label1\" content=\"Est. reading time\" \/>\n\t<meta name=\"twitter:data1\" content=\"1 minut\u0117\" \/>\n<script type=\"application\/ld+json\" class=\"yoast-schema-graph\">{\"@context\":\"https:\\\/\\\/schema.org\",\"@graph\":[{\"@type\":\"WebPage\",\"@id\":\"https:\\\/\\\/www.biopapa.de\\\/lt\\\/producte\\\/piestukinis-dezodorantas-pink-grapefruit-40-g-ben-anna\\\/\",\"url\":\"https:\\\/\\\/www.biopapa.de\\\/lt\\\/producte\\\/piestukinis-dezodorantas-pink-grapefruit-40-g-ben-anna\\\/\",\"name\":\"Pie\u0161tukinis dezodorantas PINK GRAPEFRUIT, 40 g, BEN & ANNA - Biopapa\",\"isPartOf\":{\"@id\":\"https:\\\/\\\/www.biopapa.de\\\/lt\\\/#website\"},\"primaryImageOfPage\":{\"@id\":\"https:\\\/\\\/www.biopapa.de\\\/lt\\\/producte\\\/piestukinis-dezodorantas-pink-grapefruit-40-g-ben-anna\\\/#primaryimage\"},\"image\":{\"@id\":\"https:\\\/\\\/www.biopapa.de\\\/lt\\\/producte\\\/piestukinis-dezodorantas-pink-grapefruit-40-g-ben-anna\\\/#primaryimage\"},\"thumbnailUrl\":\"https:\\\/\\\/www.biopapa.de\\\/wp-content\\\/uploads\\\/2024\\\/12\\\/Piestukinis-dezodorantas-PINK-GRAPEFRUIT-40-g-BEN-ANNA-.png.webp\",\"datePublished\":\"2024-12-13T08:07:56+00:00\",\"dateModified\":\"2024-12-13T08:09:45+00:00\",\"description\":\"Preki\u0173 \u017eenklo atstov\u0173 kuriamos vegani\u0161kos priemon\u0117s susideda tik i\u0161 nat\u016brali\u0173 ingredient\u0173, kurie turi atitinkamus sertifikatus.\",\"breadcrumb\":{\"@id\":\"https:\\\/\\\/www.biopapa.de\\\/lt\\\/producte\\\/piestukinis-dezodorantas-pink-grapefruit-40-g-ben-anna\\\/#breadcrumb\"},\"inLanguage\":\"lt-LT\",\"potentialAction\":[{\"@type\":\"ReadAction\",\"target\":[\"https:\\\/\\\/www.biopapa.de\\\/lt\\\/producte\\\/piestukinis-dezodorantas-pink-grapefruit-40-g-ben-anna\\\/\"]}]},{\"@type\":\"ImageObject\",\"inLanguage\":\"lt-LT\",\"@id\":\"https:\\\/\\\/www.biopapa.de\\\/lt\\\/producte\\\/piestukinis-dezodorantas-pink-grapefruit-40-g-ben-anna\\\/#primaryimage\",\"url\":\"https:\\\/\\\/www.biopapa.de\\\/wp-content\\\/uploads\\\/2024\\\/12\\\/Piestukinis-dezodorantas-PINK-GRAPEFRUIT-40-g-BEN-ANNA-.png.webp\",\"contentUrl\":\"https:\\\/\\\/www.biopapa.de\\\/wp-content\\\/uploads\\\/2024\\\/12\\\/Piestukinis-dezodorantas-PINK-GRAPEFRUIT-40-g-BEN-ANNA-.png.webp\",\"width\":800,\"height\":640},{\"@type\":\"BreadcrumbList\",\"@id\":\"https:\\\/\\\/www.biopapa.de\\\/lt\\\/producte\\\/piestukinis-dezodorantas-pink-grapefruit-40-g-ben-anna\\\/#breadcrumb\",\"itemListElement\":[{\"@type\":\"ListItem\",\"position\":1,\"name\":\"Home\",\"item\":\"https:\\\/\\\/www.biopapa.de\\\/lt\\\/\"},{\"@type\":\"ListItem\",\"position\":2,\"name\":\"Parduotuv\u0117\",\"item\":\"https:\\\/\\\/www.biopapa.de\\\/parduotuve\\\/\"},{\"@type\":\"ListItem\",\"position\":3,\"name\":\"Pie\u0161tukinis dezodorantas PINK GRAPEFRUIT, 40 g, BEN &#038; ANNA\"}]},{\"@type\":\"WebSite\",\"@id\":\"https:\\\/\\\/www.biopapa.de\\\/lt\\\/#website\",\"url\":\"https:\\\/\\\/www.biopapa.de\\\/lt\\\/\",\"name\":\"Biopapa\",\"description\":\"\u0160var\u016bs ekologi\u0161ki produktai\",\"publisher\":{\"@id\":\"https:\\\/\\\/www.biopapa.de\\\/lt\\\/#organization\"},\"potentialAction\":[{\"@type\":\"SearchAction\",\"target\":{\"@type\":\"EntryPoint\",\"urlTemplate\":\"https:\\\/\\\/www.biopapa.de\\\/lt\\\/?s={search_term_string}\"},\"query-input\":{\"@type\":\"PropertyValueSpecification\",\"valueRequired\":true,\"valueName\":\"search_term_string\"}}],\"inLanguage\":\"lt-LT\"},{\"@type\":\"Organization\",\"@id\":\"https:\\\/\\\/www.biopapa.de\\\/lt\\\/#organization\",\"name\":\"Biopapa\",\"url\":\"https:\\\/\\\/www.biopapa.de\\\/lt\\\/\",\"logo\":{\"@type\":\"ImageObject\",\"inLanguage\":\"lt-LT\",\"@id\":\"https:\\\/\\\/www.biopapa.de\\\/lt\\\/#\\\/schema\\\/logo\\\/image\\\/\",\"url\":\"https:\\\/\\\/www.biopapa.lt\\\/wp-content\\\/uploads\\\/2022\\\/04\\\/facebook_biopapa.jpg\",\"contentUrl\":\"https:\\\/\\\/www.biopapa.lt\\\/wp-content\\\/uploads\\\/2022\\\/04\\\/facebook_biopapa.jpg\",\"width\":1733,\"height\":907,\"caption\":\"Biopapa\"},\"image\":{\"@id\":\"https:\\\/\\\/www.biopapa.de\\\/lt\\\/#\\\/schema\\\/logo\\\/image\\\/\"},\"sameAs\":[\"https:\\\/\\\/www.facebook.com\\\/biopapa.lt\"]}]}<\/script>\n<!-- \/ Yoast SEO plugin. -->","yoast_head_json":{"title":"Pie\u0161tukinis dezodorantas PINK GRAPEFRUIT, 40 g, BEN & ANNA - Biopapa","description":"Preki\u0173 \u017eenklo atstov\u0173 kuriamos vegani\u0161kos priemon\u0117s susideda tik i\u0161 nat\u016brali\u0173 ingredient\u0173, kurie turi atitinkamus sertifikatus.","robots":{"index":"index","follow":"follow","max-snippet":"max-snippet:-1","max-image-preview":"max-image-preview:large","max-video-preview":"max-video-preview:-1"},"canonical":"https:\/\/www.biopapa.de\/lt\/producte\/piestukinis-dezodorantas-pink-grapefruit-40-g-ben-anna\/","og_locale":"lt_LT","og_type":"article","og_title":"Pie\u0161tukinis dezodorantas PINK GRAPEFRUIT, 40 g, BEN & ANNA - Biopapa","og_description":"Preki\u0173 \u017eenklo atstov\u0173 kuriamos vegani\u0161kos priemon\u0117s susideda tik i\u0161 nat\u016brali\u0173 ingredient\u0173, kurie turi atitinkamus sertifikatus.","og_url":"https:\/\/www.biopapa.de\/lt\/producte\/piestukinis-dezodorantas-pink-grapefruit-40-g-ben-anna\/","og_site_name":"Biopapa","article_publisher":"https:\/\/www.facebook.com\/biopapa.lt","article_modified_time":"2024-12-13T08:09:45+00:00","og_image":[{"width":800,"height":640,"url":"https:\/\/www.biopapa.de\/wp-content\/uploads\/2024\/12\/Piestukinis-dezodorantas-PINK-GRAPEFRUIT-40-g-BEN-ANNA-.png.webp","type":"image\/webp"}],"twitter_card":"summary_large_image","twitter_misc":{"Est. reading time":"1 minut\u0117"},"schema":{"@context":"https:\/\/schema.org","@graph":[{"@type":"WebPage","@id":"https:\/\/www.biopapa.de\/lt\/producte\/piestukinis-dezodorantas-pink-grapefruit-40-g-ben-anna\/","url":"https:\/\/www.biopapa.de\/lt\/producte\/piestukinis-dezodorantas-pink-grapefruit-40-g-ben-anna\/","name":"Pie\u0161tukinis dezodorantas PINK GRAPEFRUIT, 40 g, BEN & ANNA - Biopapa","isPartOf":{"@id":"https:\/\/www.biopapa.de\/lt\/#website"},"primaryImageOfPage":{"@id":"https:\/\/www.biopapa.de\/lt\/producte\/piestukinis-dezodorantas-pink-grapefruit-40-g-ben-anna\/#primaryimage"},"image":{"@id":"https:\/\/www.biopapa.de\/lt\/producte\/piestukinis-dezodorantas-pink-grapefruit-40-g-ben-anna\/#primaryimage"},"thumbnailUrl":"https:\/\/www.biopapa.de\/wp-content\/uploads\/2024\/12\/Piestukinis-dezodorantas-PINK-GRAPEFRUIT-40-g-BEN-ANNA-.png.webp","datePublished":"2024-12-13T08:07:56+00:00","dateModified":"2024-12-13T08:09:45+00:00","description":"Preki\u0173 \u017eenklo atstov\u0173 kuriamos vegani\u0161kos priemon\u0117s susideda tik i\u0161 nat\u016brali\u0173 ingredient\u0173, kurie turi atitinkamus sertifikatus.","breadcrumb":{"@id":"https:\/\/www.biopapa.de\/lt\/producte\/piestukinis-dezodorantas-pink-grapefruit-40-g-ben-anna\/#breadcrumb"},"inLanguage":"lt-LT","potentialAction":[{"@type":"ReadAction","target":["https:\/\/www.biopapa.de\/lt\/producte\/piestukinis-dezodorantas-pink-grapefruit-40-g-ben-anna\/"]}]},{"@type":"ImageObject","inLanguage":"lt-LT","@id":"https:\/\/www.biopapa.de\/lt\/producte\/piestukinis-dezodorantas-pink-grapefruit-40-g-ben-anna\/#primaryimage","url":"https:\/\/www.biopapa.de\/wp-content\/uploads\/2024\/12\/Piestukinis-dezodorantas-PINK-GRAPEFRUIT-40-g-BEN-ANNA-.png.webp","contentUrl":"https:\/\/www.biopapa.de\/wp-content\/uploads\/2024\/12\/Piestukinis-dezodorantas-PINK-GRAPEFRUIT-40-g-BEN-ANNA-.png.webp","width":800,"height":640},{"@type":"BreadcrumbList","@id":"https:\/\/www.biopapa.de\/lt\/producte\/piestukinis-dezodorantas-pink-grapefruit-40-g-ben-anna\/#breadcrumb","itemListElement":[{"@type":"ListItem","position":1,"name":"Home","item":"https:\/\/www.biopapa.de\/lt\/"},{"@type":"ListItem","position":2,"name":"Parduotuv\u0117","item":"https:\/\/www.biopapa.de\/parduotuve\/"},{"@type":"ListItem","position":3,"name":"Pie\u0161tukinis dezodorantas PINK GRAPEFRUIT, 40 g, BEN &#038; ANNA"}]},{"@type":"WebSite","@id":"https:\/\/www.biopapa.de\/lt\/#website","url":"https:\/\/www.biopapa.de\/lt\/","name":"Biopapa","description":"\u0160var\u016bs ekologi\u0161ki produktai","publisher":{"@id":"https:\/\/www.biopapa.de\/lt\/#organization"},"potentialAction":[{"@type":"SearchAction","target":{"@type":"EntryPoint","urlTemplate":"https:\/\/www.biopapa.de\/lt\/?s={search_term_string}"},"query-input":{"@type":"PropertyValueSpecification","valueRequired":true,"valueName":"search_term_string"}}],"inLanguage":"lt-LT"},{"@type":"Organization","@id":"https:\/\/www.biopapa.de\/lt\/#organization","name":"Biopapa","url":"https:\/\/www.biopapa.de\/lt\/","logo":{"@type":"ImageObject","inLanguage":"lt-LT","@id":"https:\/\/www.biopapa.de\/lt\/#\/schema\/logo\/image\/","url":"https:\/\/www.biopapa.lt\/wp-content\/uploads\/2022\/04\/facebook_biopapa.jpg","contentUrl":"https:\/\/www.biopapa.lt\/wp-content\/uploads\/2022\/04\/facebook_biopapa.jpg","width":1733,"height":907,"caption":"Biopapa"},"image":{"@id":"https:\/\/www.biopapa.de\/lt\/#\/schema\/logo\/image\/"},"sameAs":["https:\/\/www.facebook.com\/biopapa.lt"]}]}},"_links":{"self":[{"href":"https:\/\/www.biopapa.de\/lt\/wp-json\/wp\/v2\/product\/45177","targetHints":{"allow":["GET"]}}],"collection":[{"href":"https:\/\/www.biopapa.de\/lt\/wp-json\/wp\/v2\/product"}],"about":[{"href":"https:\/\/www.biopapa.de\/lt\/wp-json\/wp\/v2\/types\/product"}],"wp:featuredmedia":[{"embeddable":true,"href":"https:\/\/www.biopapa.de\/lt\/wp-json\/wp\/v2\/media\/45179"}],"wp:attachment":[{"href":"https:\/\/www.biopapa.de\/lt\/wp-json\/wp\/v2\/media?parent=45177"}],"wp:term":[{"taxonomy":"product_brand","embeddable":true,"href":"https:\/\/www.biopapa.de\/lt\/wp-json\/wp\/v2\/product_brand?post=45177"},{"taxonomy":"product_cat","embeddable":true,"href":"https:\/\/www.biopapa.de\/lt\/wp-json\/wp\/v2\/product_cat?post=45177"},{"taxonomy":"product_tag","embeddable":true,"href":"https:\/\/www.biopapa.de\/lt\/wp-json\/wp\/v2\/product_tag?post=45177"}],"curies":[{"name":"wp","href":"https:\/\/api.w.org\/{rel}","templated":true}]}}