{"id":45331,"date":"2025-02-26T16:32:19","date_gmt":"2025-02-26T14:32:19","guid":{"rendered":"https:\/\/www.biopapa.de\/?post_type=product&#038;p=45331"},"modified":"2025-12-13T10:50:13","modified_gmt":"2025-12-13T08:50:13","slug":"ekologiski-tigro-riesutai-tigernuts-raw","status":"publish","type":"product","link":"https:\/\/www.biopapa.de\/lt\/producte\/ekologiski-tigro-riesutai-tigernuts-raw\/","title":{"rendered":"Ekologi\u0161ki tigro rie\u0161utai (tigernuts) RAW"},"content":{"rendered":"<p><strong>Ekologi\u0161ki tigro rie\u0161utai (tigernuts)\u00a0RAW<\/strong><br \/>\nTigro rie\u0161utais vadinama <strong>valgomoji viksvuol\u0117 (Cyperus esculentus)<\/strong>, dar da\u017enai vadinama \u017eem\u0117s migdolais arba rie\u0161utais, nes jos gumbeliai yra sald\u016bs ir savo skoniu primena lazdyn\u0173 rie\u0161utus.<\/p>\n<p>Tigro rie\u0161utai turi ilg\u0105 istorij\u0105, siekian\u010di\u0105 t\u016bkstan\u010dius met\u0173 \u2013 j\u0173 vartojimo \u012frodym\u0173 rasta senov\u0117s Egipto kapaviet\u0117se. Jie buvo svarbi ankstyv\u0173j\u0173 civilizacij\u0173, \u012fskaitant egiptie\u010dius ir afrikie\u010dius, mitybos dalis, vertinami d\u0117l savo maistini\u0173 ir gydom\u0173j\u0173 savybi\u0173. Ispanijoje tigerinius rie\u0161utus VIII am\u017eiuje atgabeno maurai, ir jie tapo pagrindiniu tradicinio saldaus rie\u0161utinio g\u0117rimo horchata de chufa ingredientu. Laikui b\u0117gant j\u0173 auginimas i\u0161plito \u012fvairiose Europos, Afrikos ir Amerikos dalyse, kur jie buvo naudojami maistui, medicinai ir net aliejaus gamybai. \u0160iandien tigro rie\u0161utai vis dar pla\u010diai vartojami visame pasaulyje, ypa\u010d sveik\u0105 mityb\u0105 propaguojan\u010diose dietose d\u0117l didelio skaidul\u0173, vitamin\u0173 ir atsparaus krakmolo kiekio.<br \/>\nTigro rie\u0161utai yra maistingos \u0161aknin\u0117s dar\u017eov\u0117s, turin\u010dios daug sveikatai nauding\u0173 savybi\u0173. Jie yra puikus skaidul\u0173 \u0161altinis, naudingas vir\u0161kinimui. Jie yra turtingi vitaminais ir mineralais, kurie prisideda prie bendros sveikatos gerinimo.<\/p>\n<p>Tigro rie\u0161utus patariama prie\u0161 valgant pamirkyti bent 4 val. Po d\u017eiovinimo jie b\u016bna kieti, ta\u010diau mirkant bent kelias valandas tampa mink\u0161tu vaisiumi. I\u0161 j\u0173 galima pasigaminti vegani\u0161k\u0105 rie\u0161ut\u0173 g\u0117rim\u0105 \u2013 puiki\u0105 alternatyv\u0105 pienui be laktoz\u0117s. Tigro rie\u0161ut\u0173 miltai yra populiarus pasirinkimas kepiniams be glitimo, suteikiantis nat\u016bral\u0173 sald\u0173 ir rie\u0161utin\u012f skon\u012f. D\u0117l savo universalumo jie puikiai tinka \u012fvairioms dietoms, \u012fskaitant vegani\u0161k\u0105, paleo ir be glitimo mityb\u0105.<\/p>\n<p>Rekomenduojama rie\u0161ut\u0173 doz\u0117 priklauso nuo individualaus toleravimo ir mitybos poreiki\u0173. Bendras patarimas \u2013 suvartoti apie 20\u201330 gram\u0173 (ma\u017edaug sauj\u0105) per dien\u0105, kad b\u016bt\u0173 gaunama nauda sveikatai be perteklinio vir\u0161kinimo sistemos apkrovimo. Jei naudojamas tigro rie\u0161ut\u0173 \u201epienas\u201d ar miltai, reik\u0117t\u0173 vartoti saikingai, d\u0117l didelio skaidul\u0173 ir angliavandeni\u0173 kiekio.<\/p>\n<p>Nors \u0161ie rie\u0161utai turi daugyb\u0119 privalum\u0173, per didelis j\u0173 vartojimas gali sukelti vir\u0161kinimo diskomfort\u0105, pavyzd\u017eiui, pilvo p\u016btim\u0105, duj\u0173 kaupim\u0105si ar viduriavim\u0105, ypa\u010d jautriems \u017emon\u0117ms. D\u0117l didelio skaidul\u0173 kiekio jie gali b\u016bti sunkiau vir\u0161kinami, jei \u012ftraukiami \u012f racion\u0105 per staigiai. Be to, kai kurie \u017emon\u0117s gali b\u016bti alergi\u0161ki tigeriniams rie\u0161utams.<br \/>\nTinka aliejaus spaudimui, \u017eem\u0117s migdol\u0173 pieno gamybai, miltams ir dribsniams. Po d\u017eiovinimo jie b\u016bna kieti, ta\u010diau mirkant bent keturias valandas tampa mink\u0161tu vaisiumi.<\/p>\n<p>Receptas<br \/>\nPaprastas naminio tigro rie\u0161ut\u0173 g\u0117rimo (Horchata de Chufa) receptas \u2013 skanus ir nat\u016braliai saldus g\u0117rimas<\/p>\n<p>Ingredientai:<br \/>\n1 puodelis (150 g) d\u017eiovint\u0173 tigro rie\u0161ut\u0173<br \/>\n3 puodeliai (750 ml) vandens<br \/>\n1-2 \u0161auk\u0161tai medaus arba klev\u0173 sirupo (pasirinktinai)<br \/>\n\u00bd arbatinio \u0161auk\u0161telio cinamono (pasirinktinai)<br \/>\n1 arbatinis \u0161auk\u0161telis vanil\u0117s ekstrakto (pasirinktinai)<\/p>\n<p>Instrukcijos:<br \/>\nI\u0161mirkyti rie\u0161utus \u2013 sud\u0117kite d\u017eiovintus tigro rie\u0161utus \u012f duben\u012f ir u\u017epilkite vandeniu. Leiskite jiems mirkti bent 12\u201324 valandas (kuo ilgiau, tuo mink\u0161tesni).<br \/>\nTrintuvas \u2013 nuko\u0161kite rie\u0161utus ir sud\u0117kite juos \u012f smulkintuv\u0105\/trintuv\u0105 su 3 puodeliais \u0161vie\u017eio vandens. Mai\u0161ykite auk\u0161tu grei\u010diu apie 2\u20133 minutes, kol mi\u0161inys taps vientisas.<br \/>\nNuko\u0161ti \u2013 perko\u0161kite mi\u0161in\u012f per smulk\u0173 sietel\u012f \u012f duben\u012f, gerai i\u0161spausdami vis\u0105 skyst\u012f.<br \/>\nPagardinti (pasirinktinai) \u2013 prid\u0117kite medaus, vanil\u0117s ar cinamono, kad suteiktum\u0117te papildomo saldumo ir skonio. Gerai i\u0161mai\u0161ykite.<br \/>\nAtv\u0117sinti ir patiekti \u2013 laikykite \u0161aldytuve kelias valandas prie\u0161 patiekiant.<br \/>\nM\u0117gaukit\u0117s savo naminiu tigro rie\u0161ut\u0173 g\u0117rimu! Laikyti \u0161aldytuve iki 3 dien\u0173. Prie\u0161 gerdami suplakite, nes nat\u016braliai atsiranda atskyrimas.<\/p>\n<p>\u201eRaw food\u201d n\u0117ra vienareik\u0161mi\u0161kai apibr\u0117\u017etas terminas, tod\u0117l jis gali b\u016bti \u012fvairiai suprantamas. Tai apima produktus, kurie gamybos proceso metu nebuvo d\u017eiovinami auk\u0161tesn\u0117je nei 45\u00b0C, taip pat saul\u0117je d\u017eiovintus vaisius. Temperat\u016bra transportavimo metu n\u0117ra \u012fskaitoma, nes n\u0117ra pakankamai patikim\u0173 duomen\u0173 apie tai.<\/p>\n<p><em>PASTABA. \u010cia pateikiama informacija negali b\u016bti interpretuojama kaip gydymo ar kitokio pob\u016bd\u017eio sveikatos klausim\u0173 sprendimo rekomendacija. Raginame sprendimus, susijusius su asmenine sveikata, priimti asmeni\u0161kai, \u012fvertinus \u012fvairius informacijos \u0161altinius.<\/em><\/p>\n","protected":false},"excerpt":{"rendered":"<p>Ekologi\u0161ki tigro rie\u0161utai (tigernuts)\u00a0RAW Tigro rie\u0161utais vadinama valgomoji viksvuol\u0117 (Cyperus esculentus), dar da\u017enai vadinama \u017eem\u0117s migdolais arba rie\u0161utais, nes jos<\/p>\n","protected":false},"featured_media":45877,"template":"","meta":{"_acf_changed":false},"product_brand":[],"product_cat":[1904,730],"product_tag":[1431,1380,1378,1382],"class_list":{"0":"post-45331","1":"product","2":"type-product","3":"status-publish","4":"has-post-thumbnail","6":"product_cat-riesutai","7":"product_cat-ekologiski-riesutai-seklos","8":"product_tag-glitimo-alternatyva","9":"product_tag-keto-mityba","10":"product_tag-veganams","11":"product_tag-zaliavalgiams","12":"pa_svoris-1-kg","13":"pa_svoris-100-g","14":"pa_svoris-12-5-kg","15":"pa_svoris-200-g","16":"pa_svoris-25-kg","17":"pa_svoris-300-g","18":"pa_svoris-400-g","19":"pa_svoris-50-g","20":"pa_svoris-500-g","22":"first","23":"instock","24":"shipping-taxable","25":"purchasable","26":"product-type-variable"},"acf":[],"yoast_head":"<!-- This site is optimized with the Yoast SEO plugin v27.5 - https:\/\/yoast.com\/product\/yoast-seo-wordpress\/ -->\n<title>Ekologi\u0161ki tigro rie\u0161utai (tigernuts) RAW - Biopapa<\/title>\n<meta name=\"description\" content=\"Ekologi\u0161ki tigro rie\u0161utai (valgomoji viksvuol\u0117) yra maistingos \u0161aknin\u0117s dar\u017eov\u0117s, turin\u010dios daug sveikatai nauding\u0173 savybi\u0173.\" \/>\n<meta name=\"robots\" content=\"index, follow, max-snippet:-1, max-image-preview:large, max-video-preview:-1\" \/>\n<link rel=\"canonical\" href=\"https:\/\/www.biopapa.de\/lt\/producte\/ekologiski-tigro-riesutai-tigernuts-raw\/\" \/>\n<meta property=\"og:locale\" content=\"lt_LT\" \/>\n<meta property=\"og:type\" content=\"article\" \/>\n<meta property=\"og:title\" content=\"Ekologi\u0161ki tigro rie\u0161utai (tigernuts) RAW - Biopapa\" \/>\n<meta property=\"og:description\" content=\"Ekologi\u0161ki tigro rie\u0161utai (valgomoji viksvuol\u0117) yra maistingos \u0161aknin\u0117s dar\u017eov\u0117s, turin\u010dios daug sveikatai nauding\u0173 savybi\u0173.\" \/>\n<meta property=\"og:url\" content=\"https:\/\/www.biopapa.de\/lt\/producte\/ekologiski-tigro-riesutai-tigernuts-raw\/\" \/>\n<meta property=\"og:site_name\" content=\"Biopapa\" \/>\n<meta property=\"article:publisher\" content=\"https:\/\/www.facebook.com\/biopapa.lt\" \/>\n<meta property=\"article:modified_time\" content=\"2025-12-13T08:50:13+00:00\" \/>\n<meta property=\"og:image\" content=\"https:\/\/www.biopapa.de\/wp-content\/uploads\/2025\/02\/Ekologiski-tigro-riesutai-tigernuts-RAW.png.webp\" \/>\n\t<meta property=\"og:image:width\" content=\"800\" \/>\n\t<meta property=\"og:image:height\" content=\"640\" \/>\n\t<meta property=\"og:image:type\" content=\"image\/webp\" \/>\n<meta name=\"twitter:card\" content=\"summary_large_image\" \/>\n<meta name=\"twitter:label1\" content=\"Est. reading time\" \/>\n\t<meta name=\"twitter:data1\" content=\"1 minut\u0117\" \/>\n<script type=\"application\/ld+json\" class=\"yoast-schema-graph\">{\"@context\":\"https:\\\/\\\/schema.org\",\"@graph\":[{\"@type\":\"WebPage\",\"@id\":\"https:\\\/\\\/www.biopapa.de\\\/lt\\\/producte\\\/ekologiski-tigro-riesutai-tigernuts-raw\\\/\",\"url\":\"https:\\\/\\\/www.biopapa.de\\\/lt\\\/producte\\\/ekologiski-tigro-riesutai-tigernuts-raw\\\/\",\"name\":\"Ekologi\u0161ki tigro rie\u0161utai (tigernuts) RAW - Biopapa\",\"isPartOf\":{\"@id\":\"https:\\\/\\\/www.biopapa.de\\\/lt\\\/#website\"},\"primaryImageOfPage\":{\"@id\":\"https:\\\/\\\/www.biopapa.de\\\/lt\\\/producte\\\/ekologiski-tigro-riesutai-tigernuts-raw\\\/#primaryimage\"},\"image\":{\"@id\":\"https:\\\/\\\/www.biopapa.de\\\/lt\\\/producte\\\/ekologiski-tigro-riesutai-tigernuts-raw\\\/#primaryimage\"},\"thumbnailUrl\":\"https:\\\/\\\/www.biopapa.de\\\/wp-content\\\/uploads\\\/2025\\\/02\\\/Ekologiski-tigro-riesutai-tigernuts-RAW.png.webp\",\"datePublished\":\"2025-02-26T14:32:19+00:00\",\"dateModified\":\"2025-12-13T08:50:13+00:00\",\"description\":\"Ekologi\u0161ki tigro rie\u0161utai (valgomoji viksvuol\u0117) yra maistingos \u0161aknin\u0117s dar\u017eov\u0117s, turin\u010dios daug sveikatai nauding\u0173 savybi\u0173.\",\"breadcrumb\":{\"@id\":\"https:\\\/\\\/www.biopapa.de\\\/lt\\\/producte\\\/ekologiski-tigro-riesutai-tigernuts-raw\\\/#breadcrumb\"},\"inLanguage\":\"lt-LT\",\"potentialAction\":[{\"@type\":\"ReadAction\",\"target\":[\"https:\\\/\\\/www.biopapa.de\\\/lt\\\/producte\\\/ekologiski-tigro-riesutai-tigernuts-raw\\\/\"]}]},{\"@type\":\"ImageObject\",\"inLanguage\":\"lt-LT\",\"@id\":\"https:\\\/\\\/www.biopapa.de\\\/lt\\\/producte\\\/ekologiski-tigro-riesutai-tigernuts-raw\\\/#primaryimage\",\"url\":\"https:\\\/\\\/www.biopapa.de\\\/wp-content\\\/uploads\\\/2025\\\/02\\\/Ekologiski-tigro-riesutai-tigernuts-RAW.png.webp\",\"contentUrl\":\"https:\\\/\\\/www.biopapa.de\\\/wp-content\\\/uploads\\\/2025\\\/02\\\/Ekologiski-tigro-riesutai-tigernuts-RAW.png.webp\",\"width\":800,\"height\":640},{\"@type\":\"BreadcrumbList\",\"@id\":\"https:\\\/\\\/www.biopapa.de\\\/lt\\\/producte\\\/ekologiski-tigro-riesutai-tigernuts-raw\\\/#breadcrumb\",\"itemListElement\":[{\"@type\":\"ListItem\",\"position\":1,\"name\":\"Home\",\"item\":\"https:\\\/\\\/www.biopapa.de\\\/lt\\\/\"},{\"@type\":\"ListItem\",\"position\":2,\"name\":\"Parduotuv\u0117\",\"item\":\"https:\\\/\\\/www.biopapa.de\\\/parduotuve\\\/\"},{\"@type\":\"ListItem\",\"position\":3,\"name\":\"Ekologi\u0161ki tigro rie\u0161utai (tigernuts) RAW\"}]},{\"@type\":\"WebSite\",\"@id\":\"https:\\\/\\\/www.biopapa.de\\\/lt\\\/#website\",\"url\":\"https:\\\/\\\/www.biopapa.de\\\/lt\\\/\",\"name\":\"Biopapa\",\"description\":\"\u0160var\u016bs ekologi\u0161ki produktai\",\"publisher\":{\"@id\":\"https:\\\/\\\/www.biopapa.de\\\/lt\\\/#organization\"},\"potentialAction\":[{\"@type\":\"SearchAction\",\"target\":{\"@type\":\"EntryPoint\",\"urlTemplate\":\"https:\\\/\\\/www.biopapa.de\\\/lt\\\/?s={search_term_string}\"},\"query-input\":{\"@type\":\"PropertyValueSpecification\",\"valueRequired\":true,\"valueName\":\"search_term_string\"}}],\"inLanguage\":\"lt-LT\"},{\"@type\":\"Organization\",\"@id\":\"https:\\\/\\\/www.biopapa.de\\\/lt\\\/#organization\",\"name\":\"Biopapa\",\"url\":\"https:\\\/\\\/www.biopapa.de\\\/lt\\\/\",\"logo\":{\"@type\":\"ImageObject\",\"inLanguage\":\"lt-LT\",\"@id\":\"https:\\\/\\\/www.biopapa.de\\\/lt\\\/#\\\/schema\\\/logo\\\/image\\\/\",\"url\":\"https:\\\/\\\/www.biopapa.lt\\\/wp-content\\\/uploads\\\/2022\\\/04\\\/facebook_biopapa.jpg\",\"contentUrl\":\"https:\\\/\\\/www.biopapa.lt\\\/wp-content\\\/uploads\\\/2022\\\/04\\\/facebook_biopapa.jpg\",\"width\":1733,\"height\":907,\"caption\":\"Biopapa\"},\"image\":{\"@id\":\"https:\\\/\\\/www.biopapa.de\\\/lt\\\/#\\\/schema\\\/logo\\\/image\\\/\"},\"sameAs\":[\"https:\\\/\\\/www.facebook.com\\\/biopapa.lt\"]}]}<\/script>\n<!-- \/ Yoast SEO plugin. -->","yoast_head_json":{"title":"Ekologi\u0161ki tigro rie\u0161utai (tigernuts) RAW - Biopapa","description":"Ekologi\u0161ki tigro rie\u0161utai (valgomoji viksvuol\u0117) yra maistingos \u0161aknin\u0117s dar\u017eov\u0117s, turin\u010dios daug sveikatai nauding\u0173 savybi\u0173.","robots":{"index":"index","follow":"follow","max-snippet":"max-snippet:-1","max-image-preview":"max-image-preview:large","max-video-preview":"max-video-preview:-1"},"canonical":"https:\/\/www.biopapa.de\/lt\/producte\/ekologiski-tigro-riesutai-tigernuts-raw\/","og_locale":"lt_LT","og_type":"article","og_title":"Ekologi\u0161ki tigro rie\u0161utai (tigernuts) RAW - Biopapa","og_description":"Ekologi\u0161ki tigro rie\u0161utai (valgomoji viksvuol\u0117) yra maistingos \u0161aknin\u0117s dar\u017eov\u0117s, turin\u010dios daug sveikatai nauding\u0173 savybi\u0173.","og_url":"https:\/\/www.biopapa.de\/lt\/producte\/ekologiski-tigro-riesutai-tigernuts-raw\/","og_site_name":"Biopapa","article_publisher":"https:\/\/www.facebook.com\/biopapa.lt","article_modified_time":"2025-12-13T08:50:13+00:00","og_image":[{"width":800,"height":640,"url":"https:\/\/www.biopapa.de\/wp-content\/uploads\/2025\/02\/Ekologiski-tigro-riesutai-tigernuts-RAW.png.webp","type":"image\/webp"}],"twitter_card":"summary_large_image","twitter_misc":{"Est. reading time":"1 minut\u0117"},"schema":{"@context":"https:\/\/schema.org","@graph":[{"@type":"WebPage","@id":"https:\/\/www.biopapa.de\/lt\/producte\/ekologiski-tigro-riesutai-tigernuts-raw\/","url":"https:\/\/www.biopapa.de\/lt\/producte\/ekologiski-tigro-riesutai-tigernuts-raw\/","name":"Ekologi\u0161ki tigro rie\u0161utai (tigernuts) RAW - Biopapa","isPartOf":{"@id":"https:\/\/www.biopapa.de\/lt\/#website"},"primaryImageOfPage":{"@id":"https:\/\/www.biopapa.de\/lt\/producte\/ekologiski-tigro-riesutai-tigernuts-raw\/#primaryimage"},"image":{"@id":"https:\/\/www.biopapa.de\/lt\/producte\/ekologiski-tigro-riesutai-tigernuts-raw\/#primaryimage"},"thumbnailUrl":"https:\/\/www.biopapa.de\/wp-content\/uploads\/2025\/02\/Ekologiski-tigro-riesutai-tigernuts-RAW.png.webp","datePublished":"2025-02-26T14:32:19+00:00","dateModified":"2025-12-13T08:50:13+00:00","description":"Ekologi\u0161ki tigro rie\u0161utai (valgomoji viksvuol\u0117) yra maistingos \u0161aknin\u0117s dar\u017eov\u0117s, turin\u010dios daug sveikatai nauding\u0173 savybi\u0173.","breadcrumb":{"@id":"https:\/\/www.biopapa.de\/lt\/producte\/ekologiski-tigro-riesutai-tigernuts-raw\/#breadcrumb"},"inLanguage":"lt-LT","potentialAction":[{"@type":"ReadAction","target":["https:\/\/www.biopapa.de\/lt\/producte\/ekologiski-tigro-riesutai-tigernuts-raw\/"]}]},{"@type":"ImageObject","inLanguage":"lt-LT","@id":"https:\/\/www.biopapa.de\/lt\/producte\/ekologiski-tigro-riesutai-tigernuts-raw\/#primaryimage","url":"https:\/\/www.biopapa.de\/wp-content\/uploads\/2025\/02\/Ekologiski-tigro-riesutai-tigernuts-RAW.png.webp","contentUrl":"https:\/\/www.biopapa.de\/wp-content\/uploads\/2025\/02\/Ekologiski-tigro-riesutai-tigernuts-RAW.png.webp","width":800,"height":640},{"@type":"BreadcrumbList","@id":"https:\/\/www.biopapa.de\/lt\/producte\/ekologiski-tigro-riesutai-tigernuts-raw\/#breadcrumb","itemListElement":[{"@type":"ListItem","position":1,"name":"Home","item":"https:\/\/www.biopapa.de\/lt\/"},{"@type":"ListItem","position":2,"name":"Parduotuv\u0117","item":"https:\/\/www.biopapa.de\/parduotuve\/"},{"@type":"ListItem","position":3,"name":"Ekologi\u0161ki tigro rie\u0161utai (tigernuts) RAW"}]},{"@type":"WebSite","@id":"https:\/\/www.biopapa.de\/lt\/#website","url":"https:\/\/www.biopapa.de\/lt\/","name":"Biopapa","description":"\u0160var\u016bs ekologi\u0161ki produktai","publisher":{"@id":"https:\/\/www.biopapa.de\/lt\/#organization"},"potentialAction":[{"@type":"SearchAction","target":{"@type":"EntryPoint","urlTemplate":"https:\/\/www.biopapa.de\/lt\/?s={search_term_string}"},"query-input":{"@type":"PropertyValueSpecification","valueRequired":true,"valueName":"search_term_string"}}],"inLanguage":"lt-LT"},{"@type":"Organization","@id":"https:\/\/www.biopapa.de\/lt\/#organization","name":"Biopapa","url":"https:\/\/www.biopapa.de\/lt\/","logo":{"@type":"ImageObject","inLanguage":"lt-LT","@id":"https:\/\/www.biopapa.de\/lt\/#\/schema\/logo\/image\/","url":"https:\/\/www.biopapa.lt\/wp-content\/uploads\/2022\/04\/facebook_biopapa.jpg","contentUrl":"https:\/\/www.biopapa.lt\/wp-content\/uploads\/2022\/04\/facebook_biopapa.jpg","width":1733,"height":907,"caption":"Biopapa"},"image":{"@id":"https:\/\/www.biopapa.de\/lt\/#\/schema\/logo\/image\/"},"sameAs":["https:\/\/www.facebook.com\/biopapa.lt"]}]}},"_links":{"self":[{"href":"https:\/\/www.biopapa.de\/lt\/wp-json\/wp\/v2\/product\/45331","targetHints":{"allow":["GET"]}}],"collection":[{"href":"https:\/\/www.biopapa.de\/lt\/wp-json\/wp\/v2\/product"}],"about":[{"href":"https:\/\/www.biopapa.de\/lt\/wp-json\/wp\/v2\/types\/product"}],"wp:featuredmedia":[{"embeddable":true,"href":"https:\/\/www.biopapa.de\/lt\/wp-json\/wp\/v2\/media\/45877"}],"wp:attachment":[{"href":"https:\/\/www.biopapa.de\/lt\/wp-json\/wp\/v2\/media?parent=45331"}],"wp:term":[{"taxonomy":"product_brand","embeddable":true,"href":"https:\/\/www.biopapa.de\/lt\/wp-json\/wp\/v2\/product_brand?post=45331"},{"taxonomy":"product_cat","embeddable":true,"href":"https:\/\/www.biopapa.de\/lt\/wp-json\/wp\/v2\/product_cat?post=45331"},{"taxonomy":"product_tag","embeddable":true,"href":"https:\/\/www.biopapa.de\/lt\/wp-json\/wp\/v2\/product_tag?post=45331"}],"curies":[{"name":"wp","href":"https:\/\/api.w.org\/{rel}","templated":true}]}}