{"id":45489,"date":"2025-02-26T17:03:48","date_gmt":"2025-02-26T15:03:48","guid":{"rendered":"https:\/\/www.biopapa.de\/?post_type=product&#038;p=45489"},"modified":"2025-11-30T23:30:14","modified_gmt":"2025-11-30T21:30:14","slug":"ekologiskos-kavos-pupeles-fragante","status":"publish","type":"product","link":"https:\/\/www.biopapa.de\/lt\/producte\/ekologiskos-kavos-pupeles-fragante\/","title":{"rendered":"Ekologi\u0161kos kavos pupel\u0117s Fragante"},"content":{"rendered":"<p><strong>Ekologi\u0161kos kavos pupel\u0117s Fragante<\/strong><br \/>\nI\u0161skirtinis geriausi\u0173 Arabica pupeli\u0173 pasirinkimas suteikia \u0161iai kavai b\u016bding\u0105 aromat\u0105 ir skon\u012f. Subalansuotas turtingas aromatas ir \u0161velnus skonis.<br \/>\nMalta kava, ekologi\u0161ka, Fairtrade, nat\u016bralus skrudinimas, 100 % Arabica.<\/p>\n<p>Kvapas \u2013 10\/12<br \/>\nKartumas \u2013 3\/12<br \/>\nR\u016bg\u0161tingumas \u2013 8\/12<br \/>\nIntensyvumas \u2013 4\/12<\/p>\n","protected":false},"excerpt":{"rendered":"<p>Ekologi\u0161kos kavos pupel\u0117s Fragante I\u0161skirtinis geriausi\u0173 Arabica pupeli\u0173 pasirinkimas suteikia \u0161iai kavai b\u016bding\u0105 aromat\u0105 ir skon\u012f. Subalansuotas turtingas aromatas ir<\/p>\n","protected":false},"featured_media":45525,"template":"","meta":{"_acf_changed":false},"product_brand":[],"product_cat":[1265,1799,2349],"product_tag":[1378],"class_list":{"0":"post-45489","1":"product","2":"type-product","3":"status-publish","4":"has-post-thumbnail","6":"product_cat-ekologiska-kakava-arbata-kava","7":"product_cat-kava","8":"product_cat-milteliai","9":"product_tag-veganams","10":"pa_svoris-1-kg","11":"pa_svoris-100-g","12":"pa_svoris-200-g","13":"pa_svoris-300-g","14":"pa_svoris-4-kg","15":"pa_svoris-400-g","16":"pa_svoris-500-g","18":"first","19":"instock","20":"shipping-taxable","21":"purchasable","22":"product-type-variable"},"acf":[],"yoast_head":"<!-- This site is optimized with the Yoast SEO plugin v27.5 - https:\/\/yoast.com\/product\/yoast-seo-wordpress\/ -->\n<title>Ekologi\u0161kos kavos pupel\u0117s Fragante - Biopapa<\/title>\n<meta name=\"description\" content=\"I\u0161skirtinis geriausi\u0173 ekologi\u0161k\u0173 Arabica pupeli\u0173 pasirinkimas suteikia \u0161iai kavai b\u016bding\u0105 aromat\u0105 ir skon\u012f. Subalansuotas turtingas aromatas ir \u0161velnus skonis.\" \/>\n<meta name=\"robots\" content=\"index, follow, max-snippet:-1, max-image-preview:large, max-video-preview:-1\" \/>\n<link rel=\"canonical\" href=\"https:\/\/www.biopapa.de\/lt\/producte\/ekologiskos-kavos-pupeles-fragante\/\" \/>\n<meta property=\"og:locale\" content=\"lt_LT\" \/>\n<meta property=\"og:type\" content=\"article\" \/>\n<meta property=\"og:title\" content=\"Ekologi\u0161kos kavos pupel\u0117s Fragante - Biopapa\" \/>\n<meta property=\"og:description\" content=\"I\u0161skirtinis geriausi\u0173 ekologi\u0161k\u0173 Arabica pupeli\u0173 pasirinkimas suteikia \u0161iai kavai b\u016bding\u0105 aromat\u0105 ir skon\u012f. Subalansuotas turtingas aromatas ir \u0161velnus skonis.\" \/>\n<meta property=\"og:url\" content=\"https:\/\/www.biopapa.de\/lt\/producte\/ekologiskos-kavos-pupeles-fragante\/\" \/>\n<meta property=\"og:site_name\" content=\"Biopapa\" \/>\n<meta property=\"article:publisher\" content=\"https:\/\/www.facebook.com\/biopapa.lt\" \/>\n<meta property=\"article:modified_time\" content=\"2025-11-30T21:30:14+00:00\" \/>\n<meta property=\"og:image\" content=\"https:\/\/www.biopapa.de\/wp-content\/uploads\/2025\/02\/Ekologiskos-kavos-pupeles-Fragante-1.png.webp\" \/>\n\t<meta property=\"og:image:width\" content=\"800\" \/>\n\t<meta property=\"og:image:height\" content=\"640\" \/>\n\t<meta property=\"og:image:type\" content=\"image\/webp\" \/>\n<meta name=\"twitter:card\" content=\"summary_large_image\" \/>\n<script type=\"application\/ld+json\" class=\"yoast-schema-graph\">{\"@context\":\"https:\\\/\\\/schema.org\",\"@graph\":[{\"@type\":\"WebPage\",\"@id\":\"https:\\\/\\\/www.biopapa.de\\\/lt\\\/producte\\\/ekologiskos-kavos-pupeles-fragante\\\/\",\"url\":\"https:\\\/\\\/www.biopapa.de\\\/lt\\\/producte\\\/ekologiskos-kavos-pupeles-fragante\\\/\",\"name\":\"Ekologi\u0161kos kavos pupel\u0117s Fragante - Biopapa\",\"isPartOf\":{\"@id\":\"https:\\\/\\\/www.biopapa.de\\\/lt\\\/#website\"},\"primaryImageOfPage\":{\"@id\":\"https:\\\/\\\/www.biopapa.de\\\/lt\\\/producte\\\/ekologiskos-kavos-pupeles-fragante\\\/#primaryimage\"},\"image\":{\"@id\":\"https:\\\/\\\/www.biopapa.de\\\/lt\\\/producte\\\/ekologiskos-kavos-pupeles-fragante\\\/#primaryimage\"},\"thumbnailUrl\":\"https:\\\/\\\/www.biopapa.de\\\/wp-content\\\/uploads\\\/2025\\\/02\\\/Ekologiskos-kavos-pupeles-Fragante-1.png.webp\",\"datePublished\":\"2025-02-26T15:03:48+00:00\",\"dateModified\":\"2025-11-30T21:30:14+00:00\",\"description\":\"I\u0161skirtinis geriausi\u0173 ekologi\u0161k\u0173 Arabica pupeli\u0173 pasirinkimas suteikia \u0161iai kavai b\u016bding\u0105 aromat\u0105 ir skon\u012f. Subalansuotas turtingas aromatas ir \u0161velnus skonis.\",\"breadcrumb\":{\"@id\":\"https:\\\/\\\/www.biopapa.de\\\/lt\\\/producte\\\/ekologiskos-kavos-pupeles-fragante\\\/#breadcrumb\"},\"inLanguage\":\"lt-LT\",\"potentialAction\":[{\"@type\":\"ReadAction\",\"target\":[\"https:\\\/\\\/www.biopapa.de\\\/lt\\\/producte\\\/ekologiskos-kavos-pupeles-fragante\\\/\"]}]},{\"@type\":\"ImageObject\",\"inLanguage\":\"lt-LT\",\"@id\":\"https:\\\/\\\/www.biopapa.de\\\/lt\\\/producte\\\/ekologiskos-kavos-pupeles-fragante\\\/#primaryimage\",\"url\":\"https:\\\/\\\/www.biopapa.de\\\/wp-content\\\/uploads\\\/2025\\\/02\\\/Ekologiskos-kavos-pupeles-Fragante-1.png.webp\",\"contentUrl\":\"https:\\\/\\\/www.biopapa.de\\\/wp-content\\\/uploads\\\/2025\\\/02\\\/Ekologiskos-kavos-pupeles-Fragante-1.png.webp\",\"width\":800,\"height\":640},{\"@type\":\"BreadcrumbList\",\"@id\":\"https:\\\/\\\/www.biopapa.de\\\/lt\\\/producte\\\/ekologiskos-kavos-pupeles-fragante\\\/#breadcrumb\",\"itemListElement\":[{\"@type\":\"ListItem\",\"position\":1,\"name\":\"Home\",\"item\":\"https:\\\/\\\/www.biopapa.de\\\/lt\\\/\"},{\"@type\":\"ListItem\",\"position\":2,\"name\":\"Parduotuv\u0117\",\"item\":\"https:\\\/\\\/www.biopapa.de\\\/parduotuve\\\/\"},{\"@type\":\"ListItem\",\"position\":3,\"name\":\"Ekologi\u0161kos kavos pupel\u0117s Fragante\"}]},{\"@type\":\"WebSite\",\"@id\":\"https:\\\/\\\/www.biopapa.de\\\/lt\\\/#website\",\"url\":\"https:\\\/\\\/www.biopapa.de\\\/lt\\\/\",\"name\":\"Biopapa\",\"description\":\"\u0160var\u016bs ekologi\u0161ki produktai\",\"publisher\":{\"@id\":\"https:\\\/\\\/www.biopapa.de\\\/lt\\\/#organization\"},\"potentialAction\":[{\"@type\":\"SearchAction\",\"target\":{\"@type\":\"EntryPoint\",\"urlTemplate\":\"https:\\\/\\\/www.biopapa.de\\\/lt\\\/?s={search_term_string}\"},\"query-input\":{\"@type\":\"PropertyValueSpecification\",\"valueRequired\":true,\"valueName\":\"search_term_string\"}}],\"inLanguage\":\"lt-LT\"},{\"@type\":\"Organization\",\"@id\":\"https:\\\/\\\/www.biopapa.de\\\/lt\\\/#organization\",\"name\":\"Biopapa\",\"url\":\"https:\\\/\\\/www.biopapa.de\\\/lt\\\/\",\"logo\":{\"@type\":\"ImageObject\",\"inLanguage\":\"lt-LT\",\"@id\":\"https:\\\/\\\/www.biopapa.de\\\/lt\\\/#\\\/schema\\\/logo\\\/image\\\/\",\"url\":\"https:\\\/\\\/www.biopapa.lt\\\/wp-content\\\/uploads\\\/2022\\\/04\\\/facebook_biopapa.jpg\",\"contentUrl\":\"https:\\\/\\\/www.biopapa.lt\\\/wp-content\\\/uploads\\\/2022\\\/04\\\/facebook_biopapa.jpg\",\"width\":1733,\"height\":907,\"caption\":\"Biopapa\"},\"image\":{\"@id\":\"https:\\\/\\\/www.biopapa.de\\\/lt\\\/#\\\/schema\\\/logo\\\/image\\\/\"},\"sameAs\":[\"https:\\\/\\\/www.facebook.com\\\/biopapa.lt\"]}]}<\/script>\n<!-- \/ Yoast SEO plugin. -->","yoast_head_json":{"title":"Ekologi\u0161kos kavos pupel\u0117s Fragante - Biopapa","description":"I\u0161skirtinis geriausi\u0173 ekologi\u0161k\u0173 Arabica pupeli\u0173 pasirinkimas suteikia \u0161iai kavai b\u016bding\u0105 aromat\u0105 ir skon\u012f. Subalansuotas turtingas aromatas ir \u0161velnus skonis.","robots":{"index":"index","follow":"follow","max-snippet":"max-snippet:-1","max-image-preview":"max-image-preview:large","max-video-preview":"max-video-preview:-1"},"canonical":"https:\/\/www.biopapa.de\/lt\/producte\/ekologiskos-kavos-pupeles-fragante\/","og_locale":"lt_LT","og_type":"article","og_title":"Ekologi\u0161kos kavos pupel\u0117s Fragante - Biopapa","og_description":"I\u0161skirtinis geriausi\u0173 ekologi\u0161k\u0173 Arabica pupeli\u0173 pasirinkimas suteikia \u0161iai kavai b\u016bding\u0105 aromat\u0105 ir skon\u012f. Subalansuotas turtingas aromatas ir \u0161velnus skonis.","og_url":"https:\/\/www.biopapa.de\/lt\/producte\/ekologiskos-kavos-pupeles-fragante\/","og_site_name":"Biopapa","article_publisher":"https:\/\/www.facebook.com\/biopapa.lt","article_modified_time":"2025-11-30T21:30:14+00:00","og_image":[{"width":800,"height":640,"url":"https:\/\/www.biopapa.de\/wp-content\/uploads\/2025\/02\/Ekologiskos-kavos-pupeles-Fragante-1.png.webp","type":"image\/webp"}],"twitter_card":"summary_large_image","schema":{"@context":"https:\/\/schema.org","@graph":[{"@type":"WebPage","@id":"https:\/\/www.biopapa.de\/lt\/producte\/ekologiskos-kavos-pupeles-fragante\/","url":"https:\/\/www.biopapa.de\/lt\/producte\/ekologiskos-kavos-pupeles-fragante\/","name":"Ekologi\u0161kos kavos pupel\u0117s Fragante - Biopapa","isPartOf":{"@id":"https:\/\/www.biopapa.de\/lt\/#website"},"primaryImageOfPage":{"@id":"https:\/\/www.biopapa.de\/lt\/producte\/ekologiskos-kavos-pupeles-fragante\/#primaryimage"},"image":{"@id":"https:\/\/www.biopapa.de\/lt\/producte\/ekologiskos-kavos-pupeles-fragante\/#primaryimage"},"thumbnailUrl":"https:\/\/www.biopapa.de\/wp-content\/uploads\/2025\/02\/Ekologiskos-kavos-pupeles-Fragante-1.png.webp","datePublished":"2025-02-26T15:03:48+00:00","dateModified":"2025-11-30T21:30:14+00:00","description":"I\u0161skirtinis geriausi\u0173 ekologi\u0161k\u0173 Arabica pupeli\u0173 pasirinkimas suteikia \u0161iai kavai b\u016bding\u0105 aromat\u0105 ir skon\u012f. Subalansuotas turtingas aromatas ir \u0161velnus skonis.","breadcrumb":{"@id":"https:\/\/www.biopapa.de\/lt\/producte\/ekologiskos-kavos-pupeles-fragante\/#breadcrumb"},"inLanguage":"lt-LT","potentialAction":[{"@type":"ReadAction","target":["https:\/\/www.biopapa.de\/lt\/producte\/ekologiskos-kavos-pupeles-fragante\/"]}]},{"@type":"ImageObject","inLanguage":"lt-LT","@id":"https:\/\/www.biopapa.de\/lt\/producte\/ekologiskos-kavos-pupeles-fragante\/#primaryimage","url":"https:\/\/www.biopapa.de\/wp-content\/uploads\/2025\/02\/Ekologiskos-kavos-pupeles-Fragante-1.png.webp","contentUrl":"https:\/\/www.biopapa.de\/wp-content\/uploads\/2025\/02\/Ekologiskos-kavos-pupeles-Fragante-1.png.webp","width":800,"height":640},{"@type":"BreadcrumbList","@id":"https:\/\/www.biopapa.de\/lt\/producte\/ekologiskos-kavos-pupeles-fragante\/#breadcrumb","itemListElement":[{"@type":"ListItem","position":1,"name":"Home","item":"https:\/\/www.biopapa.de\/lt\/"},{"@type":"ListItem","position":2,"name":"Parduotuv\u0117","item":"https:\/\/www.biopapa.de\/parduotuve\/"},{"@type":"ListItem","position":3,"name":"Ekologi\u0161kos kavos pupel\u0117s Fragante"}]},{"@type":"WebSite","@id":"https:\/\/www.biopapa.de\/lt\/#website","url":"https:\/\/www.biopapa.de\/lt\/","name":"Biopapa","description":"\u0160var\u016bs ekologi\u0161ki produktai","publisher":{"@id":"https:\/\/www.biopapa.de\/lt\/#organization"},"potentialAction":[{"@type":"SearchAction","target":{"@type":"EntryPoint","urlTemplate":"https:\/\/www.biopapa.de\/lt\/?s={search_term_string}"},"query-input":{"@type":"PropertyValueSpecification","valueRequired":true,"valueName":"search_term_string"}}],"inLanguage":"lt-LT"},{"@type":"Organization","@id":"https:\/\/www.biopapa.de\/lt\/#organization","name":"Biopapa","url":"https:\/\/www.biopapa.de\/lt\/","logo":{"@type":"ImageObject","inLanguage":"lt-LT","@id":"https:\/\/www.biopapa.de\/lt\/#\/schema\/logo\/image\/","url":"https:\/\/www.biopapa.lt\/wp-content\/uploads\/2022\/04\/facebook_biopapa.jpg","contentUrl":"https:\/\/www.biopapa.lt\/wp-content\/uploads\/2022\/04\/facebook_biopapa.jpg","width":1733,"height":907,"caption":"Biopapa"},"image":{"@id":"https:\/\/www.biopapa.de\/lt\/#\/schema\/logo\/image\/"},"sameAs":["https:\/\/www.facebook.com\/biopapa.lt"]}]}},"_links":{"self":[{"href":"https:\/\/www.biopapa.de\/lt\/wp-json\/wp\/v2\/product\/45489","targetHints":{"allow":["GET"]}}],"collection":[{"href":"https:\/\/www.biopapa.de\/lt\/wp-json\/wp\/v2\/product"}],"about":[{"href":"https:\/\/www.biopapa.de\/lt\/wp-json\/wp\/v2\/types\/product"}],"wp:featuredmedia":[{"embeddable":true,"href":"https:\/\/www.biopapa.de\/lt\/wp-json\/wp\/v2\/media\/45525"}],"wp:attachment":[{"href":"https:\/\/www.biopapa.de\/lt\/wp-json\/wp\/v2\/media?parent=45489"}],"wp:term":[{"taxonomy":"product_brand","embeddable":true,"href":"https:\/\/www.biopapa.de\/lt\/wp-json\/wp\/v2\/product_brand?post=45489"},{"taxonomy":"product_cat","embeddable":true,"href":"https:\/\/www.biopapa.de\/lt\/wp-json\/wp\/v2\/product_cat?post=45489"},{"taxonomy":"product_tag","embeddable":true,"href":"https:\/\/www.biopapa.de\/lt\/wp-json\/wp\/v2\/product_tag?post=45489"}],"curies":[{"name":"wp","href":"https:\/\/api.w.org\/{rel}","templated":true}]}}