{"id":45550,"date":"2025-02-26T17:15:12","date_gmt":"2025-02-26T15:15:12","guid":{"rendered":"https:\/\/www.biopapa.de\/?post_type=product&#038;p=45550"},"modified":"2026-04-07T14:44:15","modified_gmt":"2026-04-07T11:44:15","slug":"ekologiski-rutuliukai-su-kakava","status":"publish","type":"product","link":"https:\/\/www.biopapa.de\/lt\/producte\/ekologiski-rutuliukai-su-kakava\/","title":{"rendered":"Ekologi\u0161ki rutuliukai su kakava"},"content":{"rendered":"<p><strong>Ekologi\u0161ki rutuliukai su kakava<\/strong><br \/>\n\u0160ie ekologi\u0161ki rutuliukai gali b\u016bti puikus pasirinkimas pusry\u010diams arba kaip u\u017ekandis, galima patiekti su augaliniu g\u0117rimu ar jogurtu, taip pat tiks kaip u\u017ekandis vaikams mokykloje ar namuose.<\/p>\n","protected":false},"excerpt":{"rendered":"<p>Ekologi\u0161ki rutuliukai su kakava \u0160ie ekologi\u0161ki rutuliukai gali b\u016bti puikus pasirinkimas pusry\u010diams arba kaip u\u017ekandis, galima patiekti su augaliniu g\u0117rimu<\/p>\n","protected":false},"featured_media":45869,"template":"","meta":{"_acf_changed":false},"product_brand":[],"product_cat":[1324,1321],"product_tag":[1378],"class_list":{"0":"post-45550","1":"product","2":"type-product","3":"status-publish","4":"has-post-thumbnail","6":"product_cat-ekologiski-sveiki-saldumynai","7":"product_cat-ekologiski-sveiki-uzkandziai","8":"product_tag-veganams","9":"pa_svoris-1-kg","10":"pa_svoris-10-kg","11":"pa_svoris-100-g","12":"pa_svoris-200-g","13":"pa_svoris-300-g","14":"pa_svoris-400-g","15":"pa_svoris-500-g","17":"first","18":"instock","19":"shipping-taxable","20":"purchasable","21":"product-type-variable"},"acf":[],"yoast_head":"<!-- This site is optimized with the Yoast SEO plugin v27.5 - https:\/\/yoast.com\/product\/yoast-seo-wordpress\/ -->\n<title>Ekologi\u0161ki rutuliukai su kakava - Biopapa<\/title>\n<meta name=\"description\" content=\"\u0160ie ekologi\u0161ki rutuliukai su kakava gali b\u016bti puikus pasirinkimas pusry\u010diams arba kaip u\u017ekandis\" \/>\n<meta name=\"robots\" content=\"index, follow, max-snippet:-1, max-image-preview:large, max-video-preview:-1\" \/>\n<link rel=\"canonical\" href=\"https:\/\/www.biopapa.de\/lt\/producte\/ekologiski-rutuliukai-su-kakava\/\" \/>\n<meta property=\"og:locale\" content=\"lt_LT\" \/>\n<meta property=\"og:type\" content=\"article\" \/>\n<meta property=\"og:title\" content=\"Ekologi\u0161ki rutuliukai su kakava - Biopapa\" \/>\n<meta property=\"og:description\" content=\"\u0160ie ekologi\u0161ki rutuliukai su kakava gali b\u016bti puikus pasirinkimas pusry\u010diams arba kaip u\u017ekandis\" \/>\n<meta property=\"og:url\" content=\"https:\/\/www.biopapa.de\/lt\/producte\/ekologiski-rutuliukai-su-kakava\/\" \/>\n<meta property=\"og:site_name\" content=\"Biopapa\" \/>\n<meta property=\"article:publisher\" content=\"https:\/\/www.facebook.com\/biopapa.lt\" \/>\n<meta property=\"article:modified_time\" content=\"2026-04-07T11:44:15+00:00\" \/>\n<meta property=\"og:image\" content=\"https:\/\/www.biopapa.de\/wp-content\/uploads\/2025\/02\/Ekologiski-rutuliukai-su-kakava-1.png.webp\" \/>\n\t<meta property=\"og:image:width\" content=\"800\" \/>\n\t<meta property=\"og:image:height\" content=\"640\" \/>\n\t<meta property=\"og:image:type\" content=\"image\/webp\" \/>\n<meta name=\"twitter:card\" content=\"summary_large_image\" \/>\n<meta name=\"twitter:label1\" content=\"Est. reading time\" \/>\n\t<meta name=\"twitter:data1\" content=\"1 minut\u0117\" \/>\n<script type=\"application\/ld+json\" class=\"yoast-schema-graph\">{\"@context\":\"https:\\\/\\\/schema.org\",\"@graph\":[{\"@type\":\"WebPage\",\"@id\":\"https:\\\/\\\/www.biopapa.de\\\/lt\\\/producte\\\/ekologiski-rutuliukai-su-kakava\\\/\",\"url\":\"https:\\\/\\\/www.biopapa.de\\\/lt\\\/producte\\\/ekologiski-rutuliukai-su-kakava\\\/\",\"name\":\"Ekologi\u0161ki rutuliukai su kakava - Biopapa\",\"isPartOf\":{\"@id\":\"https:\\\/\\\/www.biopapa.de\\\/lt\\\/#website\"},\"primaryImageOfPage\":{\"@id\":\"https:\\\/\\\/www.biopapa.de\\\/lt\\\/producte\\\/ekologiski-rutuliukai-su-kakava\\\/#primaryimage\"},\"image\":{\"@id\":\"https:\\\/\\\/www.biopapa.de\\\/lt\\\/producte\\\/ekologiski-rutuliukai-su-kakava\\\/#primaryimage\"},\"thumbnailUrl\":\"https:\\\/\\\/www.biopapa.de\\\/wp-content\\\/uploads\\\/2025\\\/02\\\/Ekologiski-rutuliukai-su-kakava-1.png.webp\",\"datePublished\":\"2025-02-26T15:15:12+00:00\",\"dateModified\":\"2026-04-07T11:44:15+00:00\",\"description\":\"\u0160ie ekologi\u0161ki rutuliukai su kakava gali b\u016bti puikus pasirinkimas pusry\u010diams arba kaip u\u017ekandis\",\"breadcrumb\":{\"@id\":\"https:\\\/\\\/www.biopapa.de\\\/lt\\\/producte\\\/ekologiski-rutuliukai-su-kakava\\\/#breadcrumb\"},\"inLanguage\":\"lt-LT\",\"potentialAction\":[{\"@type\":\"ReadAction\",\"target\":[\"https:\\\/\\\/www.biopapa.de\\\/lt\\\/producte\\\/ekologiski-rutuliukai-su-kakava\\\/\"]}]},{\"@type\":\"ImageObject\",\"inLanguage\":\"lt-LT\",\"@id\":\"https:\\\/\\\/www.biopapa.de\\\/lt\\\/producte\\\/ekologiski-rutuliukai-su-kakava\\\/#primaryimage\",\"url\":\"https:\\\/\\\/www.biopapa.de\\\/wp-content\\\/uploads\\\/2025\\\/02\\\/Ekologiski-rutuliukai-su-kakava-1.png.webp\",\"contentUrl\":\"https:\\\/\\\/www.biopapa.de\\\/wp-content\\\/uploads\\\/2025\\\/02\\\/Ekologiski-rutuliukai-su-kakava-1.png.webp\",\"width\":800,\"height\":640},{\"@type\":\"BreadcrumbList\",\"@id\":\"https:\\\/\\\/www.biopapa.de\\\/lt\\\/producte\\\/ekologiski-rutuliukai-su-kakava\\\/#breadcrumb\",\"itemListElement\":[{\"@type\":\"ListItem\",\"position\":1,\"name\":\"Home\",\"item\":\"https:\\\/\\\/www.biopapa.de\\\/lt\\\/\"},{\"@type\":\"ListItem\",\"position\":2,\"name\":\"Parduotuv\u0117\",\"item\":\"https:\\\/\\\/www.biopapa.de\\\/parduotuve\\\/\"},{\"@type\":\"ListItem\",\"position\":3,\"name\":\"Ekologi\u0161ki rutuliukai su kakava\"}]},{\"@type\":\"WebSite\",\"@id\":\"https:\\\/\\\/www.biopapa.de\\\/lt\\\/#website\",\"url\":\"https:\\\/\\\/www.biopapa.de\\\/lt\\\/\",\"name\":\"Biopapa\",\"description\":\"\u0160var\u016bs ekologi\u0161ki produktai\",\"publisher\":{\"@id\":\"https:\\\/\\\/www.biopapa.de\\\/lt\\\/#organization\"},\"potentialAction\":[{\"@type\":\"SearchAction\",\"target\":{\"@type\":\"EntryPoint\",\"urlTemplate\":\"https:\\\/\\\/www.biopapa.de\\\/lt\\\/?s={search_term_string}\"},\"query-input\":{\"@type\":\"PropertyValueSpecification\",\"valueRequired\":true,\"valueName\":\"search_term_string\"}}],\"inLanguage\":\"lt-LT\"},{\"@type\":\"Organization\",\"@id\":\"https:\\\/\\\/www.biopapa.de\\\/lt\\\/#organization\",\"name\":\"Biopapa\",\"url\":\"https:\\\/\\\/www.biopapa.de\\\/lt\\\/\",\"logo\":{\"@type\":\"ImageObject\",\"inLanguage\":\"lt-LT\",\"@id\":\"https:\\\/\\\/www.biopapa.de\\\/lt\\\/#\\\/schema\\\/logo\\\/image\\\/\",\"url\":\"https:\\\/\\\/www.biopapa.lt\\\/wp-content\\\/uploads\\\/2022\\\/04\\\/facebook_biopapa.jpg\",\"contentUrl\":\"https:\\\/\\\/www.biopapa.lt\\\/wp-content\\\/uploads\\\/2022\\\/04\\\/facebook_biopapa.jpg\",\"width\":1733,\"height\":907,\"caption\":\"Biopapa\"},\"image\":{\"@id\":\"https:\\\/\\\/www.biopapa.de\\\/lt\\\/#\\\/schema\\\/logo\\\/image\\\/\"},\"sameAs\":[\"https:\\\/\\\/www.facebook.com\\\/biopapa.lt\"]}]}<\/script>\n<!-- \/ Yoast SEO plugin. -->","yoast_head_json":{"title":"Ekologi\u0161ki rutuliukai su kakava - Biopapa","description":"\u0160ie ekologi\u0161ki rutuliukai su kakava gali b\u016bti puikus pasirinkimas pusry\u010diams arba kaip u\u017ekandis","robots":{"index":"index","follow":"follow","max-snippet":"max-snippet:-1","max-image-preview":"max-image-preview:large","max-video-preview":"max-video-preview:-1"},"canonical":"https:\/\/www.biopapa.de\/lt\/producte\/ekologiski-rutuliukai-su-kakava\/","og_locale":"lt_LT","og_type":"article","og_title":"Ekologi\u0161ki rutuliukai su kakava - Biopapa","og_description":"\u0160ie ekologi\u0161ki rutuliukai su kakava gali b\u016bti puikus pasirinkimas pusry\u010diams arba kaip u\u017ekandis","og_url":"https:\/\/www.biopapa.de\/lt\/producte\/ekologiski-rutuliukai-su-kakava\/","og_site_name":"Biopapa","article_publisher":"https:\/\/www.facebook.com\/biopapa.lt","article_modified_time":"2026-04-07T11:44:15+00:00","og_image":[{"width":800,"height":640,"url":"https:\/\/www.biopapa.de\/wp-content\/uploads\/2025\/02\/Ekologiski-rutuliukai-su-kakava-1.png.webp","type":"image\/webp"}],"twitter_card":"summary_large_image","twitter_misc":{"Est. reading time":"1 minut\u0117"},"schema":{"@context":"https:\/\/schema.org","@graph":[{"@type":"WebPage","@id":"https:\/\/www.biopapa.de\/lt\/producte\/ekologiski-rutuliukai-su-kakava\/","url":"https:\/\/www.biopapa.de\/lt\/producte\/ekologiski-rutuliukai-su-kakava\/","name":"Ekologi\u0161ki rutuliukai su kakava - Biopapa","isPartOf":{"@id":"https:\/\/www.biopapa.de\/lt\/#website"},"primaryImageOfPage":{"@id":"https:\/\/www.biopapa.de\/lt\/producte\/ekologiski-rutuliukai-su-kakava\/#primaryimage"},"image":{"@id":"https:\/\/www.biopapa.de\/lt\/producte\/ekologiski-rutuliukai-su-kakava\/#primaryimage"},"thumbnailUrl":"https:\/\/www.biopapa.de\/wp-content\/uploads\/2025\/02\/Ekologiski-rutuliukai-su-kakava-1.png.webp","datePublished":"2025-02-26T15:15:12+00:00","dateModified":"2026-04-07T11:44:15+00:00","description":"\u0160ie ekologi\u0161ki rutuliukai su kakava gali b\u016bti puikus pasirinkimas pusry\u010diams arba kaip u\u017ekandis","breadcrumb":{"@id":"https:\/\/www.biopapa.de\/lt\/producte\/ekologiski-rutuliukai-su-kakava\/#breadcrumb"},"inLanguage":"lt-LT","potentialAction":[{"@type":"ReadAction","target":["https:\/\/www.biopapa.de\/lt\/producte\/ekologiski-rutuliukai-su-kakava\/"]}]},{"@type":"ImageObject","inLanguage":"lt-LT","@id":"https:\/\/www.biopapa.de\/lt\/producte\/ekologiski-rutuliukai-su-kakava\/#primaryimage","url":"https:\/\/www.biopapa.de\/wp-content\/uploads\/2025\/02\/Ekologiski-rutuliukai-su-kakava-1.png.webp","contentUrl":"https:\/\/www.biopapa.de\/wp-content\/uploads\/2025\/02\/Ekologiski-rutuliukai-su-kakava-1.png.webp","width":800,"height":640},{"@type":"BreadcrumbList","@id":"https:\/\/www.biopapa.de\/lt\/producte\/ekologiski-rutuliukai-su-kakava\/#breadcrumb","itemListElement":[{"@type":"ListItem","position":1,"name":"Home","item":"https:\/\/www.biopapa.de\/lt\/"},{"@type":"ListItem","position":2,"name":"Parduotuv\u0117","item":"https:\/\/www.biopapa.de\/parduotuve\/"},{"@type":"ListItem","position":3,"name":"Ekologi\u0161ki rutuliukai su kakava"}]},{"@type":"WebSite","@id":"https:\/\/www.biopapa.de\/lt\/#website","url":"https:\/\/www.biopapa.de\/lt\/","name":"Biopapa","description":"\u0160var\u016bs ekologi\u0161ki produktai","publisher":{"@id":"https:\/\/www.biopapa.de\/lt\/#organization"},"potentialAction":[{"@type":"SearchAction","target":{"@type":"EntryPoint","urlTemplate":"https:\/\/www.biopapa.de\/lt\/?s={search_term_string}"},"query-input":{"@type":"PropertyValueSpecification","valueRequired":true,"valueName":"search_term_string"}}],"inLanguage":"lt-LT"},{"@type":"Organization","@id":"https:\/\/www.biopapa.de\/lt\/#organization","name":"Biopapa","url":"https:\/\/www.biopapa.de\/lt\/","logo":{"@type":"ImageObject","inLanguage":"lt-LT","@id":"https:\/\/www.biopapa.de\/lt\/#\/schema\/logo\/image\/","url":"https:\/\/www.biopapa.lt\/wp-content\/uploads\/2022\/04\/facebook_biopapa.jpg","contentUrl":"https:\/\/www.biopapa.lt\/wp-content\/uploads\/2022\/04\/facebook_biopapa.jpg","width":1733,"height":907,"caption":"Biopapa"},"image":{"@id":"https:\/\/www.biopapa.de\/lt\/#\/schema\/logo\/image\/"},"sameAs":["https:\/\/www.facebook.com\/biopapa.lt"]}]}},"_links":{"self":[{"href":"https:\/\/www.biopapa.de\/lt\/wp-json\/wp\/v2\/product\/45550","targetHints":{"allow":["GET"]}}],"collection":[{"href":"https:\/\/www.biopapa.de\/lt\/wp-json\/wp\/v2\/product"}],"about":[{"href":"https:\/\/www.biopapa.de\/lt\/wp-json\/wp\/v2\/types\/product"}],"wp:featuredmedia":[{"embeddable":true,"href":"https:\/\/www.biopapa.de\/lt\/wp-json\/wp\/v2\/media\/45869"}],"wp:attachment":[{"href":"https:\/\/www.biopapa.de\/lt\/wp-json\/wp\/v2\/media?parent=45550"}],"wp:term":[{"taxonomy":"product_brand","embeddable":true,"href":"https:\/\/www.biopapa.de\/lt\/wp-json\/wp\/v2\/product_brand?post=45550"},{"taxonomy":"product_cat","embeddable":true,"href":"https:\/\/www.biopapa.de\/lt\/wp-json\/wp\/v2\/product_cat?post=45550"},{"taxonomy":"product_tag","embeddable":true,"href":"https:\/\/www.biopapa.de\/lt\/wp-json\/wp\/v2\/product_tag?post=45550"}],"curies":[{"name":"wp","href":"https:\/\/api.w.org\/{rel}","templated":true}]}}