{"id":45760,"date":"2025-04-16T14:51:02","date_gmt":"2025-04-16T11:51:02","guid":{"rendered":"https:\/\/www.biopapa.de\/?post_type=product&#038;p=45760"},"modified":"2026-03-13T10:10:28","modified_gmt":"2026-03-13T08:10:28","slug":"ekologiska-topinambu-kava-su-kiaulpieniu-saknimis","status":"publish","type":"product","link":"https:\/\/www.biopapa.de\/lt\/producte\/ekologiska-topinambu-kava-su-kiaulpieniu-saknimis\/","title":{"rendered":"Ekologi\u0161ka topinamb\u0173 kava su kiaulpieni\u0173 \u0161aknimis"},"content":{"rendered":"<p><strong>Ekologi\u0161ka topinamb\u0173 (jeruzal\u0117s arti\u0161ok\u0173) ir kiaulpieni\u0173 \u0161akn\u0173 kava<\/strong>\u00a0yra maistinga ir be kofeino alternatyva tradicinei kavai, pagaminta i\u0161 skrudint\u0173 topinamb\u0173 gumb\u0173 ir kiaulpieni\u0173 \u0161akn\u0173, kardamono, cinamono ir gvazdik\u0117li\u0173.<br \/>\nPrebiotin\u0117s skaidulos i\u0161 topinamb\u0173, kurios palaiko \u017earnyno sveikat\u0105, skatindamos nauding\u0173 bakterij\u0173 dauginim\u0105si ir gali pad\u0117ti reguliuoti cukraus kiek\u012f kraujyje, kaip pabr\u0117\u017eiama tyrimuose, publikuotuose\u00a0The Journal of Nutrition.<br \/>\nKiaulpieni\u0173 \u0161aknys suteikia papildomos naudos sveikatai, nes yra \u017einomos d\u0117l savo kepenis detoksikuojan\u010di\u0173 savybi\u0173, lengvo diuretiko poveikio ir geb\u0117jimo pad\u0117ti vir\u0161kinimui \u2013 tai tvirtina tradiciniai augalin\u0117s medicinos tekstai ir tyrimai\u00a0Phytotherapy Research\u00a0\u017eurnale.<br \/>\nKardamonas, cinamonas ir gvazdik\u0117liai suteikia ne tik \u0161ildan\u010dio ir aromatingo skonio, bet taip pat yra nauding\u0173 savybi\u0173, \u017einom\u0173 nuo seno ir pripa\u017eint\u0173 nat\u016bralios medicinos \u0161altiniuose, tokius kaip\u00a0Journal of Ethnopharmacology.<br \/>\n\u0160is \u017eem\u0117s skonio, \u0161iek tiek rie\u0161ut\u0173 poskonio kavos pakaitalas turi \u0161veln\u0173, kiek sald\u0173 skon\u012f su subtiliomis kartumo natomis, tod\u0117l yra puikus pasirinkimas tiems, kurie ie\u0161ko nat\u016braliai energizuojan\u010dio g\u0117rimo be kofeino poveikio.<br \/>\nJis ypa\u010d populiarus tarp \u017emoni\u0173, kurie siekia palaikyti vir\u0161kinimo sveikat\u0105 ir i\u0161laikyti subalansuot\u0105 energijos lyg\u012f vis\u0105 dien\u0105.<\/p>\n<p>Naudojimo b\u016bdas<br \/>\nVien\u0105 kupin\u0105 arbatin\u012f \u0161auk\u0161tel\u012f kavos u\u017epilti stikline vandens, pavirti 2-3 min., palikti u\u017edengus 5-10 min. Pagal savo skon\u012f galima \u012fpilti augalinio g\u0117rimo, pasaldinti.<\/p>\n<p><em>PASTABA. \u010cia pateikta informacija negali b\u016bti interpretuojama kaip gydymo ar kitokio pob\u016bd\u017eio sveikatos klausim\u0173 sprendimo rekomendacija. Raginame sprendimus, susijusius su asmenine sveikata, priimti asmeni\u0161kai, \u012fvertinus \u012fvairius informacijos \u0161altinius.<\/em><\/p>\n","protected":false},"excerpt":{"rendered":"<p>Ekologi\u0161ka topinamb\u0173 (jeruzal\u0117s arti\u0161ok\u0173) ir kiaulpieni\u0173 \u0161akn\u0173 kava\u00a0yra maistinga ir be kofeino alternatyva tradicinei kavai, pagaminta i\u0161 skrudint\u0173 topinamb\u0173 gumb\u0173<\/p>\n","protected":false},"featured_media":15999,"template":"","meta":{"_acf_changed":false},"product_brand":[],"product_cat":[1265,1799],"product_tag":[2642],"class_list":{"0":"post-45760","1":"product","2":"type-product","3":"status-publish","4":"has-post-thumbnail","6":"product_cat-ekologiska-kakava-arbata-kava","7":"product_cat-kava","8":"product_tag-fuer-veganer-lt","9":"pa_svoris-1-kg","10":"pa_svoris-100-g","11":"pa_svoris-200-g","12":"pa_svoris-25-kg","13":"pa_svoris-300-g","14":"pa_svoris-400-g","15":"pa_svoris-50-g","16":"pa_svoris-500-g","18":"first","19":"instock","20":"shipping-taxable","21":"purchasable","22":"product-type-variable"},"acf":[],"yoast_head":"<!-- This site is optimized with the Yoast SEO plugin v27.5 - https:\/\/yoast.com\/product\/yoast-seo-wordpress\/ -->\n<title>Ekologi\u0161ka topinamb\u0173 kava su kiaulpieni\u0173 \u0161aknimis - Biopapa<\/title>\n<meta name=\"description\" content=\"Ekologi\u0161ka topinamb\u0173 (jeruzal\u0117s arti\u0161ok\u0173) ir kiaulpieni\u0173 \u0161akn\u0173 kava\u00a0yra maistinga ir be kofeino alternatyva tradicinei kavai.\" \/>\n<meta name=\"robots\" content=\"index, follow, max-snippet:-1, max-image-preview:large, max-video-preview:-1\" \/>\n<link rel=\"canonical\" href=\"https:\/\/www.biopapa.de\/lt\/producte\/ekologiska-topinambu-kava-su-kiaulpieniu-saknimis\/\" \/>\n<meta property=\"og:locale\" content=\"lt_LT\" \/>\n<meta property=\"og:type\" content=\"article\" \/>\n<meta property=\"og:title\" content=\"Ekologi\u0161ka topinamb\u0173 kava su kiaulpieni\u0173 \u0161aknimis - Biopapa\" \/>\n<meta property=\"og:description\" content=\"Ekologi\u0161ka topinamb\u0173 (jeruzal\u0117s arti\u0161ok\u0173) ir kiaulpieni\u0173 \u0161akn\u0173 kava\u00a0yra maistinga ir be kofeino alternatyva tradicinei kavai.\" \/>\n<meta property=\"og:url\" content=\"https:\/\/www.biopapa.de\/lt\/producte\/ekologiska-topinambu-kava-su-kiaulpieniu-saknimis\/\" \/>\n<meta property=\"og:site_name\" content=\"Biopapa\" \/>\n<meta property=\"article:publisher\" content=\"https:\/\/www.facebook.com\/biopapa.lt\" \/>\n<meta property=\"article:modified_time\" content=\"2026-03-13T08:10:28+00:00\" \/>\n<meta property=\"og:image\" content=\"https:\/\/www.biopapa.de\/wp-content\/uploads\/2021\/10\/Ekologiska-topinambu-kava-su-kiaulpieniu-saknimis.jpg\" \/>\n\t<meta property=\"og:image:width\" content=\"800\" \/>\n\t<meta property=\"og:image:height\" content=\"640\" \/>\n\t<meta property=\"og:image:type\" content=\"image\/jpeg\" \/>\n<meta name=\"twitter:card\" content=\"summary_large_image\" \/>\n<script type=\"application\/ld+json\" class=\"yoast-schema-graph\">{\"@context\":\"https:\\\/\\\/schema.org\",\"@graph\":[{\"@type\":\"WebPage\",\"@id\":\"https:\\\/\\\/www.biopapa.de\\\/lt\\\/producte\\\/ekologiska-topinambu-kava-su-kiaulpieniu-saknimis\\\/\",\"url\":\"https:\\\/\\\/www.biopapa.de\\\/lt\\\/producte\\\/ekologiska-topinambu-kava-su-kiaulpieniu-saknimis\\\/\",\"name\":\"Ekologi\u0161ka topinamb\u0173 kava su kiaulpieni\u0173 \u0161aknimis - Biopapa\",\"isPartOf\":{\"@id\":\"https:\\\/\\\/www.biopapa.de\\\/lt\\\/#website\"},\"primaryImageOfPage\":{\"@id\":\"https:\\\/\\\/www.biopapa.de\\\/lt\\\/producte\\\/ekologiska-topinambu-kava-su-kiaulpieniu-saknimis\\\/#primaryimage\"},\"image\":{\"@id\":\"https:\\\/\\\/www.biopapa.de\\\/lt\\\/producte\\\/ekologiska-topinambu-kava-su-kiaulpieniu-saknimis\\\/#primaryimage\"},\"thumbnailUrl\":\"https:\\\/\\\/www.biopapa.de\\\/wp-content\\\/uploads\\\/2021\\\/10\\\/Ekologiska-topinambu-kava-su-kiaulpieniu-saknimis.jpg\",\"datePublished\":\"2025-04-16T11:51:02+00:00\",\"dateModified\":\"2026-03-13T08:10:28+00:00\",\"description\":\"Ekologi\u0161ka topinamb\u0173 (jeruzal\u0117s arti\u0161ok\u0173) ir kiaulpieni\u0173 \u0161akn\u0173 kava\u00a0yra maistinga ir be kofeino alternatyva tradicinei kavai.\",\"breadcrumb\":{\"@id\":\"https:\\\/\\\/www.biopapa.de\\\/lt\\\/producte\\\/ekologiska-topinambu-kava-su-kiaulpieniu-saknimis\\\/#breadcrumb\"},\"inLanguage\":\"lt-LT\",\"potentialAction\":[{\"@type\":\"ReadAction\",\"target\":[\"https:\\\/\\\/www.biopapa.de\\\/lt\\\/producte\\\/ekologiska-topinambu-kava-su-kiaulpieniu-saknimis\\\/\"]}]},{\"@type\":\"ImageObject\",\"inLanguage\":\"lt-LT\",\"@id\":\"https:\\\/\\\/www.biopapa.de\\\/lt\\\/producte\\\/ekologiska-topinambu-kava-su-kiaulpieniu-saknimis\\\/#primaryimage\",\"url\":\"https:\\\/\\\/www.biopapa.de\\\/wp-content\\\/uploads\\\/2021\\\/10\\\/Ekologiska-topinambu-kava-su-kiaulpieniu-saknimis.jpg\",\"contentUrl\":\"https:\\\/\\\/www.biopapa.de\\\/wp-content\\\/uploads\\\/2021\\\/10\\\/Ekologiska-topinambu-kava-su-kiaulpieniu-saknimis.jpg\",\"width\":800,\"height\":640,\"caption\":\"Ekologi\u0161ka topinamb\u0173 kava su kiaulpieni\u0173 \u0161aknimis\"},{\"@type\":\"BreadcrumbList\",\"@id\":\"https:\\\/\\\/www.biopapa.de\\\/lt\\\/producte\\\/ekologiska-topinambu-kava-su-kiaulpieniu-saknimis\\\/#breadcrumb\",\"itemListElement\":[{\"@type\":\"ListItem\",\"position\":1,\"name\":\"Home\",\"item\":\"https:\\\/\\\/www.biopapa.de\\\/lt\\\/\"},{\"@type\":\"ListItem\",\"position\":2,\"name\":\"Parduotuv\u0117\",\"item\":\"https:\\\/\\\/www.biopapa.de\\\/parduotuve\\\/\"},{\"@type\":\"ListItem\",\"position\":3,\"name\":\"Ekologi\u0161ka topinamb\u0173 kava su kiaulpieni\u0173 \u0161aknimis\"}]},{\"@type\":\"WebSite\",\"@id\":\"https:\\\/\\\/www.biopapa.de\\\/lt\\\/#website\",\"url\":\"https:\\\/\\\/www.biopapa.de\\\/lt\\\/\",\"name\":\"Biopapa\",\"description\":\"\u0160var\u016bs ekologi\u0161ki produktai\",\"publisher\":{\"@id\":\"https:\\\/\\\/www.biopapa.de\\\/lt\\\/#organization\"},\"potentialAction\":[{\"@type\":\"SearchAction\",\"target\":{\"@type\":\"EntryPoint\",\"urlTemplate\":\"https:\\\/\\\/www.biopapa.de\\\/lt\\\/?s={search_term_string}\"},\"query-input\":{\"@type\":\"PropertyValueSpecification\",\"valueRequired\":true,\"valueName\":\"search_term_string\"}}],\"inLanguage\":\"lt-LT\"},{\"@type\":\"Organization\",\"@id\":\"https:\\\/\\\/www.biopapa.de\\\/lt\\\/#organization\",\"name\":\"Biopapa\",\"url\":\"https:\\\/\\\/www.biopapa.de\\\/lt\\\/\",\"logo\":{\"@type\":\"ImageObject\",\"inLanguage\":\"lt-LT\",\"@id\":\"https:\\\/\\\/www.biopapa.de\\\/lt\\\/#\\\/schema\\\/logo\\\/image\\\/\",\"url\":\"https:\\\/\\\/www.biopapa.lt\\\/wp-content\\\/uploads\\\/2022\\\/04\\\/facebook_biopapa.jpg\",\"contentUrl\":\"https:\\\/\\\/www.biopapa.lt\\\/wp-content\\\/uploads\\\/2022\\\/04\\\/facebook_biopapa.jpg\",\"width\":1733,\"height\":907,\"caption\":\"Biopapa\"},\"image\":{\"@id\":\"https:\\\/\\\/www.biopapa.de\\\/lt\\\/#\\\/schema\\\/logo\\\/image\\\/\"},\"sameAs\":[\"https:\\\/\\\/www.facebook.com\\\/biopapa.lt\"]}]}<\/script>\n<!-- \/ Yoast SEO plugin. -->","yoast_head_json":{"title":"Ekologi\u0161ka topinamb\u0173 kava su kiaulpieni\u0173 \u0161aknimis - Biopapa","description":"Ekologi\u0161ka topinamb\u0173 (jeruzal\u0117s arti\u0161ok\u0173) ir kiaulpieni\u0173 \u0161akn\u0173 kava\u00a0yra maistinga ir be kofeino alternatyva tradicinei kavai.","robots":{"index":"index","follow":"follow","max-snippet":"max-snippet:-1","max-image-preview":"max-image-preview:large","max-video-preview":"max-video-preview:-1"},"canonical":"https:\/\/www.biopapa.de\/lt\/producte\/ekologiska-topinambu-kava-su-kiaulpieniu-saknimis\/","og_locale":"lt_LT","og_type":"article","og_title":"Ekologi\u0161ka topinamb\u0173 kava su kiaulpieni\u0173 \u0161aknimis - Biopapa","og_description":"Ekologi\u0161ka topinamb\u0173 (jeruzal\u0117s arti\u0161ok\u0173) ir kiaulpieni\u0173 \u0161akn\u0173 kava\u00a0yra maistinga ir be kofeino alternatyva tradicinei kavai.","og_url":"https:\/\/www.biopapa.de\/lt\/producte\/ekologiska-topinambu-kava-su-kiaulpieniu-saknimis\/","og_site_name":"Biopapa","article_publisher":"https:\/\/www.facebook.com\/biopapa.lt","article_modified_time":"2026-03-13T08:10:28+00:00","og_image":[{"width":800,"height":640,"url":"https:\/\/www.biopapa.de\/wp-content\/uploads\/2021\/10\/Ekologiska-topinambu-kava-su-kiaulpieniu-saknimis.jpg","type":"image\/jpeg"}],"twitter_card":"summary_large_image","schema":{"@context":"https:\/\/schema.org","@graph":[{"@type":"WebPage","@id":"https:\/\/www.biopapa.de\/lt\/producte\/ekologiska-topinambu-kava-su-kiaulpieniu-saknimis\/","url":"https:\/\/www.biopapa.de\/lt\/producte\/ekologiska-topinambu-kava-su-kiaulpieniu-saknimis\/","name":"Ekologi\u0161ka topinamb\u0173 kava su kiaulpieni\u0173 \u0161aknimis - Biopapa","isPartOf":{"@id":"https:\/\/www.biopapa.de\/lt\/#website"},"primaryImageOfPage":{"@id":"https:\/\/www.biopapa.de\/lt\/producte\/ekologiska-topinambu-kava-su-kiaulpieniu-saknimis\/#primaryimage"},"image":{"@id":"https:\/\/www.biopapa.de\/lt\/producte\/ekologiska-topinambu-kava-su-kiaulpieniu-saknimis\/#primaryimage"},"thumbnailUrl":"https:\/\/www.biopapa.de\/wp-content\/uploads\/2021\/10\/Ekologiska-topinambu-kava-su-kiaulpieniu-saknimis.jpg","datePublished":"2025-04-16T11:51:02+00:00","dateModified":"2026-03-13T08:10:28+00:00","description":"Ekologi\u0161ka topinamb\u0173 (jeruzal\u0117s arti\u0161ok\u0173) ir kiaulpieni\u0173 \u0161akn\u0173 kava\u00a0yra maistinga ir be kofeino alternatyva tradicinei kavai.","breadcrumb":{"@id":"https:\/\/www.biopapa.de\/lt\/producte\/ekologiska-topinambu-kava-su-kiaulpieniu-saknimis\/#breadcrumb"},"inLanguage":"lt-LT","potentialAction":[{"@type":"ReadAction","target":["https:\/\/www.biopapa.de\/lt\/producte\/ekologiska-topinambu-kava-su-kiaulpieniu-saknimis\/"]}]},{"@type":"ImageObject","inLanguage":"lt-LT","@id":"https:\/\/www.biopapa.de\/lt\/producte\/ekologiska-topinambu-kava-su-kiaulpieniu-saknimis\/#primaryimage","url":"https:\/\/www.biopapa.de\/wp-content\/uploads\/2021\/10\/Ekologiska-topinambu-kava-su-kiaulpieniu-saknimis.jpg","contentUrl":"https:\/\/www.biopapa.de\/wp-content\/uploads\/2021\/10\/Ekologiska-topinambu-kava-su-kiaulpieniu-saknimis.jpg","width":800,"height":640,"caption":"Ekologi\u0161ka topinamb\u0173 kava su kiaulpieni\u0173 \u0161aknimis"},{"@type":"BreadcrumbList","@id":"https:\/\/www.biopapa.de\/lt\/producte\/ekologiska-topinambu-kava-su-kiaulpieniu-saknimis\/#breadcrumb","itemListElement":[{"@type":"ListItem","position":1,"name":"Home","item":"https:\/\/www.biopapa.de\/lt\/"},{"@type":"ListItem","position":2,"name":"Parduotuv\u0117","item":"https:\/\/www.biopapa.de\/parduotuve\/"},{"@type":"ListItem","position":3,"name":"Ekologi\u0161ka topinamb\u0173 kava su kiaulpieni\u0173 \u0161aknimis"}]},{"@type":"WebSite","@id":"https:\/\/www.biopapa.de\/lt\/#website","url":"https:\/\/www.biopapa.de\/lt\/","name":"Biopapa","description":"\u0160var\u016bs ekologi\u0161ki produktai","publisher":{"@id":"https:\/\/www.biopapa.de\/lt\/#organization"},"potentialAction":[{"@type":"SearchAction","target":{"@type":"EntryPoint","urlTemplate":"https:\/\/www.biopapa.de\/lt\/?s={search_term_string}"},"query-input":{"@type":"PropertyValueSpecification","valueRequired":true,"valueName":"search_term_string"}}],"inLanguage":"lt-LT"},{"@type":"Organization","@id":"https:\/\/www.biopapa.de\/lt\/#organization","name":"Biopapa","url":"https:\/\/www.biopapa.de\/lt\/","logo":{"@type":"ImageObject","inLanguage":"lt-LT","@id":"https:\/\/www.biopapa.de\/lt\/#\/schema\/logo\/image\/","url":"https:\/\/www.biopapa.lt\/wp-content\/uploads\/2022\/04\/facebook_biopapa.jpg","contentUrl":"https:\/\/www.biopapa.lt\/wp-content\/uploads\/2022\/04\/facebook_biopapa.jpg","width":1733,"height":907,"caption":"Biopapa"},"image":{"@id":"https:\/\/www.biopapa.de\/lt\/#\/schema\/logo\/image\/"},"sameAs":["https:\/\/www.facebook.com\/biopapa.lt"]}]}},"_links":{"self":[{"href":"https:\/\/www.biopapa.de\/lt\/wp-json\/wp\/v2\/product\/45760","targetHints":{"allow":["GET"]}}],"collection":[{"href":"https:\/\/www.biopapa.de\/lt\/wp-json\/wp\/v2\/product"}],"about":[{"href":"https:\/\/www.biopapa.de\/lt\/wp-json\/wp\/v2\/types\/product"}],"wp:featuredmedia":[{"embeddable":true,"href":"https:\/\/www.biopapa.de\/lt\/wp-json\/wp\/v2\/media\/15999"}],"wp:attachment":[{"href":"https:\/\/www.biopapa.de\/lt\/wp-json\/wp\/v2\/media?parent=45760"}],"wp:term":[{"taxonomy":"product_brand","embeddable":true,"href":"https:\/\/www.biopapa.de\/lt\/wp-json\/wp\/v2\/product_brand?post=45760"},{"taxonomy":"product_cat","embeddable":true,"href":"https:\/\/www.biopapa.de\/lt\/wp-json\/wp\/v2\/product_cat?post=45760"},{"taxonomy":"product_tag","embeddable":true,"href":"https:\/\/www.biopapa.de\/lt\/wp-json\/wp\/v2\/product_tag?post=45760"}],"curies":[{"name":"wp","href":"https:\/\/api.w.org\/{rel}","templated":true}]}}