{"id":46007,"date":"2025-06-16T14:21:40","date_gmt":"2025-06-16T11:21:40","guid":{"rendered":"https:\/\/www.biopapa.de\/?post_type=product&#038;p=46007"},"modified":"2025-10-27T14:25:14","modified_gmt":"2025-10-27T12:25:14","slug":"ekologiski-satavari-shatavari-milteliai","status":"publish","type":"product","link":"https:\/\/www.biopapa.de\/lt\/producte\/ekologiski-satavari-shatavari-milteliai\/","title":{"rendered":"Ekologi\u0161ki \u0161atavari (shatavari) milteliai"},"content":{"rendered":"<p>Ekologi\u0161ki \u0161atavari (shatavari) milteliai<br \/>\n\u0160atavari (standusis smidras), gaunamas i\u0161\u00a0Asparagus racemosus\u00a0\u0161aknies, Ajurvedoje naudojamas \u0161imtme\u010dius ir yra pla\u010diai pripa\u017e\u012fstamas d\u0117l savo adaptogenini\u0173 savybi\u0173, padedan\u010di\u0173 organizmui susidoroti su fiziniu ir emociniu stresu.<br \/>\nAyurvedoje \u0161atavari skaitomas efektyvus afrodiziakas, gali pad\u0117ti palaikyti reprodukcin\u0119 sveikat\u0105. Taip pat manoma, kad jis skatina vir\u0161kinimo sveikat\u0105 ir palaiko bendr\u0105 gyvybingum\u0105. Ajurvedoje \u0160atavari laikomas vienu i\u0161 geriausi\u0173 augal\u0173 prie\u0161 sen\u0117jim\u0105.<br \/>\n\u0160atavari gali b\u016bti puikus pasirinkimas sportuojantiems, padeda greitai suma\u017einti nuovarg\u012f ir pagerinti raumen\u0173 mas\u0119.<\/p>\n<p>D\u0117mesio<br \/>\nNors \u0160atavari laikomas saugiu daugeliui \u017emoni\u0173, kai kuriems jis gali sukelti \u0161alutinius poveikius, \u012fskaitant alergines reakcijas, tokias kaip odos b\u0117rimas ar nie\u017e\u0117jimas, ypa\u010d tiems, kurie yra jautr\u016bs smidrams. Taip pat gali pasireik\u0161ti vir\u0161kinimo sutrikimai, tokie kaip duj\u0173 kaupimasis ar skrand\u017eio diskomfortas. B\u016bkite atid\u016bs, jei esate n\u0117\u0161\u010dia arba vartojate vaistus. Pasitarkite su gydytoju prie\u0161 vartojant.<\/p>\n<p>Vartojimas<br \/>\nDozavimas 3 \u2013 6 gramai per dien\u0105. Prad\u0117kite vartoti nuo ma\u017eesn\u0117s doz\u0117s.<br \/>\nMilteliai da\u017eniausiai vartojami vien\u0105 ar du kartus per dien\u0105, 30 min. prie\u0161 valg\u012f.<br \/>\nSumai\u0161ykite miltelius su \u0161iltu vandeniu, pienu, kokteiliu ar medumi.<br \/>\nVartokite \u0161atavari kasdien, geriausia tuo pa\u010diu laiku kiekvien\u0105 dien\u0105. Vartoti 1 \u2013 2 m\u0117nesius.<br \/>\nNorint pasiekti optimal\u0173 poveik\u012f, svarbiausia yra reguliarumas. \u0160atavari yra \u0161velnus augalas, kuris geriausiai veikia, kai vartojamas nuosekliai ilg\u0105 laik\u0105.<\/p>\n<p><em>PASTABA. \u010cia pateikta informacija negali b\u016bti interpretuojama kaip gydymo ar kitokio pob\u016bd\u017eio sveikatos klausim\u0173 sprendimo rekomendacija. Raginame sprendimus, susijusius su asmenine sveikata, priimti asmeni\u0161kai, \u012fvertinus \u012fvairius informacijos \u0161altinius.<\/em><\/p>\n","protected":false},"excerpt":{"rendered":"<p>Ekologi\u0161ki \u0161atavari (shatavari) milteliai \u0160atavari (standusis smidras), gaunamas i\u0161\u00a0Asparagus racemosus\u00a0\u0161aknies, Ajurvedoje naudojamas \u0161imtme\u010dius ir yra pla\u010diai pripa\u017e\u012fstamas d\u0117l savo adaptogenini\u0173<\/p>\n","protected":false},"featured_media":46060,"template":"","meta":{"_acf_changed":false},"product_brand":[],"product_cat":[1216,2349],"product_tag":[1380,1378,1382],"class_list":{"0":"post-46007","1":"product","2":"type-product","3":"status-publish","4":"has-post-thumbnail","6":"product_cat-augalinis-supermaistas","7":"product_cat-milteliai","8":"product_tag-keto-mityba","9":"product_tag-veganams","10":"product_tag-zaliavalgiams","11":"pa_svoris-1-kg","12":"pa_svoris-100-g","13":"pa_svoris-20-kg","14":"pa_svoris-200-g","15":"pa_svoris-300-g","16":"pa_svoris-400-g","17":"pa_svoris-500-g","19":"first","20":"outofstock","21":"shipping-taxable","22":"purchasable","23":"product-type-variable"},"acf":[],"yoast_head":"<!-- This site is optimized with the Yoast SEO plugin v27.5 - https:\/\/yoast.com\/product\/yoast-seo-wordpress\/ -->\n<title>Ekologi\u0161ki \u0161atavari (shatavari) milteliai - Biopapa<\/title>\n<meta name=\"description\" content=\"\u0160atavari laikomas vienu i\u0161 geriausi\u0173 augal\u0173 prie\u0161 sen\u0117jim\u0105.\" \/>\n<meta name=\"robots\" content=\"index, follow, max-snippet:-1, max-image-preview:large, max-video-preview:-1\" \/>\n<link rel=\"canonical\" href=\"https:\/\/www.biopapa.de\/lt\/producte\/ekologiski-satavari-shatavari-milteliai\/\" \/>\n<meta property=\"og:locale\" content=\"lt_LT\" \/>\n<meta property=\"og:type\" content=\"article\" \/>\n<meta property=\"og:title\" content=\"Ekologi\u0161ki \u0161atavari (shatavari) milteliai - Biopapa\" \/>\n<meta property=\"og:description\" content=\"\u0160atavari laikomas vienu i\u0161 geriausi\u0173 augal\u0173 prie\u0161 sen\u0117jim\u0105.\" \/>\n<meta property=\"og:url\" content=\"https:\/\/www.biopapa.de\/lt\/producte\/ekologiski-satavari-shatavari-milteliai\/\" \/>\n<meta property=\"og:site_name\" content=\"Biopapa\" \/>\n<meta property=\"article:publisher\" content=\"https:\/\/www.facebook.com\/biopapa.lt\" \/>\n<meta property=\"article:modified_time\" content=\"2025-10-27T12:25:14+00:00\" \/>\n<meta property=\"og:image\" content=\"https:\/\/www.biopapa.de\/wp-content\/uploads\/2025\/06\/Ekologiski-satavari-milteliaijpg.jpg-1.webp\" \/>\n\t<meta property=\"og:image:width\" content=\"800\" \/>\n\t<meta property=\"og:image:height\" content=\"640\" \/>\n\t<meta property=\"og:image:type\" content=\"image\/webp\" \/>\n<meta name=\"twitter:card\" content=\"summary_large_image\" \/>\n<script type=\"application\/ld+json\" class=\"yoast-schema-graph\">{\"@context\":\"https:\\\/\\\/schema.org\",\"@graph\":[{\"@type\":\"WebPage\",\"@id\":\"https:\\\/\\\/www.biopapa.de\\\/lt\\\/producte\\\/ekologiski-satavari-shatavari-milteliai\\\/\",\"url\":\"https:\\\/\\\/www.biopapa.de\\\/lt\\\/producte\\\/ekologiski-satavari-shatavari-milteliai\\\/\",\"name\":\"Ekologi\u0161ki \u0161atavari (shatavari) milteliai - Biopapa\",\"isPartOf\":{\"@id\":\"https:\\\/\\\/www.biopapa.de\\\/lt\\\/#website\"},\"primaryImageOfPage\":{\"@id\":\"https:\\\/\\\/www.biopapa.de\\\/lt\\\/producte\\\/ekologiski-satavari-shatavari-milteliai\\\/#primaryimage\"},\"image\":{\"@id\":\"https:\\\/\\\/www.biopapa.de\\\/lt\\\/producte\\\/ekologiski-satavari-shatavari-milteliai\\\/#primaryimage\"},\"thumbnailUrl\":\"https:\\\/\\\/www.biopapa.de\\\/wp-content\\\/uploads\\\/2025\\\/06\\\/Ekologiski-satavari-milteliaijpg.jpg-1.webp\",\"datePublished\":\"2025-06-16T11:21:40+00:00\",\"dateModified\":\"2025-10-27T12:25:14+00:00\",\"description\":\"\u0160atavari laikomas vienu i\u0161 geriausi\u0173 augal\u0173 prie\u0161 sen\u0117jim\u0105.\",\"breadcrumb\":{\"@id\":\"https:\\\/\\\/www.biopapa.de\\\/lt\\\/producte\\\/ekologiski-satavari-shatavari-milteliai\\\/#breadcrumb\"},\"inLanguage\":\"lt-LT\",\"potentialAction\":[{\"@type\":\"ReadAction\",\"target\":[\"https:\\\/\\\/www.biopapa.de\\\/lt\\\/producte\\\/ekologiski-satavari-shatavari-milteliai\\\/\"]}]},{\"@type\":\"ImageObject\",\"inLanguage\":\"lt-LT\",\"@id\":\"https:\\\/\\\/www.biopapa.de\\\/lt\\\/producte\\\/ekologiski-satavari-shatavari-milteliai\\\/#primaryimage\",\"url\":\"https:\\\/\\\/www.biopapa.de\\\/wp-content\\\/uploads\\\/2025\\\/06\\\/Ekologiski-satavari-milteliaijpg.jpg-1.webp\",\"contentUrl\":\"https:\\\/\\\/www.biopapa.de\\\/wp-content\\\/uploads\\\/2025\\\/06\\\/Ekologiski-satavari-milteliaijpg.jpg-1.webp\",\"width\":800,\"height\":640},{\"@type\":\"BreadcrumbList\",\"@id\":\"https:\\\/\\\/www.biopapa.de\\\/lt\\\/producte\\\/ekologiski-satavari-shatavari-milteliai\\\/#breadcrumb\",\"itemListElement\":[{\"@type\":\"ListItem\",\"position\":1,\"name\":\"Home\",\"item\":\"https:\\\/\\\/www.biopapa.de\\\/lt\\\/\"},{\"@type\":\"ListItem\",\"position\":2,\"name\":\"Parduotuv\u0117\",\"item\":\"https:\\\/\\\/www.biopapa.de\\\/parduotuve\\\/\"},{\"@type\":\"ListItem\",\"position\":3,\"name\":\"Ekologi\u0161ki \u0161atavari (shatavari) milteliai\"}]},{\"@type\":\"WebSite\",\"@id\":\"https:\\\/\\\/www.biopapa.de\\\/lt\\\/#website\",\"url\":\"https:\\\/\\\/www.biopapa.de\\\/lt\\\/\",\"name\":\"Biopapa\",\"description\":\"\u0160var\u016bs ekologi\u0161ki produktai\",\"publisher\":{\"@id\":\"https:\\\/\\\/www.biopapa.de\\\/lt\\\/#organization\"},\"potentialAction\":[{\"@type\":\"SearchAction\",\"target\":{\"@type\":\"EntryPoint\",\"urlTemplate\":\"https:\\\/\\\/www.biopapa.de\\\/lt\\\/?s={search_term_string}\"},\"query-input\":{\"@type\":\"PropertyValueSpecification\",\"valueRequired\":true,\"valueName\":\"search_term_string\"}}],\"inLanguage\":\"lt-LT\"},{\"@type\":\"Organization\",\"@id\":\"https:\\\/\\\/www.biopapa.de\\\/lt\\\/#organization\",\"name\":\"Biopapa\",\"url\":\"https:\\\/\\\/www.biopapa.de\\\/lt\\\/\",\"logo\":{\"@type\":\"ImageObject\",\"inLanguage\":\"lt-LT\",\"@id\":\"https:\\\/\\\/www.biopapa.de\\\/lt\\\/#\\\/schema\\\/logo\\\/image\\\/\",\"url\":\"https:\\\/\\\/www.biopapa.lt\\\/wp-content\\\/uploads\\\/2022\\\/04\\\/facebook_biopapa.jpg\",\"contentUrl\":\"https:\\\/\\\/www.biopapa.lt\\\/wp-content\\\/uploads\\\/2022\\\/04\\\/facebook_biopapa.jpg\",\"width\":1733,\"height\":907,\"caption\":\"Biopapa\"},\"image\":{\"@id\":\"https:\\\/\\\/www.biopapa.de\\\/lt\\\/#\\\/schema\\\/logo\\\/image\\\/\"},\"sameAs\":[\"https:\\\/\\\/www.facebook.com\\\/biopapa.lt\"]}]}<\/script>\n<!-- \/ Yoast SEO plugin. -->","yoast_head_json":{"title":"Ekologi\u0161ki \u0161atavari (shatavari) milteliai - Biopapa","description":"\u0160atavari laikomas vienu i\u0161 geriausi\u0173 augal\u0173 prie\u0161 sen\u0117jim\u0105.","robots":{"index":"index","follow":"follow","max-snippet":"max-snippet:-1","max-image-preview":"max-image-preview:large","max-video-preview":"max-video-preview:-1"},"canonical":"https:\/\/www.biopapa.de\/lt\/producte\/ekologiski-satavari-shatavari-milteliai\/","og_locale":"lt_LT","og_type":"article","og_title":"Ekologi\u0161ki \u0161atavari (shatavari) milteliai - Biopapa","og_description":"\u0160atavari laikomas vienu i\u0161 geriausi\u0173 augal\u0173 prie\u0161 sen\u0117jim\u0105.","og_url":"https:\/\/www.biopapa.de\/lt\/producte\/ekologiski-satavari-shatavari-milteliai\/","og_site_name":"Biopapa","article_publisher":"https:\/\/www.facebook.com\/biopapa.lt","article_modified_time":"2025-10-27T12:25:14+00:00","og_image":[{"width":800,"height":640,"url":"https:\/\/www.biopapa.de\/wp-content\/uploads\/2025\/06\/Ekologiski-satavari-milteliaijpg.jpg-1.webp","type":"image\/webp"}],"twitter_card":"summary_large_image","schema":{"@context":"https:\/\/schema.org","@graph":[{"@type":"WebPage","@id":"https:\/\/www.biopapa.de\/lt\/producte\/ekologiski-satavari-shatavari-milteliai\/","url":"https:\/\/www.biopapa.de\/lt\/producte\/ekologiski-satavari-shatavari-milteliai\/","name":"Ekologi\u0161ki \u0161atavari (shatavari) milteliai - Biopapa","isPartOf":{"@id":"https:\/\/www.biopapa.de\/lt\/#website"},"primaryImageOfPage":{"@id":"https:\/\/www.biopapa.de\/lt\/producte\/ekologiski-satavari-shatavari-milteliai\/#primaryimage"},"image":{"@id":"https:\/\/www.biopapa.de\/lt\/producte\/ekologiski-satavari-shatavari-milteliai\/#primaryimage"},"thumbnailUrl":"https:\/\/www.biopapa.de\/wp-content\/uploads\/2025\/06\/Ekologiski-satavari-milteliaijpg.jpg-1.webp","datePublished":"2025-06-16T11:21:40+00:00","dateModified":"2025-10-27T12:25:14+00:00","description":"\u0160atavari laikomas vienu i\u0161 geriausi\u0173 augal\u0173 prie\u0161 sen\u0117jim\u0105.","breadcrumb":{"@id":"https:\/\/www.biopapa.de\/lt\/producte\/ekologiski-satavari-shatavari-milteliai\/#breadcrumb"},"inLanguage":"lt-LT","potentialAction":[{"@type":"ReadAction","target":["https:\/\/www.biopapa.de\/lt\/producte\/ekologiski-satavari-shatavari-milteliai\/"]}]},{"@type":"ImageObject","inLanguage":"lt-LT","@id":"https:\/\/www.biopapa.de\/lt\/producte\/ekologiski-satavari-shatavari-milteliai\/#primaryimage","url":"https:\/\/www.biopapa.de\/wp-content\/uploads\/2025\/06\/Ekologiski-satavari-milteliaijpg.jpg-1.webp","contentUrl":"https:\/\/www.biopapa.de\/wp-content\/uploads\/2025\/06\/Ekologiski-satavari-milteliaijpg.jpg-1.webp","width":800,"height":640},{"@type":"BreadcrumbList","@id":"https:\/\/www.biopapa.de\/lt\/producte\/ekologiski-satavari-shatavari-milteliai\/#breadcrumb","itemListElement":[{"@type":"ListItem","position":1,"name":"Home","item":"https:\/\/www.biopapa.de\/lt\/"},{"@type":"ListItem","position":2,"name":"Parduotuv\u0117","item":"https:\/\/www.biopapa.de\/parduotuve\/"},{"@type":"ListItem","position":3,"name":"Ekologi\u0161ki \u0161atavari (shatavari) milteliai"}]},{"@type":"WebSite","@id":"https:\/\/www.biopapa.de\/lt\/#website","url":"https:\/\/www.biopapa.de\/lt\/","name":"Biopapa","description":"\u0160var\u016bs ekologi\u0161ki produktai","publisher":{"@id":"https:\/\/www.biopapa.de\/lt\/#organization"},"potentialAction":[{"@type":"SearchAction","target":{"@type":"EntryPoint","urlTemplate":"https:\/\/www.biopapa.de\/lt\/?s={search_term_string}"},"query-input":{"@type":"PropertyValueSpecification","valueRequired":true,"valueName":"search_term_string"}}],"inLanguage":"lt-LT"},{"@type":"Organization","@id":"https:\/\/www.biopapa.de\/lt\/#organization","name":"Biopapa","url":"https:\/\/www.biopapa.de\/lt\/","logo":{"@type":"ImageObject","inLanguage":"lt-LT","@id":"https:\/\/www.biopapa.de\/lt\/#\/schema\/logo\/image\/","url":"https:\/\/www.biopapa.lt\/wp-content\/uploads\/2022\/04\/facebook_biopapa.jpg","contentUrl":"https:\/\/www.biopapa.lt\/wp-content\/uploads\/2022\/04\/facebook_biopapa.jpg","width":1733,"height":907,"caption":"Biopapa"},"image":{"@id":"https:\/\/www.biopapa.de\/lt\/#\/schema\/logo\/image\/"},"sameAs":["https:\/\/www.facebook.com\/biopapa.lt"]}]}},"_links":{"self":[{"href":"https:\/\/www.biopapa.de\/lt\/wp-json\/wp\/v2\/product\/46007","targetHints":{"allow":["GET"]}}],"collection":[{"href":"https:\/\/www.biopapa.de\/lt\/wp-json\/wp\/v2\/product"}],"about":[{"href":"https:\/\/www.biopapa.de\/lt\/wp-json\/wp\/v2\/types\/product"}],"wp:featuredmedia":[{"embeddable":true,"href":"https:\/\/www.biopapa.de\/lt\/wp-json\/wp\/v2\/media\/46060"}],"wp:attachment":[{"href":"https:\/\/www.biopapa.de\/lt\/wp-json\/wp\/v2\/media?parent=46007"}],"wp:term":[{"taxonomy":"product_brand","embeddable":true,"href":"https:\/\/www.biopapa.de\/lt\/wp-json\/wp\/v2\/product_brand?post=46007"},{"taxonomy":"product_cat","embeddable":true,"href":"https:\/\/www.biopapa.de\/lt\/wp-json\/wp\/v2\/product_cat?post=46007"},{"taxonomy":"product_tag","embeddable":true,"href":"https:\/\/www.biopapa.de\/lt\/wp-json\/wp\/v2\/product_tag?post=46007"}],"curies":[{"name":"wp","href":"https:\/\/api.w.org\/{rel}","templated":true}]}}