{"id":46073,"date":"2025-06-17T10:33:06","date_gmt":"2025-06-17T07:33:06","guid":{"rendered":"https:\/\/www.biopapa.de\/?post_type=product&#038;p=46073"},"modified":"2025-09-01T16:02:46","modified_gmt":"2025-09-01T13:02:46","slug":"ekologiskos-pupeles-borlotti","status":"publish","type":"product","link":"https:\/\/www.biopapa.de\/lt\/producte\/ekologiskos-pupeles-borlotti\/","title":{"rendered":"Ekologi\u0161kos pupel\u0117s Borlotti"},"content":{"rendered":"<p><strong>Ekologi\u0161kos pupel\u0117s Borlotti (pinto)<\/strong><br \/>\nBorlotti pupel\u0117s, dar \u017einomos kaip\u00a0cranberry beans, kilusios i\u0161 Piet\u0173 Amerikos, ypa\u010d Brazilijos ir Kolumbijos region\u0173. \u012e Europ\u0105 jos atkeliavo per kolonijin\u012f laikotarp\u012f ir tapo ypa\u010d populiarios Italijoje, kur dabar da\u017enai vadinamos\u00a0fagioli borlotti. Ital\u0173 virtuv\u0117je jos pla\u010diai naudojamos sriubose, tro\u0161kiniuose ir makaron\u0173 patiekaluose.<br \/>\nBorlotti pupel\u0117s turi \u0161veln\u0173, \u0161iek tiek rie\u0161utin\u012f skon\u012f ir miltin\u0119-kremin\u0119 tekst\u016br\u0105, tod\u0117l puikiai tinka \u012fvairioms dietoms ir yra universaliai panaudojamos virtuv\u0117je.<\/p>\n<p>Pamerkite pupeles per nakt\u012f, tuomet perplaukite po tekan\u010diu vandeniu. Virkite 1 puodel\u012f pupeli\u0173 su ma\u017edaug 3 puodeliais vandens apie 1 valand\u0105 (arba pagal poreik\u012f) ant silpnos ugnies. Galiausiai pas\u016bdykite.<br \/>\nNaudojimas:<br \/>\nSriubos ir tro\u0161kiniai \u2013 ypa\u010d populiarios\u00a0pasta e fagioli\u00a0ar dar\u017eovi\u0173 tro\u0161kiniuose.<br \/>\nSalotos \u2013 virtos borlotti pupel\u0117s puikiai tinka \u0161iltoms ar \u0161altoms salotoms.<br \/>\nU\u017etep\u0117l\u0117s ir garnyrai \u2013 i\u0161 j\u0173 galima gaminti pupeli\u0173 tyr\u0119 ar naudoti kaip garnyr\u0105 prie m\u0117sos ar dar\u017eovi\u0173 patiekal\u0173.<br \/>\nMakaron\u0173 patiekalai \u2013 da\u017enai dedamos \u012f makaronus su pomidor\u0173 ar dar\u017eovi\u0173 pada\u017eais.<br \/>\nPuikiai tinka kukur\u016bz\u0173 ir ry\u017ei\u0173 patiekalams.<\/p>\n<p><em>PASTABA. \u010cia pateikta informacija negali b\u016bti interpretuojama kaip gydymo ar kitokio pob\u016bd\u017eio sveikatos klausim\u0173 sprendimo rekomendacija. Raginame sprendimus, susijusius su asmenine sveikata, priimti asmeni\u0161kai, \u012fvertinus \u012fvairius informacijos \u0161altinius.<\/em><\/p>\n","protected":false},"excerpt":{"rendered":"<p>Ekologi\u0161kos pupel\u0117s Borlotti (pinto) Borlotti pupel\u0117s, dar \u017einomos kaip\u00a0cranberry beans, kilusios i\u0161 Piet\u0173 Amerikos, ypa\u010d Brazilijos ir Kolumbijos region\u0173. \u012e<\/p>\n","protected":false},"featured_media":46126,"template":"","meta":{"_acf_changed":false},"product_brand":[],"product_cat":[1933,1295],"product_tag":[1433,1497,1636,1378],"class_list":{"0":"post-46073","1":"product","2":"type-product","3":"status-publish","4":"has-post-thumbnail","6":"product_cat-ankstiniai","7":"product_cat-ekologiskos-kruopos-ankstiniai","8":"product_tag-baltymu-saltinis","9":"product_tag-ne-gmo","10":"product_tag-skaidulu-saltinis","11":"product_tag-veganams","12":"pa_svoris-1-kg","13":"pa_svoris-100-g","14":"pa_svoris-200-g","15":"pa_svoris-25-kg","16":"pa_svoris-300-g","17":"pa_svoris-400-g","18":"pa_svoris-500-g","20":"first","21":"instock","22":"shipping-taxable","23":"purchasable","24":"product-type-variable"},"acf":[],"yoast_head":"<!-- This site is optimized with the Yoast SEO plugin v27.3 - https:\/\/yoast.com\/product\/yoast-seo-wordpress\/ -->\n<title>Ekologi\u0161kos pupel\u0117s Borlotti - Biopapa<\/title>\n<meta name=\"description\" content=\"Borlotti pupel\u0117s turi \u0161veln\u0173, \u0161iek tiek rie\u0161utin\u012f skon\u012f ir miltin\u0119-kremin\u0119 tekst\u016br\u0105, tod\u0117l puikiai tinka \u012fvairioms dietoms ir yra universaliai panaudojamos virtuv\u0117je.\" \/>\n<meta name=\"robots\" content=\"index, follow, max-snippet:-1, max-image-preview:large, max-video-preview:-1\" \/>\n<link rel=\"canonical\" href=\"https:\/\/www.biopapa.de\/lt\/producte\/ekologiskos-pupeles-borlotti\/\" \/>\n<meta property=\"og:locale\" content=\"lt_LT\" \/>\n<meta property=\"og:type\" content=\"article\" \/>\n<meta property=\"og:title\" content=\"Ekologi\u0161kos pupel\u0117s Borlotti - Biopapa\" \/>\n<meta property=\"og:description\" content=\"Borlotti pupel\u0117s turi \u0161veln\u0173, \u0161iek tiek rie\u0161utin\u012f skon\u012f ir miltin\u0119-kremin\u0119 tekst\u016br\u0105, tod\u0117l puikiai tinka \u012fvairioms dietoms ir yra universaliai panaudojamos virtuv\u0117je.\" \/>\n<meta property=\"og:url\" content=\"https:\/\/www.biopapa.de\/lt\/producte\/ekologiskos-pupeles-borlotti\/\" \/>\n<meta property=\"og:site_name\" content=\"Biopapa\" \/>\n<meta property=\"article:publisher\" content=\"https:\/\/www.facebook.com\/biopapa.lt\" \/>\n<meta property=\"article:modified_time\" content=\"2025-09-01T13:02:46+00:00\" \/>\n<meta property=\"og:image\" content=\"https:\/\/www.biopapa.de\/wp-content\/uploads\/2025\/06\/Ekologiskos-pupeles-Borlotti.webp\" \/>\n\t<meta property=\"og:image:width\" content=\"800\" \/>\n\t<meta property=\"og:image:height\" content=\"640\" \/>\n\t<meta property=\"og:image:type\" content=\"image\/webp\" \/>\n<meta name=\"twitter:card\" content=\"summary_large_image\" \/>\n<script type=\"application\/ld+json\" class=\"yoast-schema-graph\">{\"@context\":\"https:\\\/\\\/schema.org\",\"@graph\":[{\"@type\":\"WebPage\",\"@id\":\"https:\\\/\\\/www.biopapa.de\\\/lt\\\/producte\\\/ekologiskos-pupeles-borlotti\\\/\",\"url\":\"https:\\\/\\\/www.biopapa.de\\\/lt\\\/producte\\\/ekologiskos-pupeles-borlotti\\\/\",\"name\":\"Ekologi\u0161kos pupel\u0117s Borlotti - Biopapa\",\"isPartOf\":{\"@id\":\"https:\\\/\\\/www.biopapa.de\\\/lt\\\/#website\"},\"primaryImageOfPage\":{\"@id\":\"https:\\\/\\\/www.biopapa.de\\\/lt\\\/producte\\\/ekologiskos-pupeles-borlotti\\\/#primaryimage\"},\"image\":{\"@id\":\"https:\\\/\\\/www.biopapa.de\\\/lt\\\/producte\\\/ekologiskos-pupeles-borlotti\\\/#primaryimage\"},\"thumbnailUrl\":\"https:\\\/\\\/www.biopapa.de\\\/wp-content\\\/uploads\\\/2025\\\/06\\\/Ekologiskos-pupeles-Borlotti.webp\",\"datePublished\":\"2025-06-17T07:33:06+00:00\",\"dateModified\":\"2025-09-01T13:02:46+00:00\",\"description\":\"Borlotti pupel\u0117s turi \u0161veln\u0173, \u0161iek tiek rie\u0161utin\u012f skon\u012f ir miltin\u0119-kremin\u0119 tekst\u016br\u0105, tod\u0117l puikiai tinka \u012fvairioms dietoms ir yra universaliai panaudojamos virtuv\u0117je.\",\"breadcrumb\":{\"@id\":\"https:\\\/\\\/www.biopapa.de\\\/lt\\\/producte\\\/ekologiskos-pupeles-borlotti\\\/#breadcrumb\"},\"inLanguage\":\"lt-LT\",\"potentialAction\":[{\"@type\":\"ReadAction\",\"target\":[\"https:\\\/\\\/www.biopapa.de\\\/lt\\\/producte\\\/ekologiskos-pupeles-borlotti\\\/\"]}]},{\"@type\":\"ImageObject\",\"inLanguage\":\"lt-LT\",\"@id\":\"https:\\\/\\\/www.biopapa.de\\\/lt\\\/producte\\\/ekologiskos-pupeles-borlotti\\\/#primaryimage\",\"url\":\"https:\\\/\\\/www.biopapa.de\\\/wp-content\\\/uploads\\\/2025\\\/06\\\/Ekologiskos-pupeles-Borlotti.webp\",\"contentUrl\":\"https:\\\/\\\/www.biopapa.de\\\/wp-content\\\/uploads\\\/2025\\\/06\\\/Ekologiskos-pupeles-Borlotti.webp\",\"width\":800,\"height\":640},{\"@type\":\"BreadcrumbList\",\"@id\":\"https:\\\/\\\/www.biopapa.de\\\/lt\\\/producte\\\/ekologiskos-pupeles-borlotti\\\/#breadcrumb\",\"itemListElement\":[{\"@type\":\"ListItem\",\"position\":1,\"name\":\"Home\",\"item\":\"https:\\\/\\\/www.biopapa.de\\\/lt\\\/\"},{\"@type\":\"ListItem\",\"position\":2,\"name\":\"Parduotuv\u0117\",\"item\":\"https:\\\/\\\/www.biopapa.de\\\/parduotuve\\\/\"},{\"@type\":\"ListItem\",\"position\":3,\"name\":\"Ekologi\u0161kos pupel\u0117s Borlotti\"}]},{\"@type\":\"WebSite\",\"@id\":\"https:\\\/\\\/www.biopapa.de\\\/lt\\\/#website\",\"url\":\"https:\\\/\\\/www.biopapa.de\\\/lt\\\/\",\"name\":\"Biopapa\",\"description\":\"\u0160var\u016bs ekologi\u0161ki produktai\",\"publisher\":{\"@id\":\"https:\\\/\\\/www.biopapa.de\\\/lt\\\/#organization\"},\"potentialAction\":[{\"@type\":\"SearchAction\",\"target\":{\"@type\":\"EntryPoint\",\"urlTemplate\":\"https:\\\/\\\/www.biopapa.de\\\/lt\\\/?s={search_term_string}\"},\"query-input\":{\"@type\":\"PropertyValueSpecification\",\"valueRequired\":true,\"valueName\":\"search_term_string\"}}],\"inLanguage\":\"lt-LT\"},{\"@type\":\"Organization\",\"@id\":\"https:\\\/\\\/www.biopapa.de\\\/lt\\\/#organization\",\"name\":\"Biopapa\",\"url\":\"https:\\\/\\\/www.biopapa.de\\\/lt\\\/\",\"logo\":{\"@type\":\"ImageObject\",\"inLanguage\":\"lt-LT\",\"@id\":\"https:\\\/\\\/www.biopapa.de\\\/lt\\\/#\\\/schema\\\/logo\\\/image\\\/\",\"url\":\"https:\\\/\\\/www.biopapa.lt\\\/wp-content\\\/uploads\\\/2022\\\/04\\\/facebook_biopapa.jpg\",\"contentUrl\":\"https:\\\/\\\/www.biopapa.lt\\\/wp-content\\\/uploads\\\/2022\\\/04\\\/facebook_biopapa.jpg\",\"width\":1733,\"height\":907,\"caption\":\"Biopapa\"},\"image\":{\"@id\":\"https:\\\/\\\/www.biopapa.de\\\/lt\\\/#\\\/schema\\\/logo\\\/image\\\/\"},\"sameAs\":[\"https:\\\/\\\/www.facebook.com\\\/biopapa.lt\"]}]}<\/script>\n<!-- \/ Yoast SEO plugin. -->","yoast_head_json":{"title":"Ekologi\u0161kos pupel\u0117s Borlotti - Biopapa","description":"Borlotti pupel\u0117s turi \u0161veln\u0173, \u0161iek tiek rie\u0161utin\u012f skon\u012f ir miltin\u0119-kremin\u0119 tekst\u016br\u0105, tod\u0117l puikiai tinka \u012fvairioms dietoms ir yra universaliai panaudojamos virtuv\u0117je.","robots":{"index":"index","follow":"follow","max-snippet":"max-snippet:-1","max-image-preview":"max-image-preview:large","max-video-preview":"max-video-preview:-1"},"canonical":"https:\/\/www.biopapa.de\/lt\/producte\/ekologiskos-pupeles-borlotti\/","og_locale":"lt_LT","og_type":"article","og_title":"Ekologi\u0161kos pupel\u0117s Borlotti - Biopapa","og_description":"Borlotti pupel\u0117s turi \u0161veln\u0173, \u0161iek tiek rie\u0161utin\u012f skon\u012f ir miltin\u0119-kremin\u0119 tekst\u016br\u0105, tod\u0117l puikiai tinka \u012fvairioms dietoms ir yra universaliai panaudojamos virtuv\u0117je.","og_url":"https:\/\/www.biopapa.de\/lt\/producte\/ekologiskos-pupeles-borlotti\/","og_site_name":"Biopapa","article_publisher":"https:\/\/www.facebook.com\/biopapa.lt","article_modified_time":"2025-09-01T13:02:46+00:00","og_image":[{"width":800,"height":640,"url":"https:\/\/www.biopapa.de\/wp-content\/uploads\/2025\/06\/Ekologiskos-pupeles-Borlotti.webp","type":"image\/webp"}],"twitter_card":"summary_large_image","schema":{"@context":"https:\/\/schema.org","@graph":[{"@type":"WebPage","@id":"https:\/\/www.biopapa.de\/lt\/producte\/ekologiskos-pupeles-borlotti\/","url":"https:\/\/www.biopapa.de\/lt\/producte\/ekologiskos-pupeles-borlotti\/","name":"Ekologi\u0161kos pupel\u0117s Borlotti - Biopapa","isPartOf":{"@id":"https:\/\/www.biopapa.de\/lt\/#website"},"primaryImageOfPage":{"@id":"https:\/\/www.biopapa.de\/lt\/producte\/ekologiskos-pupeles-borlotti\/#primaryimage"},"image":{"@id":"https:\/\/www.biopapa.de\/lt\/producte\/ekologiskos-pupeles-borlotti\/#primaryimage"},"thumbnailUrl":"https:\/\/www.biopapa.de\/wp-content\/uploads\/2025\/06\/Ekologiskos-pupeles-Borlotti.webp","datePublished":"2025-06-17T07:33:06+00:00","dateModified":"2025-09-01T13:02:46+00:00","description":"Borlotti pupel\u0117s turi \u0161veln\u0173, \u0161iek tiek rie\u0161utin\u012f skon\u012f ir miltin\u0119-kremin\u0119 tekst\u016br\u0105, tod\u0117l puikiai tinka \u012fvairioms dietoms ir yra universaliai panaudojamos virtuv\u0117je.","breadcrumb":{"@id":"https:\/\/www.biopapa.de\/lt\/producte\/ekologiskos-pupeles-borlotti\/#breadcrumb"},"inLanguage":"lt-LT","potentialAction":[{"@type":"ReadAction","target":["https:\/\/www.biopapa.de\/lt\/producte\/ekologiskos-pupeles-borlotti\/"]}]},{"@type":"ImageObject","inLanguage":"lt-LT","@id":"https:\/\/www.biopapa.de\/lt\/producte\/ekologiskos-pupeles-borlotti\/#primaryimage","url":"https:\/\/www.biopapa.de\/wp-content\/uploads\/2025\/06\/Ekologiskos-pupeles-Borlotti.webp","contentUrl":"https:\/\/www.biopapa.de\/wp-content\/uploads\/2025\/06\/Ekologiskos-pupeles-Borlotti.webp","width":800,"height":640},{"@type":"BreadcrumbList","@id":"https:\/\/www.biopapa.de\/lt\/producte\/ekologiskos-pupeles-borlotti\/#breadcrumb","itemListElement":[{"@type":"ListItem","position":1,"name":"Home","item":"https:\/\/www.biopapa.de\/lt\/"},{"@type":"ListItem","position":2,"name":"Parduotuv\u0117","item":"https:\/\/www.biopapa.de\/parduotuve\/"},{"@type":"ListItem","position":3,"name":"Ekologi\u0161kos pupel\u0117s Borlotti"}]},{"@type":"WebSite","@id":"https:\/\/www.biopapa.de\/lt\/#website","url":"https:\/\/www.biopapa.de\/lt\/","name":"Biopapa","description":"\u0160var\u016bs ekologi\u0161ki produktai","publisher":{"@id":"https:\/\/www.biopapa.de\/lt\/#organization"},"potentialAction":[{"@type":"SearchAction","target":{"@type":"EntryPoint","urlTemplate":"https:\/\/www.biopapa.de\/lt\/?s={search_term_string}"},"query-input":{"@type":"PropertyValueSpecification","valueRequired":true,"valueName":"search_term_string"}}],"inLanguage":"lt-LT"},{"@type":"Organization","@id":"https:\/\/www.biopapa.de\/lt\/#organization","name":"Biopapa","url":"https:\/\/www.biopapa.de\/lt\/","logo":{"@type":"ImageObject","inLanguage":"lt-LT","@id":"https:\/\/www.biopapa.de\/lt\/#\/schema\/logo\/image\/","url":"https:\/\/www.biopapa.lt\/wp-content\/uploads\/2022\/04\/facebook_biopapa.jpg","contentUrl":"https:\/\/www.biopapa.lt\/wp-content\/uploads\/2022\/04\/facebook_biopapa.jpg","width":1733,"height":907,"caption":"Biopapa"},"image":{"@id":"https:\/\/www.biopapa.de\/lt\/#\/schema\/logo\/image\/"},"sameAs":["https:\/\/www.facebook.com\/biopapa.lt"]}]}},"_links":{"self":[{"href":"https:\/\/www.biopapa.de\/lt\/wp-json\/wp\/v2\/product\/46073","targetHints":{"allow":["GET"]}}],"collection":[{"href":"https:\/\/www.biopapa.de\/lt\/wp-json\/wp\/v2\/product"}],"about":[{"href":"https:\/\/www.biopapa.de\/lt\/wp-json\/wp\/v2\/types\/product"}],"wp:featuredmedia":[{"embeddable":true,"href":"https:\/\/www.biopapa.de\/lt\/wp-json\/wp\/v2\/media\/46126"}],"wp:attachment":[{"href":"https:\/\/www.biopapa.de\/lt\/wp-json\/wp\/v2\/media?parent=46073"}],"wp:term":[{"taxonomy":"product_brand","embeddable":true,"href":"https:\/\/www.biopapa.de\/lt\/wp-json\/wp\/v2\/product_brand?post=46073"},{"taxonomy":"product_cat","embeddable":true,"href":"https:\/\/www.biopapa.de\/lt\/wp-json\/wp\/v2\/product_cat?post=46073"},{"taxonomy":"product_tag","embeddable":true,"href":"https:\/\/www.biopapa.de\/lt\/wp-json\/wp\/v2\/product_tag?post=46073"}],"curies":[{"name":"wp","href":"https:\/\/api.w.org\/{rel}","templated":true}]}}