{"id":46162,"date":"2025-06-17T11:01:58","date_gmt":"2025-06-17T08:01:58","guid":{"rendered":"https:\/\/www.biopapa.de\/?post_type=product&#038;p=46162"},"modified":"2026-03-02T10:13:25","modified_gmt":"2026-03-02T08:13:25","slug":"ekologiski-saltyje-dziovinti-acerola-milteliai","status":"publish","type":"product","link":"https:\/\/www.biopapa.de\/lt\/producte\/ekologiski-saltyje-dziovinti-acerola-milteliai\/","title":{"rendered":"Ekologi\u0161ki \u0161altyje d\u017eiovinti acerola milteliai"},"content":{"rendered":"<p><strong>Ekologi\u0161ki \u0161altyje d\u017eiovinti acerola (malpigija) milteliai<\/strong><br \/>\nAcerola (malpigija), dar \u017einoma kaip Barbadoso vy\u0161nia, yra uoga, kilusi i\u0161 Centrin\u0117s ir Piet\u0173 Amerikos. Ji priklauso Malpighiaceae augal\u0173 \u0161eimai ir auga ant med\u017ei\u0173, kurie gali u\u017eaugti iki 4,5 metro auk\u0161\u010dio. Med\u017eiai turi pla\u010diai i\u0161siskleidusias \u0161akas ir vis\u017ealius ovalius lapus. Ma\u017ei rausvai balti \u017eiedai virsta raudonai oran\u017einiais arba ry\u0161kiai raudonais, sultingais vaisiais, kurie yra apval\u016bs arba kiek suplotos formos. S\u0117klos turi tris trikampes skiltis su banguotais sparneliais.<br \/>\n<em>Malpighia glabra<\/em>\u00a0veisl\u0117s acerola ypa\u010d turtinga vitamino C, d\u0117l to jos skonis yra r\u016bg\u0161tokas, o tai daro j\u0105 idealia gaminant produktus, kuriuose reikalingas didelis vitamino C kiekis. Acerola turtinga vitaminais ir mineralais (kalcis, kalis, gele\u017eis).<br \/>\nValgomoji acerola dalis \u2013 tai vaisius (botani\u0161kai \u2013 uoga), kuris yra leid\u017eiamas prekiauti kaip vaisius Europoje. Acerola vaisiai da\u017eniausiai skinamoi dar \u017ealsvi, nes tuomet jose i\u0161lieka did\u017eiausias vitamino C kiekis \u2013 jis gali b\u016bti dvigubai didesnis nei sunokusi\u0173 vaisi\u0173. Vaisiai greitai genda po derliaus nu\u0117mimo \u2013 tampa beveik netinkami vartoti per 3\u20135 dienas. D\u0117l \u0161ios prie\u017easties acerola yra liofilizuojama (\u0161altyje d\u017eiovinama), kad b\u016bt\u0173 i\u0161saugotas kuo didesnis maistini\u0173 med\u017eiag\u0173 kiekis.<br \/>\nLiofilizuoti acerolos milteliai yra i\u0161 Brazilijos \u2013 vienos did\u017eiausi\u0173 acerolos gamintoj\u0173 pasaulyje. Sertifikuota pagal Ekologi\u0161k\u0173 produkt\u0173 reglament\u0105 (ES) 2018\/848 ir Did\u017eiosios Britanijos ekologinius standartus, patvirtintus Soil Association, pagal kod\u0105 GB-ORG-05.<\/p>\n<p>Vatojimas<br \/>\nParuo\u0161ta vartoti kaip maistas arba kaip ruo\u0161iamo maisto ingredientas.<br \/>\n3-5 g per dien\u0105.<\/p>\n<p>Naudojimo b\u016bdai:<br \/>\nSumai\u0161yti acerola miltelius su vandeniu, vartoti tiesiogiai kaip gaivinant\u012f g\u0117rim\u0105.<br \/>\n\u012emai\u0161yti \u012f kokteilius, glotnu\u010dius ar sultis;<br \/>\nNaudoti desertuose, pavyzd\u017eiui, ledams, pyragams ar vaisi\u0173 salotoms;<br \/>\n\u012emai\u0161yti \u012f jogurt\u0105, ko\u0161es ar granol\u0105;<br \/>\nKaip ingredient\u0105 kepiniuose ar pada\u017euose.<\/p>\n<p>Acerola yra nat\u016bralus ir maistingas vaisius, ta\u010diau d\u0117l itin didelio vitamino C kiekio kai kuriems \u017emon\u0117ms gali sukelti lengvus vir\u0161kinimo sutrikimus, ypa\u010d vartojant dideliais kiekiais. Retais atvejais gali pasireik\u0161ti alergin\u0117s reakcijos. Jei turite sveikatos sutrikim\u0173 ar vartojate vaistus, b\u016bkite atid\u016bs.<\/p>\n<p><em>PASTABA. \u010cia pateikta informacija negali b\u016bti interpretuojama kaip gydymo ar kitokio pob\u016bd\u017eio sveikatos klausim\u0173 sprendimo rekomendacija. Raginame sprendimus, susijusius su asmenine sveikata, priimti asmeni\u0161kai, \u012fvertinus \u012fvairius informacijos \u0161altinius.<\/em><\/p>\n","protected":false},"excerpt":{"rendered":"<p>Ekologi\u0161ki \u0161altyje d\u017eiovinti acerola (malpigija) milteliai Acerola (malpigija), dar \u017einoma kaip Barbadoso vy\u0161nia, yra uoga, kilusi i\u0161 Centrin\u0117s ir Piet\u0173<\/p>\n","protected":false},"featured_media":46194,"template":"","meta":{"_acf_changed":false},"product_brand":[],"product_cat":[1216,2349],"product_tag":[1380,1378,1382],"class_list":{"0":"post-46162","1":"product","2":"type-product","3":"status-publish","4":"has-post-thumbnail","6":"product_cat-augalinis-supermaistas","7":"product_cat-milteliai","8":"product_tag-keto-mityba","9":"product_tag-veganams","10":"product_tag-zaliavalgiams","11":"pa_svoris-1-kg","12":"pa_svoris-100-g","13":"pa_svoris-20-kg","14":"pa_svoris-200-g","15":"pa_svoris-300-g","16":"pa_svoris-400-g","17":"pa_svoris-500-g","19":"first","20":"instock","21":"shipping-taxable","22":"purchasable","23":"product-type-variable"},"acf":[],"yoast_head":"<!-- This site is optimized with the Yoast SEO plugin v27.3 - https:\/\/yoast.com\/product\/yoast-seo-wordpress\/ -->\n<title>Ekologi\u0161ki \u0161altyje d\u017eiovinti acerola milteliai - Biopapa<\/title>\n<meta name=\"description\" content=\"Malpighia glabra\u00a0veisl\u0117s acerola ypa\u010d turtinga vitamino C, d\u0117l to jos skonis yra r\u016bg\u0161tokas, o tai daro j\u0105 idealia gaminant produktus, kuriuose reikalingas didelis vitamino C kiekis.\" \/>\n<meta name=\"robots\" content=\"index, follow, max-snippet:-1, max-image-preview:large, max-video-preview:-1\" \/>\n<link rel=\"canonical\" href=\"https:\/\/www.biopapa.de\/lt\/producte\/ekologiski-saltyje-dziovinti-acerola-milteliai\/\" \/>\n<meta property=\"og:locale\" content=\"lt_LT\" \/>\n<meta property=\"og:type\" content=\"article\" \/>\n<meta property=\"og:title\" content=\"Ekologi\u0161ki \u0161altyje d\u017eiovinti acerola milteliai - Biopapa\" \/>\n<meta property=\"og:description\" content=\"Malpighia glabra\u00a0veisl\u0117s acerola ypa\u010d turtinga vitamino C, d\u0117l to jos skonis yra r\u016bg\u0161tokas, o tai daro j\u0105 idealia gaminant produktus, kuriuose reikalingas didelis vitamino C kiekis.\" \/>\n<meta property=\"og:url\" content=\"https:\/\/www.biopapa.de\/lt\/producte\/ekologiski-saltyje-dziovinti-acerola-milteliai\/\" \/>\n<meta property=\"og:site_name\" content=\"Biopapa\" \/>\n<meta property=\"article:publisher\" content=\"https:\/\/www.facebook.com\/biopapa.lt\" \/>\n<meta property=\"article:modified_time\" content=\"2026-03-02T08:13:25+00:00\" \/>\n<meta property=\"og:image\" content=\"https:\/\/www.biopapa.de\/wp-content\/uploads\/2025\/06\/Ekologiska-acerola.webp\" \/>\n\t<meta property=\"og:image:width\" content=\"800\" \/>\n\t<meta property=\"og:image:height\" content=\"640\" \/>\n\t<meta property=\"og:image:type\" content=\"image\/webp\" \/>\n<meta name=\"twitter:card\" content=\"summary_large_image\" \/>\n<script type=\"application\/ld+json\" class=\"yoast-schema-graph\">{\"@context\":\"https:\\\/\\\/schema.org\",\"@graph\":[{\"@type\":\"WebPage\",\"@id\":\"https:\\\/\\\/www.biopapa.de\\\/lt\\\/producte\\\/ekologiski-saltyje-dziovinti-acerola-milteliai\\\/\",\"url\":\"https:\\\/\\\/www.biopapa.de\\\/lt\\\/producte\\\/ekologiski-saltyje-dziovinti-acerola-milteliai\\\/\",\"name\":\"Ekologi\u0161ki \u0161altyje d\u017eiovinti acerola milteliai - Biopapa\",\"isPartOf\":{\"@id\":\"https:\\\/\\\/www.biopapa.de\\\/lt\\\/#website\"},\"primaryImageOfPage\":{\"@id\":\"https:\\\/\\\/www.biopapa.de\\\/lt\\\/producte\\\/ekologiski-saltyje-dziovinti-acerola-milteliai\\\/#primaryimage\"},\"image\":{\"@id\":\"https:\\\/\\\/www.biopapa.de\\\/lt\\\/producte\\\/ekologiski-saltyje-dziovinti-acerola-milteliai\\\/#primaryimage\"},\"thumbnailUrl\":\"https:\\\/\\\/www.biopapa.de\\\/wp-content\\\/uploads\\\/2025\\\/06\\\/Ekologiska-acerola.webp\",\"datePublished\":\"2025-06-17T08:01:58+00:00\",\"dateModified\":\"2026-03-02T08:13:25+00:00\",\"description\":\"Malpighia glabra\u00a0veisl\u0117s acerola ypa\u010d turtinga vitamino C, d\u0117l to jos skonis yra r\u016bg\u0161tokas, o tai daro j\u0105 idealia gaminant produktus, kuriuose reikalingas didelis vitamino C kiekis.\",\"breadcrumb\":{\"@id\":\"https:\\\/\\\/www.biopapa.de\\\/lt\\\/producte\\\/ekologiski-saltyje-dziovinti-acerola-milteliai\\\/#breadcrumb\"},\"inLanguage\":\"lt-LT\",\"potentialAction\":[{\"@type\":\"ReadAction\",\"target\":[\"https:\\\/\\\/www.biopapa.de\\\/lt\\\/producte\\\/ekologiski-saltyje-dziovinti-acerola-milteliai\\\/\"]}]},{\"@type\":\"ImageObject\",\"inLanguage\":\"lt-LT\",\"@id\":\"https:\\\/\\\/www.biopapa.de\\\/lt\\\/producte\\\/ekologiski-saltyje-dziovinti-acerola-milteliai\\\/#primaryimage\",\"url\":\"https:\\\/\\\/www.biopapa.de\\\/wp-content\\\/uploads\\\/2025\\\/06\\\/Ekologiska-acerola.webp\",\"contentUrl\":\"https:\\\/\\\/www.biopapa.de\\\/wp-content\\\/uploads\\\/2025\\\/06\\\/Ekologiska-acerola.webp\",\"width\":800,\"height\":640},{\"@type\":\"BreadcrumbList\",\"@id\":\"https:\\\/\\\/www.biopapa.de\\\/lt\\\/producte\\\/ekologiski-saltyje-dziovinti-acerola-milteliai\\\/#breadcrumb\",\"itemListElement\":[{\"@type\":\"ListItem\",\"position\":1,\"name\":\"Home\",\"item\":\"https:\\\/\\\/www.biopapa.de\\\/lt\\\/\"},{\"@type\":\"ListItem\",\"position\":2,\"name\":\"Parduotuv\u0117\",\"item\":\"https:\\\/\\\/www.biopapa.de\\\/parduotuve\\\/\"},{\"@type\":\"ListItem\",\"position\":3,\"name\":\"Ekologi\u0161ki \u0161altyje d\u017eiovinti acerola milteliai\"}]},{\"@type\":\"WebSite\",\"@id\":\"https:\\\/\\\/www.biopapa.de\\\/lt\\\/#website\",\"url\":\"https:\\\/\\\/www.biopapa.de\\\/lt\\\/\",\"name\":\"Biopapa\",\"description\":\"\u0160var\u016bs ekologi\u0161ki produktai\",\"publisher\":{\"@id\":\"https:\\\/\\\/www.biopapa.de\\\/lt\\\/#organization\"},\"potentialAction\":[{\"@type\":\"SearchAction\",\"target\":{\"@type\":\"EntryPoint\",\"urlTemplate\":\"https:\\\/\\\/www.biopapa.de\\\/lt\\\/?s={search_term_string}\"},\"query-input\":{\"@type\":\"PropertyValueSpecification\",\"valueRequired\":true,\"valueName\":\"search_term_string\"}}],\"inLanguage\":\"lt-LT\"},{\"@type\":\"Organization\",\"@id\":\"https:\\\/\\\/www.biopapa.de\\\/lt\\\/#organization\",\"name\":\"Biopapa\",\"url\":\"https:\\\/\\\/www.biopapa.de\\\/lt\\\/\",\"logo\":{\"@type\":\"ImageObject\",\"inLanguage\":\"lt-LT\",\"@id\":\"https:\\\/\\\/www.biopapa.de\\\/lt\\\/#\\\/schema\\\/logo\\\/image\\\/\",\"url\":\"https:\\\/\\\/www.biopapa.lt\\\/wp-content\\\/uploads\\\/2022\\\/04\\\/facebook_biopapa.jpg\",\"contentUrl\":\"https:\\\/\\\/www.biopapa.lt\\\/wp-content\\\/uploads\\\/2022\\\/04\\\/facebook_biopapa.jpg\",\"width\":1733,\"height\":907,\"caption\":\"Biopapa\"},\"image\":{\"@id\":\"https:\\\/\\\/www.biopapa.de\\\/lt\\\/#\\\/schema\\\/logo\\\/image\\\/\"},\"sameAs\":[\"https:\\\/\\\/www.facebook.com\\\/biopapa.lt\"]}]}<\/script>\n<!-- \/ Yoast SEO plugin. -->","yoast_head_json":{"title":"Ekologi\u0161ki \u0161altyje d\u017eiovinti acerola milteliai - Biopapa","description":"Malpighia glabra\u00a0veisl\u0117s acerola ypa\u010d turtinga vitamino C, d\u0117l to jos skonis yra r\u016bg\u0161tokas, o tai daro j\u0105 idealia gaminant produktus, kuriuose reikalingas didelis vitamino C kiekis.","robots":{"index":"index","follow":"follow","max-snippet":"max-snippet:-1","max-image-preview":"max-image-preview:large","max-video-preview":"max-video-preview:-1"},"canonical":"https:\/\/www.biopapa.de\/lt\/producte\/ekologiski-saltyje-dziovinti-acerola-milteliai\/","og_locale":"lt_LT","og_type":"article","og_title":"Ekologi\u0161ki \u0161altyje d\u017eiovinti acerola milteliai - Biopapa","og_description":"Malpighia glabra\u00a0veisl\u0117s acerola ypa\u010d turtinga vitamino C, d\u0117l to jos skonis yra r\u016bg\u0161tokas, o tai daro j\u0105 idealia gaminant produktus, kuriuose reikalingas didelis vitamino C kiekis.","og_url":"https:\/\/www.biopapa.de\/lt\/producte\/ekologiski-saltyje-dziovinti-acerola-milteliai\/","og_site_name":"Biopapa","article_publisher":"https:\/\/www.facebook.com\/biopapa.lt","article_modified_time":"2026-03-02T08:13:25+00:00","og_image":[{"width":800,"height":640,"url":"https:\/\/www.biopapa.de\/wp-content\/uploads\/2025\/06\/Ekologiska-acerola.webp","type":"image\/webp"}],"twitter_card":"summary_large_image","schema":{"@context":"https:\/\/schema.org","@graph":[{"@type":"WebPage","@id":"https:\/\/www.biopapa.de\/lt\/producte\/ekologiski-saltyje-dziovinti-acerola-milteliai\/","url":"https:\/\/www.biopapa.de\/lt\/producte\/ekologiski-saltyje-dziovinti-acerola-milteliai\/","name":"Ekologi\u0161ki \u0161altyje d\u017eiovinti acerola milteliai - Biopapa","isPartOf":{"@id":"https:\/\/www.biopapa.de\/lt\/#website"},"primaryImageOfPage":{"@id":"https:\/\/www.biopapa.de\/lt\/producte\/ekologiski-saltyje-dziovinti-acerola-milteliai\/#primaryimage"},"image":{"@id":"https:\/\/www.biopapa.de\/lt\/producte\/ekologiski-saltyje-dziovinti-acerola-milteliai\/#primaryimage"},"thumbnailUrl":"https:\/\/www.biopapa.de\/wp-content\/uploads\/2025\/06\/Ekologiska-acerola.webp","datePublished":"2025-06-17T08:01:58+00:00","dateModified":"2026-03-02T08:13:25+00:00","description":"Malpighia glabra\u00a0veisl\u0117s acerola ypa\u010d turtinga vitamino C, d\u0117l to jos skonis yra r\u016bg\u0161tokas, o tai daro j\u0105 idealia gaminant produktus, kuriuose reikalingas didelis vitamino C kiekis.","breadcrumb":{"@id":"https:\/\/www.biopapa.de\/lt\/producte\/ekologiski-saltyje-dziovinti-acerola-milteliai\/#breadcrumb"},"inLanguage":"lt-LT","potentialAction":[{"@type":"ReadAction","target":["https:\/\/www.biopapa.de\/lt\/producte\/ekologiski-saltyje-dziovinti-acerola-milteliai\/"]}]},{"@type":"ImageObject","inLanguage":"lt-LT","@id":"https:\/\/www.biopapa.de\/lt\/producte\/ekologiski-saltyje-dziovinti-acerola-milteliai\/#primaryimage","url":"https:\/\/www.biopapa.de\/wp-content\/uploads\/2025\/06\/Ekologiska-acerola.webp","contentUrl":"https:\/\/www.biopapa.de\/wp-content\/uploads\/2025\/06\/Ekologiska-acerola.webp","width":800,"height":640},{"@type":"BreadcrumbList","@id":"https:\/\/www.biopapa.de\/lt\/producte\/ekologiski-saltyje-dziovinti-acerola-milteliai\/#breadcrumb","itemListElement":[{"@type":"ListItem","position":1,"name":"Home","item":"https:\/\/www.biopapa.de\/lt\/"},{"@type":"ListItem","position":2,"name":"Parduotuv\u0117","item":"https:\/\/www.biopapa.de\/parduotuve\/"},{"@type":"ListItem","position":3,"name":"Ekologi\u0161ki \u0161altyje d\u017eiovinti acerola milteliai"}]},{"@type":"WebSite","@id":"https:\/\/www.biopapa.de\/lt\/#website","url":"https:\/\/www.biopapa.de\/lt\/","name":"Biopapa","description":"\u0160var\u016bs ekologi\u0161ki produktai","publisher":{"@id":"https:\/\/www.biopapa.de\/lt\/#organization"},"potentialAction":[{"@type":"SearchAction","target":{"@type":"EntryPoint","urlTemplate":"https:\/\/www.biopapa.de\/lt\/?s={search_term_string}"},"query-input":{"@type":"PropertyValueSpecification","valueRequired":true,"valueName":"search_term_string"}}],"inLanguage":"lt-LT"},{"@type":"Organization","@id":"https:\/\/www.biopapa.de\/lt\/#organization","name":"Biopapa","url":"https:\/\/www.biopapa.de\/lt\/","logo":{"@type":"ImageObject","inLanguage":"lt-LT","@id":"https:\/\/www.biopapa.de\/lt\/#\/schema\/logo\/image\/","url":"https:\/\/www.biopapa.lt\/wp-content\/uploads\/2022\/04\/facebook_biopapa.jpg","contentUrl":"https:\/\/www.biopapa.lt\/wp-content\/uploads\/2022\/04\/facebook_biopapa.jpg","width":1733,"height":907,"caption":"Biopapa"},"image":{"@id":"https:\/\/www.biopapa.de\/lt\/#\/schema\/logo\/image\/"},"sameAs":["https:\/\/www.facebook.com\/biopapa.lt"]}]}},"_links":{"self":[{"href":"https:\/\/www.biopapa.de\/lt\/wp-json\/wp\/v2\/product\/46162","targetHints":{"allow":["GET"]}}],"collection":[{"href":"https:\/\/www.biopapa.de\/lt\/wp-json\/wp\/v2\/product"}],"about":[{"href":"https:\/\/www.biopapa.de\/lt\/wp-json\/wp\/v2\/types\/product"}],"wp:featuredmedia":[{"embeddable":true,"href":"https:\/\/www.biopapa.de\/lt\/wp-json\/wp\/v2\/media\/46194"}],"wp:attachment":[{"href":"https:\/\/www.biopapa.de\/lt\/wp-json\/wp\/v2\/media?parent=46162"}],"wp:term":[{"taxonomy":"product_brand","embeddable":true,"href":"https:\/\/www.biopapa.de\/lt\/wp-json\/wp\/v2\/product_brand?post=46162"},{"taxonomy":"product_cat","embeddable":true,"href":"https:\/\/www.biopapa.de\/lt\/wp-json\/wp\/v2\/product_cat?post=46162"},{"taxonomy":"product_tag","embeddable":true,"href":"https:\/\/www.biopapa.de\/lt\/wp-json\/wp\/v2\/product_tag?post=46162"}],"curies":[{"name":"wp","href":"https:\/\/api.w.org\/{rel}","templated":true}]}}