{"id":46296,"date":"2025-06-30T15:59:43","date_gmt":"2025-06-30T12:59:43","guid":{"rendered":"https:\/\/www.biopapa.de\/?post_type=product&#038;p=46296"},"modified":"2025-10-07T13:45:48","modified_gmt":"2025-10-07T10:45:48","slug":"ekologiski-baltieji-apvalus-ryziai","status":"publish","type":"product","link":"https:\/\/www.biopapa.de\/lt\/producte\/ekologiski-baltieji-apvalus-ryziai\/","title":{"rendered":"Ekologi\u0161ki baltieji apval\u016bs ry\u017eiai"},"content":{"rendered":"<p>Baltieji apvalieji ry\u017eiai yra vertinami d\u0117l mink\u0161tos ir lipnios tekst\u016bros, kai jie yra i\u0161virti, tod\u0117l puikiai tinka \u012fvairiems patiekalams \u2013 nuo su\u0161i ir ry\u017ei\u0173 rutuliuk\u0173 iki kremini\u0173 rizot\u0173 ir desert\u0173. Skirtingai nei ilgagr\u016bd\u017eiai ry\u017eiai, kurie lieka bir\u016bs, apvalieji ry\u017eiai sulimpa ir gerai i\u0161laiko skon\u012f. Maistiniu po\u017ei\u016briu tai yra geras greitai vir\u0161kinam\u0173 angliavandeni\u0173 \u0161altinis, tod\u0117l suteikia energijos.<br \/>\nBaltuosius apvaliuosius ry\u017eius paprasta paruo\u0161ti:<br \/>\nNuplaukite juos, kol vanduo taps skaidrus, kad pa\u0161alintum\u0117te perteklin\u012f krakmol\u0105, tuomet virkite ry\u017ei\u0173 virykl\u0117je arba puode santykiu 1:1,25 (vanduo ir ry\u017eiai) apie 15\u201320 minu\u010di\u0173 ant ma\u017eos ugnies.<br \/>\n\u0160ie universal\u016bs ry\u017eiai gali b\u016bti pagardinti actu su\u0161iui, prieskoniais pikanti\u0161kiems patiekalams arba saldinti pienu ir saldikliais, tod\u0117l yra jaukus ir \u012fvairiapusis pasirinkimas virtuv\u0117je.<\/p>\n","protected":false},"excerpt":{"rendered":"<p>Baltieji apvalieji ry\u017eiai yra vertinami d\u0117l mink\u0161tos ir lipnios tekst\u016bros, kai jie yra i\u0161virti, tod\u0117l puikiai tinka \u012fvairiems patiekalams \u2013<\/p>\n","protected":false},"featured_media":46349,"template":"","meta":{"_acf_changed":false},"product_brand":[],"product_cat":[1295,1932],"product_tag":[1378],"class_list":{"0":"post-46296","1":"product","2":"type-product","3":"status-publish","4":"has-post-thumbnail","6":"product_cat-ekologiskos-kruopos-ankstiniai","7":"product_cat-kruopos-grudai","8":"product_tag-veganams","9":"pa_svoris-1-kg","10":"pa_svoris-100-g","11":"pa_svoris-200-g","12":"pa_svoris-25-kg","13":"pa_svoris-300-g","14":"pa_svoris-400-g","15":"pa_svoris-500-g","17":"first","18":"instock","19":"shipping-taxable","20":"purchasable","21":"product-type-variable"},"acf":[],"yoast_head":"<!-- This site is optimized with the Yoast SEO plugin v27.5 - https:\/\/yoast.com\/product\/yoast-seo-wordpress\/ -->\n<title>Ekologi\u0161ki baltieji apval\u016bs ry\u017eiai - Biopapa<\/title>\n<meta name=\"description\" content=\"Baltieji apvalieji ry\u017eiai yra vertinami d\u0117l mink\u0161tos ir lipnios tekst\u016bros, kai jie yra i\u0161virti, tod\u0117l puikiai tinka \u012fvairiems patiekalams \u2013 nuo su\u0161i ir ry\u017ei\u0173 rutuliuk\u0173 iki kremini\u0173 rizot\u0173 ir desert\u0173.\" \/>\n<meta name=\"robots\" content=\"index, follow, max-snippet:-1, max-image-preview:large, max-video-preview:-1\" \/>\n<link rel=\"canonical\" href=\"https:\/\/www.biopapa.de\/lt\/producte\/ekologiski-baltieji-apvalus-ryziai\/\" \/>\n<meta property=\"og:locale\" content=\"lt_LT\" \/>\n<meta property=\"og:type\" content=\"article\" \/>\n<meta property=\"og:title\" content=\"Ekologi\u0161ki baltieji apval\u016bs ry\u017eiai - Biopapa\" \/>\n<meta property=\"og:description\" content=\"Baltieji apvalieji ry\u017eiai yra vertinami d\u0117l mink\u0161tos ir lipnios tekst\u016bros, kai jie yra i\u0161virti, tod\u0117l puikiai tinka \u012fvairiems patiekalams \u2013 nuo su\u0161i ir ry\u017ei\u0173 rutuliuk\u0173 iki kremini\u0173 rizot\u0173 ir desert\u0173.\" \/>\n<meta property=\"og:url\" content=\"https:\/\/www.biopapa.de\/lt\/producte\/ekologiski-baltieji-apvalus-ryziai\/\" \/>\n<meta property=\"og:site_name\" content=\"Biopapa\" \/>\n<meta property=\"article:publisher\" content=\"https:\/\/www.facebook.com\/biopapa.lt\" \/>\n<meta property=\"article:modified_time\" content=\"2025-10-07T10:45:48+00:00\" \/>\n<meta property=\"og:image\" content=\"https:\/\/www.biopapa.de\/wp-content\/uploads\/2025\/06\/Ekologiski-baltieji-apvalus-ryziai.png.webp\" \/>\n\t<meta property=\"og:image:width\" content=\"800\" \/>\n\t<meta property=\"og:image:height\" content=\"640\" \/>\n\t<meta property=\"og:image:type\" content=\"image\/webp\" \/>\n<meta name=\"twitter:card\" content=\"summary_large_image\" \/>\n<script type=\"application\/ld+json\" class=\"yoast-schema-graph\">{\"@context\":\"https:\\\/\\\/schema.org\",\"@graph\":[{\"@type\":\"WebPage\",\"@id\":\"https:\\\/\\\/www.biopapa.de\\\/lt\\\/producte\\\/ekologiski-baltieji-apvalus-ryziai\\\/\",\"url\":\"https:\\\/\\\/www.biopapa.de\\\/lt\\\/producte\\\/ekologiski-baltieji-apvalus-ryziai\\\/\",\"name\":\"Ekologi\u0161ki baltieji apval\u016bs ry\u017eiai - Biopapa\",\"isPartOf\":{\"@id\":\"https:\\\/\\\/www.biopapa.de\\\/lt\\\/#website\"},\"primaryImageOfPage\":{\"@id\":\"https:\\\/\\\/www.biopapa.de\\\/lt\\\/producte\\\/ekologiski-baltieji-apvalus-ryziai\\\/#primaryimage\"},\"image\":{\"@id\":\"https:\\\/\\\/www.biopapa.de\\\/lt\\\/producte\\\/ekologiski-baltieji-apvalus-ryziai\\\/#primaryimage\"},\"thumbnailUrl\":\"https:\\\/\\\/www.biopapa.de\\\/wp-content\\\/uploads\\\/2025\\\/06\\\/Ekologiski-baltieji-apvalus-ryziai.png.webp\",\"datePublished\":\"2025-06-30T12:59:43+00:00\",\"dateModified\":\"2025-10-07T10:45:48+00:00\",\"description\":\"Baltieji apvalieji ry\u017eiai yra vertinami d\u0117l mink\u0161tos ir lipnios tekst\u016bros, kai jie yra i\u0161virti, tod\u0117l puikiai tinka \u012fvairiems patiekalams \u2013 nuo su\u0161i ir ry\u017ei\u0173 rutuliuk\u0173 iki kremini\u0173 rizot\u0173 ir desert\u0173.\",\"breadcrumb\":{\"@id\":\"https:\\\/\\\/www.biopapa.de\\\/lt\\\/producte\\\/ekologiski-baltieji-apvalus-ryziai\\\/#breadcrumb\"},\"inLanguage\":\"lt-LT\",\"potentialAction\":[{\"@type\":\"ReadAction\",\"target\":[\"https:\\\/\\\/www.biopapa.de\\\/lt\\\/producte\\\/ekologiski-baltieji-apvalus-ryziai\\\/\"]}]},{\"@type\":\"ImageObject\",\"inLanguage\":\"lt-LT\",\"@id\":\"https:\\\/\\\/www.biopapa.de\\\/lt\\\/producte\\\/ekologiski-baltieji-apvalus-ryziai\\\/#primaryimage\",\"url\":\"https:\\\/\\\/www.biopapa.de\\\/wp-content\\\/uploads\\\/2025\\\/06\\\/Ekologiski-baltieji-apvalus-ryziai.png.webp\",\"contentUrl\":\"https:\\\/\\\/www.biopapa.de\\\/wp-content\\\/uploads\\\/2025\\\/06\\\/Ekologiski-baltieji-apvalus-ryziai.png.webp\",\"width\":800,\"height\":640},{\"@type\":\"BreadcrumbList\",\"@id\":\"https:\\\/\\\/www.biopapa.de\\\/lt\\\/producte\\\/ekologiski-baltieji-apvalus-ryziai\\\/#breadcrumb\",\"itemListElement\":[{\"@type\":\"ListItem\",\"position\":1,\"name\":\"Home\",\"item\":\"https:\\\/\\\/www.biopapa.de\\\/lt\\\/\"},{\"@type\":\"ListItem\",\"position\":2,\"name\":\"Parduotuv\u0117\",\"item\":\"https:\\\/\\\/www.biopapa.de\\\/parduotuve\\\/\"},{\"@type\":\"ListItem\",\"position\":3,\"name\":\"Ekologi\u0161ki baltieji apval\u016bs ry\u017eiai\"}]},{\"@type\":\"WebSite\",\"@id\":\"https:\\\/\\\/www.biopapa.de\\\/lt\\\/#website\",\"url\":\"https:\\\/\\\/www.biopapa.de\\\/lt\\\/\",\"name\":\"Biopapa\",\"description\":\"\u0160var\u016bs ekologi\u0161ki produktai\",\"publisher\":{\"@id\":\"https:\\\/\\\/www.biopapa.de\\\/lt\\\/#organization\"},\"potentialAction\":[{\"@type\":\"SearchAction\",\"target\":{\"@type\":\"EntryPoint\",\"urlTemplate\":\"https:\\\/\\\/www.biopapa.de\\\/lt\\\/?s={search_term_string}\"},\"query-input\":{\"@type\":\"PropertyValueSpecification\",\"valueRequired\":true,\"valueName\":\"search_term_string\"}}],\"inLanguage\":\"lt-LT\"},{\"@type\":\"Organization\",\"@id\":\"https:\\\/\\\/www.biopapa.de\\\/lt\\\/#organization\",\"name\":\"Biopapa\",\"url\":\"https:\\\/\\\/www.biopapa.de\\\/lt\\\/\",\"logo\":{\"@type\":\"ImageObject\",\"inLanguage\":\"lt-LT\",\"@id\":\"https:\\\/\\\/www.biopapa.de\\\/lt\\\/#\\\/schema\\\/logo\\\/image\\\/\",\"url\":\"https:\\\/\\\/www.biopapa.lt\\\/wp-content\\\/uploads\\\/2022\\\/04\\\/facebook_biopapa.jpg\",\"contentUrl\":\"https:\\\/\\\/www.biopapa.lt\\\/wp-content\\\/uploads\\\/2022\\\/04\\\/facebook_biopapa.jpg\",\"width\":1733,\"height\":907,\"caption\":\"Biopapa\"},\"image\":{\"@id\":\"https:\\\/\\\/www.biopapa.de\\\/lt\\\/#\\\/schema\\\/logo\\\/image\\\/\"},\"sameAs\":[\"https:\\\/\\\/www.facebook.com\\\/biopapa.lt\"]}]}<\/script>\n<!-- \/ Yoast SEO plugin. -->","yoast_head_json":{"title":"Ekologi\u0161ki baltieji apval\u016bs ry\u017eiai - Biopapa","description":"Baltieji apvalieji ry\u017eiai yra vertinami d\u0117l mink\u0161tos ir lipnios tekst\u016bros, kai jie yra i\u0161virti, tod\u0117l puikiai tinka \u012fvairiems patiekalams \u2013 nuo su\u0161i ir ry\u017ei\u0173 rutuliuk\u0173 iki kremini\u0173 rizot\u0173 ir desert\u0173.","robots":{"index":"index","follow":"follow","max-snippet":"max-snippet:-1","max-image-preview":"max-image-preview:large","max-video-preview":"max-video-preview:-1"},"canonical":"https:\/\/www.biopapa.de\/lt\/producte\/ekologiski-baltieji-apvalus-ryziai\/","og_locale":"lt_LT","og_type":"article","og_title":"Ekologi\u0161ki baltieji apval\u016bs ry\u017eiai - Biopapa","og_description":"Baltieji apvalieji ry\u017eiai yra vertinami d\u0117l mink\u0161tos ir lipnios tekst\u016bros, kai jie yra i\u0161virti, tod\u0117l puikiai tinka \u012fvairiems patiekalams \u2013 nuo su\u0161i ir ry\u017ei\u0173 rutuliuk\u0173 iki kremini\u0173 rizot\u0173 ir desert\u0173.","og_url":"https:\/\/www.biopapa.de\/lt\/producte\/ekologiski-baltieji-apvalus-ryziai\/","og_site_name":"Biopapa","article_publisher":"https:\/\/www.facebook.com\/biopapa.lt","article_modified_time":"2025-10-07T10:45:48+00:00","og_image":[{"width":800,"height":640,"url":"https:\/\/www.biopapa.de\/wp-content\/uploads\/2025\/06\/Ekologiski-baltieji-apvalus-ryziai.png.webp","type":"image\/webp"}],"twitter_card":"summary_large_image","schema":{"@context":"https:\/\/schema.org","@graph":[{"@type":"WebPage","@id":"https:\/\/www.biopapa.de\/lt\/producte\/ekologiski-baltieji-apvalus-ryziai\/","url":"https:\/\/www.biopapa.de\/lt\/producte\/ekologiski-baltieji-apvalus-ryziai\/","name":"Ekologi\u0161ki baltieji apval\u016bs ry\u017eiai - Biopapa","isPartOf":{"@id":"https:\/\/www.biopapa.de\/lt\/#website"},"primaryImageOfPage":{"@id":"https:\/\/www.biopapa.de\/lt\/producte\/ekologiski-baltieji-apvalus-ryziai\/#primaryimage"},"image":{"@id":"https:\/\/www.biopapa.de\/lt\/producte\/ekologiski-baltieji-apvalus-ryziai\/#primaryimage"},"thumbnailUrl":"https:\/\/www.biopapa.de\/wp-content\/uploads\/2025\/06\/Ekologiski-baltieji-apvalus-ryziai.png.webp","datePublished":"2025-06-30T12:59:43+00:00","dateModified":"2025-10-07T10:45:48+00:00","description":"Baltieji apvalieji ry\u017eiai yra vertinami d\u0117l mink\u0161tos ir lipnios tekst\u016bros, kai jie yra i\u0161virti, tod\u0117l puikiai tinka \u012fvairiems patiekalams \u2013 nuo su\u0161i ir ry\u017ei\u0173 rutuliuk\u0173 iki kremini\u0173 rizot\u0173 ir desert\u0173.","breadcrumb":{"@id":"https:\/\/www.biopapa.de\/lt\/producte\/ekologiski-baltieji-apvalus-ryziai\/#breadcrumb"},"inLanguage":"lt-LT","potentialAction":[{"@type":"ReadAction","target":["https:\/\/www.biopapa.de\/lt\/producte\/ekologiski-baltieji-apvalus-ryziai\/"]}]},{"@type":"ImageObject","inLanguage":"lt-LT","@id":"https:\/\/www.biopapa.de\/lt\/producte\/ekologiski-baltieji-apvalus-ryziai\/#primaryimage","url":"https:\/\/www.biopapa.de\/wp-content\/uploads\/2025\/06\/Ekologiski-baltieji-apvalus-ryziai.png.webp","contentUrl":"https:\/\/www.biopapa.de\/wp-content\/uploads\/2025\/06\/Ekologiski-baltieji-apvalus-ryziai.png.webp","width":800,"height":640},{"@type":"BreadcrumbList","@id":"https:\/\/www.biopapa.de\/lt\/producte\/ekologiski-baltieji-apvalus-ryziai\/#breadcrumb","itemListElement":[{"@type":"ListItem","position":1,"name":"Home","item":"https:\/\/www.biopapa.de\/lt\/"},{"@type":"ListItem","position":2,"name":"Parduotuv\u0117","item":"https:\/\/www.biopapa.de\/parduotuve\/"},{"@type":"ListItem","position":3,"name":"Ekologi\u0161ki baltieji apval\u016bs ry\u017eiai"}]},{"@type":"WebSite","@id":"https:\/\/www.biopapa.de\/lt\/#website","url":"https:\/\/www.biopapa.de\/lt\/","name":"Biopapa","description":"\u0160var\u016bs ekologi\u0161ki produktai","publisher":{"@id":"https:\/\/www.biopapa.de\/lt\/#organization"},"potentialAction":[{"@type":"SearchAction","target":{"@type":"EntryPoint","urlTemplate":"https:\/\/www.biopapa.de\/lt\/?s={search_term_string}"},"query-input":{"@type":"PropertyValueSpecification","valueRequired":true,"valueName":"search_term_string"}}],"inLanguage":"lt-LT"},{"@type":"Organization","@id":"https:\/\/www.biopapa.de\/lt\/#organization","name":"Biopapa","url":"https:\/\/www.biopapa.de\/lt\/","logo":{"@type":"ImageObject","inLanguage":"lt-LT","@id":"https:\/\/www.biopapa.de\/lt\/#\/schema\/logo\/image\/","url":"https:\/\/www.biopapa.lt\/wp-content\/uploads\/2022\/04\/facebook_biopapa.jpg","contentUrl":"https:\/\/www.biopapa.lt\/wp-content\/uploads\/2022\/04\/facebook_biopapa.jpg","width":1733,"height":907,"caption":"Biopapa"},"image":{"@id":"https:\/\/www.biopapa.de\/lt\/#\/schema\/logo\/image\/"},"sameAs":["https:\/\/www.facebook.com\/biopapa.lt"]}]}},"_links":{"self":[{"href":"https:\/\/www.biopapa.de\/lt\/wp-json\/wp\/v2\/product\/46296","targetHints":{"allow":["GET"]}}],"collection":[{"href":"https:\/\/www.biopapa.de\/lt\/wp-json\/wp\/v2\/product"}],"about":[{"href":"https:\/\/www.biopapa.de\/lt\/wp-json\/wp\/v2\/types\/product"}],"wp:featuredmedia":[{"embeddable":true,"href":"https:\/\/www.biopapa.de\/lt\/wp-json\/wp\/v2\/media\/46349"}],"wp:attachment":[{"href":"https:\/\/www.biopapa.de\/lt\/wp-json\/wp\/v2\/media?parent=46296"}],"wp:term":[{"taxonomy":"product_brand","embeddable":true,"href":"https:\/\/www.biopapa.de\/lt\/wp-json\/wp\/v2\/product_brand?post=46296"},{"taxonomy":"product_cat","embeddable":true,"href":"https:\/\/www.biopapa.de\/lt\/wp-json\/wp\/v2\/product_cat?post=46296"},{"taxonomy":"product_tag","embeddable":true,"href":"https:\/\/www.biopapa.de\/lt\/wp-json\/wp\/v2\/product_tag?post=46296"}],"curies":[{"name":"wp","href":"https:\/\/api.w.org\/{rel}","templated":true}]}}