{"id":46373,"date":"2025-07-03T14:01:36","date_gmt":"2025-07-03T11:01:36","guid":{"rendered":"https:\/\/www.biopapa.de\/?post_type=product&#038;p=46373"},"modified":"2026-01-28T10:20:36","modified_gmt":"2026-01-28T08:20:36","slug":"ekologiskos-slifuotos-spindulines-pupuoles-mung-skaldytos-raw","status":"publish","type":"product","link":"https:\/\/www.biopapa.de\/lt\/producte\/ekologiskos-slifuotos-spindulines-pupuoles-mung-skaldytos-raw\/","title":{"rendered":"Ekologi\u0161kos \u0161lifuotos spindulin\u0117s pupuol\u0117s (mung) skaldytos RAW"},"content":{"rendered":"<p><strong>Ekologi\u0161kos \u0161lifuotos spindulin\u0117s pupuol\u0117s (mung) skaldytos, RAW<\/strong><br \/>\nSkaldytos spindulin\u0117s pupuol\u0117s (dar vadinamos \u017eali\u0173j\u0173 pupeli\u0173 dalel\u0117mis) turi ilg\u0105 istorij\u0105 Piet\u0173 Azijoje, ypa\u010d Indijoje, kur jos buvo vartojamos t\u016bkstan\u010dius met\u0173. Spindulin\u0117s pupuol\u0117s (Vigna radiata) yra vienos seniausi\u0173 kult\u016brini\u0173 ank\u0161tini\u0173 augal\u0173, ypa\u010d pla\u010diai naudojam\u0173 ajurvedin\u0117je mityboje d\u0117l savo lengvo vir\u0161kinamumo ir maistin\u0117s vert\u0117s.<br \/>\nSkaldytos spindulin\u0117s pupuol\u0117s \u2013 tai nuluptos ir perpus padalytos visos mung pupel\u0117s, kurios verdamos grei\u010diau ir turi \u0161velnesn\u012f skon\u012f. Tradici\u0161kai jos naudojamos gaminant dal patiekalus, sriubas ar net sald\u017eius desertus, tokius kaip indi\u0161kas mung dal halwa ar garsusis ki\u010daris (kitchari) \u2013 tai ajurvedinis patiekalas i\u0161 Indijos, laikomas lengvu, subalansuotu ir gydan\u010diu maistu.<br \/>\n\u0160ios pupel\u0117s yra itin universalios \u2013 jos gali b\u016bti naudojamos sriubose, ko\u0161\u0117se, tro\u0161kiniuose ar net blyneliuose ir vegetari\u0161kuose kotletuose. Skaldytos spindulin\u0117s pupuol\u0117s turi daug baltym\u0173, skaidul\u0173, vitamin\u0173 bei mineral\u0173. Jas ypa\u010d vertina veganai ir \u017emon\u0117s, besilaikantys lengvos ar detoksikuojan\u010dios mitybos, nes mung pupel\u0117s yra \u0161velnios vir\u0161kinimo sistemai ir nesukelia pilvo p\u016btimo. Tai puikus ingredientas kasdieniams, sveikiems patiekalams.<\/p>\n<p>Prie\u0161 verdant nuplauti ir pamirkyti\u00a0 apie 2-4 val.<br \/>\nVirkite apie 30 minu\u010di\u0173 arba kol sumink\u0161t\u0117s, proporcija su vandeniu 1:3.<br \/>\nDrusk\u0105 \u012fd\u0117kite pabaigoje, baigiant gaminimo laik\u0105.<\/p>\n<p>Skaldyt\u0173 spindulini\u0173 pupuoli\u0173 tro\u0161kinio receptas<br \/>\n\u0160velnaus skonio, baltym\u0173 turtingas patiekalas, puikiai tinkantis tiek kaip garnyras, tiek kaip lengvas vegetari\u0161kas pagrindinis patiekalas.<\/p>\n<p>Ingredientai:<br \/>\n1 puodelis skaldyt\u0173 spindulini\u0173 pupuoli\u0173<br \/>\n3 puodeliai vandens<br \/>\n1 nedidelis morkas, smulkiai pjaustytas<br \/>\n1 saliero stiebas, pjaustytas kubeliais<br \/>\n1 ma\u017eas svog\u016bnas, susmulkintas<br \/>\n1 skiltel\u0117 \u010desnako, susmulkinta<br \/>\n1 lauro lapas<br \/>\n1\/2 \u0161auk\u0161telio d\u017eiovinto \u010diobrelio<br \/>\n1 \u0161auk\u0161tas alyvuogi\u0173 aliejaus<br \/>\nDruska ir pipirai pagal skon\u012f<br \/>\n\u0160lakelis citrinos sul\u010di\u0173 (neb\u016btina)<br \/>\n\u0160vie\u017eios petra\u017eol\u0117s arba kalendra patiekimui<br \/>\nParuo\u0161imas:<br \/>\nSkaldytas mung pupuoles perplaukite, u\u017epilkite vandeniu ir u\u017evirkite.<br \/>\n\u012ed\u0117kite morkas, salierus, svog\u016bn\u0105, \u010desnak\u0105, lauro lap\u0105 ir \u010diobrel\u012f. Virkite ant silpnos ugnies apie 30 min., kol pupel\u0117s taps mink\u0161tos, bet dar i\u0161laikys form\u0105.<br \/>\nPagardinkite druska, pipirais ir \u0161lakeliu alyvuogi\u0173 aliejaus. Nor\u0117dami daugiau gaivumo, \u012fla\u0161inkite \u0161iek tiek citrinos sul\u010di\u0173.<br \/>\nPatiekite kar\u0161t\u0105, apibarstyt\u0105 \u0161vie\u017eiomis petra\u017eol\u0117mis arba kalendra. Puikiai dera su pilno gr\u016bdo duona arba bulv\u0117mis.<\/p>\n<p>\u201eRAW food\u201c n\u0117ra vienareik\u0161mi\u0161kai apibr\u0117\u017etas terminas, ir jo interpretacijos gali skirtis. Taip vadinami produktai, kurie per gamybos proces\u0105 nebuvo kaitinami vir\u0161 45\u00b0C, taip pat saul\u0117je d\u017eiovintus vaisius. Transportavimo temperat\u016bros ne\u012ftraukiamos, nes n\u0117ra pakankamai patikim\u0173 duomen\u0173 apie jas. Pagrinde naudojami ne\u0161aldyti konteineriai ir sunkve\u017eimiai. Informacija apie gamybos ir apdorojimo temperat\u016bras yra pagr\u012fsta m\u016bs\u0173 tiek\u0117j\u0173 atliktais tyrimais.<\/p>\n<p>PASTABA. \u010cia pateikta informacija negali b\u016bti interpretuojama kaip gydymo ar kitokio pob\u016bd\u017eio sveikatos klausim\u0173 sprendimo rekomendacija. Raginame sprendimus, susijusius su asmenine sveikata, priimti asmeni\u0161kai, \u012fvertinus \u012fvairius informacijos \u0161altinius.<\/p>\n","protected":false},"excerpt":{"rendered":"<p>Ekologi\u0161kos \u0161lifuotos spindulin\u0117s pupuol\u0117s (mung) skaldytos, RAW Skaldytos spindulin\u0117s pupuol\u0117s (dar vadinamos \u017eali\u0173j\u0173 pupeli\u0173 dalel\u0117mis) turi ilg\u0105 istorij\u0105 Piet\u0173 Azijoje,<\/p>\n","protected":false},"featured_media":46405,"template":"","meta":{"_acf_changed":false},"product_brand":[],"product_cat":[1295,1932],"product_tag":[1378],"class_list":{"0":"post-46373","1":"product","2":"type-product","3":"status-publish","4":"has-post-thumbnail","6":"product_cat-ekologiskos-kruopos-ankstiniai","7":"product_cat-kruopos-grudai","8":"product_tag-veganams","9":"pa_svoris-1-kg","10":"pa_svoris-100-g","11":"pa_svoris-200-g","12":"pa_svoris-25-kg","13":"pa_svoris-300-g","14":"pa_svoris-400-g","15":"pa_svoris-500-g","17":"first","18":"instock","19":"shipping-taxable","20":"purchasable","21":"product-type-variable"},"acf":[],"yoast_head":"<!-- This site is optimized with the Yoast SEO plugin v27.5 - https:\/\/yoast.com\/product\/yoast-seo-wordpress\/ -->\n<title>Ekologi\u0161kos \u0161lifuotos spindulin\u0117s pupuol\u0117s (mung) skaldytos RAW - Biopapa<\/title>\n<meta name=\"description\" content=\"Ekologi\u0161kos spindulin\u0117s pupuol\u0117s (Mung, Vigna radiata), yra universalus ank\u0161tinis augalas, auginamas jau t\u016bkstan\u010dius met\u0173. Mung pupuol\u0117s yra puikus augalini\u0173 baltym\u0173 \u0161altinis.\" \/>\n<meta name=\"robots\" content=\"index, follow, max-snippet:-1, max-image-preview:large, max-video-preview:-1\" \/>\n<link rel=\"canonical\" href=\"https:\/\/www.biopapa.de\/lt\/producte\/ekologiskos-slifuotos-spindulines-pupuoles-mung-skaldytos-raw\/\" \/>\n<meta property=\"og:locale\" content=\"lt_LT\" \/>\n<meta property=\"og:type\" content=\"article\" \/>\n<meta property=\"og:title\" content=\"Ekologi\u0161kos \u0161lifuotos spindulin\u0117s pupuol\u0117s (mung) skaldytos RAW - Biopapa\" \/>\n<meta property=\"og:description\" content=\"Ekologi\u0161kos spindulin\u0117s pupuol\u0117s (Mung, Vigna radiata), yra universalus ank\u0161tinis augalas, auginamas jau t\u016bkstan\u010dius met\u0173. Mung pupuol\u0117s yra puikus augalini\u0173 baltym\u0173 \u0161altinis.\" \/>\n<meta property=\"og:url\" content=\"https:\/\/www.biopapa.de\/lt\/producte\/ekologiskos-slifuotos-spindulines-pupuoles-mung-skaldytos-raw\/\" \/>\n<meta property=\"og:site_name\" content=\"Biopapa\" \/>\n<meta property=\"article:publisher\" content=\"https:\/\/www.facebook.com\/biopapa.lt\" \/>\n<meta property=\"article:modified_time\" content=\"2026-01-28T08:20:36+00:00\" \/>\n<meta property=\"og:image\" content=\"https:\/\/www.biopapa.de\/wp-content\/uploads\/2025\/07\/Ekologiskos-slifuotos-spindulines-pupuoles-mung-skaldytos.png-570x456-1.webp\" \/>\n\t<meta property=\"og:image:width\" content=\"570\" \/>\n\t<meta property=\"og:image:height\" content=\"456\" \/>\n\t<meta property=\"og:image:type\" content=\"image\/webp\" \/>\n<meta name=\"twitter:card\" content=\"summary_large_image\" \/>\n<script type=\"application\/ld+json\" class=\"yoast-schema-graph\">{\"@context\":\"https:\\\/\\\/schema.org\",\"@graph\":[{\"@type\":\"WebPage\",\"@id\":\"https:\\\/\\\/www.biopapa.de\\\/lt\\\/producte\\\/ekologiskos-slifuotos-spindulines-pupuoles-mung-skaldytos-raw\\\/\",\"url\":\"https:\\\/\\\/www.biopapa.de\\\/lt\\\/producte\\\/ekologiskos-slifuotos-spindulines-pupuoles-mung-skaldytos-raw\\\/\",\"name\":\"Ekologi\u0161kos \u0161lifuotos spindulin\u0117s pupuol\u0117s (mung) skaldytos RAW - Biopapa\",\"isPartOf\":{\"@id\":\"https:\\\/\\\/www.biopapa.de\\\/lt\\\/#website\"},\"primaryImageOfPage\":{\"@id\":\"https:\\\/\\\/www.biopapa.de\\\/lt\\\/producte\\\/ekologiskos-slifuotos-spindulines-pupuoles-mung-skaldytos-raw\\\/#primaryimage\"},\"image\":{\"@id\":\"https:\\\/\\\/www.biopapa.de\\\/lt\\\/producte\\\/ekologiskos-slifuotos-spindulines-pupuoles-mung-skaldytos-raw\\\/#primaryimage\"},\"thumbnailUrl\":\"https:\\\/\\\/www.biopapa.de\\\/wp-content\\\/uploads\\\/2025\\\/07\\\/Ekologiskos-slifuotos-spindulines-pupuoles-mung-skaldytos.png-570x456-1.webp\",\"datePublished\":\"2025-07-03T11:01:36+00:00\",\"dateModified\":\"2026-01-28T08:20:36+00:00\",\"description\":\"Ekologi\u0161kos spindulin\u0117s pupuol\u0117s (Mung, Vigna radiata), yra universalus ank\u0161tinis augalas, auginamas jau t\u016bkstan\u010dius met\u0173. Mung pupuol\u0117s yra puikus augalini\u0173 baltym\u0173 \u0161altinis.\",\"breadcrumb\":{\"@id\":\"https:\\\/\\\/www.biopapa.de\\\/lt\\\/producte\\\/ekologiskos-slifuotos-spindulines-pupuoles-mung-skaldytos-raw\\\/#breadcrumb\"},\"inLanguage\":\"lt-LT\",\"potentialAction\":[{\"@type\":\"ReadAction\",\"target\":[\"https:\\\/\\\/www.biopapa.de\\\/lt\\\/producte\\\/ekologiskos-slifuotos-spindulines-pupuoles-mung-skaldytos-raw\\\/\"]}]},{\"@type\":\"ImageObject\",\"inLanguage\":\"lt-LT\",\"@id\":\"https:\\\/\\\/www.biopapa.de\\\/lt\\\/producte\\\/ekologiskos-slifuotos-spindulines-pupuoles-mung-skaldytos-raw\\\/#primaryimage\",\"url\":\"https:\\\/\\\/www.biopapa.de\\\/wp-content\\\/uploads\\\/2025\\\/07\\\/Ekologiskos-slifuotos-spindulines-pupuoles-mung-skaldytos.png-570x456-1.webp\",\"contentUrl\":\"https:\\\/\\\/www.biopapa.de\\\/wp-content\\\/uploads\\\/2025\\\/07\\\/Ekologiskos-slifuotos-spindulines-pupuoles-mung-skaldytos.png-570x456-1.webp\",\"width\":570,\"height\":456},{\"@type\":\"BreadcrumbList\",\"@id\":\"https:\\\/\\\/www.biopapa.de\\\/lt\\\/producte\\\/ekologiskos-slifuotos-spindulines-pupuoles-mung-skaldytos-raw\\\/#breadcrumb\",\"itemListElement\":[{\"@type\":\"ListItem\",\"position\":1,\"name\":\"Home\",\"item\":\"https:\\\/\\\/www.biopapa.de\\\/lt\\\/\"},{\"@type\":\"ListItem\",\"position\":2,\"name\":\"Parduotuv\u0117\",\"item\":\"https:\\\/\\\/www.biopapa.de\\\/parduotuve\\\/\"},{\"@type\":\"ListItem\",\"position\":3,\"name\":\"Ekologi\u0161kos \u0161lifuotos spindulin\u0117s pupuol\u0117s (mung) skaldytos RAW\"}]},{\"@type\":\"WebSite\",\"@id\":\"https:\\\/\\\/www.biopapa.de\\\/lt\\\/#website\",\"url\":\"https:\\\/\\\/www.biopapa.de\\\/lt\\\/\",\"name\":\"Biopapa\",\"description\":\"\u0160var\u016bs ekologi\u0161ki produktai\",\"publisher\":{\"@id\":\"https:\\\/\\\/www.biopapa.de\\\/lt\\\/#organization\"},\"potentialAction\":[{\"@type\":\"SearchAction\",\"target\":{\"@type\":\"EntryPoint\",\"urlTemplate\":\"https:\\\/\\\/www.biopapa.de\\\/lt\\\/?s={search_term_string}\"},\"query-input\":{\"@type\":\"PropertyValueSpecification\",\"valueRequired\":true,\"valueName\":\"search_term_string\"}}],\"inLanguage\":\"lt-LT\"},{\"@type\":\"Organization\",\"@id\":\"https:\\\/\\\/www.biopapa.de\\\/lt\\\/#organization\",\"name\":\"Biopapa\",\"url\":\"https:\\\/\\\/www.biopapa.de\\\/lt\\\/\",\"logo\":{\"@type\":\"ImageObject\",\"inLanguage\":\"lt-LT\",\"@id\":\"https:\\\/\\\/www.biopapa.de\\\/lt\\\/#\\\/schema\\\/logo\\\/image\\\/\",\"url\":\"https:\\\/\\\/www.biopapa.lt\\\/wp-content\\\/uploads\\\/2022\\\/04\\\/facebook_biopapa.jpg\",\"contentUrl\":\"https:\\\/\\\/www.biopapa.lt\\\/wp-content\\\/uploads\\\/2022\\\/04\\\/facebook_biopapa.jpg\",\"width\":1733,\"height\":907,\"caption\":\"Biopapa\"},\"image\":{\"@id\":\"https:\\\/\\\/www.biopapa.de\\\/lt\\\/#\\\/schema\\\/logo\\\/image\\\/\"},\"sameAs\":[\"https:\\\/\\\/www.facebook.com\\\/biopapa.lt\"]}]}<\/script>\n<!-- \/ Yoast SEO plugin. -->","yoast_head_json":{"title":"Ekologi\u0161kos \u0161lifuotos spindulin\u0117s pupuol\u0117s (mung) skaldytos RAW - Biopapa","description":"Ekologi\u0161kos spindulin\u0117s pupuol\u0117s (Mung, Vigna radiata), yra universalus ank\u0161tinis augalas, auginamas jau t\u016bkstan\u010dius met\u0173. Mung pupuol\u0117s yra puikus augalini\u0173 baltym\u0173 \u0161altinis.","robots":{"index":"index","follow":"follow","max-snippet":"max-snippet:-1","max-image-preview":"max-image-preview:large","max-video-preview":"max-video-preview:-1"},"canonical":"https:\/\/www.biopapa.de\/lt\/producte\/ekologiskos-slifuotos-spindulines-pupuoles-mung-skaldytos-raw\/","og_locale":"lt_LT","og_type":"article","og_title":"Ekologi\u0161kos \u0161lifuotos spindulin\u0117s pupuol\u0117s (mung) skaldytos RAW - Biopapa","og_description":"Ekologi\u0161kos spindulin\u0117s pupuol\u0117s (Mung, Vigna radiata), yra universalus ank\u0161tinis augalas, auginamas jau t\u016bkstan\u010dius met\u0173. Mung pupuol\u0117s yra puikus augalini\u0173 baltym\u0173 \u0161altinis.","og_url":"https:\/\/www.biopapa.de\/lt\/producte\/ekologiskos-slifuotos-spindulines-pupuoles-mung-skaldytos-raw\/","og_site_name":"Biopapa","article_publisher":"https:\/\/www.facebook.com\/biopapa.lt","article_modified_time":"2026-01-28T08:20:36+00:00","og_image":[{"width":570,"height":456,"url":"https:\/\/www.biopapa.de\/wp-content\/uploads\/2025\/07\/Ekologiskos-slifuotos-spindulines-pupuoles-mung-skaldytos.png-570x456-1.webp","type":"image\/webp"}],"twitter_card":"summary_large_image","schema":{"@context":"https:\/\/schema.org","@graph":[{"@type":"WebPage","@id":"https:\/\/www.biopapa.de\/lt\/producte\/ekologiskos-slifuotos-spindulines-pupuoles-mung-skaldytos-raw\/","url":"https:\/\/www.biopapa.de\/lt\/producte\/ekologiskos-slifuotos-spindulines-pupuoles-mung-skaldytos-raw\/","name":"Ekologi\u0161kos \u0161lifuotos spindulin\u0117s pupuol\u0117s (mung) skaldytos RAW - Biopapa","isPartOf":{"@id":"https:\/\/www.biopapa.de\/lt\/#website"},"primaryImageOfPage":{"@id":"https:\/\/www.biopapa.de\/lt\/producte\/ekologiskos-slifuotos-spindulines-pupuoles-mung-skaldytos-raw\/#primaryimage"},"image":{"@id":"https:\/\/www.biopapa.de\/lt\/producte\/ekologiskos-slifuotos-spindulines-pupuoles-mung-skaldytos-raw\/#primaryimage"},"thumbnailUrl":"https:\/\/www.biopapa.de\/wp-content\/uploads\/2025\/07\/Ekologiskos-slifuotos-spindulines-pupuoles-mung-skaldytos.png-570x456-1.webp","datePublished":"2025-07-03T11:01:36+00:00","dateModified":"2026-01-28T08:20:36+00:00","description":"Ekologi\u0161kos spindulin\u0117s pupuol\u0117s (Mung, Vigna radiata), yra universalus ank\u0161tinis augalas, auginamas jau t\u016bkstan\u010dius met\u0173. Mung pupuol\u0117s yra puikus augalini\u0173 baltym\u0173 \u0161altinis.","breadcrumb":{"@id":"https:\/\/www.biopapa.de\/lt\/producte\/ekologiskos-slifuotos-spindulines-pupuoles-mung-skaldytos-raw\/#breadcrumb"},"inLanguage":"lt-LT","potentialAction":[{"@type":"ReadAction","target":["https:\/\/www.biopapa.de\/lt\/producte\/ekologiskos-slifuotos-spindulines-pupuoles-mung-skaldytos-raw\/"]}]},{"@type":"ImageObject","inLanguage":"lt-LT","@id":"https:\/\/www.biopapa.de\/lt\/producte\/ekologiskos-slifuotos-spindulines-pupuoles-mung-skaldytos-raw\/#primaryimage","url":"https:\/\/www.biopapa.de\/wp-content\/uploads\/2025\/07\/Ekologiskos-slifuotos-spindulines-pupuoles-mung-skaldytos.png-570x456-1.webp","contentUrl":"https:\/\/www.biopapa.de\/wp-content\/uploads\/2025\/07\/Ekologiskos-slifuotos-spindulines-pupuoles-mung-skaldytos.png-570x456-1.webp","width":570,"height":456},{"@type":"BreadcrumbList","@id":"https:\/\/www.biopapa.de\/lt\/producte\/ekologiskos-slifuotos-spindulines-pupuoles-mung-skaldytos-raw\/#breadcrumb","itemListElement":[{"@type":"ListItem","position":1,"name":"Home","item":"https:\/\/www.biopapa.de\/lt\/"},{"@type":"ListItem","position":2,"name":"Parduotuv\u0117","item":"https:\/\/www.biopapa.de\/parduotuve\/"},{"@type":"ListItem","position":3,"name":"Ekologi\u0161kos \u0161lifuotos spindulin\u0117s pupuol\u0117s (mung) skaldytos RAW"}]},{"@type":"WebSite","@id":"https:\/\/www.biopapa.de\/lt\/#website","url":"https:\/\/www.biopapa.de\/lt\/","name":"Biopapa","description":"\u0160var\u016bs ekologi\u0161ki produktai","publisher":{"@id":"https:\/\/www.biopapa.de\/lt\/#organization"},"potentialAction":[{"@type":"SearchAction","target":{"@type":"EntryPoint","urlTemplate":"https:\/\/www.biopapa.de\/lt\/?s={search_term_string}"},"query-input":{"@type":"PropertyValueSpecification","valueRequired":true,"valueName":"search_term_string"}}],"inLanguage":"lt-LT"},{"@type":"Organization","@id":"https:\/\/www.biopapa.de\/lt\/#organization","name":"Biopapa","url":"https:\/\/www.biopapa.de\/lt\/","logo":{"@type":"ImageObject","inLanguage":"lt-LT","@id":"https:\/\/www.biopapa.de\/lt\/#\/schema\/logo\/image\/","url":"https:\/\/www.biopapa.lt\/wp-content\/uploads\/2022\/04\/facebook_biopapa.jpg","contentUrl":"https:\/\/www.biopapa.lt\/wp-content\/uploads\/2022\/04\/facebook_biopapa.jpg","width":1733,"height":907,"caption":"Biopapa"},"image":{"@id":"https:\/\/www.biopapa.de\/lt\/#\/schema\/logo\/image\/"},"sameAs":["https:\/\/www.facebook.com\/biopapa.lt"]}]}},"_links":{"self":[{"href":"https:\/\/www.biopapa.de\/lt\/wp-json\/wp\/v2\/product\/46373","targetHints":{"allow":["GET"]}}],"collection":[{"href":"https:\/\/www.biopapa.de\/lt\/wp-json\/wp\/v2\/product"}],"about":[{"href":"https:\/\/www.biopapa.de\/lt\/wp-json\/wp\/v2\/types\/product"}],"wp:featuredmedia":[{"embeddable":true,"href":"https:\/\/www.biopapa.de\/lt\/wp-json\/wp\/v2\/media\/46405"}],"wp:attachment":[{"href":"https:\/\/www.biopapa.de\/lt\/wp-json\/wp\/v2\/media?parent=46373"}],"wp:term":[{"taxonomy":"product_brand","embeddable":true,"href":"https:\/\/www.biopapa.de\/lt\/wp-json\/wp\/v2\/product_brand?post=46373"},{"taxonomy":"product_cat","embeddable":true,"href":"https:\/\/www.biopapa.de\/lt\/wp-json\/wp\/v2\/product_cat?post=46373"},{"taxonomy":"product_tag","embeddable":true,"href":"https:\/\/www.biopapa.de\/lt\/wp-json\/wp\/v2\/product_tag?post=46373"}],"curies":[{"name":"wp","href":"https:\/\/api.w.org\/{rel}","templated":true}]}}