{"id":46472,"date":"2025-07-08T15:56:55","date_gmt":"2025-07-08T12:56:55","guid":{"rendered":"https:\/\/www.biopapa.de\/?post_type=product&#038;p=46472"},"modified":"2026-02-11T14:26:07","modified_gmt":"2026-02-11T12:26:07","slug":"ekologiski-raudonieji-ryziai","status":"publish","type":"product","link":"https:\/\/www.biopapa.de\/lt\/producte\/ekologiski-raudonieji-ryziai\/","title":{"rendered":"Ekologi\u0161ki raudonieji ry\u017eiai"},"content":{"rendered":"<p><strong>Ekologi\u0161ki raudonieji ry\u017eiai<\/strong><br \/>\nTradici\u0161kai auginami ir vartojami kai kuriose Azijos dalyse, \u012fskaitant Indij\u0105, Butan\u0105 ir Tailand\u0105, raudonieji ry\u017eiai jau seniai vertinami d\u0117l savo naudos sveikatai ir \u017eemi\u0161ko, rie\u0161utinio skonio. Jie buvo naudojami Ajurvedos ir tradicin\u0117je kin\u0173 medicinoje d\u0117l tariamos naudos vir\u0161kinimui ir \u0161irdies bei kraujagysli\u0173 sistemai.<br \/>\nAjurvedos po\u017ei\u016briu, raudonieji ry\u017eiai laikomi labai naudingais sveikatai d\u0117l savo nat\u016bralios, neperdirbtos formos ir turtingo maistini\u0173 med\u017eiag\u0173 profilio. Jie laikomi trido\u0161i\u0161kais, tai rei\u0161kia, kad tinkamai paruo\u0161ti gali pad\u0117ti subalansuoti visas tris do\u0161as (Vata, Pita ir Kapha). Raudonieji ry\u017eiai ypa\u010d vertinami d\u0117l didelio skaidul\u0173 kiekio ir geb\u0117jimo palaikyti vir\u0161kinim\u0105 bei \u0161alinti toksinus.<\/p>\n<p>Paskutiniu metu raudonieji ry\u017eiai populiar\u0117ja d\u0117l savo galimos naudos sveikatai.<br \/>\nRaudonieji ry\u017eiai yra pilno gr\u016bdo ry\u017eiai. Didelis l\u0105stelienos kiekis galimai padeda vir\u0161kinimui ir padeda palaikyti sveik\u0105 svor\u012f, nes ilgiau palaiko sotumo jausm\u0105.<br \/>\nRaudonieji ry\u017eiai yra lobis \u012fvairi\u0173 maistini\u0173 med\u017eiag\u0173 ir vitamin\u0173, kurie yra svarb\u016bs energijos gamybai ir smegen\u0173 sveikatai.<\/p>\n<p>Paruo\u0161imas<br \/>\nRaudonieji ry\u017eiai verdami pana\u0161iai \u012f kit\u0173 r\u016b\u0161i\u0173 ry\u017eius:<br \/>\nNuplauti 1 puodel\u012f raudon\u0173j\u0173 ry\u017ei\u0173 po \u0161altu vandeniu, kol vanduo taps skaidrus;<br \/>\nMirkyti ry\u017eius 3 val. (arba per nakt\u012f), tai gali pad\u0117ti suma\u017einti virimo laik\u0105 ir gauti geresn\u012f rezultat\u0105 (ry\u017eiai bus mink\u0161tesni);<br \/>\nNuplautus ry\u017eius d\u0117ti \u012f \u0161alt\u0105 vanden\u012f 1:2,5 arba 1:3 santykiu, priklauso kokios tekst\u016bros norite\u00a0 (jei norite ko\u0161\u0117s, vandens galite \u012fpilti daugiau);<br \/>\nKai u\u017evirs, suma\u017einkite ugn\u012f, u\u017edenkite puod\u0105 ir leiskite virti 40-50 minu\u010di\u0173 arba kol ry\u017eiai taps mink\u0161ti. Verdant greitpuodyje virimo laikas trumpesnis, apie 20 min;<br \/>\nKai ry\u017eiai i\u0161virs, palikite u\u017edengt\u0105 puod\u0105 10 minu\u010di\u0173, tada papurenkite \u0161akute prie\u0161 patiekdami.<\/p>\n<p><strong>Receptai<\/strong><\/p>\n<p>Raudon\u0173j\u0173 ry\u017ei\u0173 salotos<br \/>\nIngredientai:<br \/>\n&#8211; 1 puodelis virt\u0173 raudon\u0173j\u0173 ry\u017ei\u0173<br \/>\n&#8211; 1 puodelis perpjaut\u0173 per pus\u0119 vy\u0161nini\u0173 pomidor\u0173<br \/>\n&#8211; 1 agurkas, supjaustytas kubeliais<br \/>\n&#8211; 1\/4 puodelio smulkiai supjaustyto raudonojo svog\u016bno<br \/>\n&#8211; 1\/4 puodelio s\u016brio pagal skon\u012f (smulkinto)<br \/>\n&#8211; 2 valgomieji \u0161auk\u0161tai alyvuogi\u0173 aliejaus<br \/>\n&#8211; 1 valgomasis \u0161auk\u0161tas citrinos sul\u010di\u0173<br \/>\n&#8211; 1 arbatinis \u0161auk\u0161telis d\u017eiovinto raudon\u0117lio<br \/>\n&#8211; Druska ir pipirai pagal skon\u012f<br \/>\nDideliame dubenyje sumai\u0161ykite virtus raudonuosius ry\u017eius, vy\u0161ninius pomidorus, agurk\u0105, svog\u016bn\u0105 ir s\u016br\u012f.<br \/>\nMa\u017eame dubenyje sumai\u0161ykite alyvuogi\u0173 aliej\u0173, citrinos sultis, raudon\u0117l\u012f, drusk\u0105 ir pipirus.<br \/>\nSupilkite pada\u017e\u0105 ant salot\u0173 ir i\u0161mai\u0161ykite.<br \/>\nPatiekite atv\u0117sintas arba kambario temperat\u016broje.<\/p>\n<p>Raudon\u0173j\u0173 ry\u017ei\u0173 ko\u0161\u0117<br \/>\nIngredientai:<br \/>\n&#8211; 1 puodelis virt\u0173 raudon\u0173j\u0173 ry\u017ei\u0173<br \/>\n&#8211; 1\/2\u00a0 puodelio vandens<br \/>\n&#8211; 1\/2\u00a0 puodelio kokos\u0173 g\u0117rimo\/ kremo<br \/>\n&#8211; 1 v. \u0161. razin\u0173 arba m\u0117gstamo saldiklio pagal skon\u012f<br \/>\n&#8211; Vanil\u0117s ekstrakto arba milteli\u0173 pagal skon\u012f (neb\u016btina)<br \/>\n&#8211; Ceilono cinamono milteli\u0173 pagal skon\u012f (neb\u016btina)<br \/>\n&#8211; \u017diupsnelis druskos<br \/>\nRie\u0161utai papuo\u0161imui.<br \/>\nPuode sumai\u0161yti virtus raudonuosius ry\u017eius, kokos\u0173 pien\u0105, saldikl\u012f, vanil\u0117s miltelius, cinamono miltelius, drusk\u0105.<br \/>\nU\u017evirinkite, tada suma\u017einkite ugn\u012f ir virkite 20-25 min. mai\u0161ydami, kol mi\u0161inys sutir\u0161t\u0117s iki pudingo konsistencijos.<br \/>\nPatiekite \u0161ilt\u0105 arba atv\u0117sint\u0105, papuo\u0161t\u0105 rie\u0161utais.<\/p>\n<p>Tegul maistas b\u016bna vaistas!<\/p>\n<p><em>PASTABA. \u010cia pateikta informacija negali b\u016bti interpretuojama kaip gydymo ar kitokio pob\u016bd\u017eio sveikatos klausim\u0173 sprendimo rekomendacija. Raginame sprendimus, susijusius su asmenine sveikata, priimti asmeni\u0161kai, \u012fvertinus \u012fvairius informacijos \u0161altinius.<\/em><\/p>\n","protected":false},"excerpt":{"rendered":"<p>Ekologi\u0161ki raudonieji ry\u017eiai Tradici\u0161kai auginami ir vartojami kai kuriose Azijos dalyse, \u012fskaitant Indij\u0105, Butan\u0105 ir Tailand\u0105, raudonieji ry\u017eiai jau seniai<\/p>\n","protected":false},"featured_media":46504,"template":"","meta":{"_acf_changed":false},"product_brand":[],"product_cat":[1295,1932],"product_tag":[1378],"class_list":{"0":"post-46472","1":"product","2":"type-product","3":"status-publish","4":"has-post-thumbnail","6":"product_cat-ekologiskos-kruopos-ankstiniai","7":"product_cat-kruopos-grudai","8":"product_tag-veganams","9":"pa_svoris-1-kg","10":"pa_svoris-100-g","11":"pa_svoris-200-g","12":"pa_svoris-25-kg","13":"pa_svoris-300-g","14":"pa_svoris-400-g","15":"pa_svoris-500-g","17":"first","18":"instock","19":"shipping-taxable","20":"purchasable","21":"product-type-variable"},"acf":[],"yoast_head":"<!-- This site is optimized with the Yoast SEO plugin v27.5 - https:\/\/yoast.com\/product\/yoast-seo-wordpress\/ -->\n<title>Ekologi\u0161ki raudonieji ry\u017eiai - Biopapa<\/title>\n<meta name=\"description\" content=\"Ekologi\u0161ki raudonieji ry\u017eiai jau seniai vertinami d\u0117l savo naudos sveikatai ir \u017eemi\u0161ko, rie\u0161utinio skonio.\" \/>\n<meta name=\"robots\" content=\"index, follow, max-snippet:-1, max-image-preview:large, max-video-preview:-1\" \/>\n<link rel=\"canonical\" href=\"https:\/\/www.biopapa.de\/lt\/producte\/ekologiski-raudonieji-ryziai\/\" \/>\n<meta property=\"og:locale\" content=\"lt_LT\" \/>\n<meta property=\"og:type\" content=\"article\" \/>\n<meta property=\"og:title\" content=\"Ekologi\u0161ki raudonieji ry\u017eiai - Biopapa\" \/>\n<meta property=\"og:description\" content=\"Ekologi\u0161ki raudonieji ry\u017eiai jau seniai vertinami d\u0117l savo naudos sveikatai ir \u017eemi\u0161ko, rie\u0161utinio skonio.\" \/>\n<meta property=\"og:url\" content=\"https:\/\/www.biopapa.de\/lt\/producte\/ekologiski-raudonieji-ryziai\/\" \/>\n<meta property=\"og:site_name\" content=\"Biopapa\" \/>\n<meta property=\"article:publisher\" content=\"https:\/\/www.facebook.com\/biopapa.lt\" \/>\n<meta property=\"article:modified_time\" content=\"2026-02-11T12:26:07+00:00\" \/>\n<meta property=\"og:image\" content=\"https:\/\/www.biopapa.de\/wp-content\/uploads\/2025\/07\/Ekologiski-raudonieji-ryziai.jpg.webp\" \/>\n\t<meta property=\"og:image:width\" content=\"800\" \/>\n\t<meta property=\"og:image:height\" content=\"640\" \/>\n\t<meta property=\"og:image:type\" content=\"image\/webp\" \/>\n<meta name=\"twitter:card\" content=\"summary_large_image\" \/>\n<script type=\"application\/ld+json\" class=\"yoast-schema-graph\">{\"@context\":\"https:\\\/\\\/schema.org\",\"@graph\":[{\"@type\":\"WebPage\",\"@id\":\"https:\\\/\\\/www.biopapa.de\\\/lt\\\/producte\\\/ekologiski-raudonieji-ryziai\\\/\",\"url\":\"https:\\\/\\\/www.biopapa.de\\\/lt\\\/producte\\\/ekologiski-raudonieji-ryziai\\\/\",\"name\":\"Ekologi\u0161ki raudonieji ry\u017eiai - Biopapa\",\"isPartOf\":{\"@id\":\"https:\\\/\\\/www.biopapa.de\\\/lt\\\/#website\"},\"primaryImageOfPage\":{\"@id\":\"https:\\\/\\\/www.biopapa.de\\\/lt\\\/producte\\\/ekologiski-raudonieji-ryziai\\\/#primaryimage\"},\"image\":{\"@id\":\"https:\\\/\\\/www.biopapa.de\\\/lt\\\/producte\\\/ekologiski-raudonieji-ryziai\\\/#primaryimage\"},\"thumbnailUrl\":\"https:\\\/\\\/www.biopapa.de\\\/wp-content\\\/uploads\\\/2025\\\/07\\\/Ekologiski-raudonieji-ryziai.jpg.webp\",\"datePublished\":\"2025-07-08T12:56:55+00:00\",\"dateModified\":\"2026-02-11T12:26:07+00:00\",\"description\":\"Ekologi\u0161ki raudonieji ry\u017eiai jau seniai vertinami d\u0117l savo naudos sveikatai ir \u017eemi\u0161ko, rie\u0161utinio skonio.\",\"breadcrumb\":{\"@id\":\"https:\\\/\\\/www.biopapa.de\\\/lt\\\/producte\\\/ekologiski-raudonieji-ryziai\\\/#breadcrumb\"},\"inLanguage\":\"lt-LT\",\"potentialAction\":[{\"@type\":\"ReadAction\",\"target\":[\"https:\\\/\\\/www.biopapa.de\\\/lt\\\/producte\\\/ekologiski-raudonieji-ryziai\\\/\"]}]},{\"@type\":\"ImageObject\",\"inLanguage\":\"lt-LT\",\"@id\":\"https:\\\/\\\/www.biopapa.de\\\/lt\\\/producte\\\/ekologiski-raudonieji-ryziai\\\/#primaryimage\",\"url\":\"https:\\\/\\\/www.biopapa.de\\\/wp-content\\\/uploads\\\/2025\\\/07\\\/Ekologiski-raudonieji-ryziai.jpg.webp\",\"contentUrl\":\"https:\\\/\\\/www.biopapa.de\\\/wp-content\\\/uploads\\\/2025\\\/07\\\/Ekologiski-raudonieji-ryziai.jpg.webp\",\"width\":800,\"height\":640},{\"@type\":\"BreadcrumbList\",\"@id\":\"https:\\\/\\\/www.biopapa.de\\\/lt\\\/producte\\\/ekologiski-raudonieji-ryziai\\\/#breadcrumb\",\"itemListElement\":[{\"@type\":\"ListItem\",\"position\":1,\"name\":\"Home\",\"item\":\"https:\\\/\\\/www.biopapa.de\\\/lt\\\/\"},{\"@type\":\"ListItem\",\"position\":2,\"name\":\"Parduotuv\u0117\",\"item\":\"https:\\\/\\\/www.biopapa.de\\\/parduotuve\\\/\"},{\"@type\":\"ListItem\",\"position\":3,\"name\":\"Ekologi\u0161ki raudonieji ry\u017eiai\"}]},{\"@type\":\"WebSite\",\"@id\":\"https:\\\/\\\/www.biopapa.de\\\/lt\\\/#website\",\"url\":\"https:\\\/\\\/www.biopapa.de\\\/lt\\\/\",\"name\":\"Biopapa\",\"description\":\"\u0160var\u016bs ekologi\u0161ki produktai\",\"publisher\":{\"@id\":\"https:\\\/\\\/www.biopapa.de\\\/lt\\\/#organization\"},\"potentialAction\":[{\"@type\":\"SearchAction\",\"target\":{\"@type\":\"EntryPoint\",\"urlTemplate\":\"https:\\\/\\\/www.biopapa.de\\\/lt\\\/?s={search_term_string}\"},\"query-input\":{\"@type\":\"PropertyValueSpecification\",\"valueRequired\":true,\"valueName\":\"search_term_string\"}}],\"inLanguage\":\"lt-LT\"},{\"@type\":\"Organization\",\"@id\":\"https:\\\/\\\/www.biopapa.de\\\/lt\\\/#organization\",\"name\":\"Biopapa\",\"url\":\"https:\\\/\\\/www.biopapa.de\\\/lt\\\/\",\"logo\":{\"@type\":\"ImageObject\",\"inLanguage\":\"lt-LT\",\"@id\":\"https:\\\/\\\/www.biopapa.de\\\/lt\\\/#\\\/schema\\\/logo\\\/image\\\/\",\"url\":\"https:\\\/\\\/www.biopapa.lt\\\/wp-content\\\/uploads\\\/2022\\\/04\\\/facebook_biopapa.jpg\",\"contentUrl\":\"https:\\\/\\\/www.biopapa.lt\\\/wp-content\\\/uploads\\\/2022\\\/04\\\/facebook_biopapa.jpg\",\"width\":1733,\"height\":907,\"caption\":\"Biopapa\"},\"image\":{\"@id\":\"https:\\\/\\\/www.biopapa.de\\\/lt\\\/#\\\/schema\\\/logo\\\/image\\\/\"},\"sameAs\":[\"https:\\\/\\\/www.facebook.com\\\/biopapa.lt\"]}]}<\/script>\n<!-- \/ Yoast SEO plugin. -->","yoast_head_json":{"title":"Ekologi\u0161ki raudonieji ry\u017eiai - Biopapa","description":"Ekologi\u0161ki raudonieji ry\u017eiai jau seniai vertinami d\u0117l savo naudos sveikatai ir \u017eemi\u0161ko, rie\u0161utinio skonio.","robots":{"index":"index","follow":"follow","max-snippet":"max-snippet:-1","max-image-preview":"max-image-preview:large","max-video-preview":"max-video-preview:-1"},"canonical":"https:\/\/www.biopapa.de\/lt\/producte\/ekologiski-raudonieji-ryziai\/","og_locale":"lt_LT","og_type":"article","og_title":"Ekologi\u0161ki raudonieji ry\u017eiai - Biopapa","og_description":"Ekologi\u0161ki raudonieji ry\u017eiai jau seniai vertinami d\u0117l savo naudos sveikatai ir \u017eemi\u0161ko, rie\u0161utinio skonio.","og_url":"https:\/\/www.biopapa.de\/lt\/producte\/ekologiski-raudonieji-ryziai\/","og_site_name":"Biopapa","article_publisher":"https:\/\/www.facebook.com\/biopapa.lt","article_modified_time":"2026-02-11T12:26:07+00:00","og_image":[{"width":800,"height":640,"url":"https:\/\/www.biopapa.de\/wp-content\/uploads\/2025\/07\/Ekologiski-raudonieji-ryziai.jpg.webp","type":"image\/webp"}],"twitter_card":"summary_large_image","schema":{"@context":"https:\/\/schema.org","@graph":[{"@type":"WebPage","@id":"https:\/\/www.biopapa.de\/lt\/producte\/ekologiski-raudonieji-ryziai\/","url":"https:\/\/www.biopapa.de\/lt\/producte\/ekologiski-raudonieji-ryziai\/","name":"Ekologi\u0161ki raudonieji ry\u017eiai - Biopapa","isPartOf":{"@id":"https:\/\/www.biopapa.de\/lt\/#website"},"primaryImageOfPage":{"@id":"https:\/\/www.biopapa.de\/lt\/producte\/ekologiski-raudonieji-ryziai\/#primaryimage"},"image":{"@id":"https:\/\/www.biopapa.de\/lt\/producte\/ekologiski-raudonieji-ryziai\/#primaryimage"},"thumbnailUrl":"https:\/\/www.biopapa.de\/wp-content\/uploads\/2025\/07\/Ekologiski-raudonieji-ryziai.jpg.webp","datePublished":"2025-07-08T12:56:55+00:00","dateModified":"2026-02-11T12:26:07+00:00","description":"Ekologi\u0161ki raudonieji ry\u017eiai jau seniai vertinami d\u0117l savo naudos sveikatai ir \u017eemi\u0161ko, rie\u0161utinio skonio.","breadcrumb":{"@id":"https:\/\/www.biopapa.de\/lt\/producte\/ekologiski-raudonieji-ryziai\/#breadcrumb"},"inLanguage":"lt-LT","potentialAction":[{"@type":"ReadAction","target":["https:\/\/www.biopapa.de\/lt\/producte\/ekologiski-raudonieji-ryziai\/"]}]},{"@type":"ImageObject","inLanguage":"lt-LT","@id":"https:\/\/www.biopapa.de\/lt\/producte\/ekologiski-raudonieji-ryziai\/#primaryimage","url":"https:\/\/www.biopapa.de\/wp-content\/uploads\/2025\/07\/Ekologiski-raudonieji-ryziai.jpg.webp","contentUrl":"https:\/\/www.biopapa.de\/wp-content\/uploads\/2025\/07\/Ekologiski-raudonieji-ryziai.jpg.webp","width":800,"height":640},{"@type":"BreadcrumbList","@id":"https:\/\/www.biopapa.de\/lt\/producte\/ekologiski-raudonieji-ryziai\/#breadcrumb","itemListElement":[{"@type":"ListItem","position":1,"name":"Home","item":"https:\/\/www.biopapa.de\/lt\/"},{"@type":"ListItem","position":2,"name":"Parduotuv\u0117","item":"https:\/\/www.biopapa.de\/parduotuve\/"},{"@type":"ListItem","position":3,"name":"Ekologi\u0161ki raudonieji ry\u017eiai"}]},{"@type":"WebSite","@id":"https:\/\/www.biopapa.de\/lt\/#website","url":"https:\/\/www.biopapa.de\/lt\/","name":"Biopapa","description":"\u0160var\u016bs ekologi\u0161ki produktai","publisher":{"@id":"https:\/\/www.biopapa.de\/lt\/#organization"},"potentialAction":[{"@type":"SearchAction","target":{"@type":"EntryPoint","urlTemplate":"https:\/\/www.biopapa.de\/lt\/?s={search_term_string}"},"query-input":{"@type":"PropertyValueSpecification","valueRequired":true,"valueName":"search_term_string"}}],"inLanguage":"lt-LT"},{"@type":"Organization","@id":"https:\/\/www.biopapa.de\/lt\/#organization","name":"Biopapa","url":"https:\/\/www.biopapa.de\/lt\/","logo":{"@type":"ImageObject","inLanguage":"lt-LT","@id":"https:\/\/www.biopapa.de\/lt\/#\/schema\/logo\/image\/","url":"https:\/\/www.biopapa.lt\/wp-content\/uploads\/2022\/04\/facebook_biopapa.jpg","contentUrl":"https:\/\/www.biopapa.lt\/wp-content\/uploads\/2022\/04\/facebook_biopapa.jpg","width":1733,"height":907,"caption":"Biopapa"},"image":{"@id":"https:\/\/www.biopapa.de\/lt\/#\/schema\/logo\/image\/"},"sameAs":["https:\/\/www.facebook.com\/biopapa.lt"]}]}},"_links":{"self":[{"href":"https:\/\/www.biopapa.de\/lt\/wp-json\/wp\/v2\/product\/46472","targetHints":{"allow":["GET"]}}],"collection":[{"href":"https:\/\/www.biopapa.de\/lt\/wp-json\/wp\/v2\/product"}],"about":[{"href":"https:\/\/www.biopapa.de\/lt\/wp-json\/wp\/v2\/types\/product"}],"wp:featuredmedia":[{"embeddable":true,"href":"https:\/\/www.biopapa.de\/lt\/wp-json\/wp\/v2\/media\/46504"}],"wp:attachment":[{"href":"https:\/\/www.biopapa.de\/lt\/wp-json\/wp\/v2\/media?parent=46472"}],"wp:term":[{"taxonomy":"product_brand","embeddable":true,"href":"https:\/\/www.biopapa.de\/lt\/wp-json\/wp\/v2\/product_brand?post=46472"},{"taxonomy":"product_cat","embeddable":true,"href":"https:\/\/www.biopapa.de\/lt\/wp-json\/wp\/v2\/product_cat?post=46472"},{"taxonomy":"product_tag","embeddable":true,"href":"https:\/\/www.biopapa.de\/lt\/wp-json\/wp\/v2\/product_tag?post=46472"}],"curies":[{"name":"wp","href":"https:\/\/api.w.org\/{rel}","templated":true}]}}