{"id":46881,"date":"2025-10-01T12:11:16","date_gmt":"2025-10-01T09:11:16","guid":{"rendered":"https:\/\/www.biopapa.de\/?post_type=product&#038;p=46881"},"modified":"2026-01-09T16:08:00","modified_gmt":"2026-01-09T14:08:00","slug":"ekologiska-zalioji-arbata-china-chun-mee","status":"publish","type":"product","link":"https:\/\/www.biopapa.de\/lt\/producte\/ekologiska-zalioji-arbata-china-chun-mee\/","title":{"rendered":"Ekologi\u0161ka \u017ealioji arbata China Chun Mee"},"content":{"rendered":"<p><strong>Ekologi\u0161ka \u017ealioji arbata China Chun Mee<\/strong><br \/>\nChun Mee \u017ealia arbata turi \u0161vie\u017ei\u0105, \u0161iek tiek r\u016bg\u0161t\u0173 skon\u012f su lengvu d\u016bminiu prieskoniu. Paruo\u0161ta arbata turi \u0161viesi\u0105 spalv\u0105. Tai populiari veisl\u0117, kilusi i\u0161 Kinijos. Pavadinimas \u201eChun Mee\u201c kin\u0173 kalboje rei\u0161kia \u201eantaki\u0173 forma\u201c, kuris nurodo \u012f b\u016bding\u0105 arbatos pumpur\u0173 form\u0105 \u2013 ma\u017eus, siaurus ir \u0161iek tiek riestus, primenan\u010dius gerai pri\u017ei\u016br\u0117tus antakius.<br \/>\nParuo\u0161imas<br \/>\nU\u017epilkite apie 80\u00b0C kar\u0161to vandens ant vieno kupino arbatinio \u0161auk\u0161telio vienam puodeliui (200 ml) ir leiskite arbatai pritraukti 1-2 minutes d\u0117l \u0161velnaus skonio, 2-4 minutes \u2013 d\u0117l stipresnio skonio.<\/p>\n<p>&nbsp;<\/p>\n","protected":false},"excerpt":{"rendered":"<p>Ekologi\u0161ka \u017ealioji arbata China Chun Mee Chun Mee \u017ealia arbata turi \u0161vie\u017ei\u0105, \u0161iek tiek r\u016bg\u0161t\u0173 skon\u012f su lengvu d\u016bminiu prieskoniu.<\/p>\n","protected":false},"featured_media":46959,"template":"","meta":{"_acf_changed":false},"product_brand":[],"product_cat":[1907,1265],"product_tag":[2642],"class_list":{"0":"post-46881","1":"product","2":"type-product","3":"status-publish","4":"has-post-thumbnail","6":"product_cat-arbata","7":"product_cat-ekologiska-kakava-arbata-kava","8":"product_tag-fuer-veganer-lt","9":"pa_svoris-1-kg","10":"pa_svoris-100-g","11":"pa_svoris-200-g","12":"pa_svoris-25-g","13":"pa_svoris-300-g","14":"pa_svoris-400-g","15":"pa_svoris-50-g","16":"pa_svoris-500-g","18":"first","19":"instock","20":"shipping-taxable","21":"purchasable","22":"product-type-variable"},"acf":[],"yoast_head":"<!-- This site is optimized with the Yoast SEO plugin v27.5 - https:\/\/yoast.com\/product\/yoast-seo-wordpress\/ -->\n<title>Ekologi\u0161ka \u017ealioji arbata China Chun Mee - Biopapa<\/title>\n<meta name=\"description\" content=\"Ekologi\u0161ka \u017ealioji arbata China Chun Mee turi \u0161vie\u017ei\u0105, \u0161iek tiek r\u016bg\u0161t\u0173 skon\u012f su lengvu d\u016bminiu prieskoniu.\" \/>\n<meta name=\"robots\" content=\"index, follow, max-snippet:-1, max-image-preview:large, max-video-preview:-1\" \/>\n<link rel=\"canonical\" href=\"https:\/\/www.biopapa.de\/lt\/producte\/ekologiska-zalioji-arbata-china-chun-mee\/\" \/>\n<meta property=\"og:locale\" content=\"lt_LT\" \/>\n<meta property=\"og:type\" content=\"article\" \/>\n<meta property=\"og:title\" content=\"Ekologi\u0161ka \u017ealioji arbata China Chun Mee - Biopapa\" \/>\n<meta property=\"og:description\" content=\"Ekologi\u0161ka \u017ealioji arbata China Chun Mee turi \u0161vie\u017ei\u0105, \u0161iek tiek r\u016bg\u0161t\u0173 skon\u012f su lengvu d\u016bminiu prieskoniu.\" \/>\n<meta property=\"og:url\" content=\"https:\/\/www.biopapa.de\/lt\/producte\/ekologiska-zalioji-arbata-china-chun-mee\/\" \/>\n<meta property=\"og:site_name\" content=\"Biopapa\" \/>\n<meta property=\"article:publisher\" content=\"https:\/\/www.facebook.com\/biopapa.lt\" \/>\n<meta property=\"article:modified_time\" content=\"2026-01-09T14:08:00+00:00\" \/>\n<meta property=\"og:image\" content=\"https:\/\/www.biopapa.de\/wp-content\/uploads\/2025\/10\/Ekologiska-zalioji-arbata-China-Chun-Mee.webp\" \/>\n\t<meta property=\"og:image:width\" content=\"800\" \/>\n\t<meta property=\"og:image:height\" content=\"640\" \/>\n\t<meta property=\"og:image:type\" content=\"image\/webp\" \/>\n<meta name=\"twitter:card\" content=\"summary_large_image\" \/>\n<script type=\"application\/ld+json\" class=\"yoast-schema-graph\">{\"@context\":\"https:\\\/\\\/schema.org\",\"@graph\":[{\"@type\":\"WebPage\",\"@id\":\"https:\\\/\\\/www.biopapa.de\\\/lt\\\/producte\\\/ekologiska-zalioji-arbata-china-chun-mee\\\/\",\"url\":\"https:\\\/\\\/www.biopapa.de\\\/lt\\\/producte\\\/ekologiska-zalioji-arbata-china-chun-mee\\\/\",\"name\":\"Ekologi\u0161ka \u017ealioji arbata China Chun Mee - Biopapa\",\"isPartOf\":{\"@id\":\"https:\\\/\\\/www.biopapa.de\\\/lt\\\/#website\"},\"primaryImageOfPage\":{\"@id\":\"https:\\\/\\\/www.biopapa.de\\\/lt\\\/producte\\\/ekologiska-zalioji-arbata-china-chun-mee\\\/#primaryimage\"},\"image\":{\"@id\":\"https:\\\/\\\/www.biopapa.de\\\/lt\\\/producte\\\/ekologiska-zalioji-arbata-china-chun-mee\\\/#primaryimage\"},\"thumbnailUrl\":\"https:\\\/\\\/www.biopapa.de\\\/wp-content\\\/uploads\\\/2025\\\/10\\\/Ekologiska-zalioji-arbata-China-Chun-Mee.webp\",\"datePublished\":\"2025-10-01T09:11:16+00:00\",\"dateModified\":\"2026-01-09T14:08:00+00:00\",\"description\":\"Ekologi\u0161ka \u017ealioji arbata China Chun Mee turi \u0161vie\u017ei\u0105, \u0161iek tiek r\u016bg\u0161t\u0173 skon\u012f su lengvu d\u016bminiu prieskoniu.\",\"breadcrumb\":{\"@id\":\"https:\\\/\\\/www.biopapa.de\\\/lt\\\/producte\\\/ekologiska-zalioji-arbata-china-chun-mee\\\/#breadcrumb\"},\"inLanguage\":\"lt-LT\",\"potentialAction\":[{\"@type\":\"ReadAction\",\"target\":[\"https:\\\/\\\/www.biopapa.de\\\/lt\\\/producte\\\/ekologiska-zalioji-arbata-china-chun-mee\\\/\"]}]},{\"@type\":\"ImageObject\",\"inLanguage\":\"lt-LT\",\"@id\":\"https:\\\/\\\/www.biopapa.de\\\/lt\\\/producte\\\/ekologiska-zalioji-arbata-china-chun-mee\\\/#primaryimage\",\"url\":\"https:\\\/\\\/www.biopapa.de\\\/wp-content\\\/uploads\\\/2025\\\/10\\\/Ekologiska-zalioji-arbata-China-Chun-Mee.webp\",\"contentUrl\":\"https:\\\/\\\/www.biopapa.de\\\/wp-content\\\/uploads\\\/2025\\\/10\\\/Ekologiska-zalioji-arbata-China-Chun-Mee.webp\",\"width\":800,\"height\":640},{\"@type\":\"BreadcrumbList\",\"@id\":\"https:\\\/\\\/www.biopapa.de\\\/lt\\\/producte\\\/ekologiska-zalioji-arbata-china-chun-mee\\\/#breadcrumb\",\"itemListElement\":[{\"@type\":\"ListItem\",\"position\":1,\"name\":\"Home\",\"item\":\"https:\\\/\\\/www.biopapa.de\\\/lt\\\/\"},{\"@type\":\"ListItem\",\"position\":2,\"name\":\"Parduotuv\u0117\",\"item\":\"https:\\\/\\\/www.biopapa.de\\\/parduotuve\\\/\"},{\"@type\":\"ListItem\",\"position\":3,\"name\":\"Ekologi\u0161ka \u017ealioji arbata China Chun Mee\"}]},{\"@type\":\"WebSite\",\"@id\":\"https:\\\/\\\/www.biopapa.de\\\/lt\\\/#website\",\"url\":\"https:\\\/\\\/www.biopapa.de\\\/lt\\\/\",\"name\":\"Biopapa\",\"description\":\"\u0160var\u016bs ekologi\u0161ki produktai\",\"publisher\":{\"@id\":\"https:\\\/\\\/www.biopapa.de\\\/lt\\\/#organization\"},\"potentialAction\":[{\"@type\":\"SearchAction\",\"target\":{\"@type\":\"EntryPoint\",\"urlTemplate\":\"https:\\\/\\\/www.biopapa.de\\\/lt\\\/?s={search_term_string}\"},\"query-input\":{\"@type\":\"PropertyValueSpecification\",\"valueRequired\":true,\"valueName\":\"search_term_string\"}}],\"inLanguage\":\"lt-LT\"},{\"@type\":\"Organization\",\"@id\":\"https:\\\/\\\/www.biopapa.de\\\/lt\\\/#organization\",\"name\":\"Biopapa\",\"url\":\"https:\\\/\\\/www.biopapa.de\\\/lt\\\/\",\"logo\":{\"@type\":\"ImageObject\",\"inLanguage\":\"lt-LT\",\"@id\":\"https:\\\/\\\/www.biopapa.de\\\/lt\\\/#\\\/schema\\\/logo\\\/image\\\/\",\"url\":\"https:\\\/\\\/www.biopapa.lt\\\/wp-content\\\/uploads\\\/2022\\\/04\\\/facebook_biopapa.jpg\",\"contentUrl\":\"https:\\\/\\\/www.biopapa.lt\\\/wp-content\\\/uploads\\\/2022\\\/04\\\/facebook_biopapa.jpg\",\"width\":1733,\"height\":907,\"caption\":\"Biopapa\"},\"image\":{\"@id\":\"https:\\\/\\\/www.biopapa.de\\\/lt\\\/#\\\/schema\\\/logo\\\/image\\\/\"},\"sameAs\":[\"https:\\\/\\\/www.facebook.com\\\/biopapa.lt\"]}]}<\/script>\n<!-- \/ Yoast SEO plugin. -->","yoast_head_json":{"title":"Ekologi\u0161ka \u017ealioji arbata China Chun Mee - Biopapa","description":"Ekologi\u0161ka \u017ealioji arbata China Chun Mee turi \u0161vie\u017ei\u0105, \u0161iek tiek r\u016bg\u0161t\u0173 skon\u012f su lengvu d\u016bminiu prieskoniu.","robots":{"index":"index","follow":"follow","max-snippet":"max-snippet:-1","max-image-preview":"max-image-preview:large","max-video-preview":"max-video-preview:-1"},"canonical":"https:\/\/www.biopapa.de\/lt\/producte\/ekologiska-zalioji-arbata-china-chun-mee\/","og_locale":"lt_LT","og_type":"article","og_title":"Ekologi\u0161ka \u017ealioji arbata China Chun Mee - Biopapa","og_description":"Ekologi\u0161ka \u017ealioji arbata China Chun Mee turi \u0161vie\u017ei\u0105, \u0161iek tiek r\u016bg\u0161t\u0173 skon\u012f su lengvu d\u016bminiu prieskoniu.","og_url":"https:\/\/www.biopapa.de\/lt\/producte\/ekologiska-zalioji-arbata-china-chun-mee\/","og_site_name":"Biopapa","article_publisher":"https:\/\/www.facebook.com\/biopapa.lt","article_modified_time":"2026-01-09T14:08:00+00:00","og_image":[{"width":800,"height":640,"url":"https:\/\/www.biopapa.de\/wp-content\/uploads\/2025\/10\/Ekologiska-zalioji-arbata-China-Chun-Mee.webp","type":"image\/webp"}],"twitter_card":"summary_large_image","schema":{"@context":"https:\/\/schema.org","@graph":[{"@type":"WebPage","@id":"https:\/\/www.biopapa.de\/lt\/producte\/ekologiska-zalioji-arbata-china-chun-mee\/","url":"https:\/\/www.biopapa.de\/lt\/producte\/ekologiska-zalioji-arbata-china-chun-mee\/","name":"Ekologi\u0161ka \u017ealioji arbata China Chun Mee - Biopapa","isPartOf":{"@id":"https:\/\/www.biopapa.de\/lt\/#website"},"primaryImageOfPage":{"@id":"https:\/\/www.biopapa.de\/lt\/producte\/ekologiska-zalioji-arbata-china-chun-mee\/#primaryimage"},"image":{"@id":"https:\/\/www.biopapa.de\/lt\/producte\/ekologiska-zalioji-arbata-china-chun-mee\/#primaryimage"},"thumbnailUrl":"https:\/\/www.biopapa.de\/wp-content\/uploads\/2025\/10\/Ekologiska-zalioji-arbata-China-Chun-Mee.webp","datePublished":"2025-10-01T09:11:16+00:00","dateModified":"2026-01-09T14:08:00+00:00","description":"Ekologi\u0161ka \u017ealioji arbata China Chun Mee turi \u0161vie\u017ei\u0105, \u0161iek tiek r\u016bg\u0161t\u0173 skon\u012f su lengvu d\u016bminiu prieskoniu.","breadcrumb":{"@id":"https:\/\/www.biopapa.de\/lt\/producte\/ekologiska-zalioji-arbata-china-chun-mee\/#breadcrumb"},"inLanguage":"lt-LT","potentialAction":[{"@type":"ReadAction","target":["https:\/\/www.biopapa.de\/lt\/producte\/ekologiska-zalioji-arbata-china-chun-mee\/"]}]},{"@type":"ImageObject","inLanguage":"lt-LT","@id":"https:\/\/www.biopapa.de\/lt\/producte\/ekologiska-zalioji-arbata-china-chun-mee\/#primaryimage","url":"https:\/\/www.biopapa.de\/wp-content\/uploads\/2025\/10\/Ekologiska-zalioji-arbata-China-Chun-Mee.webp","contentUrl":"https:\/\/www.biopapa.de\/wp-content\/uploads\/2025\/10\/Ekologiska-zalioji-arbata-China-Chun-Mee.webp","width":800,"height":640},{"@type":"BreadcrumbList","@id":"https:\/\/www.biopapa.de\/lt\/producte\/ekologiska-zalioji-arbata-china-chun-mee\/#breadcrumb","itemListElement":[{"@type":"ListItem","position":1,"name":"Home","item":"https:\/\/www.biopapa.de\/lt\/"},{"@type":"ListItem","position":2,"name":"Parduotuv\u0117","item":"https:\/\/www.biopapa.de\/parduotuve\/"},{"@type":"ListItem","position":3,"name":"Ekologi\u0161ka \u017ealioji arbata China Chun Mee"}]},{"@type":"WebSite","@id":"https:\/\/www.biopapa.de\/lt\/#website","url":"https:\/\/www.biopapa.de\/lt\/","name":"Biopapa","description":"\u0160var\u016bs ekologi\u0161ki produktai","publisher":{"@id":"https:\/\/www.biopapa.de\/lt\/#organization"},"potentialAction":[{"@type":"SearchAction","target":{"@type":"EntryPoint","urlTemplate":"https:\/\/www.biopapa.de\/lt\/?s={search_term_string}"},"query-input":{"@type":"PropertyValueSpecification","valueRequired":true,"valueName":"search_term_string"}}],"inLanguage":"lt-LT"},{"@type":"Organization","@id":"https:\/\/www.biopapa.de\/lt\/#organization","name":"Biopapa","url":"https:\/\/www.biopapa.de\/lt\/","logo":{"@type":"ImageObject","inLanguage":"lt-LT","@id":"https:\/\/www.biopapa.de\/lt\/#\/schema\/logo\/image\/","url":"https:\/\/www.biopapa.lt\/wp-content\/uploads\/2022\/04\/facebook_biopapa.jpg","contentUrl":"https:\/\/www.biopapa.lt\/wp-content\/uploads\/2022\/04\/facebook_biopapa.jpg","width":1733,"height":907,"caption":"Biopapa"},"image":{"@id":"https:\/\/www.biopapa.de\/lt\/#\/schema\/logo\/image\/"},"sameAs":["https:\/\/www.facebook.com\/biopapa.lt"]}]}},"_links":{"self":[{"href":"https:\/\/www.biopapa.de\/lt\/wp-json\/wp\/v2\/product\/46881","targetHints":{"allow":["GET"]}}],"collection":[{"href":"https:\/\/www.biopapa.de\/lt\/wp-json\/wp\/v2\/product"}],"about":[{"href":"https:\/\/www.biopapa.de\/lt\/wp-json\/wp\/v2\/types\/product"}],"wp:featuredmedia":[{"embeddable":true,"href":"https:\/\/www.biopapa.de\/lt\/wp-json\/wp\/v2\/media\/46959"}],"wp:attachment":[{"href":"https:\/\/www.biopapa.de\/lt\/wp-json\/wp\/v2\/media?parent=46881"}],"wp:term":[{"taxonomy":"product_brand","embeddable":true,"href":"https:\/\/www.biopapa.de\/lt\/wp-json\/wp\/v2\/product_brand?post=46881"},{"taxonomy":"product_cat","embeddable":true,"href":"https:\/\/www.biopapa.de\/lt\/wp-json\/wp\/v2\/product_cat?post=46881"},{"taxonomy":"product_tag","embeddable":true,"href":"https:\/\/www.biopapa.de\/lt\/wp-json\/wp\/v2\/product_tag?post=46881"}],"curies":[{"name":"wp","href":"https:\/\/api.w.org\/{rel}","templated":true}]}}