{"id":40815,"date":"2022-11-09T14:32:55","date_gmt":"2022-11-09T12:32:55","guid":{"rendered":"https:\/\/www.biopapa.de\/produktas\/%d0%be%d1%80%d0%b3%d0%b0%d0%bd%d0%b8%d1%87%d0%b5%d1%81%d0%ba%d0%b8%d0%b5-%d1%81%d0%b5%d0%bc%d0%b5%d0%bd%d0%b0-%d1%80%d0%b0%d1%81%d1%82%d0%be%d1%80%d0%be%d0%bf%d1%88%d0%b8-%d0%bc%d0%be%d0%bb%d0%be\/"},"modified":"2026-02-03T17:41:06","modified_gmt":"2026-02-03T15:41:06","slug":"organicheskie-semena-rastoropshi-molotye","status":"publish","type":"product","link":"https:\/\/www.biopapa.de\/ru\/producte\/organicheskie-semena-rastoropshi-molotye\/","title":{"rendered":"\u041e\u0440\u0433\u0430\u043d\u0438\u0447\u0435\u0441\u043a\u0438\u0435 \u0441\u0435\u043c\u0435\u043d\u0430 \u0440\u0430\u0441\u0442\u043e\u0440\u043e\u043f\u0448\u0438, \u043c\u043e\u043b\u043e\u0442\u044b\u0435"},"content":{"rendered":"<p>\u041e\u0440\u0433\u0430\u043d\u0438\u0447\u0435\u0441\u043a\u0438\u0435<strong> \u0441\u0435\u043c\u0435\u043d\u0430 \u043d\u0430\u0441\u0442\u043e\u044f\u0449\u0435\u0433\u043e \u0440\u0430\u0441\u0442\u043e\u0440\u043e\u043f\u0448\u0438 \u043f\u044f\u0442\u043d\u0438\u0441\u0442\u043e\u0439<\/strong> \u043e\u0431\u043e\u0433\u0430\u0442\u044f\u0442 \u0438 \u0440\u0430\u0437\u043d\u043e\u043e\u0431\u0440\u0430\u0437\u044f\u0442 \u0432\u0430\u0448 \u0435\u0436\u0435\u0434\u043d\u0435\u0432\u043d\u044b\u0439 \u0440\u0430\u0446\u0438\u043e\u043d.<\/p>\n<p>\u0412\u044b\u0441\u043e\u043a\u043e\u0435 \u0441\u043e\u0434\u0435\u0440\u0436\u0430\u043d\u0438\u0435 <strong>\u0431\u0435\u043b\u043a\u0430<\/strong>. \u0411\u0435\u043b\u043e\u043a \u0441\u043f\u043e\u0441\u043e\u0431\u0441\u0442\u0432\u0443\u0435\u0442 \u0440\u043e\u0441\u0442\u0443 \u043c\u044b\u0448\u0435\u0447\u043d\u043e\u0439 \u043c\u0430\u0441\u0441\u044b, \u0441\u043e\u0445\u0440\u0430\u043d\u0435\u043d\u0438\u044e \u043c\u044b\u0448\u0435\u0447\u043d\u043e\u0439 \u043c\u0430\u0441\u0441\u044b \u0438 \u043f\u043e\u0434\u0434\u0435\u0440\u0436\u0430\u043d\u0438\u044e \u043d\u043e\u0440\u043c\u0430\u043b\u044c\u043d\u043e\u0433\u043e \u0441\u043e\u0441\u0442\u043e\u044f\u043d\u0438\u044f \u043a\u043e\u0441\u0442\u0435\u0439. \u0411\u043e\u043b\u044c\u0448\u043e\u0435 \u0437\u043d\u0430\u0447\u0435\u043d\u0438\u0435 \u0438\u043c\u0435\u0435\u0442 \u0440\u0430\u0437\u043d\u043e\u043e\u0431\u0440\u0430\u0437\u043d\u043e\u0435 \u0438 \u0441\u0431\u0430\u043b\u0430\u043d\u0441\u0438\u0440\u043e\u0432\u0430\u043d\u043d\u043e\u0435 \u043f\u0438\u0442\u0430\u043d\u0438\u0435 \u0438 \u0437\u0434\u043e\u0440\u043e\u0432\u044b\u0439 \u043e\u0431\u0440\u0430\u0437 \u0436\u0438\u0437\u043d\u0438.<\/p>\n<p>\u0418\u0441\u043f\u043e\u043b\u044c\u0437\u043e\u0432\u0430\u0442\u044c \u0432 \u0441\u0430\u043b\u0430\u0442\u0430\u0445, \u0441\u0443\u0445\u0438\u0445 \u0437\u0430\u0432\u0442\u0440\u0430\u043a\u0430\u0445, \u0441\u043c\u0443\u0437\u0438, \u043a\u043e\u043a\u0442\u0435\u0439\u043b\u044f\u0445 \u0438\u043b\u0438 \u0432 \u043a\u0430\u0447\u0435\u0441\u0442\u0432\u0435 \u0442\u0440\u0430\u0432\u044f\u043d\u043e\u0433\u043e \u0447\u0430\u044f (1 \u0447.\u043b. 1 \u0447.\u043b. \u043f\u043e\u0440\u043e\u0448\u043a\u0430 \u0437\u0430\u043b\u0438\u0442\u044c \u0441\u0442\u0430\u043a\u0430\u043d\u043e\u043c \u043a\u0438\u043f\u044f\u0442\u043a\u0430, \u043d\u0430\u043a\u0440\u044b\u0442\u044c \u0438 \u043e\u0441\u0442\u0430\u0432\u0438\u0442\u044c \u043d\u0430 15 \u043c\u0438\u043d\u0443\u0442, \u043f\u0440\u043e\u0446\u0435\u0434\u0438\u0442\u044c \u0438 \u0432\u044b\u043f\u0438\u0442\u044c).<\/p>\n<p>\u0414\u043b\u044f \u043f\u0440\u0438\u0433\u043e\u0442\u043e\u0432\u043b\u0435\u043d\u0438\u044f \u0447\u0430\u044f \u043d\u0435\u043e\u0431\u0445\u043e\u0434\u0438\u043c\u043e 1 \u0447\u0430\u0439\u043d\u0430\u044f \u043b\u043e\u0436\u043a\u0430 \u0440\u0430\u0441\u0442\u043e\u0440\u043e\u043f\u0448\u0438 \u043f\u044f\u0442\u043d\u0438\u0441\u0442\u043e\u0439 (\u043e\u043a\u043e\u043b\u043e 4 \u0433) \u043d\u0430 \u0441\u0442\u0430\u043a\u0430\u043d \u0432\u043e\u0434\u044b. \u0412\u044b\u043f\u0438\u0442\u044c 1 \u0441\u0442\u0430\u043a\u0430\u043d \u043d\u0430\u0441\u0442\u043e\u044f. \u0421\u0443\u0442\u043e\u0447\u043d\u0430\u044f \u0434\u043e\u0437\u0430 (3 \u0447\u0430\u0439\u043d\u044b\u0435 \u043b\u043e\u0436\u043a\u0438) \u0441\u043e\u0434\u0435\u0440\u0436\u0438\u0442 12 \u0433 \u0440\u0430\u0441\u0442\u043e\u0440\u043e\u043f\u0448\u0438 \u043f\u044f\u0442\u043d\u0438\u0441\u0442\u043e\u0439.<\/p>\n","protected":false},"excerpt":{"rendered":"<p>\u041e\u0440\u0433\u0430\u043d\u0438\u0447\u0435\u0441\u043a\u0438\u0435 \u0441\u0435\u043c\u0435\u043d\u0430 \u043d\u0430\u0441\u0442\u043e\u044f\u0449\u0435\u0433\u043e \u0440\u0430\u0441\u0442\u043e\u0440\u043e\u043f\u0448\u0438 \u043f\u044f\u0442\u043d\u0438\u0441\u0442\u043e\u0439 \u043e\u0431\u043e\u0433\u0430\u0442\u044f\u0442 \u0438 \u0440\u0430\u0437\u043d\u043e\u043e\u0431\u0440\u0430\u0437\u044f\u0442 \u0432\u0430\u0448 \u0435\u0436\u0435\u0434\u043d\u0435\u0432\u043d\u044b\u0439 \u0440\u0430\u0446\u0438\u043e\u043d. \u0412\u044b\u0441\u043e\u043a\u043e\u0435 \u0441\u043e\u0434\u0435\u0440\u0436\u0430\u043d\u0438\u0435 \u0431\u0435\u043b\u043a\u0430. \u0411\u0435\u043b\u043e\u043a \u0441\u043f\u043e\u0441\u043e\u0431\u0441\u0442\u0432\u0443\u0435\u0442 \u0440\u043e\u0441\u0442\u0443 \u043c\u044b\u0448\u0435\u0447\u043d\u043e\u0439 \u043c\u0430\u0441\u0441\u044b, \u0441\u043e\u0445\u0440\u0430\u043d\u0435\u043d\u0438\u044e<\/p>\n","protected":false},"featured_media":29824,"template":"","meta":{"_acf_changed":false},"product_brand":[],"product_cat":[2354,1956],"product_tag":[2089,2031],"class_list":{"0":"post-40815","1":"product","2":"type-product","3":"status-publish","4":"has-post-thumbnail","6":"product_cat-2354","7":"product_cat-1956","8":"product_tag-vegan-ru","9":"product_tag-a-source-of-protein-ru","10":"pa_svoris-1-kg-ru","11":"pa_svoris-100-g-ru-2","12":"pa_svoris-200-g-ru","13":"pa_svoris-300-g-ru","14":"pa_svoris-400-g-ru","15":"pa_svoris-50-g-ru","16":"pa_svoris-500-g-ru-2","18":"first","19":"instock","20":"shipping-taxable","21":"purchasable","22":"product-type-variable"},"acf":[],"yoast_head":"<!-- This site is optimized with the Yoast SEO plugin v27.3 - https:\/\/yoast.com\/product\/yoast-seo-wordpress\/ -->\n<title>\u041e\u0440\u0433\u0430\u043d\u0438\u0447\u0435\u0441\u043a\u0438\u0435 \u0441\u0435\u043c\u0435\u043d\u0430 \u0440\u0430\u0441\u0442\u043e\u0440\u043e\u043f\u0448\u0438, \u043c\u043e\u043b\u043e\u0442\u044b\u0435 - Biopapa<\/title>\n<meta name=\"description\" content=\"\u041e\u0440\u0433\u0430\u043d\u0438\u0447\u0435\u0441\u043a\u0438\u0435 \u0441\u0435\u043c\u0435\u043d\u0430 \u043d\u0430\u0441\u0442\u043e\u044f\u0449\u0435\u0433\u043e \u0440\u0430\u0441\u0442\u043e\u0440\u043e\u043f\u0448\u0438 \u043f\u044f\u0442\u043d\u0438\u0441\u0442\u043e\u0439 \u043e\u0431\u043e\u0433\u0430\u0442\u044f\u0442 \u0438 \u0440\u0430\u0437\u043d\u043e\u043e\u0431\u0440\u0430\u0437\u044f\u0442 \u0432\u0430\u0448 \u0435\u0436\u0435\u0434\u043d\u0435\u0432\u043d\u044b\u0439 \u0440\u0430\u0446\u0438\u043e\u043d.\" \/>\n<meta name=\"robots\" content=\"index, follow, max-snippet:-1, max-image-preview:large, max-video-preview:-1\" \/>\n<link rel=\"canonical\" href=\"https:\/\/www.biopapa.de\/ru\/producte\/organicheskie-semena-rastoropshi-molotye\/\" \/>\n<meta property=\"og:locale\" content=\"ru_RU\" \/>\n<meta property=\"og:type\" content=\"article\" \/>\n<meta property=\"og:title\" content=\"\u041e\u0440\u0433\u0430\u043d\u0438\u0447\u0435\u0441\u043a\u0438\u0435 \u0441\u0435\u043c\u0435\u043d\u0430 \u0440\u0430\u0441\u0442\u043e\u0440\u043e\u043f\u0448\u0438, \u043c\u043e\u043b\u043e\u0442\u044b\u0435 - Biopapa\" \/>\n<meta property=\"og:description\" content=\"\u041e\u0440\u0433\u0430\u043d\u0438\u0447\u0435\u0441\u043a\u0438\u0435 \u0441\u0435\u043c\u0435\u043d\u0430 \u043d\u0430\u0441\u0442\u043e\u044f\u0449\u0435\u0433\u043e \u0440\u0430\u0441\u0442\u043e\u0440\u043e\u043f\u0448\u0438 \u043f\u044f\u0442\u043d\u0438\u0441\u0442\u043e\u0439 \u043e\u0431\u043e\u0433\u0430\u0442\u044f\u0442 \u0438 \u0440\u0430\u0437\u043d\u043e\u043e\u0431\u0440\u0430\u0437\u044f\u0442 \u0432\u0430\u0448 \u0435\u0436\u0435\u0434\u043d\u0435\u0432\u043d\u044b\u0439 \u0440\u0430\u0446\u0438\u043e\u043d.\" \/>\n<meta property=\"og:url\" content=\"https:\/\/www.biopapa.de\/ru\/producte\/organicheskie-semena-rastoropshi-molotye\/\" \/>\n<meta property=\"og:site_name\" content=\"Biopapa\" \/>\n<meta property=\"article:publisher\" content=\"https:\/\/www.facebook.com\/biopapa.lt\" \/>\n<meta property=\"article:modified_time\" content=\"2026-02-03T15:41:06+00:00\" \/>\n<meta property=\"og:image\" content=\"https:\/\/www.biopapa.de\/wp-content\/uploads\/2022\/11\/Ekologiskos-tikrojo-margainio-seklos-maltos..png\" \/>\n\t<meta property=\"og:image:width\" content=\"800\" \/>\n\t<meta property=\"og:image:height\" content=\"640\" \/>\n\t<meta property=\"og:image:type\" content=\"image\/png\" \/>\n<meta name=\"twitter:card\" content=\"summary_large_image\" \/>\n<script type=\"application\/ld+json\" class=\"yoast-schema-graph\">{\"@context\":\"https:\\\/\\\/schema.org\",\"@graph\":[{\"@type\":\"WebPage\",\"@id\":\"https:\\\/\\\/www.biopapa.de\\\/ru\\\/producte\\\/organicheskie-semena-rastoropshi-molotye\\\/\",\"url\":\"https:\\\/\\\/www.biopapa.de\\\/ru\\\/producte\\\/organicheskie-semena-rastoropshi-molotye\\\/\",\"name\":\"\u041e\u0440\u0433\u0430\u043d\u0438\u0447\u0435\u0441\u043a\u0438\u0435 \u0441\u0435\u043c\u0435\u043d\u0430 \u0440\u0430\u0441\u0442\u043e\u0440\u043e\u043f\u0448\u0438, \u043c\u043e\u043b\u043e\u0442\u044b\u0435 - Biopapa\",\"isPartOf\":{\"@id\":\"https:\\\/\\\/www.biopapa.de\\\/ru\\\/#website\"},\"primaryImageOfPage\":{\"@id\":\"https:\\\/\\\/www.biopapa.de\\\/ru\\\/producte\\\/organicheskie-semena-rastoropshi-molotye\\\/#primaryimage\"},\"image\":{\"@id\":\"https:\\\/\\\/www.biopapa.de\\\/ru\\\/producte\\\/organicheskie-semena-rastoropshi-molotye\\\/#primaryimage\"},\"thumbnailUrl\":\"https:\\\/\\\/www.biopapa.de\\\/wp-content\\\/uploads\\\/2022\\\/11\\\/Ekologiskos-tikrojo-margainio-seklos-maltos..png\",\"datePublished\":\"2022-11-09T12:32:55+00:00\",\"dateModified\":\"2026-02-03T15:41:06+00:00\",\"description\":\"\u041e\u0440\u0433\u0430\u043d\u0438\u0447\u0435\u0441\u043a\u0438\u0435 \u0441\u0435\u043c\u0435\u043d\u0430 \u043d\u0430\u0441\u0442\u043e\u044f\u0449\u0435\u0433\u043e \u0440\u0430\u0441\u0442\u043e\u0440\u043e\u043f\u0448\u0438 \u043f\u044f\u0442\u043d\u0438\u0441\u0442\u043e\u0439 \u043e\u0431\u043e\u0433\u0430\u0442\u044f\u0442 \u0438 \u0440\u0430\u0437\u043d\u043e\u043e\u0431\u0440\u0430\u0437\u044f\u0442 \u0432\u0430\u0448 \u0435\u0436\u0435\u0434\u043d\u0435\u0432\u043d\u044b\u0439 \u0440\u0430\u0446\u0438\u043e\u043d.\",\"breadcrumb\":{\"@id\":\"https:\\\/\\\/www.biopapa.de\\\/ru\\\/producte\\\/organicheskie-semena-rastoropshi-molotye\\\/#breadcrumb\"},\"inLanguage\":\"ru-RU\",\"potentialAction\":[{\"@type\":\"ReadAction\",\"target\":[\"https:\\\/\\\/www.biopapa.de\\\/ru\\\/producte\\\/organicheskie-semena-rastoropshi-molotye\\\/\"]}]},{\"@type\":\"ImageObject\",\"inLanguage\":\"ru-RU\",\"@id\":\"https:\\\/\\\/www.biopapa.de\\\/ru\\\/producte\\\/organicheskie-semena-rastoropshi-molotye\\\/#primaryimage\",\"url\":\"https:\\\/\\\/www.biopapa.de\\\/wp-content\\\/uploads\\\/2022\\\/11\\\/Ekologiskos-tikrojo-margainio-seklos-maltos..png\",\"contentUrl\":\"https:\\\/\\\/www.biopapa.de\\\/wp-content\\\/uploads\\\/2022\\\/11\\\/Ekologiskos-tikrojo-margainio-seklos-maltos..png\",\"width\":800,\"height\":640,\"caption\":\"\u041e\u0440\u0433\u0430\u043d\u0438\u0447\u0435\u0441\u043a\u0438\u0435 \u0441\u0435\u043c\u0435\u043d\u0430 \u0440\u0430\u0441\u0442\u043e\u0440\u043e\u043f\u0448\u0438, \u043c\u043e\u043b\u043e\u0442\u044b\u0435\"},{\"@type\":\"BreadcrumbList\",\"@id\":\"https:\\\/\\\/www.biopapa.de\\\/ru\\\/producte\\\/organicheskie-semena-rastoropshi-molotye\\\/#breadcrumb\",\"itemListElement\":[{\"@type\":\"ListItem\",\"position\":1,\"name\":\"Home\",\"item\":\"https:\\\/\\\/www.biopapa.de\\\/ru\\\/\"},{\"@type\":\"ListItem\",\"position\":2,\"name\":\"Shop\",\"item\":\"https:\\\/\\\/www.biopapa.de\\\/ru\\\/shop\\\/\"},{\"@type\":\"ListItem\",\"position\":3,\"name\":\"\u041e\u0440\u0433\u0430\u043d\u0438\u0447\u0435\u0441\u043a\u0438\u0435 \u0441\u0435\u043c\u0435\u043d\u0430 \u0440\u0430\u0441\u0442\u043e\u0440\u043e\u043f\u0448\u0438, \u043c\u043e\u043b\u043e\u0442\u044b\u0435\"}]},{\"@type\":\"WebSite\",\"@id\":\"https:\\\/\\\/www.biopapa.de\\\/ru\\\/#website\",\"url\":\"https:\\\/\\\/www.biopapa.de\\\/ru\\\/\",\"name\":\"Biopapa\",\"description\":\"\u0160var\u016bs ekologi\u0161ki produktai\",\"publisher\":{\"@id\":\"https:\\\/\\\/www.biopapa.de\\\/ru\\\/#organization\"},\"potentialAction\":[{\"@type\":\"SearchAction\",\"target\":{\"@type\":\"EntryPoint\",\"urlTemplate\":\"https:\\\/\\\/www.biopapa.de\\\/ru\\\/?s={search_term_string}\"},\"query-input\":{\"@type\":\"PropertyValueSpecification\",\"valueRequired\":true,\"valueName\":\"search_term_string\"}}],\"inLanguage\":\"ru-RU\"},{\"@type\":\"Organization\",\"@id\":\"https:\\\/\\\/www.biopapa.de\\\/ru\\\/#organization\",\"name\":\"Biopapa\",\"url\":\"https:\\\/\\\/www.biopapa.de\\\/ru\\\/\",\"logo\":{\"@type\":\"ImageObject\",\"inLanguage\":\"ru-RU\",\"@id\":\"https:\\\/\\\/www.biopapa.de\\\/ru\\\/#\\\/schema\\\/logo\\\/image\\\/\",\"url\":\"https:\\\/\\\/www.biopapa.lt\\\/wp-content\\\/uploads\\\/2022\\\/04\\\/facebook_biopapa.jpg\",\"contentUrl\":\"https:\\\/\\\/www.biopapa.lt\\\/wp-content\\\/uploads\\\/2022\\\/04\\\/facebook_biopapa.jpg\",\"width\":1733,\"height\":907,\"caption\":\"Biopapa\"},\"image\":{\"@id\":\"https:\\\/\\\/www.biopapa.de\\\/ru\\\/#\\\/schema\\\/logo\\\/image\\\/\"},\"sameAs\":[\"https:\\\/\\\/www.facebook.com\\\/biopapa.lt\"]}]}<\/script>\n<!-- \/ Yoast SEO plugin. -->","yoast_head_json":{"title":"\u041e\u0440\u0433\u0430\u043d\u0438\u0447\u0435\u0441\u043a\u0438\u0435 \u0441\u0435\u043c\u0435\u043d\u0430 \u0440\u0430\u0441\u0442\u043e\u0440\u043e\u043f\u0448\u0438, \u043c\u043e\u043b\u043e\u0442\u044b\u0435 - Biopapa","description":"\u041e\u0440\u0433\u0430\u043d\u0438\u0447\u0435\u0441\u043a\u0438\u0435 \u0441\u0435\u043c\u0435\u043d\u0430 \u043d\u0430\u0441\u0442\u043e\u044f\u0449\u0435\u0433\u043e \u0440\u0430\u0441\u0442\u043e\u0440\u043e\u043f\u0448\u0438 \u043f\u044f\u0442\u043d\u0438\u0441\u0442\u043e\u0439 \u043e\u0431\u043e\u0433\u0430\u0442\u044f\u0442 \u0438 \u0440\u0430\u0437\u043d\u043e\u043e\u0431\u0440\u0430\u0437\u044f\u0442 \u0432\u0430\u0448 \u0435\u0436\u0435\u0434\u043d\u0435\u0432\u043d\u044b\u0439 \u0440\u0430\u0446\u0438\u043e\u043d.","robots":{"index":"index","follow":"follow","max-snippet":"max-snippet:-1","max-image-preview":"max-image-preview:large","max-video-preview":"max-video-preview:-1"},"canonical":"https:\/\/www.biopapa.de\/ru\/producte\/organicheskie-semena-rastoropshi-molotye\/","og_locale":"ru_RU","og_type":"article","og_title":"\u041e\u0440\u0433\u0430\u043d\u0438\u0447\u0435\u0441\u043a\u0438\u0435 \u0441\u0435\u043c\u0435\u043d\u0430 \u0440\u0430\u0441\u0442\u043e\u0440\u043e\u043f\u0448\u0438, \u043c\u043e\u043b\u043e\u0442\u044b\u0435 - Biopapa","og_description":"\u041e\u0440\u0433\u0430\u043d\u0438\u0447\u0435\u0441\u043a\u0438\u0435 \u0441\u0435\u043c\u0435\u043d\u0430 \u043d\u0430\u0441\u0442\u043e\u044f\u0449\u0435\u0433\u043e \u0440\u0430\u0441\u0442\u043e\u0440\u043e\u043f\u0448\u0438 \u043f\u044f\u0442\u043d\u0438\u0441\u0442\u043e\u0439 \u043e\u0431\u043e\u0433\u0430\u0442\u044f\u0442 \u0438 \u0440\u0430\u0437\u043d\u043e\u043e\u0431\u0440\u0430\u0437\u044f\u0442 \u0432\u0430\u0448 \u0435\u0436\u0435\u0434\u043d\u0435\u0432\u043d\u044b\u0439 \u0440\u0430\u0446\u0438\u043e\u043d.","og_url":"https:\/\/www.biopapa.de\/ru\/producte\/organicheskie-semena-rastoropshi-molotye\/","og_site_name":"Biopapa","article_publisher":"https:\/\/www.facebook.com\/biopapa.lt","article_modified_time":"2026-02-03T15:41:06+00:00","og_image":[{"width":800,"height":640,"url":"https:\/\/www.biopapa.de\/wp-content\/uploads\/2022\/11\/Ekologiskos-tikrojo-margainio-seklos-maltos..png","type":"image\/png"}],"twitter_card":"summary_large_image","schema":{"@context":"https:\/\/schema.org","@graph":[{"@type":"WebPage","@id":"https:\/\/www.biopapa.de\/ru\/producte\/organicheskie-semena-rastoropshi-molotye\/","url":"https:\/\/www.biopapa.de\/ru\/producte\/organicheskie-semena-rastoropshi-molotye\/","name":"\u041e\u0440\u0433\u0430\u043d\u0438\u0447\u0435\u0441\u043a\u0438\u0435 \u0441\u0435\u043c\u0435\u043d\u0430 \u0440\u0430\u0441\u0442\u043e\u0440\u043e\u043f\u0448\u0438, \u043c\u043e\u043b\u043e\u0442\u044b\u0435 - Biopapa","isPartOf":{"@id":"https:\/\/www.biopapa.de\/ru\/#website"},"primaryImageOfPage":{"@id":"https:\/\/www.biopapa.de\/ru\/producte\/organicheskie-semena-rastoropshi-molotye\/#primaryimage"},"image":{"@id":"https:\/\/www.biopapa.de\/ru\/producte\/organicheskie-semena-rastoropshi-molotye\/#primaryimage"},"thumbnailUrl":"https:\/\/www.biopapa.de\/wp-content\/uploads\/2022\/11\/Ekologiskos-tikrojo-margainio-seklos-maltos..png","datePublished":"2022-11-09T12:32:55+00:00","dateModified":"2026-02-03T15:41:06+00:00","description":"\u041e\u0440\u0433\u0430\u043d\u0438\u0447\u0435\u0441\u043a\u0438\u0435 \u0441\u0435\u043c\u0435\u043d\u0430 \u043d\u0430\u0441\u0442\u043e\u044f\u0449\u0435\u0433\u043e \u0440\u0430\u0441\u0442\u043e\u0440\u043e\u043f\u0448\u0438 \u043f\u044f\u0442\u043d\u0438\u0441\u0442\u043e\u0439 \u043e\u0431\u043e\u0433\u0430\u0442\u044f\u0442 \u0438 \u0440\u0430\u0437\u043d\u043e\u043e\u0431\u0440\u0430\u0437\u044f\u0442 \u0432\u0430\u0448 \u0435\u0436\u0435\u0434\u043d\u0435\u0432\u043d\u044b\u0439 \u0440\u0430\u0446\u0438\u043e\u043d.","breadcrumb":{"@id":"https:\/\/www.biopapa.de\/ru\/producte\/organicheskie-semena-rastoropshi-molotye\/#breadcrumb"},"inLanguage":"ru-RU","potentialAction":[{"@type":"ReadAction","target":["https:\/\/www.biopapa.de\/ru\/producte\/organicheskie-semena-rastoropshi-molotye\/"]}]},{"@type":"ImageObject","inLanguage":"ru-RU","@id":"https:\/\/www.biopapa.de\/ru\/producte\/organicheskie-semena-rastoropshi-molotye\/#primaryimage","url":"https:\/\/www.biopapa.de\/wp-content\/uploads\/2022\/11\/Ekologiskos-tikrojo-margainio-seklos-maltos..png","contentUrl":"https:\/\/www.biopapa.de\/wp-content\/uploads\/2022\/11\/Ekologiskos-tikrojo-margainio-seklos-maltos..png","width":800,"height":640,"caption":"\u041e\u0440\u0433\u0430\u043d\u0438\u0447\u0435\u0441\u043a\u0438\u0435 \u0441\u0435\u043c\u0435\u043d\u0430 \u0440\u0430\u0441\u0442\u043e\u0440\u043e\u043f\u0448\u0438, \u043c\u043e\u043b\u043e\u0442\u044b\u0435"},{"@type":"BreadcrumbList","@id":"https:\/\/www.biopapa.de\/ru\/producte\/organicheskie-semena-rastoropshi-molotye\/#breadcrumb","itemListElement":[{"@type":"ListItem","position":1,"name":"Home","item":"https:\/\/www.biopapa.de\/ru\/"},{"@type":"ListItem","position":2,"name":"Shop","item":"https:\/\/www.biopapa.de\/ru\/shop\/"},{"@type":"ListItem","position":3,"name":"\u041e\u0440\u0433\u0430\u043d\u0438\u0447\u0435\u0441\u043a\u0438\u0435 \u0441\u0435\u043c\u0435\u043d\u0430 \u0440\u0430\u0441\u0442\u043e\u0440\u043e\u043f\u0448\u0438, \u043c\u043e\u043b\u043e\u0442\u044b\u0435"}]},{"@type":"WebSite","@id":"https:\/\/www.biopapa.de\/ru\/#website","url":"https:\/\/www.biopapa.de\/ru\/","name":"Biopapa","description":"\u0160var\u016bs ekologi\u0161ki produktai","publisher":{"@id":"https:\/\/www.biopapa.de\/ru\/#organization"},"potentialAction":[{"@type":"SearchAction","target":{"@type":"EntryPoint","urlTemplate":"https:\/\/www.biopapa.de\/ru\/?s={search_term_string}"},"query-input":{"@type":"PropertyValueSpecification","valueRequired":true,"valueName":"search_term_string"}}],"inLanguage":"ru-RU"},{"@type":"Organization","@id":"https:\/\/www.biopapa.de\/ru\/#organization","name":"Biopapa","url":"https:\/\/www.biopapa.de\/ru\/","logo":{"@type":"ImageObject","inLanguage":"ru-RU","@id":"https:\/\/www.biopapa.de\/ru\/#\/schema\/logo\/image\/","url":"https:\/\/www.biopapa.lt\/wp-content\/uploads\/2022\/04\/facebook_biopapa.jpg","contentUrl":"https:\/\/www.biopapa.lt\/wp-content\/uploads\/2022\/04\/facebook_biopapa.jpg","width":1733,"height":907,"caption":"Biopapa"},"image":{"@id":"https:\/\/www.biopapa.de\/ru\/#\/schema\/logo\/image\/"},"sameAs":["https:\/\/www.facebook.com\/biopapa.lt"]}]}},"_links":{"self":[{"href":"https:\/\/www.biopapa.de\/ru\/wp-json\/wp\/v2\/product\/40815","targetHints":{"allow":["GET"]}}],"collection":[{"href":"https:\/\/www.biopapa.de\/ru\/wp-json\/wp\/v2\/product"}],"about":[{"href":"https:\/\/www.biopapa.de\/ru\/wp-json\/wp\/v2\/types\/product"}],"wp:featuredmedia":[{"embeddable":true,"href":"https:\/\/www.biopapa.de\/ru\/wp-json\/wp\/v2\/media\/29824"}],"wp:attachment":[{"href":"https:\/\/www.biopapa.de\/ru\/wp-json\/wp\/v2\/media?parent=40815"}],"wp:term":[{"taxonomy":"product_brand","embeddable":true,"href":"https:\/\/www.biopapa.de\/ru\/wp-json\/wp\/v2\/product_brand?post=40815"},{"taxonomy":"product_cat","embeddable":true,"href":"https:\/\/www.biopapa.de\/ru\/wp-json\/wp\/v2\/product_cat?post=40815"},{"taxonomy":"product_tag","embeddable":true,"href":"https:\/\/www.biopapa.de\/ru\/wp-json\/wp\/v2\/product_tag?post=40815"}],"curies":[{"name":"wp","href":"https:\/\/api.w.org\/{rel}","templated":true}]}}