{"id":40849,"date":"2022-10-25T18:32:28","date_gmt":"2022-10-25T15:32:28","guid":{"rendered":"https:\/\/www.biopapa.de\/produktas\/%d0%be%d1%80%d0%b3%d0%b0%d0%bd%d0%b8%d1%87%d0%b5%d1%81%d0%ba%d0%b0%d1%8f-%d1%81%d1%83%d1%88%d0%b5%d0%bd%d0%b0%d1%8f-%d0%bf%d0%b5%d1%82%d1%80%d1%83%d1%88%d0%ba%d0%b0\/"},"modified":"2026-02-10T16:48:01","modified_gmt":"2026-02-10T14:48:01","slug":"organicheskaya-sushenaya-petrushka","status":"publish","type":"product","link":"https:\/\/www.biopapa.de\/ru\/producte\/organicheskaya-sushenaya-petrushka\/","title":{"rendered":"\u041e\u0440\u0433\u0430\u043d\u0438\u0447\u0435\u0441\u043a\u0430\u044f \u0441\u0443\u0448\u0435\u043d\u0430\u044f \u043f\u0435\u0442\u0440\u0443\u0448\u043a\u0430"},"content":{"rendered":"<p><strong>\u041e\u0440\u0433\u0430\u043d\u0438\u0447\u0435\u0441\u043a\u0430\u044f \u0441\u0443\u0448\u0435\u043d\u0430\u044f \u043f\u0435\u0442\u0440\u0443\u0448\u043a\u0430<\/strong><br \/>\n\u0421\u0443\u0448\u0435\u043d\u0430\u044f \u043f\u0435\u0442\u0440\u0443\u0448\u043a\u0430 \u0438\u043c\u0435\u0435\u0442 \u0434\u043e\u043b\u0433\u0443\u044e \u0438 \u0438\u043d\u0442\u0435\u0440\u0435\u0441\u043d\u0443\u044e \u0438\u0441\u0442\u043e\u0440\u0438\u044e, \u0432\u043e\u0441\u0445\u043e\u0434\u044f\u0449\u0443\u044e \u043a \u0434\u0440\u0435\u0432\u043d\u0435\u043c\u0443 \u0421\u0440\u0435\u0434\u0438\u0437\u0435\u043c\u043d\u043e\u043c\u043e\u0440\u044c\u044e. \u0414\u0440\u0435\u0432\u043d\u0438\u0435 \u0433\u0440\u0435\u043a\u0438 \u0441\u0447\u0438\u0442\u0430\u043b\u0438 \u0435\u0433\u043e \u0441\u0432\u044f\u0449\u0435\u043d\u043d\u044b\u043c \u0440\u0430\u0441\u0442\u0435\u043d\u0438\u0435\u043c \u0438 \u0438\u0441\u043f\u043e\u043b\u044c\u0437\u043e\u0432\u0430\u043b\u0438 \u043d\u0435 \u0442\u043e\u043b\u044c\u043a\u043e \u0432 \u043f\u0438\u0449\u0443, \u043d\u043e \u0438 \u0432 \u0446\u0435\u0440\u0435\u043c\u043e\u043d\u0438\u0430\u043b\u044c\u043d\u044b\u0445 \u0446\u0435\u043b\u044f\u0445, \u0430 \u0442\u0430\u043a\u0436\u0435 \u0434\u043b\u044f \u043f\u043b\u0435\u0442\u0435\u043d\u0438\u044f \u0432\u0435\u043d\u043a\u043e\u0432. \u0420\u0438\u043c\u043b\u044f\u043d\u0435 \u0446\u0435\u043d\u0438\u043b\u0438 \u043f\u0435\u0442\u0440\u0443\u0448\u043a\u0443 \u043a\u0430\u043a \u043f\u0440\u044f\u043d\u043e\u0441\u0442\u044c \u0438 \u043b\u0435\u043a\u0430\u0440\u0441\u0442\u0432\u0435\u043d\u043d\u043e\u0435 \u0440\u0430\u0441\u0442\u0435\u043d\u0438\u0435, \u0441\u0447\u0438\u0442\u0430\u044f, \u0447\u0442\u043e \u043e\u043d\u0430 \u0443\u043b\u0443\u0447\u0448\u0430\u0435\u0442 \u043f\u0438\u0449\u0435\u0432\u0430\u0440\u0435\u043d\u0438\u0435 \u0438 \u043e\u0441\u0432\u0435\u0436\u0430\u0435\u0442 \u0434\u044b\u0445\u0430\u043d\u0438\u0435. \u0412 \u0421\u0440\u0435\u0434\u043d\u0438\u0435 \u0432\u0435\u043a\u0430 \u043f\u0435\u0442\u0440\u0443\u0448\u043a\u0430 \u0440\u0430\u0441\u043f\u0440\u043e\u0441\u0442\u0440\u0430\u043d\u0438\u043b\u0430\u0441\u044c \u043f\u043e \u0432\u0441\u0435\u0439 \u0415\u0432\u0440\u043e\u043f\u0435 \u0438 \u0441\u0442\u0430\u043b\u0430 \u0432\u0430\u0436\u043d\u043e\u0439 \u0447\u0430\u0441\u0442\u044c\u044e \u043a\u0443\u0445\u043d\u0438. \u041c\u0435\u0442\u043e\u0434 \u0441\u0443\u0448\u043a\u0438 \u043f\u043e\u0437\u0432\u043e\u043b\u0438\u043b \u0438\u043c \u0441\u043e\u0445\u0440\u0430\u043d\u0438\u0442\u044c \u0441\u0432\u043e\u0439 \u0430\u0440\u043e\u043c\u0430\u0442 \u0438 \u0438\u0441\u043f\u043e\u043b\u044c\u0437\u043e\u0432\u0430\u0442\u044c\u0441\u044f \u043a\u0440\u0443\u0433\u043b\u044b\u0439 \u0433\u043e\u0434.<\/p>\n<p>\u0421\u0443\u0448\u0435\u043d\u0430\u044f \u043f\u0435\u0442\u0440\u0443\u0448\u043a\u0430 \u043e\u0431\u044b\u0447\u043d\u043e \u0438\u0441\u043f\u043e\u043b\u044c\u0437\u0443\u0435\u0442\u0441\u044f \u0434\u043b\u044f \u0430\u0440\u043e\u043c\u0430\u0442\u0438\u0437\u0430\u0446\u0438\u0438 \u0441\u0443\u043f\u043e\u0432, \u0441\u043e\u0443\u0441\u043e\u0432, \u0440\u0430\u0433\u0443 \u0438 \u0434\u0440\u0443\u0433\u0438\u0445 \u0431\u043b\u044e\u0434. \u041e\u043d\u0438 \u043f\u0440\u0438\u0434\u0430\u044e\u0442 \u043c\u044f\u0433\u043a\u0438\u0439, \u0441\u0432\u0435\u0436\u0438\u0439 \u0432\u043a\u0443\u0441 \u0438 \u0435\u0434\u0432\u0430 \u0443\u043b\u043e\u0432\u0438\u043c\u0443\u044e \u0437\u0435\u043b\u0435\u043d\u044c \u0434\u0430\u0436\u0435 \u0432 \u0442\u0435\u0445 \u0441\u043b\u0443\u0447\u0430\u044f\u0445, \u043a\u043e\u0433\u0434\u0430 \u0441\u0432\u0435\u0436\u0430\u044f \u0437\u0435\u043b\u0435\u043d\u044c \u043d\u0435\u0434\u043e\u0441\u0442\u0443\u043f\u043d\u0430. \u0418\u0445 \u0442\u0430\u043a\u0436\u0435 \u043c\u043e\u0436\u043d\u043e \u043f\u043e\u0441\u044b\u043f\u0430\u0442\u044c \u043d\u0430 \u043a\u0430\u0440\u0442\u043e\u0444\u0435\u043b\u044c \u0438 \u043c\u0430\u043a\u0430\u0440\u043e\u043d\u044b. \u041f\u043e\u043c\u0438\u043c\u043e \u043a\u0443\u043b\u0438\u043d\u0430\u0440\u043d\u043e\u0433\u043e \u043f\u0440\u0438\u043c\u0435\u043d\u0435\u043d\u0438\u044f, \u043f\u0435\u0442\u0440\u0443\u0448\u043a\u0430 \u0446\u0435\u043d\u0438\u0442\u0441\u044f \u0437\u0430 \u0441\u0432\u043e\u0438 \u0432\u0438\u0442\u0430\u043c\u0438\u043d\u044b. \u0425\u043e\u0442\u044f \u043f\u0440\u0438 \u0441\u0443\u0448\u043a\u0435 \u0447\u0430\u0441\u0442\u044c \u043f\u0438\u0442\u0430\u0442\u0435\u043b\u044c\u043d\u044b\u0445 \u0432\u0435\u0449\u0435\u0441\u0442\u0432 \u0443\u043c\u0435\u043d\u044c\u0448\u0430\u0435\u0442\u0441\u044f, \u043e\u043d\u0430 \u043e\u0441\u0442\u0430\u0435\u0442\u0441\u044f \u043f\u043e\u043b\u0435\u0437\u043d\u043e\u0439 \u0438 \u0430\u0440\u043e\u043c\u0430\u0442\u043d\u043e\u0439 \u043f\u0440\u0438\u043f\u0440\u0430\u0432\u043e\u0439 \u0432 \u0435\u0436\u0435\u0434\u043d\u0435\u0432\u043d\u043e\u043c \u0440\u0430\u0446\u0438\u043e\u043d\u0435.    <\/p>\n<p><em>\u041f\u0420\u0418\u041c\u0415\u0427\u0410\u041d\u0418\u0415. \u0418\u043d\u0444\u043e\u0440\u043c\u0430\u0446\u0438\u044f, \u043f\u0440\u0435\u0434\u0441\u0442\u0430\u0432\u043b\u0435\u043d\u043d\u0430\u044f \u043d\u0430 \u044d\u0442\u043e\u043c \u0441\u0430\u0439\u0442\u0435, \u043d\u0435 \u0434\u043e\u043b\u0436\u043d\u0430 \u0440\u0430\u0441\u0441\u043c\u0430\u0442\u0440\u0438\u0432\u0430\u0442\u044c\u0441\u044f \u043a\u0430\u043a \u0440\u0435\u043a\u043e\u043c\u0435\u043d\u0434\u0430\u0446\u0438\u044f \u043f\u043e \u043b\u0435\u0447\u0435\u043d\u0438\u044e \u0438\u043b\u0438 \u043b\u044e\u0431\u043e\u0439 \u0434\u0440\u0443\u0433\u043e\u0439 \u0432\u0438\u0434 \u043c\u0435\u0434\u0438\u0446\u0438\u043d\u0441\u043a\u043e\u0433\u043e \u0441\u043e\u0432\u0435\u0442\u0430. \u041c\u044b \u043f\u0440\u0438\u0437\u044b\u0432\u0430\u0435\u043c \u0432\u0430\u0441 \u0441\u0430\u043c\u043e\u0441\u0442\u043e\u044f\u0442\u0435\u043b\u044c\u043d\u043e \u043f\u0440\u0438\u043d\u0438\u043c\u0430\u0442\u044c \u0440\u0435\u0448\u0435\u043d\u0438\u044f \u043e\u0442\u043d\u043e\u0441\u0438\u0442\u0435\u043b\u044c\u043d\u043e \u0441\u0432\u043e\u0435\u0433\u043e \u0437\u0434\u043e\u0440\u043e\u0432\u044c\u044f, \u043f\u0440\u0438\u043d\u0438\u043c\u0430\u044f \u0432\u043e \u0432\u043d\u0438\u043c\u0430\u043d\u0438\u0435 \u0448\u0438\u0440\u043e\u043a\u0438\u0439 \u0441\u043f\u0435\u043a\u0442\u0440 \u0438\u0441\u0442\u043e\u0447\u043d\u0438\u043a\u043e\u0432 \u0438\u043d\u0444\u043e\u0440\u043c\u0430\u0446\u0438\u0438.<\/em><\/p>\n","protected":false},"excerpt":{"rendered":"<p>\u041e\u0440\u0433\u0430\u043d\u0438\u0447\u0435\u0441\u043a\u0430\u044f \u0441\u0443\u0448\u0435\u043d\u0430\u044f \u043f\u0435\u0442\u0440\u0443\u0448\u043a\u0430 \u0421\u0443\u0448\u0435\u043d\u0430\u044f \u043f\u0435\u0442\u0440\u0443\u0448\u043a\u0430 \u0438\u043c\u0435\u0435\u0442 \u0434\u043e\u043b\u0433\u0443\u044e \u0438 \u0438\u043d\u0442\u0435\u0440\u0435\u0441\u043d\u0443\u044e \u0438\u0441\u0442\u043e\u0440\u0438\u044e, \u0432\u043e\u0441\u0445\u043e\u0434\u044f\u0449\u0443\u044e \u043a \u0434\u0440\u0435\u0432\u043d\u0435\u043c\u0443 \u0421\u0440\u0435\u0434\u0438\u0437\u0435\u043c\u043d\u043e\u043c\u043e\u0440\u044c\u044e. \u0414\u0440\u0435\u0432\u043d\u0438\u0435 \u0433\u0440\u0435\u043a\u0438 \u0441\u0447\u0438\u0442\u0430\u043b\u0438 \u0435\u0433\u043e \u0441\u0432\u044f\u0449\u0435\u043d\u043d\u044b\u043c \u0440\u0430\u0441\u0442\u0435\u043d\u0438\u0435\u043c<\/p>\n","protected":false},"featured_media":30102,"template":"","meta":{"_acf_changed":false},"product_brand":[],"product_cat":[2000],"product_tag":[2089],"class_list":{"0":"post-40849","1":"product","2":"type-product","3":"status-publish","4":"has-post-thumbnail","6":"product_cat-c","7":"product_tag-vegan-ru","8":"pa_svoris-1-kg-ru","9":"pa_svoris-100g-ru-2","10":"pa_svoris-200g-ru","11":"pa_svoris-25-g-ru","12":"pa_svoris-300-g-ru","13":"pa_svoris-400-g-ru","14":"pa_svoris-50-g-ru","15":"pa_svoris-500-g-ru-2","17":"first","18":"instock","19":"shipping-taxable","20":"purchasable","21":"product-type-variable"},"acf":[],"yoast_head":"<!-- This site is optimized with the Yoast SEO plugin v27.3 - https:\/\/yoast.com\/product\/yoast-seo-wordpress\/ -->\n<title>\u041e\u0440\u0433\u0430\u043d\u0438\u0447\u0435\u0441\u043a\u0430\u044f \u0441\u0443\u0448\u0435\u043d\u0430\u044f \u043f\u0435\u0442\u0440\u0443\u0448\u043a\u0430 - Biopapa<\/title>\n<meta name=\"description\" content=\"\u041e\u0440\u0433\u0430\u043d\u0438\u0447\u0435\u0441\u043a\u0430\u044f \u0441\u0443\u0448\u0435\u043d\u0430\u044f \u043f\u0435\u0442\u0440\u0443\u0448\u043a\u0430 \u043e\u0431\u044b\u0447\u043d\u043e \u0438\u0441\u043f\u043e\u043b\u044c\u0437\u0443\u0435\u0442\u0441\u044f \u0434\u043b\u044f \u0430\u0440\u043e\u043c\u0430\u0442\u0438\u0437\u0430\u0446\u0438\u0438 \u0441\u0443\u043f\u043e\u0432, \u0441\u043e\u0443\u0441\u043e\u0432, \u0442\u0443\u0448\u0435\u043d\u043e\u0433\u043e \u043c\u044f\u0441\u0430 \u0438 \u0434\u0440\u0443\u0433\u0438\u0445 \u0431\u043b\u044e\u0434.\" \/>\n<meta name=\"robots\" content=\"index, follow, max-snippet:-1, max-image-preview:large, max-video-preview:-1\" \/>\n<link rel=\"canonical\" href=\"https:\/\/www.biopapa.de\/ru\/producte\/organicheskaya-sushenaya-petrushka\/\" \/>\n<meta property=\"og:locale\" content=\"ru_RU\" \/>\n<meta property=\"og:type\" content=\"article\" \/>\n<meta property=\"og:title\" content=\"\u041e\u0440\u0433\u0430\u043d\u0438\u0447\u0435\u0441\u043a\u0430\u044f \u0441\u0443\u0448\u0435\u043d\u0430\u044f \u043f\u0435\u0442\u0440\u0443\u0448\u043a\u0430 - Biopapa\" \/>\n<meta property=\"og:description\" content=\"\u041e\u0440\u0433\u0430\u043d\u0438\u0447\u0435\u0441\u043a\u0430\u044f \u0441\u0443\u0448\u0435\u043d\u0430\u044f \u043f\u0435\u0442\u0440\u0443\u0448\u043a\u0430 \u043e\u0431\u044b\u0447\u043d\u043e \u0438\u0441\u043f\u043e\u043b\u044c\u0437\u0443\u0435\u0442\u0441\u044f \u0434\u043b\u044f \u0430\u0440\u043e\u043c\u0430\u0442\u0438\u0437\u0430\u0446\u0438\u0438 \u0441\u0443\u043f\u043e\u0432, \u0441\u043e\u0443\u0441\u043e\u0432, \u0442\u0443\u0448\u0435\u043d\u043e\u0433\u043e \u043c\u044f\u0441\u0430 \u0438 \u0434\u0440\u0443\u0433\u0438\u0445 \u0431\u043b\u044e\u0434.\" \/>\n<meta property=\"og:url\" content=\"https:\/\/www.biopapa.de\/ru\/producte\/organicheskaya-sushenaya-petrushka\/\" \/>\n<meta property=\"og:site_name\" content=\"Biopapa\" \/>\n<meta property=\"article:publisher\" content=\"https:\/\/www.facebook.com\/biopapa.lt\" \/>\n<meta property=\"article:modified_time\" content=\"2026-02-10T14:48:01+00:00\" \/>\n<meta property=\"og:image\" content=\"https:\/\/www.biopapa.de\/wp-content\/uploads\/2022\/10\/Ekologiskos-dziovintos-petrazoles.png\" \/>\n\t<meta property=\"og:image:width\" content=\"800\" \/>\n\t<meta property=\"og:image:height\" content=\"640\" \/>\n\t<meta property=\"og:image:type\" content=\"image\/png\" \/>\n<meta name=\"twitter:card\" content=\"summary_large_image\" \/>\n<script type=\"application\/ld+json\" class=\"yoast-schema-graph\">{\"@context\":\"https:\\\/\\\/schema.org\",\"@graph\":[{\"@type\":\"WebPage\",\"@id\":\"https:\\\/\\\/www.biopapa.de\\\/ru\\\/producte\\\/organicheskaya-sushenaya-petrushka\\\/\",\"url\":\"https:\\\/\\\/www.biopapa.de\\\/ru\\\/producte\\\/organicheskaya-sushenaya-petrushka\\\/\",\"name\":\"\u041e\u0440\u0433\u0430\u043d\u0438\u0447\u0435\u0441\u043a\u0430\u044f \u0441\u0443\u0448\u0435\u043d\u0430\u044f \u043f\u0435\u0442\u0440\u0443\u0448\u043a\u0430 - Biopapa\",\"isPartOf\":{\"@id\":\"https:\\\/\\\/www.biopapa.de\\\/ru\\\/#website\"},\"primaryImageOfPage\":{\"@id\":\"https:\\\/\\\/www.biopapa.de\\\/ru\\\/producte\\\/organicheskaya-sushenaya-petrushka\\\/#primaryimage\"},\"image\":{\"@id\":\"https:\\\/\\\/www.biopapa.de\\\/ru\\\/producte\\\/organicheskaya-sushenaya-petrushka\\\/#primaryimage\"},\"thumbnailUrl\":\"https:\\\/\\\/www.biopapa.de\\\/wp-content\\\/uploads\\\/2022\\\/10\\\/Ekologiskos-dziovintos-petrazoles.png\",\"datePublished\":\"2022-10-25T15:32:28+00:00\",\"dateModified\":\"2026-02-10T14:48:01+00:00\",\"description\":\"\u041e\u0440\u0433\u0430\u043d\u0438\u0447\u0435\u0441\u043a\u0430\u044f \u0441\u0443\u0448\u0435\u043d\u0430\u044f \u043f\u0435\u0442\u0440\u0443\u0448\u043a\u0430 \u043e\u0431\u044b\u0447\u043d\u043e \u0438\u0441\u043f\u043e\u043b\u044c\u0437\u0443\u0435\u0442\u0441\u044f \u0434\u043b\u044f \u0430\u0440\u043e\u043c\u0430\u0442\u0438\u0437\u0430\u0446\u0438\u0438 \u0441\u0443\u043f\u043e\u0432, \u0441\u043e\u0443\u0441\u043e\u0432, \u0442\u0443\u0448\u0435\u043d\u043e\u0433\u043e \u043c\u044f\u0441\u0430 \u0438 \u0434\u0440\u0443\u0433\u0438\u0445 \u0431\u043b\u044e\u0434.\",\"breadcrumb\":{\"@id\":\"https:\\\/\\\/www.biopapa.de\\\/ru\\\/producte\\\/organicheskaya-sushenaya-petrushka\\\/#breadcrumb\"},\"inLanguage\":\"ru-RU\",\"potentialAction\":[{\"@type\":\"ReadAction\",\"target\":[\"https:\\\/\\\/www.biopapa.de\\\/ru\\\/producte\\\/organicheskaya-sushenaya-petrushka\\\/\"]}]},{\"@type\":\"ImageObject\",\"inLanguage\":\"ru-RU\",\"@id\":\"https:\\\/\\\/www.biopapa.de\\\/ru\\\/producte\\\/organicheskaya-sushenaya-petrushka\\\/#primaryimage\",\"url\":\"https:\\\/\\\/www.biopapa.de\\\/wp-content\\\/uploads\\\/2022\\\/10\\\/Ekologiskos-dziovintos-petrazoles.png\",\"contentUrl\":\"https:\\\/\\\/www.biopapa.de\\\/wp-content\\\/uploads\\\/2022\\\/10\\\/Ekologiskos-dziovintos-petrazoles.png\",\"width\":800,\"height\":640,\"caption\":\"\u041e\u0440\u0433\u0430\u043d\u0438\u0447\u0435\u0441\u043a\u0430\u044f \u0441\u0443\u0448\u0435\u043d\u0430\u044f \u043f\u0435\u0442\u0440\u0443\u0448\u043a\u0430\"},{\"@type\":\"BreadcrumbList\",\"@id\":\"https:\\\/\\\/www.biopapa.de\\\/ru\\\/producte\\\/organicheskaya-sushenaya-petrushka\\\/#breadcrumb\",\"itemListElement\":[{\"@type\":\"ListItem\",\"position\":1,\"name\":\"Home\",\"item\":\"https:\\\/\\\/www.biopapa.de\\\/ru\\\/\"},{\"@type\":\"ListItem\",\"position\":2,\"name\":\"Shop\",\"item\":\"https:\\\/\\\/www.biopapa.de\\\/ru\\\/shop\\\/\"},{\"@type\":\"ListItem\",\"position\":3,\"name\":\"\u041e\u0440\u0433\u0430\u043d\u0438\u0447\u0435\u0441\u043a\u0430\u044f \u0441\u0443\u0448\u0435\u043d\u0430\u044f \u043f\u0435\u0442\u0440\u0443\u0448\u043a\u0430\"}]},{\"@type\":\"WebSite\",\"@id\":\"https:\\\/\\\/www.biopapa.de\\\/ru\\\/#website\",\"url\":\"https:\\\/\\\/www.biopapa.de\\\/ru\\\/\",\"name\":\"Biopapa\",\"description\":\"\u0160var\u016bs ekologi\u0161ki produktai\",\"publisher\":{\"@id\":\"https:\\\/\\\/www.biopapa.de\\\/ru\\\/#organization\"},\"potentialAction\":[{\"@type\":\"SearchAction\",\"target\":{\"@type\":\"EntryPoint\",\"urlTemplate\":\"https:\\\/\\\/www.biopapa.de\\\/ru\\\/?s={search_term_string}\"},\"query-input\":{\"@type\":\"PropertyValueSpecification\",\"valueRequired\":true,\"valueName\":\"search_term_string\"}}],\"inLanguage\":\"ru-RU\"},{\"@type\":\"Organization\",\"@id\":\"https:\\\/\\\/www.biopapa.de\\\/ru\\\/#organization\",\"name\":\"Biopapa\",\"url\":\"https:\\\/\\\/www.biopapa.de\\\/ru\\\/\",\"logo\":{\"@type\":\"ImageObject\",\"inLanguage\":\"ru-RU\",\"@id\":\"https:\\\/\\\/www.biopapa.de\\\/ru\\\/#\\\/schema\\\/logo\\\/image\\\/\",\"url\":\"https:\\\/\\\/www.biopapa.lt\\\/wp-content\\\/uploads\\\/2022\\\/04\\\/facebook_biopapa.jpg\",\"contentUrl\":\"https:\\\/\\\/www.biopapa.lt\\\/wp-content\\\/uploads\\\/2022\\\/04\\\/facebook_biopapa.jpg\",\"width\":1733,\"height\":907,\"caption\":\"Biopapa\"},\"image\":{\"@id\":\"https:\\\/\\\/www.biopapa.de\\\/ru\\\/#\\\/schema\\\/logo\\\/image\\\/\"},\"sameAs\":[\"https:\\\/\\\/www.facebook.com\\\/biopapa.lt\"]}]}<\/script>\n<!-- \/ Yoast SEO plugin. -->","yoast_head_json":{"title":"\u041e\u0440\u0433\u0430\u043d\u0438\u0447\u0435\u0441\u043a\u0430\u044f \u0441\u0443\u0448\u0435\u043d\u0430\u044f \u043f\u0435\u0442\u0440\u0443\u0448\u043a\u0430 - Biopapa","description":"\u041e\u0440\u0433\u0430\u043d\u0438\u0447\u0435\u0441\u043a\u0430\u044f \u0441\u0443\u0448\u0435\u043d\u0430\u044f \u043f\u0435\u0442\u0440\u0443\u0448\u043a\u0430 \u043e\u0431\u044b\u0447\u043d\u043e \u0438\u0441\u043f\u043e\u043b\u044c\u0437\u0443\u0435\u0442\u0441\u044f \u0434\u043b\u044f \u0430\u0440\u043e\u043c\u0430\u0442\u0438\u0437\u0430\u0446\u0438\u0438 \u0441\u0443\u043f\u043e\u0432, \u0441\u043e\u0443\u0441\u043e\u0432, \u0442\u0443\u0448\u0435\u043d\u043e\u0433\u043e \u043c\u044f\u0441\u0430 \u0438 \u0434\u0440\u0443\u0433\u0438\u0445 \u0431\u043b\u044e\u0434.","robots":{"index":"index","follow":"follow","max-snippet":"max-snippet:-1","max-image-preview":"max-image-preview:large","max-video-preview":"max-video-preview:-1"},"canonical":"https:\/\/www.biopapa.de\/ru\/producte\/organicheskaya-sushenaya-petrushka\/","og_locale":"ru_RU","og_type":"article","og_title":"\u041e\u0440\u0433\u0430\u043d\u0438\u0447\u0435\u0441\u043a\u0430\u044f \u0441\u0443\u0448\u0435\u043d\u0430\u044f \u043f\u0435\u0442\u0440\u0443\u0448\u043a\u0430 - Biopapa","og_description":"\u041e\u0440\u0433\u0430\u043d\u0438\u0447\u0435\u0441\u043a\u0430\u044f \u0441\u0443\u0448\u0435\u043d\u0430\u044f \u043f\u0435\u0442\u0440\u0443\u0448\u043a\u0430 \u043e\u0431\u044b\u0447\u043d\u043e \u0438\u0441\u043f\u043e\u043b\u044c\u0437\u0443\u0435\u0442\u0441\u044f \u0434\u043b\u044f \u0430\u0440\u043e\u043c\u0430\u0442\u0438\u0437\u0430\u0446\u0438\u0438 \u0441\u0443\u043f\u043e\u0432, \u0441\u043e\u0443\u0441\u043e\u0432, \u0442\u0443\u0448\u0435\u043d\u043e\u0433\u043e \u043c\u044f\u0441\u0430 \u0438 \u0434\u0440\u0443\u0433\u0438\u0445 \u0431\u043b\u044e\u0434.","og_url":"https:\/\/www.biopapa.de\/ru\/producte\/organicheskaya-sushenaya-petrushka\/","og_site_name":"Biopapa","article_publisher":"https:\/\/www.facebook.com\/biopapa.lt","article_modified_time":"2026-02-10T14:48:01+00:00","og_image":[{"width":800,"height":640,"url":"https:\/\/www.biopapa.de\/wp-content\/uploads\/2022\/10\/Ekologiskos-dziovintos-petrazoles.png","type":"image\/png"}],"twitter_card":"summary_large_image","schema":{"@context":"https:\/\/schema.org","@graph":[{"@type":"WebPage","@id":"https:\/\/www.biopapa.de\/ru\/producte\/organicheskaya-sushenaya-petrushka\/","url":"https:\/\/www.biopapa.de\/ru\/producte\/organicheskaya-sushenaya-petrushka\/","name":"\u041e\u0440\u0433\u0430\u043d\u0438\u0447\u0435\u0441\u043a\u0430\u044f \u0441\u0443\u0448\u0435\u043d\u0430\u044f \u043f\u0435\u0442\u0440\u0443\u0448\u043a\u0430 - Biopapa","isPartOf":{"@id":"https:\/\/www.biopapa.de\/ru\/#website"},"primaryImageOfPage":{"@id":"https:\/\/www.biopapa.de\/ru\/producte\/organicheskaya-sushenaya-petrushka\/#primaryimage"},"image":{"@id":"https:\/\/www.biopapa.de\/ru\/producte\/organicheskaya-sushenaya-petrushka\/#primaryimage"},"thumbnailUrl":"https:\/\/www.biopapa.de\/wp-content\/uploads\/2022\/10\/Ekologiskos-dziovintos-petrazoles.png","datePublished":"2022-10-25T15:32:28+00:00","dateModified":"2026-02-10T14:48:01+00:00","description":"\u041e\u0440\u0433\u0430\u043d\u0438\u0447\u0435\u0441\u043a\u0430\u044f \u0441\u0443\u0448\u0435\u043d\u0430\u044f \u043f\u0435\u0442\u0440\u0443\u0448\u043a\u0430 \u043e\u0431\u044b\u0447\u043d\u043e \u0438\u0441\u043f\u043e\u043b\u044c\u0437\u0443\u0435\u0442\u0441\u044f \u0434\u043b\u044f \u0430\u0440\u043e\u043c\u0430\u0442\u0438\u0437\u0430\u0446\u0438\u0438 \u0441\u0443\u043f\u043e\u0432, \u0441\u043e\u0443\u0441\u043e\u0432, \u0442\u0443\u0448\u0435\u043d\u043e\u0433\u043e \u043c\u044f\u0441\u0430 \u0438 \u0434\u0440\u0443\u0433\u0438\u0445 \u0431\u043b\u044e\u0434.","breadcrumb":{"@id":"https:\/\/www.biopapa.de\/ru\/producte\/organicheskaya-sushenaya-petrushka\/#breadcrumb"},"inLanguage":"ru-RU","potentialAction":[{"@type":"ReadAction","target":["https:\/\/www.biopapa.de\/ru\/producte\/organicheskaya-sushenaya-petrushka\/"]}]},{"@type":"ImageObject","inLanguage":"ru-RU","@id":"https:\/\/www.biopapa.de\/ru\/producte\/organicheskaya-sushenaya-petrushka\/#primaryimage","url":"https:\/\/www.biopapa.de\/wp-content\/uploads\/2022\/10\/Ekologiskos-dziovintos-petrazoles.png","contentUrl":"https:\/\/www.biopapa.de\/wp-content\/uploads\/2022\/10\/Ekologiskos-dziovintos-petrazoles.png","width":800,"height":640,"caption":"\u041e\u0440\u0433\u0430\u043d\u0438\u0447\u0435\u0441\u043a\u0430\u044f \u0441\u0443\u0448\u0435\u043d\u0430\u044f \u043f\u0435\u0442\u0440\u0443\u0448\u043a\u0430"},{"@type":"BreadcrumbList","@id":"https:\/\/www.biopapa.de\/ru\/producte\/organicheskaya-sushenaya-petrushka\/#breadcrumb","itemListElement":[{"@type":"ListItem","position":1,"name":"Home","item":"https:\/\/www.biopapa.de\/ru\/"},{"@type":"ListItem","position":2,"name":"Shop","item":"https:\/\/www.biopapa.de\/ru\/shop\/"},{"@type":"ListItem","position":3,"name":"\u041e\u0440\u0433\u0430\u043d\u0438\u0447\u0435\u0441\u043a\u0430\u044f \u0441\u0443\u0448\u0435\u043d\u0430\u044f \u043f\u0435\u0442\u0440\u0443\u0448\u043a\u0430"}]},{"@type":"WebSite","@id":"https:\/\/www.biopapa.de\/ru\/#website","url":"https:\/\/www.biopapa.de\/ru\/","name":"Biopapa","description":"\u0160var\u016bs ekologi\u0161ki produktai","publisher":{"@id":"https:\/\/www.biopapa.de\/ru\/#organization"},"potentialAction":[{"@type":"SearchAction","target":{"@type":"EntryPoint","urlTemplate":"https:\/\/www.biopapa.de\/ru\/?s={search_term_string}"},"query-input":{"@type":"PropertyValueSpecification","valueRequired":true,"valueName":"search_term_string"}}],"inLanguage":"ru-RU"},{"@type":"Organization","@id":"https:\/\/www.biopapa.de\/ru\/#organization","name":"Biopapa","url":"https:\/\/www.biopapa.de\/ru\/","logo":{"@type":"ImageObject","inLanguage":"ru-RU","@id":"https:\/\/www.biopapa.de\/ru\/#\/schema\/logo\/image\/","url":"https:\/\/www.biopapa.lt\/wp-content\/uploads\/2022\/04\/facebook_biopapa.jpg","contentUrl":"https:\/\/www.biopapa.lt\/wp-content\/uploads\/2022\/04\/facebook_biopapa.jpg","width":1733,"height":907,"caption":"Biopapa"},"image":{"@id":"https:\/\/www.biopapa.de\/ru\/#\/schema\/logo\/image\/"},"sameAs":["https:\/\/www.facebook.com\/biopapa.lt"]}]}},"_links":{"self":[{"href":"https:\/\/www.biopapa.de\/ru\/wp-json\/wp\/v2\/product\/40849","targetHints":{"allow":["GET"]}}],"collection":[{"href":"https:\/\/www.biopapa.de\/ru\/wp-json\/wp\/v2\/product"}],"about":[{"href":"https:\/\/www.biopapa.de\/ru\/wp-json\/wp\/v2\/types\/product"}],"wp:featuredmedia":[{"embeddable":true,"href":"https:\/\/www.biopapa.de\/ru\/wp-json\/wp\/v2\/media\/30102"}],"wp:attachment":[{"href":"https:\/\/www.biopapa.de\/ru\/wp-json\/wp\/v2\/media?parent=40849"}],"wp:term":[{"taxonomy":"product_brand","embeddable":true,"href":"https:\/\/www.biopapa.de\/ru\/wp-json\/wp\/v2\/product_brand?post=40849"},{"taxonomy":"product_cat","embeddable":true,"href":"https:\/\/www.biopapa.de\/ru\/wp-json\/wp\/v2\/product_cat?post=40849"},{"taxonomy":"product_tag","embeddable":true,"href":"https:\/\/www.biopapa.de\/ru\/wp-json\/wp\/v2\/product_tag?post=40849"}],"curies":[{"name":"wp","href":"https:\/\/api.w.org\/{rel}","templated":true}]}}