{"id":46097,"date":"2025-06-17T10:33:06","date_gmt":"2025-06-17T07:33:06","guid":{"rendered":"https:\/\/www.biopapa.de\/?post_type=product&#038;p=46097"},"modified":"2025-12-12T09:36:28","modified_gmt":"2025-12-12T07:36:28","slug":"organicheskie-boby-borlotti","status":"publish","type":"product","link":"https:\/\/www.biopapa.de\/ru\/producte\/organicheskie-boby-borlotti\/","title":{"rendered":"\u041e\u0440\u0433\u0430\u043d\u0438\u0447\u0435\u0441\u043a\u0438\u0435 \u0431\u043e\u0431\u044b \u0411\u043e\u0440\u043b\u043e\u0442\u0442\u0438"},"content":{"rendered":"<p><strong>\u041e\u0440\u0433\u0430\u043d\u0438\u0447\u0435\u0441\u043a\u0438\u0435 \u0431\u043e\u0431\u044b \u0431\u043e\u0440\u043b\u043e\u0442\u0442\u0438 (\u043f\u0438\u043d\u0442\u043e)<\/strong><br \/>\n\u0411\u043e\u0431\u044b \u0431\u043e\u0440\u043b\u043e\u0442\u0442\u0438, \u0442\u0430\u043a\u0436\u0435 \u0438\u0437\u0432\u0435\u0441\u0442\u043d\u044b\u0435 \u043a\u0430\u043a \u043a\u043b\u044e\u043a\u0432\u0435\u043d\u043d\u044b\u0435 \u0431\u043e\u0431\u044b, \u043f\u0440\u043e\u0438\u0441\u0445\u043e\u0434\u044f\u0442 \u0438\u0437 \u042e\u0436\u043d\u043e\u0439 \u0410\u043c\u0435\u0440\u0438\u043a\u0438, \u043e\u0441\u043e\u0431\u0435\u043d\u043d\u043e \u0438\u0437 \u0440\u0435\u0433\u0438\u043e\u043d\u043e\u0432 \u0411\u0440\u0430\u0437\u0438\u043b\u0438\u0438 \u0438 \u041a\u043e\u043b\u0443\u043c\u0431\u0438\u0438. \u041e\u043d\u0438 \u043f\u043e\u043f\u0430\u043b\u0438 \u0432 \u0415\u0432\u0440\u043e\u043f\u0443 \u0432 \u043a\u043e\u043b\u043e\u043d\u0438\u0430\u043b\u044c\u043d\u044b\u0439 \u043f\u0435\u0440\u0438\u043e\u0434 \u0438 \u0441\u0442\u0430\u043b\u0438 \u043e\u0441\u043e\u0431\u0435\u043d\u043d\u043e \u043f\u043e\u043f\u0443\u043b\u044f\u0440\u043d\u044b \u0432 \u0418\u0442\u0430\u043b\u0438\u0438, \u0433\u0434\u0435 \u0438\u0445 \u0442\u0435\u043f\u0435\u0440\u044c \u0447\u0430\u0441\u0442\u043e \u043d\u0430\u0437\u044b\u0432\u0430\u044e\u0442 fagioli borlotti. \u0412 \u0438\u0442\u0430\u043b\u044c\u044f\u043d\u0441\u043a\u043e\u0439 \u043a\u0443\u0445\u043d\u0435 \u043e\u043d\u0438 \u0448\u0438\u0440\u043e\u043a\u043e \u0438\u0441\u043f\u043e\u043b\u044c\u0437\u0443\u044e\u0442\u0441\u044f \u0432 \u0441\u0443\u043f\u0430\u0445, \u0442\u0443\u0448\u0435\u043d\u044b\u0445 \u0431\u043b\u044e\u0434\u0430\u0445 \u0438 \u0431\u043b\u044e\u0434\u0430\u0445 \u0438\u0437 \u043f\u0430\u0441\u0442\u044b.<br \/>\n\u0411\u043e\u0431\u044b \u0431\u043e\u0440\u043b\u043e\u0442\u0442\u0438 \u043e\u0431\u043b\u0430\u0434\u0430\u044e\u0442 \u043c\u044f\u0433\u043a\u0438\u043c, \u0441\u043b\u0435\u0433\u043a\u0430 \u043e\u0440\u0435\u0445\u043e\u0432\u044b\u043c \u0432\u043a\u0443\u0441\u043e\u043c \u0438 \u043c\u0443\u0447\u043d\u0438\u0441\u0442\u043e-\u0441\u043b\u0438\u0432\u043e\u0447\u043d\u043e\u0439 \u0442\u0435\u043a\u0441\u0442\u0443\u0440\u043e\u0439, \u0447\u0442\u043e \u0434\u0435\u043b\u0430\u0435\u0442 \u0438\u0445 \u0438\u0434\u0435\u0430\u043b\u044c\u043d\u044b\u043c\u0438 \u0434\u043b\u044f \u0448\u0438\u0440\u043e\u043a\u043e\u0433\u043e \u0441\u043f\u0435\u043a\u0442\u0440\u0430 \u0434\u0438\u0435\u0442 \u0438 \u0443\u043d\u0438\u0432\u0435\u0440\u0441\u0430\u043b\u044c\u043d\u044b\u043c\u0438 \u043d\u0430 \u043a\u0443\u0445\u043d\u0435.<\/p>\n<p>\u0417\u0430\u043c\u043e\u0447\u0438\u0442\u0435 \u0444\u0430\u0441\u043e\u043b\u044c \u043d\u0430 \u043d\u043e\u0447\u044c, \u0437\u0430\u0442\u0435\u043c \u043f\u0440\u043e\u043c\u043e\u0439\u0442\u0435 \u043f\u043e\u0434 \u043f\u0440\u043e\u0442\u043e\u0447\u043d\u043e\u0439 \u0432\u043e\u0434\u043e\u0439. \u0412\u0430\u0440\u0438\u0442\u0435 1 \u0447\u0430\u0448\u043a\u0443 \u0444\u0430\u0441\u043e\u043b\u0438 \u0441 \u043f\u0440\u0438\u043c\u0435\u0440\u043d\u043e 3 \u0447\u0430\u0448\u043a\u0430\u043c\u0438 \u0432\u043e\u0434\u044b \u0432 \u0442\u0435\u0447\u0435\u043d\u0438\u0435 \u043f\u0440\u0438\u043c\u0435\u0440\u043d\u043e 1 \u0447\u0430\u0441\u0430 (\u0438\u043b\u0438 \u043f\u043e \u043c\u0435\u0440\u0435 \u043d\u0435\u043e\u0431\u0445\u043e\u0434\u0438\u043c\u043e\u0441\u0442\u0438) \u043d\u0430 \u043c\u0435\u0434\u043b\u0435\u043d\u043d\u043e\u043c \u043e\u0433\u043d\u0435. \u0418 \u043d\u0430\u043a\u043e\u043d\u0435\u0446, \u043f\u0440\u0438\u043f\u0440\u0430\u0432\u044c\u0442\u0435 \u0441\u043e\u043b\u044c\u044e.<br \/>\n\u0418\u0441\u043f\u043e\u043b\u044c\u0437\u043e\u0432\u0430\u043d\u0438\u0435:<br \/>\n\u0421\u0443\u043f\u044b \u0438 \u0442\u0443\u0448\u0435\u043d\u044b\u0435 \u0431\u043b\u044e\u0434\u0430 &#8212; \u043e\u0441\u043e\u0431\u0435\u043d\u043d\u043e \u043f\u043e\u043f\u0443\u043b\u044f\u0440\u043d\u044b \u0432 pasta e fagioli \u0438\u043b\u0438 \u043e\u0432\u043e\u0449\u043d\u044b\u0445 \u0440\u0430\u0433\u0443.<br \/>\n\u0421\u0430\u043b\u0430\u0442 &#8212; \u043e\u0442\u0432\u0430\u0440\u043d\u044b\u0435 \u0431\u043e\u0431\u044b \u0431\u043e\u0440\u043b\u043e\u0442\u0442\u0438 \u043f\u0440\u0435\u043a\u0440\u0430\u0441\u043d\u043e \u043f\u043e\u0434\u0445\u043e\u0434\u044f\u0442 \u0434\u043b\u044f \u0442\u0435\u043f\u043b\u044b\u0445 \u0438\u043b\u0438 \u0445\u043e\u043b\u043e\u0434\u043d\u044b\u0445 \u0441\u0430\u043b\u0430\u0442\u043e\u0432.<br \/>\n\u0421\u043f\u0440\u0435\u0434\u044b \u0438 \u0433\u0430\u0440\u043d\u0438\u0440\u044b &#8212; \u0438\u0445 \u043c\u043e\u0436\u043d\u043e \u0438\u0441\u043f\u043e\u043b\u044c\u0437\u043e\u0432\u0430\u0442\u044c \u0434\u043b\u044f \u043f\u0440\u0438\u0433\u043e\u0442\u043e\u0432\u043b\u0435\u043d\u0438\u044f \u0431\u043e\u0431\u043e\u0432\u043e\u0433\u043e \u043f\u044e\u0440\u0435 \u0438\u043b\u0438 \u0432 \u043a\u0430\u0447\u0435\u0441\u0442\u0432\u0435 \u0433\u0430\u0440\u043d\u0438\u0440\u0430 \u043a \u043c\u044f\u0441\u043d\u044b\u043c \u0438\u043b\u0438 \u043e\u0432\u043e\u0449\u043d\u044b\u043c \u0431\u043b\u044e\u0434\u0430\u043c.<br \/>\n\u0411\u043b\u044e\u0434\u0430 \u0438\u0437 \u043c\u0430\u043a\u0430\u0440\u043e\u043d &#8212; \u0447\u0430\u0441\u0442\u043e \u0434\u043e\u0431\u0430\u0432\u043b\u044f\u0435\u0442\u0441\u044f \u0432 \u043f\u0430\u0441\u0442\u0443 \u0441 \u0442\u043e\u043c\u0430\u0442\u043d\u044b\u043c\u0438 \u0438\u043b\u0438 \u043e\u0432\u043e\u0449\u043d\u044b\u043c\u0438 \u0441\u043e\u0443\u0441\u0430\u043c\u0438.<br \/>\n\u0418\u0434\u0435\u0430\u043b\u044c\u043d\u043e \u043f\u043e\u0434\u0445\u043e\u0434\u0438\u0442 \u0434\u043b\u044f \u0431\u043b\u044e\u0434 \u0438\u0437 \u043a\u0443\u043a\u0443\u0440\u0443\u0437\u044b \u0438 \u0440\u0438\u0441\u0430.<\/p>\n<p><em>\u041f\u0420\u0418\u041c\u0415\u0427\u0410\u041d\u0418\u0415. \u041f\u0440\u0435\u0434\u043e\u0441\u0442\u0430\u0432\u043b\u0435\u043d\u043d\u0430\u044f \u0438\u043d\u0444\u043e\u0440\u043c\u0430\u0446\u0438\u044f \u043d\u0435 \u0434\u043e\u043b\u0436\u043d\u0430 \u0440\u0430\u0441\u0441\u043c\u0430\u0442\u0440\u0438\u0432\u0430\u0442\u044c\u0441\u044f \u043a\u0430\u043a \u0440\u0435\u043a\u043e\u043c\u0435\u043d\u0434\u0430\u0446\u0438\u044f \u043f\u043e \u043b\u0435\u0447\u0435\u043d\u0438\u044e. \u041c\u044b \u043f\u0440\u0438\u0437\u044b\u0432\u0430\u0435\u043c \u0432\u0430\u0441 \u0441\u0430\u043c\u043e\u0441\u0442\u043e\u044f\u0442\u0435\u043b\u044c\u043d\u043e \u043f\u0440\u0438\u043d\u0438\u043c\u0430\u0442\u044c \u0440\u0435\u0448\u0435\u043d\u0438\u044f \u043e\u0442\u043d\u043e\u0441\u0438\u0442\u0435\u043b\u044c\u043d\u043e \u0441\u0432\u043e\u0435\u0433\u043e \u0437\u0434\u043e\u0440\u043e\u0432\u044c\u044f, \u043f\u0440\u0438\u043d\u0438\u043c\u0430\u044f \u0432\u043e \u0432\u043d\u0438\u043c\u0430\u043d\u0438\u0435 \u0448\u0438\u0440\u043e\u043a\u0438\u0439 \u0441\u043f\u0435\u043a\u0442\u0440 \u0438\u0441\u0442\u043e\u0447\u043d\u0438\u043a\u043e\u0432 \u0438\u043d\u0444\u043e\u0440\u043c\u0430\u0446\u0438\u0438.<\/em><\/p>\n","protected":false},"excerpt":{"rendered":"<p>\u041e\u0440\u0433\u0430\u043d\u0438\u0447\u0435\u0441\u043a\u0438\u0435 \u0431\u043e\u0431\u044b \u0431\u043e\u0440\u043b\u043e\u0442\u0442\u0438 (\u043f\u0438\u043d\u0442\u043e) \u0411\u043e\u0431\u044b \u0431\u043e\u0440\u043b\u043e\u0442\u0442\u0438, \u0442\u0430\u043a\u0436\u0435 \u0438\u0437\u0432\u0435\u0441\u0442\u043d\u044b\u0435 \u043a\u0430\u043a \u043a\u043b\u044e\u043a\u0432\u0435\u043d\u043d\u044b\u0435 \u0431\u043e\u0431\u044b, \u043f\u0440\u043e\u0438\u0441\u0445\u043e\u0434\u044f\u0442 \u0438\u0437 \u042e\u0436\u043d\u043e\u0439 \u0410\u043c\u0435\u0440\u0438\u043a\u0438, \u043e\u0441\u043e\u0431\u0435\u043d\u043d\u043e \u0438\u0437 \u0440\u0435\u0433\u0438\u043e\u043d\u043e\u0432 \u0411\u0440\u0430\u0437\u0438\u043b\u0438\u0438 \u0438<\/p>\n","protected":false},"featured_media":46129,"template":"","meta":{"_acf_changed":false},"product_brand":[],"product_cat":[1979,1977],"product_tag":[2033,2089,2031,2079],"class_list":{"0":"post-46097","1":"product","2":"type-product","3":"status-publish","4":"has-post-thumbnail","6":"product_cat-1979","7":"product_cat-1977","8":"product_tag-no-gmo","9":"product_tag-vegan-ru","10":"product_tag-a-source-of-protein-ru","11":"product_tag-a-source-of-fiber-ru","12":"pa_svoris-1-kg-ru","13":"pa_svoris-100-g-ru-2","14":"pa_svoris-200-g-ru","15":"pa_svoris-25-kg-ru","16":"pa_svoris-300-g-ru","17":"pa_svoris-400-g-ru","18":"pa_svoris-500-g-ru-2","20":"first","21":"instock","22":"shipping-taxable","23":"purchasable","24":"product-type-variable"},"acf":[],"yoast_head":"<!-- This site is optimized with the Yoast SEO plugin v27.3 - https:\/\/yoast.com\/product\/yoast-seo-wordpress\/ -->\n<title>\u041e\u0440\u0433\u0430\u043d\u0438\u0447\u0435\u0441\u043a\u0438\u0435 \u0431\u043e\u0431\u044b \u0411\u043e\u0440\u043b\u043e\u0442\u0442\u0438 - Biopapa<\/title>\n<meta name=\"description\" content=\"\u0411\u043e\u0431\u044b \u0431\u043e\u0440\u043b\u043e\u0442\u0442\u0438 \u043e\u0431\u043b\u0430\u0434\u0430\u044e\u0442 \u043c\u044f\u0433\u043a\u0438\u043c, \u0441\u043b\u0435\u0433\u043a\u0430 \u043e\u0440\u0435\u0445\u043e\u0432\u044b\u043c \u0432\u043a\u0443\u0441\u043e\u043c \u0438 \u043c\u0443\u0447\u043d\u0438\u0441\u0442\u043e-\u0441\u043b\u0438\u0432\u043e\u0447\u043d\u043e\u0439 \u0442\u0435\u043a\u0441\u0442\u0443\u0440\u043e\u0439, \u0447\u0442\u043e \u0434\u0435\u043b\u0430\u0435\u0442 \u0438\u0445 \u0438\u0434\u0435\u0430\u043b\u044c\u043d\u044b\u043c\u0438 \u0434\u043b\u044f \u0448\u0438\u0440\u043e\u043a\u043e\u0433\u043e \u0441\u043f\u0435\u043a\u0442\u0440\u0430 \u0434\u0438\u0435\u0442 \u0438 \u0443\u043d\u0438\u0432\u0435\u0440\u0441\u0430\u043b\u044c\u043d\u044b\u043c\u0438 \u043d\u0430 \u043a\u0443\u0445\u043d\u0435.\" \/>\n<meta name=\"robots\" content=\"index, follow, max-snippet:-1, max-image-preview:large, max-video-preview:-1\" \/>\n<link rel=\"canonical\" href=\"https:\/\/www.biopapa.de\/ru\/producte\/organicheskie-boby-borlotti\/\" \/>\n<meta property=\"og:locale\" content=\"ru_RU\" \/>\n<meta property=\"og:type\" content=\"article\" \/>\n<meta property=\"og:title\" content=\"\u041e\u0440\u0433\u0430\u043d\u0438\u0447\u0435\u0441\u043a\u0438\u0435 \u0431\u043e\u0431\u044b \u0411\u043e\u0440\u043b\u043e\u0442\u0442\u0438 - Biopapa\" \/>\n<meta property=\"og:description\" content=\"\u0411\u043e\u0431\u044b \u0431\u043e\u0440\u043b\u043e\u0442\u0442\u0438 \u043e\u0431\u043b\u0430\u0434\u0430\u044e\u0442 \u043c\u044f\u0433\u043a\u0438\u043c, \u0441\u043b\u0435\u0433\u043a\u0430 \u043e\u0440\u0435\u0445\u043e\u0432\u044b\u043c \u0432\u043a\u0443\u0441\u043e\u043c \u0438 \u043c\u0443\u0447\u043d\u0438\u0441\u0442\u043e-\u0441\u043b\u0438\u0432\u043e\u0447\u043d\u043e\u0439 \u0442\u0435\u043a\u0441\u0442\u0443\u0440\u043e\u0439, \u0447\u0442\u043e \u0434\u0435\u043b\u0430\u0435\u0442 \u0438\u0445 \u0438\u0434\u0435\u0430\u043b\u044c\u043d\u044b\u043c\u0438 \u0434\u043b\u044f \u0448\u0438\u0440\u043e\u043a\u043e\u0433\u043e \u0441\u043f\u0435\u043a\u0442\u0440\u0430 \u0434\u0438\u0435\u0442 \u0438 \u0443\u043d\u0438\u0432\u0435\u0440\u0441\u0430\u043b\u044c\u043d\u044b\u043c\u0438 \u043d\u0430 \u043a\u0443\u0445\u043d\u0435.\" \/>\n<meta property=\"og:url\" content=\"https:\/\/www.biopapa.de\/ru\/producte\/organicheskie-boby-borlotti\/\" \/>\n<meta property=\"og:site_name\" content=\"Biopapa\" \/>\n<meta property=\"article:publisher\" content=\"https:\/\/www.facebook.com\/biopapa.lt\" \/>\n<meta property=\"article:modified_time\" content=\"2025-12-12T07:36:28+00:00\" \/>\n<meta property=\"og:image\" content=\"https:\/\/www.biopapa.de\/wp-content\/uploads\/2025\/06\/Ekologiskos-pupeles-Borlotti.webp\" \/>\n\t<meta property=\"og:image:width\" content=\"800\" \/>\n\t<meta property=\"og:image:height\" content=\"640\" \/>\n\t<meta property=\"og:image:type\" content=\"image\/webp\" \/>\n<meta name=\"twitter:card\" content=\"summary_large_image\" \/>\n<script type=\"application\/ld+json\" class=\"yoast-schema-graph\">{\"@context\":\"https:\\\/\\\/schema.org\",\"@graph\":[{\"@type\":\"WebPage\",\"@id\":\"https:\\\/\\\/www.biopapa.de\\\/ru\\\/producte\\\/organicheskie-boby-borlotti\\\/\",\"url\":\"https:\\\/\\\/www.biopapa.de\\\/ru\\\/producte\\\/organicheskie-boby-borlotti\\\/\",\"name\":\"\u041e\u0440\u0433\u0430\u043d\u0438\u0447\u0435\u0441\u043a\u0438\u0435 \u0431\u043e\u0431\u044b \u0411\u043e\u0440\u043b\u043e\u0442\u0442\u0438 - Biopapa\",\"isPartOf\":{\"@id\":\"https:\\\/\\\/www.biopapa.de\\\/ru\\\/#website\"},\"primaryImageOfPage\":{\"@id\":\"https:\\\/\\\/www.biopapa.de\\\/ru\\\/producte\\\/organicheskie-boby-borlotti\\\/#primaryimage\"},\"image\":{\"@id\":\"https:\\\/\\\/www.biopapa.de\\\/ru\\\/producte\\\/organicheskie-boby-borlotti\\\/#primaryimage\"},\"thumbnailUrl\":\"https:\\\/\\\/www.biopapa.de\\\/wp-content\\\/uploads\\\/2025\\\/06\\\/Ekologiskos-pupeles-Borlotti.webp\",\"datePublished\":\"2025-06-17T07:33:06+00:00\",\"dateModified\":\"2025-12-12T07:36:28+00:00\",\"description\":\"\u0411\u043e\u0431\u044b \u0431\u043e\u0440\u043b\u043e\u0442\u0442\u0438 \u043e\u0431\u043b\u0430\u0434\u0430\u044e\u0442 \u043c\u044f\u0433\u043a\u0438\u043c, \u0441\u043b\u0435\u0433\u043a\u0430 \u043e\u0440\u0435\u0445\u043e\u0432\u044b\u043c \u0432\u043a\u0443\u0441\u043e\u043c \u0438 \u043c\u0443\u0447\u043d\u0438\u0441\u0442\u043e-\u0441\u043b\u0438\u0432\u043e\u0447\u043d\u043e\u0439 \u0442\u0435\u043a\u0441\u0442\u0443\u0440\u043e\u0439, \u0447\u0442\u043e \u0434\u0435\u043b\u0430\u0435\u0442 \u0438\u0445 \u0438\u0434\u0435\u0430\u043b\u044c\u043d\u044b\u043c\u0438 \u0434\u043b\u044f \u0448\u0438\u0440\u043e\u043a\u043e\u0433\u043e \u0441\u043f\u0435\u043a\u0442\u0440\u0430 \u0434\u0438\u0435\u0442 \u0438 \u0443\u043d\u0438\u0432\u0435\u0440\u0441\u0430\u043b\u044c\u043d\u044b\u043c\u0438 \u043d\u0430 \u043a\u0443\u0445\u043d\u0435.\",\"breadcrumb\":{\"@id\":\"https:\\\/\\\/www.biopapa.de\\\/ru\\\/producte\\\/organicheskie-boby-borlotti\\\/#breadcrumb\"},\"inLanguage\":\"ru-RU\",\"potentialAction\":[{\"@type\":\"ReadAction\",\"target\":[\"https:\\\/\\\/www.biopapa.de\\\/ru\\\/producte\\\/organicheskie-boby-borlotti\\\/\"]}]},{\"@type\":\"ImageObject\",\"inLanguage\":\"ru-RU\",\"@id\":\"https:\\\/\\\/www.biopapa.de\\\/ru\\\/producte\\\/organicheskie-boby-borlotti\\\/#primaryimage\",\"url\":\"https:\\\/\\\/www.biopapa.de\\\/wp-content\\\/uploads\\\/2025\\\/06\\\/Ekologiskos-pupeles-Borlotti.webp\",\"contentUrl\":\"https:\\\/\\\/www.biopapa.de\\\/wp-content\\\/uploads\\\/2025\\\/06\\\/Ekologiskos-pupeles-Borlotti.webp\",\"width\":800,\"height\":640},{\"@type\":\"BreadcrumbList\",\"@id\":\"https:\\\/\\\/www.biopapa.de\\\/ru\\\/producte\\\/organicheskie-boby-borlotti\\\/#breadcrumb\",\"itemListElement\":[{\"@type\":\"ListItem\",\"position\":1,\"name\":\"Home\",\"item\":\"https:\\\/\\\/www.biopapa.de\\\/ru\\\/\"},{\"@type\":\"ListItem\",\"position\":2,\"name\":\"Shop\",\"item\":\"https:\\\/\\\/www.biopapa.de\\\/ru\\\/shop\\\/\"},{\"@type\":\"ListItem\",\"position\":3,\"name\":\"\u041e\u0440\u0433\u0430\u043d\u0438\u0447\u0435\u0441\u043a\u0438\u0435 \u0431\u043e\u0431\u044b \u0411\u043e\u0440\u043b\u043e\u0442\u0442\u0438\"}]},{\"@type\":\"WebSite\",\"@id\":\"https:\\\/\\\/www.biopapa.de\\\/ru\\\/#website\",\"url\":\"https:\\\/\\\/www.biopapa.de\\\/ru\\\/\",\"name\":\"Biopapa\",\"description\":\"\u0160var\u016bs ekologi\u0161ki produktai\",\"publisher\":{\"@id\":\"https:\\\/\\\/www.biopapa.de\\\/ru\\\/#organization\"},\"potentialAction\":[{\"@type\":\"SearchAction\",\"target\":{\"@type\":\"EntryPoint\",\"urlTemplate\":\"https:\\\/\\\/www.biopapa.de\\\/ru\\\/?s={search_term_string}\"},\"query-input\":{\"@type\":\"PropertyValueSpecification\",\"valueRequired\":true,\"valueName\":\"search_term_string\"}}],\"inLanguage\":\"ru-RU\"},{\"@type\":\"Organization\",\"@id\":\"https:\\\/\\\/www.biopapa.de\\\/ru\\\/#organization\",\"name\":\"Biopapa\",\"url\":\"https:\\\/\\\/www.biopapa.de\\\/ru\\\/\",\"logo\":{\"@type\":\"ImageObject\",\"inLanguage\":\"ru-RU\",\"@id\":\"https:\\\/\\\/www.biopapa.de\\\/ru\\\/#\\\/schema\\\/logo\\\/image\\\/\",\"url\":\"https:\\\/\\\/www.biopapa.lt\\\/wp-content\\\/uploads\\\/2022\\\/04\\\/facebook_biopapa.jpg\",\"contentUrl\":\"https:\\\/\\\/www.biopapa.lt\\\/wp-content\\\/uploads\\\/2022\\\/04\\\/facebook_biopapa.jpg\",\"width\":1733,\"height\":907,\"caption\":\"Biopapa\"},\"image\":{\"@id\":\"https:\\\/\\\/www.biopapa.de\\\/ru\\\/#\\\/schema\\\/logo\\\/image\\\/\"},\"sameAs\":[\"https:\\\/\\\/www.facebook.com\\\/biopapa.lt\"]}]}<\/script>\n<!-- \/ Yoast SEO plugin. -->","yoast_head_json":{"title":"\u041e\u0440\u0433\u0430\u043d\u0438\u0447\u0435\u0441\u043a\u0438\u0435 \u0431\u043e\u0431\u044b \u0411\u043e\u0440\u043b\u043e\u0442\u0442\u0438 - Biopapa","description":"\u0411\u043e\u0431\u044b \u0431\u043e\u0440\u043b\u043e\u0442\u0442\u0438 \u043e\u0431\u043b\u0430\u0434\u0430\u044e\u0442 \u043c\u044f\u0433\u043a\u0438\u043c, \u0441\u043b\u0435\u0433\u043a\u0430 \u043e\u0440\u0435\u0445\u043e\u0432\u044b\u043c \u0432\u043a\u0443\u0441\u043e\u043c \u0438 \u043c\u0443\u0447\u043d\u0438\u0441\u0442\u043e-\u0441\u043b\u0438\u0432\u043e\u0447\u043d\u043e\u0439 \u0442\u0435\u043a\u0441\u0442\u0443\u0440\u043e\u0439, \u0447\u0442\u043e \u0434\u0435\u043b\u0430\u0435\u0442 \u0438\u0445 \u0438\u0434\u0435\u0430\u043b\u044c\u043d\u044b\u043c\u0438 \u0434\u043b\u044f \u0448\u0438\u0440\u043e\u043a\u043e\u0433\u043e \u0441\u043f\u0435\u043a\u0442\u0440\u0430 \u0434\u0438\u0435\u0442 \u0438 \u0443\u043d\u0438\u0432\u0435\u0440\u0441\u0430\u043b\u044c\u043d\u044b\u043c\u0438 \u043d\u0430 \u043a\u0443\u0445\u043d\u0435.","robots":{"index":"index","follow":"follow","max-snippet":"max-snippet:-1","max-image-preview":"max-image-preview:large","max-video-preview":"max-video-preview:-1"},"canonical":"https:\/\/www.biopapa.de\/ru\/producte\/organicheskie-boby-borlotti\/","og_locale":"ru_RU","og_type":"article","og_title":"\u041e\u0440\u0433\u0430\u043d\u0438\u0447\u0435\u0441\u043a\u0438\u0435 \u0431\u043e\u0431\u044b \u0411\u043e\u0440\u043b\u043e\u0442\u0442\u0438 - Biopapa","og_description":"\u0411\u043e\u0431\u044b \u0431\u043e\u0440\u043b\u043e\u0442\u0442\u0438 \u043e\u0431\u043b\u0430\u0434\u0430\u044e\u0442 \u043c\u044f\u0433\u043a\u0438\u043c, \u0441\u043b\u0435\u0433\u043a\u0430 \u043e\u0440\u0435\u0445\u043e\u0432\u044b\u043c \u0432\u043a\u0443\u0441\u043e\u043c \u0438 \u043c\u0443\u0447\u043d\u0438\u0441\u0442\u043e-\u0441\u043b\u0438\u0432\u043e\u0447\u043d\u043e\u0439 \u0442\u0435\u043a\u0441\u0442\u0443\u0440\u043e\u0439, \u0447\u0442\u043e \u0434\u0435\u043b\u0430\u0435\u0442 \u0438\u0445 \u0438\u0434\u0435\u0430\u043b\u044c\u043d\u044b\u043c\u0438 \u0434\u043b\u044f \u0448\u0438\u0440\u043e\u043a\u043e\u0433\u043e \u0441\u043f\u0435\u043a\u0442\u0440\u0430 \u0434\u0438\u0435\u0442 \u0438 \u0443\u043d\u0438\u0432\u0435\u0440\u0441\u0430\u043b\u044c\u043d\u044b\u043c\u0438 \u043d\u0430 \u043a\u0443\u0445\u043d\u0435.","og_url":"https:\/\/www.biopapa.de\/ru\/producte\/organicheskie-boby-borlotti\/","og_site_name":"Biopapa","article_publisher":"https:\/\/www.facebook.com\/biopapa.lt","article_modified_time":"2025-12-12T07:36:28+00:00","og_image":[{"width":800,"height":640,"url":"https:\/\/www.biopapa.de\/wp-content\/uploads\/2025\/06\/Ekologiskos-pupeles-Borlotti.webp","type":"image\/webp"}],"twitter_card":"summary_large_image","schema":{"@context":"https:\/\/schema.org","@graph":[{"@type":"WebPage","@id":"https:\/\/www.biopapa.de\/ru\/producte\/organicheskie-boby-borlotti\/","url":"https:\/\/www.biopapa.de\/ru\/producte\/organicheskie-boby-borlotti\/","name":"\u041e\u0440\u0433\u0430\u043d\u0438\u0447\u0435\u0441\u043a\u0438\u0435 \u0431\u043e\u0431\u044b \u0411\u043e\u0440\u043b\u043e\u0442\u0442\u0438 - Biopapa","isPartOf":{"@id":"https:\/\/www.biopapa.de\/ru\/#website"},"primaryImageOfPage":{"@id":"https:\/\/www.biopapa.de\/ru\/producte\/organicheskie-boby-borlotti\/#primaryimage"},"image":{"@id":"https:\/\/www.biopapa.de\/ru\/producte\/organicheskie-boby-borlotti\/#primaryimage"},"thumbnailUrl":"https:\/\/www.biopapa.de\/wp-content\/uploads\/2025\/06\/Ekologiskos-pupeles-Borlotti.webp","datePublished":"2025-06-17T07:33:06+00:00","dateModified":"2025-12-12T07:36:28+00:00","description":"\u0411\u043e\u0431\u044b \u0431\u043e\u0440\u043b\u043e\u0442\u0442\u0438 \u043e\u0431\u043b\u0430\u0434\u0430\u044e\u0442 \u043c\u044f\u0433\u043a\u0438\u043c, \u0441\u043b\u0435\u0433\u043a\u0430 \u043e\u0440\u0435\u0445\u043e\u0432\u044b\u043c \u0432\u043a\u0443\u0441\u043e\u043c \u0438 \u043c\u0443\u0447\u043d\u0438\u0441\u0442\u043e-\u0441\u043b\u0438\u0432\u043e\u0447\u043d\u043e\u0439 \u0442\u0435\u043a\u0441\u0442\u0443\u0440\u043e\u0439, \u0447\u0442\u043e \u0434\u0435\u043b\u0430\u0435\u0442 \u0438\u0445 \u0438\u0434\u0435\u0430\u043b\u044c\u043d\u044b\u043c\u0438 \u0434\u043b\u044f \u0448\u0438\u0440\u043e\u043a\u043e\u0433\u043e \u0441\u043f\u0435\u043a\u0442\u0440\u0430 \u0434\u0438\u0435\u0442 \u0438 \u0443\u043d\u0438\u0432\u0435\u0440\u0441\u0430\u043b\u044c\u043d\u044b\u043c\u0438 \u043d\u0430 \u043a\u0443\u0445\u043d\u0435.","breadcrumb":{"@id":"https:\/\/www.biopapa.de\/ru\/producte\/organicheskie-boby-borlotti\/#breadcrumb"},"inLanguage":"ru-RU","potentialAction":[{"@type":"ReadAction","target":["https:\/\/www.biopapa.de\/ru\/producte\/organicheskie-boby-borlotti\/"]}]},{"@type":"ImageObject","inLanguage":"ru-RU","@id":"https:\/\/www.biopapa.de\/ru\/producte\/organicheskie-boby-borlotti\/#primaryimage","url":"https:\/\/www.biopapa.de\/wp-content\/uploads\/2025\/06\/Ekologiskos-pupeles-Borlotti.webp","contentUrl":"https:\/\/www.biopapa.de\/wp-content\/uploads\/2025\/06\/Ekologiskos-pupeles-Borlotti.webp","width":800,"height":640},{"@type":"BreadcrumbList","@id":"https:\/\/www.biopapa.de\/ru\/producte\/organicheskie-boby-borlotti\/#breadcrumb","itemListElement":[{"@type":"ListItem","position":1,"name":"Home","item":"https:\/\/www.biopapa.de\/ru\/"},{"@type":"ListItem","position":2,"name":"Shop","item":"https:\/\/www.biopapa.de\/ru\/shop\/"},{"@type":"ListItem","position":3,"name":"\u041e\u0440\u0433\u0430\u043d\u0438\u0447\u0435\u0441\u043a\u0438\u0435 \u0431\u043e\u0431\u044b \u0411\u043e\u0440\u043b\u043e\u0442\u0442\u0438"}]},{"@type":"WebSite","@id":"https:\/\/www.biopapa.de\/ru\/#website","url":"https:\/\/www.biopapa.de\/ru\/","name":"Biopapa","description":"\u0160var\u016bs ekologi\u0161ki produktai","publisher":{"@id":"https:\/\/www.biopapa.de\/ru\/#organization"},"potentialAction":[{"@type":"SearchAction","target":{"@type":"EntryPoint","urlTemplate":"https:\/\/www.biopapa.de\/ru\/?s={search_term_string}"},"query-input":{"@type":"PropertyValueSpecification","valueRequired":true,"valueName":"search_term_string"}}],"inLanguage":"ru-RU"},{"@type":"Organization","@id":"https:\/\/www.biopapa.de\/ru\/#organization","name":"Biopapa","url":"https:\/\/www.biopapa.de\/ru\/","logo":{"@type":"ImageObject","inLanguage":"ru-RU","@id":"https:\/\/www.biopapa.de\/ru\/#\/schema\/logo\/image\/","url":"https:\/\/www.biopapa.lt\/wp-content\/uploads\/2022\/04\/facebook_biopapa.jpg","contentUrl":"https:\/\/www.biopapa.lt\/wp-content\/uploads\/2022\/04\/facebook_biopapa.jpg","width":1733,"height":907,"caption":"Biopapa"},"image":{"@id":"https:\/\/www.biopapa.de\/ru\/#\/schema\/logo\/image\/"},"sameAs":["https:\/\/www.facebook.com\/biopapa.lt"]}]}},"_links":{"self":[{"href":"https:\/\/www.biopapa.de\/ru\/wp-json\/wp\/v2\/product\/46097","targetHints":{"allow":["GET"]}}],"collection":[{"href":"https:\/\/www.biopapa.de\/ru\/wp-json\/wp\/v2\/product"}],"about":[{"href":"https:\/\/www.biopapa.de\/ru\/wp-json\/wp\/v2\/types\/product"}],"wp:featuredmedia":[{"embeddable":true,"href":"https:\/\/www.biopapa.de\/ru\/wp-json\/wp\/v2\/media\/46129"}],"wp:attachment":[{"href":"https:\/\/www.biopapa.de\/ru\/wp-json\/wp\/v2\/media?parent=46097"}],"wp:term":[{"taxonomy":"product_brand","embeddable":true,"href":"https:\/\/www.biopapa.de\/ru\/wp-json\/wp\/v2\/product_brand?post=46097"},{"taxonomy":"product_cat","embeddable":true,"href":"https:\/\/www.biopapa.de\/ru\/wp-json\/wp\/v2\/product_cat?post=46097"},{"taxonomy":"product_tag","embeddable":true,"href":"https:\/\/www.biopapa.de\/ru\/wp-json\/wp\/v2\/product_tag?post=46097"}],"curies":[{"name":"wp","href":"https:\/\/api.w.org\/{rel}","templated":true}]}}